{"id":3856,"date":"2022-06-13T04:11:33","date_gmt":"2022-08-21T02:11:07","guid":{"rendered":"http:\/\/tyditiao.com\/product\/polska-vojenska-prilba-takticka-kevlarova-prilba-tridy-iiia-energeticka-prilba-s-rychlou-maskou-cerna\/"},"modified":"2023-01-27T10:08:05","modified_gmt":"2023-01-27T08:08:05","slug":"rychla-neprustrelna-prilba-takticka-kevlar-nijiiia-cerna","status":"publish","type":"product","link":"https:\/\/tyditiao.com\/cs\/produkt\/rychla-neprustrelna-prilba-takticka-kevlar-nijiiia-cerna\/","title":{"rendered":"Polsk\u00e1 vojensk\u00e1 p\u0159ilba, taktick\u00e1 kevlarov\u00e1 p\u0159ilba t\u0159\u00eddy IIIA, energetick\u00e1 p\u0159ilba s rychlou maskou, \u010dern\u00e1"},"content":{"rendered":"<p><strong>T\u0159\u00edda obrany:<\/strong><\/p>\n<p>Tato nepr\u016fst\u0159eln\u00e1 p\u0159ilba je nepr\u016fst\u0159eln\u00e1 p\u0159ilba NIJ Level IIIA podle standardu NIJ 0101.06 a je mo\u017en\u00e9 poskytnout odpov\u00eddaj\u00edc\u00ed zku\u0161ebn\u00ed protokol.<\/p>\n<hr>\n<p><strong>Parametry obrann\u00e9 st\u0159ely:<\/strong><\/p>\n<p>.44 Mag SJHP<br \/>\n.357 SIG FMJ FN<br \/>\n9mm FMJ RN<br \/>\n.357 Mag JSP<br \/>\n.40 S&amp;W FMJ<\/p>\n<p>Poskytuje tak\u00e9 ochranu proti v\u011bt\u0161in\u011b nebezpe\u010d\u00ed st\u0159eln\u00fdch zbran\u00ed, jako\u017e i nebezpe\u010d\u00ed t\u0159\u00eddy IIA a t\u0159\u00eddy II<\/p>\n<hr>\n<p><strong>Parametry nepr\u016fst\u0159eln\u00e9 p\u0159ilby:<\/strong><br \/>\nN\u00e1zev: Nepr\u016fst\u0159eln\u00e1 p\u0159ilba NIJ lllA FAST<\/p>\n<p>Materi\u00e1l: High Tensile Kevlar-DuPont Aramid Fiber<br \/>\nObvod hlavy: 52-64 cm<br \/>\nVoliteln\u00e9 p\u0159\u00edslu\u0161enstv\u00ed: nepr\u016fst\u0159eln\u00e1 maska \u200b\u200batd.<br \/>\nBarva p\u0159ilby: \u010cern\u00e1<br \/>\nZ\u00e1ru\u010dn\u00ed doba: 5let\u00e1 z\u00e1ru\u010dn\u00ed doba m\u016f\u017ee m\u00edt dostate\u010dnou ochranu, pokud v\u0161ak dojde k p\u0159ekro\u010den\u00ed z\u00e1ru\u010dn\u00ed doby<br \/>\nsn\u00ed\u017e\u00ed ochranu.<\/p>\n<hr>\n<p><strong>Pro lidi:<\/strong><br \/>\nBalistick\u00e1 p\u0159ilba NIJ lllA Kevlar FAST je navr\u017eena tak, aby se vypo\u0159\u00e1dala s hrozbou zbran\u00ed a \u0161rapnel\u016f, se siln\u011bj\u0161\u00edmi \u00fachyty pro leh\u010d\u00ed a pohodln\u011bj\u0161\u00ed no\u0161en\u00ed. Tato helma je vhodn\u00e1 pro v\u0161echny typy u\u017eivatel\u016f. Zam\u011bstnanci agentur, jako je arm\u00e1da, policie, SWAT, vnit\u0159n\u00ed bezpe\u010dnost, celn\u00edci a pohrani\u010dn\u00edci, mohou b\u00fdt vybaveni vylep\u0161en\u00fdmi bojov\u00fdmi schopnostmi. Je to tak\u00e9 dobr\u00e1 volba pro dom\u00e1c\u00ed ochranu a cosplay.<\/p>\n<hr>\n<p><strong>Co je to FAST balistick\u00e1 p\u0159ilba?<\/strong><\/p>\n<p>Nepr\u016fst\u0159eln\u00e1 p\u0159ilba FAST (anglicky: Future Assault Shell Technology Helmet, d\u00e1le jen: FAST) Future Assault Shell Technology Helmet je bojov\u00e1 p\u0159ilba vyvinut\u00e1 americk\u00fdm arm\u00e1dn\u00edm v\u00fdzkumn\u00fdm \u00fastavem a americk\u00fdm arm\u00e1dn\u00edm v\u00fdzkumn\u00fdm, v\u00fdvojov\u00fdm a in\u017een\u00fdrsk\u00fdm centrem Natick. P\u0159ilba je navr\u017eena tak, aby poskytovala pohodl\u00ed oper\u00e1tor\u016fm speci\u00e1ln\u00edch operac\u00ed a z\u00e1rove\u0148 poskytovala z\u00e1kladn\u00ed balistickou ochranu. P\u0159ilba FAST byla poprv\u00e9 p\u0159edstavena ve\u0159ejnosti na SHOT SHOW v roce 2009 a brzy byla p\u0159ijata americk\u00fdmi speci\u00e1ln\u00edmi jednotkami p\u016fsob\u00edc\u00edmi v Afgh\u00e1nist\u00e1nu. Taktick\u00e9 balistick\u00e9 p\u0159ilby FAST jsou nyn\u00ed \u0161iroce pou\u017e\u00edv\u00e1ny ve speci\u00e1ln\u00edch jednotk\u00e1ch a speci\u00e1ln\u00edch policejn\u00edch sil\u00e1ch v r\u016fzn\u00fdch zem\u00edch. Krom\u011b toho je taktick\u00e1 p\u0159ilba FAST nyn\u00ed standardn\u00ed bojovou p\u0159ilbou pro norsk\u00e9 ozbrojen\u00e9 s\u00edly.<\/p>\n<hr>\n<p><strong>Vlastnosti kevlarov\u00e9 helmy FAST:<\/strong><\/p>\n<p>V porovn\u00e1n\u00ed s b\u011b\u017en\u00fdmi vojensk\u00fdmi p\u0159ilbami je p\u0159ilba FAST o 25 % leh\u010d\u00ed. D\u00edky syst\u00e9mu odpru\u017een\u00ed p\u0159ilby mohou u\u017eivatel\u00e9 snadno upravit p\u0159izp\u016fsoben\u00ed nebo t\u011bsnost p\u0159ilby pro optim\u00e1ln\u00ed pohodl\u00ed. P\u0159ilby FAST jsou vybaveny ARC li\u0161tami na lev\u00e9 a prav\u00e9 stran\u011b pro mont\u00e1\u017e za\u0159\u00edzen\u00ed, jako jsou sv\u00edtilny, sluch\u00e1tka s potla\u010den\u00edm hluku a komunika\u010dn\u00ed za\u0159\u00edzen\u00ed, stejn\u011b jako za\u0159\u00edzen\u00ed pro no\u010dn\u00ed vid\u011bn\u00ed nebo video lze namontovat na st\u0159ed p\u0159ilby pomoc\u00ed adapt\u00e9ru pro upevn\u011bn\u00ed, co\u017e je speci\u00e1ln\u00ed boj, kter\u00fd m\u016f\u017ee p\u0159idat v\u011bt\u0161\u00ed taktickou v\u00fdhodu. \u010e\u00e1belsk\u00e1 pls\u0165 p\u0159ipevn\u011bn\u00e1 k helm\u011b umo\u017e\u0148uje u\u017eivatel\u016fm p\u0159ipevnit vlajku sv\u00e9 zem\u011b, arm\u00e1du nebo instituci a tak\u00e9 vhodn\u00e1 identifika\u010dn\u00ed zn\u00e1mky, jako jsou volac\u00ed znaky a krevn\u00ed skupiny. Civiln\u00ed verze helmy FAST bez nepr\u016fst\u0159eln\u00e9 funkce je nav\u00edc d\u00edky modul\u00e1rn\u00ed konstrukci vyu\u017e\u00edv\u00e1na nejen arm\u00e1dou a polici\u00ed, ale tak\u00e9 ji netrp\u011bliv\u011b adoptuj\u00ed outdoorov\u00ed sportovci, novin\u00e1\u0159i, z\u00e1chran\u00e1\u0159i a dal\u0161\u00ed ter\u00e9nn\u00ed pracovn\u00edci.<\/p>\n<hr>\n<p><strong>Je taktick\u00e1 balistick\u00e1 p\u0159ilba FAST skv\u011bl\u00e1 ochrana a pro\u010d je tak obl\u00edben\u00e1?<\/strong><\/p>\n<p>D\u016fvody jsou dva: Za prv\u00e9, pokrok techniky vedl ke st\u00e1le v\u011bt\u0161\u00edmu technick\u00e9mu vybaven\u00ed jednotliv\u00fdch voj\u00e1k\u016f, co\u017e vy\u017eaduje platformu pro nab\u00edjen\u00ed technick\u00e9ho p\u0159\u00edslu\u0161enstv\u00ed, kter\u00e9 je nutn\u00e9 ob\u011btovat na \u00fakor ochrany;<br \/>\nZa druh\u00e9, u\u017eivatel\u00e9 FAST jsou hlavn\u011b speci\u00e1ln\u00ed jednotky a na bojov\u00e9 vzd\u00e1lenosti se speci\u00e1ln\u00ed jednotky prost\u011b vzdaj\u00ed n\u011bjak\u00e9 ochrany, p\u0159enosnost a technick\u00e9 vybaven\u00ed na platform\u011b se zm\u011bn\u00ed na m\u00edru p\u0159e\u017eit\u00ed a dokonce i v praktick\u00fdch aplikac\u00edch, obvykle pouze v p\u0159\u00edpad\u011b rychl\u00fdch helem, tam jsou Na mnoha jednotk\u00e1ch nejsou \u017e\u00e1dn\u00e9 prvky, jen kv\u016fli p\u0159enositelnosti.<\/p>\n<p>FAST nen\u00ed zalo\u017een na p\u0159\u00edsn\u00e9 ochran\u011b \u017d\u00e1dn\u00e9 oboustrann\u00e9 chr\u00e1ni\u010de sluchu nesta\u010d\u00ed P\u0159edev\u0161\u00edm pro pohodl\u00ed person\u00e1lu se sluch\u00e1tky a dopl\u0148kov\u00fdm p\u0159\u00edslu\u0161enstv\u00edm Lehk\u00e9 taktick\u00e9 p\u0159ilby se \u010d\u00e1ste\u010dn\u011b vzd\u00e1vaj\u00ed ochrany p\u0159in\u00e1\u0161ej\u00ed v\u011bt\u0161\u00ed v\u00fdhody v boji.<\/p>\n<p>P\u0159ilby FAST jsou \u0161iroce pou\u017e\u00edv\u00e1ny v mnoha zem\u00edch a mnoho zem\u00ed m\u00e1 design p\u0159ileb velmi podobn\u00fd americk\u00fdm p\u0159ilb\u00e1m FAST, jako je Rusko, Francie a Spojen\u00e9 kr\u00e1lovstv\u00ed p\u0159ilby jsou navr\u017eeny tak, aby odpov\u00eddaly p\u0159ilb\u00e1m FAST, i kdy\u017e se budou \u010dasem vyv\u00edjet. Po\u010det t\u011bchto p\u0159ileb se tak\u00e9 m\u011bn\u00ed, ale st\u00e1le vypad\u00e1 podobn\u011b jako p\u0159ilba FAST, z pochopiteln\u00fdch d\u016fvod\u016f dok\u00e1\u017ee tato p\u0159ilba \u00fa\u010dinn\u011b chr\u00e1nit hlavu a maximalizovat \u017eivot voj\u00e1ka.<\/p>\n<hr>\n<p><strong>Rychl\u00e1 cena kevlarov\u00e9 helmy?<\/strong><\/p>\n<p>Nakupujte p\u0159\u00edmo na na\u0161em webu a u\u0161et\u0159ete 15 % z b\u011b\u017en\u00e9 ceny<\/p>\n<hr>\n<p>Pokud si chcete koupit na\u0161e produkty nebo m\u00e1te n\u011bjak\u00e9 dotazy ohledn\u011b na\u0161ich produkt\u016f;<br \/>\nPokud m\u00e1te n\u011bjak\u00e9 pot\u0159eby p\u0159izp\u016fsoben\u00ed;<br \/>\nPros\u00edm (<a href=\"http:\/\/tyditiao.com\/contact\/\">kontaktujte n\u00e1s<\/a>) ihned, odpov\u00edme v\u00e1m do 1 pracovn\u00edho dne<\/p>\n<p>&nbsp;<\/p>\n<p>&nbsp;<\/p>\n","protected":false},"excerpt":{"rendered":"<p>Vyrobeno z vysoce pevn\u00e9ho vl\u00e1kna DuPont Kevlar Aramid, odoln\u00e9 v\u016f\u010di teplu a nen\u00ed snadn\u00e9 jej deformovat<\/p>\n<p>NIJ \u00farove\u0148 IIIA<\/p>\n<p>Syst\u00e9m nastaven\u00ed obvodu hlavy umo\u017e\u0148uje upravit obvod hlavy stisknut\u00edm tla\u010d\u00edtka pro dosa\u017een\u00ed ide\u00e1ln\u00edho usazen\u00ed helmy<\/p>\n<p>\u010celo je po stran\u00e1ch chobotnice vyztu\u017eeno elastick\u00fdmi p\u00e1sky (spodn\u00ed \u010d\u00e1st stojanu pro no\u010dn\u00ed vid\u011bn\u00ed) pro p\u0159ipevn\u011bn\u00ed zrcadel, kamer, br\u00fdl\u00ed pro no\u010dn\u00ed vid\u011bn\u00ed a dal\u0161\u00edch za\u0159\u00edzen\u00ed<\/p>\n<p>Vybaveno kolejnicemi, v\u00fdkonn\u011bj\u0161\u00ed mont\u00e1\u017e\u00ed p\u0159\u00edslu\u0161enstv\u00ed, m\u016f\u017ee b\u00fdt vybaveno siln\u00fdm sv\u011bteln\u00fdm syst\u00e9mem a identifika\u010dn\u00edmi sv\u011btly maj\u00e1ku, tak\u00e9 m\u016f\u017ee b\u00fdt vybaveno ochranou sluchu<\/p>\n","protected":false},"featured_media":3184,"comment_status":"closed","ping_status":"closed","template":"","meta":[],"product_brand":[],"product_cat":[146,344],"product_tag":[],"woo-feed-brand":[50],"class_list":{"0":"post-3856","1":"product","2":"type-product","3":"status-publish","4":"has-post-thumbnail","6":"product_cat-fast-cs","7":"product_cat-neprustrelna-prilba","8":"woo-feed-brand-tyditiao","10":"first","11":"instock","12":"sale","13":"shipping-taxable","14":"purchasable","15":"product-type-simple"},"_links":{"self":[{"href":"https:\/\/tyditiao.com\/cs\/wp-json\/wp\/v2\/product\/3856","targetHints":{"allow":["GET"]}}],"collection":[{"href":"https:\/\/tyditiao.com\/cs\/wp-json\/wp\/v2\/product"}],"about":[{"href":"https:\/\/tyditiao.com\/cs\/wp-json\/wp\/v2\/types\/product"}],"replies":[{"embeddable":true,"href":"https:\/\/tyditiao.com\/cs\/wp-json\/wp\/v2\/comments?post=3856"}],"wp:featuredmedia":[{"embeddable":true,"href":"https:\/\/tyditiao.com\/cs\/wp-json\/wp\/v2\/media\/3184"}],"wp:attachment":[{"href":"https:\/\/tyditiao.com\/cs\/wp-json\/wp\/v2\/media?parent=3856"}],"wp:term":[{"taxonomy":"product_brand","embeddable":true,"href":"https:\/\/tyditiao.com\/cs\/wp-json\/wp\/v2\/product_brand?post=3856"},{"taxonomy":"product_cat","embeddable":true,"href":"https:\/\/tyditiao.com\/cs\/wp-json\/wp\/v2\/product_cat?post=3856"},{"taxonomy":"product_tag","embeddable":true,"href":"https:\/\/tyditiao.com\/cs\/wp-json\/wp\/v2\/product_tag?post=3856"},{"taxonomy":"woo-feed-brand","embeddable":true,"href":"https:\/\/tyditiao.com\/cs\/wp-json\/wp\/v2\/woo-feed-brand?post=3856"}],"curies":[{"name":"wp","href":"https:\/\/api.w.org\/{rel}","templated":true}]}}