{"id":3858,"date":"2022-06-13T04:32:01","date_gmt":"2022-06-13T02:32:01","guid":{"rendered":"http:\/\/tyditiao.com\/product\/nova-kevlarova-prilba-vojenska-prilba-tridy-iiia-vojenska-bojova-prilba-team-wendy-zelena\/"},"modified":"2025-03-17T13:11:15","modified_gmt":"2025-03-17T11:11:15","slug":"wendys-bulletproof-helmet-kevlar-helmet-tactical-green","status":"publish","type":"product","link":"https:\/\/tyditiao.com\/cs\/produkt\/wendys-bulletproof-helmet-kevlar-helmet-tactical-green\/","title":{"rendered":"Nov\u00e1 kevlarov\u00e1 p\u0159ilba, vojensk\u00e1 p\u0159ilba t\u0159\u00eddy IIIA, vojensk\u00e1 bojov\u00e1 p\u0159ilba Team Wendy, zelen\u00e1"},"content":{"rendered":"<p>Helma lehk\u00e9ho voj\u00e1ka Helma Wendy je navr\u017eena tak, aby byla super lehk\u00e1 a velmi pohodln\u00e1 na no\u0161en\u00ed. Je tak\u00e9 vybavena vysoce kvalitn\u00edmi vlo\u017ekami pohlcuj\u00edc\u00edmi energii, kter\u00e9 dok\u00e1\u017eou \u00fa\u010dinn\u011b absorbovat s\u00edlu n\u00e1razu, sn\u00ed\u017eit deformaci t\u011bla p\u0159ilby p\u0159i dopadu st\u0159ely na p\u0159ilbu a sn\u00ed\u017eit m\u00edru zran\u011bn\u00ed a m\u00edru u\u017eivatele. Oboustrann\u00e9 s univerz\u00e1ln\u00edmi li\u0161tami pro mont\u00e1\u017e za\u0159\u00edzen\u00ed a kardanov\u00fdm dr\u017e\u00e1kem na \u010dele, co\u017e umo\u017e\u0148uje Wendy vytvo\u0159it v\u00edce mo\u017enost\u00ed.<\/p>\n<hr \/>\n<p><strong>T\u0159\u00edda obrany:<\/strong><\/p>\n<p>Tato nepr\u016fst\u0159eln\u00e1 p\u0159ilba je nepr\u016fst\u0159eln\u00e1 p\u0159ilba NIJ Level IIIA podle standardu NIJ 0101.06 a je mo\u017en\u00e9 poskytnout odpov\u00eddaj\u00edc\u00ed zku\u0161ebn\u00ed protokol.<\/p>\n<hr \/>\n<p><strong>Parametry obrann\u00e9 st\u0159ely:<\/strong><\/p>\n<p>.44 Mag SJHP<br \/>\n.357 SIG FMJ FN<br \/>\n9mm FMJ RN<br \/>\n.357 Mag JSP<br \/>\n.40 S&amp;W FMJ<\/p>\n<p>Poskytuje tak\u00e9 ochranu proti v\u011bt\u0161in\u011b nebezpe\u010d\u00ed st\u0159eln\u00fdch zbran\u00ed, jako\u017e i nebezpe\u010d\u00ed t\u0159\u00eddy IIA a t\u0159\u00eddy II<\/p>\n<hr \/>\n<p><strong>Parametry nepr\u016fst\u0159eln\u00e9 p\u0159ilby:<\/strong><br \/>\nN\u00e1zev: Nepr\u016fst\u0159eln\u00e1 p\u0159ilba NIJ lllA WENDY<\/p>\n<p>Materi\u00e1l: High Tensile Kevlar-DuPont Aramid Fiber<br \/>\nObvod hlavy: 52-60 cm<\/p>\n<p>Pod\u0161\u00edvka: Zorbium Foam Impact Pads v\u00e1s udr\u017e\u00ed v chladu a suchu d\u00edky vod\u011bodoln\u00e9mu, pohodln\u00e9mu polstrov\u00e1n\u00ed a antibakteri\u00e1ln\u00edmu krytu, kter\u00fd odv\u00e1d\u00ed pot. Poskytuje m\u00e9n\u011b ne\u017e polovinu s\u00edly pot\u0159ebn\u00e9 pro opakovan\u00e9 ot\u0159esy za v\u0161ech podm\u00ednek prost\u0159ed\u00ed. Podlo\u017eka pod my\u0161 se standardn\u011b dod\u00e1v\u00e1 se t\u0159emi n\u00e1razuvzdorn\u00fdmi podlo\u017ekami a osmi nastaviteln\u00fdmi podlo\u017ekami pro optim\u00e1ln\u00ed p\u0159izp\u016fsoben\u00ed a pohodl\u00ed.<\/p>\n<p>Voliteln\u00e9 p\u0159\u00edslu\u0161enstv\u00ed: nafukovac\u00ed kysl\u00edkov\u00e9 masky, obli\u010dejov\u00e9 \u0161t\u00edty, bo\u010dn\u00ed \u0161t\u00edty, panc\u00e9\u0159ov\u00e9 bo\u010dn\u00ed \u0161t\u00edty, \u0161t\u00edty, \u0161t\u00edty na p\u0159ilby, nepr\u016fst\u0159eln\u00e9 masky atd.<br \/>\nBarva p\u0159ilby: Zelen\u00e1<br \/>\nZ\u00e1ru\u010dn\u00ed doba: 5let\u00e1 z\u00e1ru\u010dn\u00ed doba m\u016f\u017ee m\u00edt dostate\u010dnou ochranu, pokud v\u0161ak dojde k p\u0159ekro\u010den\u00ed z\u00e1ru\u010dn\u00ed doby<br \/>\nsn\u00ed\u017e\u00ed ochranu.<\/p>\n<hr \/>\n<p><strong>Pro lidi:<\/strong><br \/>\nBalistick\u00e1 p\u0159ilba NIJ llla Kevlar WENDY zvl\u00e1d\u00e1 hrozby z pistole a \u0161rapnelu, m\u00e1 pevn\u011bj\u0161\u00ed n\u00e1stavce, je leh\u010d\u00ed a pohodln\u011bj\u0161\u00ed na no\u0161en\u00ed. Tato helma je vhodn\u00e1 pro v\u0161echny typy u\u017eivatel\u016f. Zam\u011bstnanci agentur, jako je arm\u00e1da, policie, SWAT, vnit\u0159n\u00ed bezpe\u010dnost, celn\u00edci a pohrani\u010dn\u00edci, mohou b\u00fdt vybaveni vylep\u0161en\u00fdmi bojov\u00fdmi schopnostmi. Je to tak\u00e9 dobr\u00e1 volba pro dom\u00e1c\u00ed ochranu a cosplay.<\/p>\n<hr \/>\n<p>Pokud si chcete koupit na\u0161e produkty nebo m\u00e1te n\u011bjak\u00e9 dotazy ohledn\u011b na\u0161ich produkt\u016f;<br \/>\nPokud m\u00e1te n\u011bjak\u00e9 pot\u0159eby p\u0159izp\u016fsoben\u00ed;<br \/>\nPros\u00edm (<a href=\"http:\/\/tyditiao.com\/contact\/\">kontaktujte n\u00e1s<\/a>) ihned, odpov\u00edme v\u00e1m do 1 pracovn\u00edho dne<\/p>\n","protected":false},"excerpt":{"rendered":"<p>Dobr\u00e1 kvalita: Technick\u00e1 vojensk\u00e1 p\u0159ilba je vyrobena z vysoce pevn\u00e9ho vl\u00e1kna DuPont Kevlar Aramid, kter\u00e9 je odoln\u00e9 v\u016f\u010di teplu a nelze jej snadno deformovat<\/p>\n<p>Dobr\u00fd balistick\u00fd v\u00fdkon: \u00farove\u0148 NIJ IIIA<\/p>\n<p>Pohodln\u00e9 no\u0161en\u00ed: Pol\u0161t\u00e1\u0159 Zorbium Foam Impact Pillow m\u00e1 vod\u011bodolnou pod\u0161\u00edvku a antimikrobi\u00e1ln\u00ed povlak, kter\u00fd odv\u00e1d\u00ed vlhkost a udr\u017euje v\u00e1s v chladu a suchu.<\/p>\n<p>SNADN\u00c9 NASTAVEN\u00cd: Lehk\u00e1 vojensk\u00e1 p\u0159ilba CAM FIT mont\u00e1\u017en\u00ed syst\u00e9m s BOA uzav\u00edrac\u00edm syst\u00e9mem pro bezpe\u010dn\u00e9 nastaven\u00ed jednou rukou pro p\u0159esn\u00e9 p\u0159izp\u016fsoben\u00ed.<\/p>\n<p>ROZ\u0160\u00cd\u0158ITELN\u00c9: Upev\u0148ovac\u00ed syst\u00e9m Rail 2.0 je kompatibiln\u00ed se v\u0161emi upev\u0148ovac\u00edmi prvky EXFIL Rail 2.0. Oboustrann\u00e1 mont\u00e1\u017en\u00ed li\u0161ta gimbal a dr\u017e\u00e1k gimbalu na \u010dele umo\u017e\u0148uj\u00ed Wendy vytvo\u0159it v\u00edce mo\u017enost\u00ed.<\/p>\n","protected":false},"featured_media":3328,"comment_status":"open","ping_status":"closed","template":"","meta":[],"product_brand":[],"product_cat":[344,168],"product_tag":[],"woo-feed-brand":[50],"class_list":{"0":"post-3858","1":"product","2":"type-product","3":"status-publish","4":"has-post-thumbnail","6":"product_cat-neprustrelna-prilba","7":"product_cat-wendy-cs","8":"woo-feed-brand-tyditiao","10":"first","11":"instock","12":"sale","13":"shipping-taxable","14":"purchasable","15":"product-type-simple"},"_links":{"self":[{"href":"https:\/\/tyditiao.com\/cs\/wp-json\/wp\/v2\/product\/3858","targetHints":{"allow":["GET"]}}],"collection":[{"href":"https:\/\/tyditiao.com\/cs\/wp-json\/wp\/v2\/product"}],"about":[{"href":"https:\/\/tyditiao.com\/cs\/wp-json\/wp\/v2\/types\/product"}],"replies":[{"embeddable":true,"href":"https:\/\/tyditiao.com\/cs\/wp-json\/wp\/v2\/comments?post=3858"}],"wp:featuredmedia":[{"embeddable":true,"href":"https:\/\/tyditiao.com\/cs\/wp-json\/wp\/v2\/media\/3328"}],"wp:attachment":[{"href":"https:\/\/tyditiao.com\/cs\/wp-json\/wp\/v2\/media?parent=3858"}],"wp:term":[{"taxonomy":"product_brand","embeddable":true,"href":"https:\/\/tyditiao.com\/cs\/wp-json\/wp\/v2\/product_brand?post=3858"},{"taxonomy":"product_cat","embeddable":true,"href":"https:\/\/tyditiao.com\/cs\/wp-json\/wp\/v2\/product_cat?post=3858"},{"taxonomy":"product_tag","embeddable":true,"href":"https:\/\/tyditiao.com\/cs\/wp-json\/wp\/v2\/product_tag?post=3858"},{"taxonomy":"woo-feed-brand","embeddable":true,"href":"https:\/\/tyditiao.com\/cs\/wp-json\/wp\/v2\/woo-feed-brand?post=3858"}],"curies":[{"name":"wp","href":"https:\/\/api.w.org\/{rel}","templated":true}]}}