{"id":5725,"date":"2022-10-21T05:13:02","date_gmt":"2022-10-21T03:13:02","guid":{"rendered":"http:\/\/tyditiao.com\/product\/sic-pe-nij-iii-20mm-18kg-neprustrelny-naprsnik-balisticka-vlozka-250x300mm\/"},"modified":"2022-10-23T03:28:45","modified_gmt":"2022-10-23T01:28:45","slug":"sicpe-nij-level-iii-20mm-1-8kgn-kyrys-neprustrelny-250x300mm","status":"publish","type":"product","link":"https:\/\/tyditiao.com\/cs\/produkt\/sicpe-nij-level-iii-20mm-1-8kgn-kyrys-neprustrelny-250x300mm\/","title":{"rendered":"SIC + PE, NIJ III, 20MM, 1,8KG, nepr\u016fst\u0159eln\u00fd n\u00e1prsn\u00edk, balistick\u00e1 vlo\u017eka, 250X300MM"},"content":{"rendered":"<p>Hmotnost: 1,8KG<br \/>\nMateri\u00e1l: Ly\u017ee + PE<br \/>\nTlou\u0161\u0165ka: 20MM<br \/>\nT\u0159\u00edda ochrany: t\u0159\u00edda NIJ III (GA5)<\/p>\n<p>Vn\u011bj\u0161\u00ed vrstva: \u010dern\u00e1 vod\u011bodoln\u00e1 polyesterov\u00e1 tkanina;<br \/>\nRozm\u011bry: 250x300mm \/ 9,8&#8217;x11,8&#8242;<br \/>\nTvar: Lichob\u011b\u017en\u00edk (lichob\u011b\u017en\u00edkov\u00e1 deska se zkosen\u00fdmi rohy)<\/p>\n<p>Seznam balen\u00ed:<br \/>\n1 x trap\u00e9zov\u00fd nepr\u016fst\u0159eln\u00fd plech.<\/p>\n<p>Ozn\u00e1men\u00ed:<br \/>\nReflexn\u00ed vesta nen\u00ed sou\u010d\u00e1st\u00ed<\/p>\n<p>Zam\u00fd\u0161len\u00ed u\u017eivatel\u00e9: Ozbrojen\u00e9 s\u00edly, SWAT, vnit\u0159n\u00ed bezpe\u010dnost, celn\u00ed a hrani\u010dn\u00ed ochrana, imigra\u010dn\u00ed kontrola a dal\u0161\u00ed, kte\u0159\u00ed jsou vystaveni hrozb\u00e1m zbran\u00ed, mohou b\u00fdt vybaveni na\u0161imi produkty. Lid\u00e9 maj\u00ed lep\u0161\u00ed v\u00fdsledky a m\u00e9n\u011b ob\u011bt\u00ed. Produkt se tak\u00e9 l\u00e9pe hod\u00ed pro situace, jako jsou mise na dlouh\u00e9 vzd\u00e1lenosti nebo mise na dlouh\u00e9 vzd\u00e1lenosti. Je to tak\u00e9 dobr\u00e1 volba pro ochranu va\u0161\u00ed vlastn\u00ed rodiny<\/p>\n<p>Balistick\u00e9 vlo\u017eky se \u010dasto pou\u017e\u00edvaj\u00ed v nepr\u016fst\u0159eln\u00fdch vesty nebo taktick\u00fdch vest\u00e1ch. Existuj\u00ed dva typy nepr\u016fst\u0159eln\u00fdch n\u00e1boj\u016f: \u010deln\u00ed a bo\u010dn\u00ed. P\u0159edn\u00ed panel chr\u00e1n\u00ed hrudn\u00edk a z\u00e1da a bo\u010dn\u00ed panely chr\u00e1n\u00ed boky t\u011bla. Zkosen\u00ed obvykle chr\u00e1n\u00ed p\u0159edn\u00ed stranu hrudn\u00edku a \u010dtverce chr\u00e1n\u00ed z\u00e1da.<\/p>\n<p>Existuj\u00ed \u010dty\u0159i druhy materi\u00e1l\u016f nepr\u016fst\u0159eln\u00fdch desek: nepr\u016fst\u0159eln\u00e1 ocel, PE polyethylen, PE + oxid hlinit\u00fd, PE + karbid k\u0159em\u00edku. Tato baterie je k dispozici v r\u016fzn\u00fdch materi\u00e1lov\u00fdch modelech a je vyrobena z \u010dist\u00e9ho PE + k\u0159em\u00edku.<\/p>\n<p>Keramick\u00e9 nepr\u016fst\u0159eln\u00e9 vlo\u017eky jsou obvykle vyrobeny z materi\u00e1l\u016f, jako je keramika a polyethylen PE. Pravidlo zn\u00ed: kdy\u017e st\u0159ela zas\u00e1hne nepr\u016fst\u0159elnou n\u00e1bojnici, st\u0159ela zas\u00e1hne jako prvn\u00ed horn\u00ed \u010d\u00e1st keramick\u00e9 vrstvy. Obrovsk\u00e1 n\u00e1razov\u00e1 s\u00edla st\u0159ely se p\u0159en\u00e1\u0161\u00ed do okol\u00ed, pohlcuje obrovskou kinetickou energii st\u0159ely. Kdy\u017e st\u0159ela proch\u00e1z\u00ed keramickou vrstvou, ztr\u00e1c\u00ed v\u011bt\u0161inu sv\u00e9 kinetick\u00e9 energie. Kdy\u017e st\u0159ela dos\u00e1hne polyetylenov\u00e9 vrstvy, polyetylen rozpt\u00fdl\u00ed kinetickou energii st\u0159ely nata\u017een\u00edm a obalen\u00edm st\u0159ely a \u00falomk\u016f s mal\u00fdm \u00fa\u010dinkem na t\u011blo a poskytuje vynikaj\u00edc\u00ed ochranu.<\/p>\n","protected":false},"excerpt":{"rendered":"<p>NIJ 0101.06 ultralehk\u00e1 nepr\u016fst\u0159eln\u00e1 deska z karbidu k\u0159em\u00edku t\u0159\u00eddy III, lze poskytnout odpov\u00eddaj\u00edc\u00ed zku\u0161ebn\u00ed protokol.<\/p>\n<p>Zral\u00fd proces: bude vykazovat stabiln\u00ed a vynikaj\u00edc\u00ed ochrann\u00fd v\u00fdkon.<\/p>\n<p>Leh\u010d\u00ed a pohodln\u011bj\u0161\u00ed ne\u017e hlin\u00edkov\u00e9 keramick\u00e9 panely.<\/p>\n<p>Vrchn\u00ed vrstva je vyrobena z vod\u011bodoln\u00e9 polyesterov\u00e9 tkaniny a panel je vod\u011bodoln\u00fd a odoln\u00fd v\u016f\u010di skvrn\u00e1m.<\/p>\n","protected":false},"featured_media":5381,"comment_status":"open","ping_status":"closed","template":"","meta":[],"product_brand":[],"product_cat":[232],"product_tag":[],"woo-feed-brand":[50],"class_list":{"0":"post-5725","1":"product","2":"type-product","3":"status-publish","4":"has-post-thumbnail","6":"product_cat-bulletproof-chest-plate-cs","7":"woo-feed-brand-tyditiao","9":"first","10":"instock","11":"sale","12":"shipping-taxable","13":"purchasable","14":"product-type-simple"},"_links":{"self":[{"href":"https:\/\/tyditiao.com\/cs\/wp-json\/wp\/v2\/product\/5725","targetHints":{"allow":["GET"]}}],"collection":[{"href":"https:\/\/tyditiao.com\/cs\/wp-json\/wp\/v2\/product"}],"about":[{"href":"https:\/\/tyditiao.com\/cs\/wp-json\/wp\/v2\/types\/product"}],"replies":[{"embeddable":true,"href":"https:\/\/tyditiao.com\/cs\/wp-json\/wp\/v2\/comments?post=5725"}],"wp:featuredmedia":[{"embeddable":true,"href":"https:\/\/tyditiao.com\/cs\/wp-json\/wp\/v2\/media\/5381"}],"wp:attachment":[{"href":"https:\/\/tyditiao.com\/cs\/wp-json\/wp\/v2\/media?parent=5725"}],"wp:term":[{"taxonomy":"product_brand","embeddable":true,"href":"https:\/\/tyditiao.com\/cs\/wp-json\/wp\/v2\/product_brand?post=5725"},{"taxonomy":"product_cat","embeddable":true,"href":"https:\/\/tyditiao.com\/cs\/wp-json\/wp\/v2\/product_cat?post=5725"},{"taxonomy":"product_tag","embeddable":true,"href":"https:\/\/tyditiao.com\/cs\/wp-json\/wp\/v2\/product_tag?post=5725"},{"taxonomy":"woo-feed-brand","embeddable":true,"href":"https:\/\/tyditiao.com\/cs\/wp-json\/wp\/v2\/woo-feed-brand?post=5725"}],"curies":[{"name":"wp","href":"https:\/\/api.w.org\/{rel}","templated":true}]}}