{"id":5727,"date":"2022-10-21T05:17:38","date_gmt":"2022-10-23T01:41:19","guid":{"rendered":"http:\/\/tyditiao.com\/product\/aluminape-nij-level-iii-20mm-2kg-neprustrelny-pancir-balisticka-vlozka-250x300mm\/"},"modified":"2022-10-23T03:41:19","modified_gmt":"2022-10-23T01:41:19","slug":"alumina-nij-level-iii-20mm-2kg-neprustrelna-250x300mm","status":"publish","type":"product","link":"https:\/\/tyditiao.com\/cs\/produkt\/alumina-nij-level-iii-20mm-2kg-neprustrelna-250x300mm\/","title":{"rendered":"Alumina+PE, NIJ Level III, 20MM, 2KG, nepr\u016fst\u0159eln\u00fd panc\u00ed\u0159, balistick\u00e1 vlo\u017eka 250X300MM"},"content":{"rendered":"<p>Hmotnost: 2 kg<br \/>\nMateri\u00e1l: Alumina + PE<br \/>\nTlou\u0161\u0165ka: 20MM<br \/>\nT\u0159\u00edda ochrany: t\u0159\u00edda NIJ III (GA5)<\/p>\n<p>Vn\u011bj\u0161\u00ed vrstva: \u010dern\u00e1 vod\u011bodoln\u00e1 polyesterov\u00e1 tkanina;<br \/>\nRozm\u011bry: 250x300mm \/ 9,8&#8217;x11,8&#8242;<br \/>\nTvar: Lichob\u011b\u017en\u00edk (lichob\u011b\u017en\u00edkov\u00e1 deska se zkosen\u00fdmi rohy)<\/p>\n<p>Seznam balen\u00ed:<br \/>\n1 x trap\u00e9zov\u00fd nepr\u016fst\u0159eln\u00fd plech.<\/p>\n<p>Ozn\u00e1men\u00ed:<br \/>\nReflexn\u00ed vesta nen\u00ed sou\u010d\u00e1st\u00ed<\/p>\n<p>Zam\u00fd\u0161len\u00ed u\u017eivatel\u00e9: Ozbrojen\u00e9 s\u00edly, SWAT, vnit\u0159n\u00ed bezpe\u010dnost, celn\u00ed a hrani\u010dn\u00ed ochrana, imigra\u010dn\u00ed kontrola a dal\u0161\u00ed, kte\u0159\u00ed jsou vystaveni hrozb\u00e1m zbran\u00ed, mohou b\u00fdt vybaveni na\u0161imi produkty. Lid\u00e9 maj\u00ed lep\u0161\u00ed v\u00fdsledky a m\u00e9n\u011b ob\u011bt\u00ed. Produkt se tak\u00e9 l\u00e9pe hod\u00ed pro situace, jako jsou mise na dlouh\u00e9 vzd\u00e1lenosti nebo mise na dlouh\u00e9 vzd\u00e1lenosti. Je to tak\u00e9 dobr\u00e1 volba pro ochranu va\u0161\u00ed vlastn\u00ed rodiny<\/p>\n<p>Balistick\u00e9 vlo\u017eky se \u010dasto pou\u017e\u00edvaj\u00ed v nepr\u016fst\u0159eln\u00fdch vesty nebo taktick\u00fdch vest\u00e1ch. Existuj\u00ed dva typy nepr\u016fst\u0159eln\u00fdch n\u00e1boj\u016f: \u010deln\u00ed a bo\u010dn\u00ed. P\u0159edn\u00ed panel chr\u00e1n\u00ed hrudn\u00edk a z\u00e1da a bo\u010dn\u00ed panely chr\u00e1n\u00ed boky t\u011bla. Zkosen\u00ed obvykle chr\u00e1n\u00ed p\u0159edn\u00ed stranu hrudn\u00edku a \u010dtverce chr\u00e1n\u00ed z\u00e1da.<\/p>\n<p>Existuj\u00ed \u010dty\u0159i druhy materi\u00e1l\u016f nepr\u016fst\u0159eln\u00fdch desek: nepr\u016fst\u0159eln\u00e1 ocel, PE polyethylen, PE + oxid hlinit\u00fd, PE + karbid k\u0159em\u00edku.<\/p>\n<p>Keramick\u00e9 nepr\u016fst\u0159eln\u00e9 vlo\u017eky jsou obvykle vyrobeny z materi\u00e1l\u016f, jako je keramika a polyethylen PE. Pravidlo zn\u00ed: kdy\u017e st\u0159ela zas\u00e1hne nepr\u016fst\u0159elnou n\u00e1bojnici, st\u0159ela zas\u00e1hne jako prvn\u00ed horn\u00ed \u010d\u00e1st keramick\u00e9 vrstvy. Obrovsk\u00e1 n\u00e1razov\u00e1 s\u00edla st\u0159ely se p\u0159en\u00e1\u0161\u00ed do okol\u00ed, pohlcuje obrovskou kinetickou energii st\u0159ely. Kdy\u017e st\u0159ela proch\u00e1z\u00ed keramickou vrstvou, ztr\u00e1c\u00ed v\u011bt\u0161inu sv\u00e9 kinetick\u00e9 energie. Kdy\u017e st\u0159ela dos\u00e1hne polyetylenov\u00e9 vrstvy, polyetylen rozpt\u00fdl\u00ed kinetickou energii st\u0159ely nata\u017een\u00edm a obalen\u00edm st\u0159ely a \u00falomk\u016f s mal\u00fdm \u00fa\u010dinkem na t\u011blo a poskytuje vynikaj\u00edc\u00ed ochranu.<\/p>\n","protected":false},"excerpt":{"rendered":"<p>P\u0159i stejn\u00e9m balistick\u00e9m hodnocen\u00ed je leh\u010d\u00ed ne\u017e ocel a levn\u011bj\u0161\u00ed ne\u017e karbid k\u0159em\u00edku, tak\u017ee keramick\u00e1 balistika z oxidu hlinit\u00e9ho je dobr\u00e1 vyv\u00e1\u017eenost.<\/p>\n<p>Vrchn\u00ed vrstva je vyrobena z vod\u011bodoln\u00e9 polyesterov\u00e9 tkaniny a panel je vod\u011bodoln\u00fd a odoln\u00fd v\u016f\u010di skvrn\u00e1m.<\/p>\n<p>N\u00e1razov\u00e1 vrstva: Ka\u017ed\u00e1 nepr\u016fst\u0159eln\u00e1 deska je p\u0159ipevn\u011bna k vnit\u0159n\u00ed vrstv\u011b n\u00e1razuvzdorn\u00e9 podlo\u017eky EVA, kter\u00e1 m\u016f\u017ee \u00fa\u010dinn\u011b sn\u00ed\u017eit dopad na lidsk\u00e9 t\u011blo po v\u00fdbuchu<\/p>\n<p>Materi\u00e1l desky: horn\u00ed vrstva je hlin\u00edkov\u00e1 keramick\u00e1 deska a spodn\u00ed vrstva je nepr\u016fst\u0159eln\u00e1 deska z PE;<\/p>\n","protected":false},"featured_media":5309,"comment_status":"open","ping_status":"closed","template":"","meta":[],"product_brand":[],"product_cat":[232],"product_tag":[],"woo-feed-brand":[50],"class_list":{"0":"post-5727","1":"product","2":"type-product","3":"status-publish","4":"has-post-thumbnail","6":"product_cat-bulletproof-chest-plate-cs","7":"woo-feed-brand-tyditiao","9":"first","10":"instock","11":"sale","12":"shipping-taxable","13":"purchasable","14":"product-type-simple"},"_links":{"self":[{"href":"https:\/\/tyditiao.com\/cs\/wp-json\/wp\/v2\/product\/5727","targetHints":{"allow":["GET"]}}],"collection":[{"href":"https:\/\/tyditiao.com\/cs\/wp-json\/wp\/v2\/product"}],"about":[{"href":"https:\/\/tyditiao.com\/cs\/wp-json\/wp\/v2\/types\/product"}],"replies":[{"embeddable":true,"href":"https:\/\/tyditiao.com\/cs\/wp-json\/wp\/v2\/comments?post=5727"}],"wp:featuredmedia":[{"embeddable":true,"href":"https:\/\/tyditiao.com\/cs\/wp-json\/wp\/v2\/media\/5309"}],"wp:attachment":[{"href":"https:\/\/tyditiao.com\/cs\/wp-json\/wp\/v2\/media?parent=5727"}],"wp:term":[{"taxonomy":"product_brand","embeddable":true,"href":"https:\/\/tyditiao.com\/cs\/wp-json\/wp\/v2\/product_brand?post=5727"},{"taxonomy":"product_cat","embeddable":true,"href":"https:\/\/tyditiao.com\/cs\/wp-json\/wp\/v2\/product_cat?post=5727"},{"taxonomy":"product_tag","embeddable":true,"href":"https:\/\/tyditiao.com\/cs\/wp-json\/wp\/v2\/product_tag?post=5727"},{"taxonomy":"woo-feed-brand","embeddable":true,"href":"https:\/\/tyditiao.com\/cs\/wp-json\/wp\/v2\/woo-feed-brand?post=5727"}],"curies":[{"name":"wp","href":"https:\/\/api.w.org\/{rel}","templated":true}]}}