{"id":5728,"date":"2022-10-21T05:20:55","date_gmt":"2022-10-21T03:20:55","guid":{"rendered":"http:\/\/tyditiao.com\/product\/neprustrelna-ocel-nij-iv-7mm-3kg-neprustrelny-balisticky-prsni-stit-250x300mm\/"},"modified":"2025-09-29T15:49:57","modified_gmt":"2025-09-29T13:49:57","slug":"neprustrelna-ocel-nij-level-iv-7mm-3kg-naprsenka-neprustrelna-250x300mm","status":"publish","type":"product","link":"https:\/\/tyditiao.com\/cs\/produkt\/neprustrelna-ocel-nij-level-iv-7mm-3kg-naprsenka-neprustrelna-250x300mm\/","title":{"rendered":"Nepr\u016fst\u0159eln\u00e1 ocel, NIJ IV, 7MM, 3KG, Nepr\u016fst\u0159eln\u00fd balistick\u00fd prsn\u00ed \u0161t\u00edt, 250X300MM"},"content":{"rendered":"<p>Hmotnost: 3 kg<br \/>\nMateri\u00e1l: nepr\u016fst\u0159eln\u00e1 ocel;<br \/>\nTlou\u0161\u0165ka: 7MM<br \/>\nT\u0159\u00edda ochrany: NIJ IV (GA6)<\/p>\n<p>Velikost: 25 cm * 30 cm<br \/>\nTvar: Lichob\u011b\u017en\u00edk (lichob\u011b\u017en\u00edkov\u00e1 deska se zkosen\u00fdmi rohy)<\/p>\n<p>Seznam balen\u00ed:<br \/>\n1 x trap\u00e9zov\u00fd nepr\u016fst\u0159eln\u00fd plech.<\/p>\n<p>Ozn\u00e1men\u00ed:<br \/>\nReflexn\u00ed vesta nen\u00ed sou\u010d\u00e1st\u00ed<\/p>\n<p>U\u017eivatel\u00e9: obrana rodiny, person\u00e1l souvisej\u00edc\u00ed s riziky, obrana bankovn\u00ed m\u011bny, zahrani\u010dn\u00ed vojen\u0161t\u00ed pracovn\u00edci, zahrani\u010dn\u00ed ozbrojen\u00ed konfliktn\u00ed pracovn\u00edci, bezpe\u010dnostn\u00ed pracovn\u00edci, n\u00e1mo\u0159n\u00edci, pohrani\u010dn\u00edci atd.<\/p>\n","protected":false},"excerpt":{"rendered":"<p>Vyrobeno ze speci\u00e1ln\u00edho nepr\u016fst\u0159eln\u00e9ho ocelov\u00e9ho plechu: stejn\u00e1 \u00farove\u0148 ochrany, s v\u00fdhodou tenk\u00e9 a lehk\u00e9.<\/p>\n<p>N\u00e1razov\u00e1 vrstva: Uvnit\u0159 ka\u017ed\u00e9 nepr\u016fst\u0159eln\u00e9 desky je vrstva n\u00e1razuvzdorn\u00e9 bavln\u011bn\u00e9 podlo\u017eky EVA, kter\u00e1 m\u016f\u017ee \u00fa\u010dinn\u011b sn\u00ed\u017eit dopad na lidsk\u00e9 t\u011blo po bombardov\u00e1n\u00ed<\/p>\n<p>Dvojit\u00fd obloukov\u00fd design: Mechanick\u00e9 \u017eehlen\u00ed na lev\u00e9 a prav\u00e9 stran\u011b prkna podle ergonomick\u00fdch z\u00e1sad zaji\u0161\u0165uje, \u017ee klenut\u00e9 okraje dokonale padnou na t\u011blo<\/p>\n<p>Pou\u017eit\u00ed: Pro bezpe\u010dnost pou\u017e\u00edvejte s taktick\u00fdmi vestami, bundami, balistick\u00fdmi batohy, r\u016fzn\u00fdmi nepr\u016fst\u0159eln\u00fdmi vesty atd.<\/p>\n","protected":false},"featured_media":5363,"comment_status":"open","ping_status":"closed","template":"","meta":[],"product_brand":[],"product_cat":[232],"product_tag":[],"woo-feed-brand":[50],"class_list":{"0":"post-5728","1":"product","2":"type-product","3":"status-publish","4":"has-post-thumbnail","6":"product_cat-bulletproof-chest-plate-cs","7":"woo-feed-brand-tyditiao","9":"first","10":"instock","11":"sale","12":"shipping-taxable","13":"purchasable","14":"product-type-simple"},"_links":{"self":[{"href":"https:\/\/tyditiao.com\/cs\/wp-json\/wp\/v2\/product\/5728","targetHints":{"allow":["GET"]}}],"collection":[{"href":"https:\/\/tyditiao.com\/cs\/wp-json\/wp\/v2\/product"}],"about":[{"href":"https:\/\/tyditiao.com\/cs\/wp-json\/wp\/v2\/types\/product"}],"replies":[{"embeddable":true,"href":"https:\/\/tyditiao.com\/cs\/wp-json\/wp\/v2\/comments?post=5728"}],"wp:featuredmedia":[{"embeddable":true,"href":"https:\/\/tyditiao.com\/cs\/wp-json\/wp\/v2\/media\/5363"}],"wp:attachment":[{"href":"https:\/\/tyditiao.com\/cs\/wp-json\/wp\/v2\/media?parent=5728"}],"wp:term":[{"taxonomy":"product_brand","embeddable":true,"href":"https:\/\/tyditiao.com\/cs\/wp-json\/wp\/v2\/product_brand?post=5728"},{"taxonomy":"product_cat","embeddable":true,"href":"https:\/\/tyditiao.com\/cs\/wp-json\/wp\/v2\/product_cat?post=5728"},{"taxonomy":"product_tag","embeddable":true,"href":"https:\/\/tyditiao.com\/cs\/wp-json\/wp\/v2\/product_tag?post=5728"},{"taxonomy":"woo-feed-brand","embeddable":true,"href":"https:\/\/tyditiao.com\/cs\/wp-json\/wp\/v2\/woo-feed-brand?post=5728"}],"curies":[{"name":"wp","href":"https:\/\/api.w.org\/{rel}","templated":true}]}}