{"id":5730,"date":"2022-10-21T05:25:40","date_gmt":"2022-10-21T03:25:40","guid":{"rendered":"http:\/\/tyditiao.com\/product\/uhmwpe-nij-level-iiia-7mm-05kg-neprustrelna-hrudni-deska-250x300mm\/"},"modified":"2026-01-25T18:08:07","modified_gmt":"2026-01-25T16:08:07","slug":"uhmwpe-nij-level-iiia-7mm-0-5kgn-naprsenka-neprustrelna-250x300mm","status":"publish","type":"product","link":"https:\/\/tyditiao.com\/cs\/produkt\/uhmwpe-nij-level-iiia-7mm-0-5kgn-naprsenka-neprustrelna-250x300mm\/","title":{"rendered":"UHMWPE, NIJ Level IIIA, 7MM, 0,5KG, Nepr\u016fst\u0159eln\u00e1 hrudn\u00ed deska, 250X300MM"},"content":{"rendered":"<p>Hmotnost: 0,5 kg<br \/>\nMateri\u00e1l: PE<br \/>\nTlou\u0161\u0165ka: 7MM<br \/>\nT\u0159\u00edda ochrany: \u00farove\u0148 NIJ IIIA (GA4)<\/p>\n<p>Vn\u011bj\u0161\u00ed vrstva: \u010dern\u00e1 vod\u011bodoln\u00e1 polyesterov\u00e1 tkanina;<br \/>\nRozm\u011bry: 250x300mm \/ 9,8&#8217;x11,8&#8242;<br \/>\nTvar: Lichob\u011b\u017en\u00edk (lichob\u011b\u017en\u00edkov\u00e1 deska se zkosen\u00fdmi rohy)<\/p>\n<p>Seznam balen\u00ed:<br \/>\n1 x trap\u00e9zov\u00fd nepr\u016fst\u0159eln\u00fd plech.<\/p>\n<p>Ozn\u00e1men\u00ed:<br \/>\nReflexn\u00ed vesta nen\u00ed sou\u010d\u00e1st\u00ed<\/p>\n<p>Zam\u00fd\u0161len\u00ed u\u017eivatel\u00e9: Ozbrojen\u00e9 s\u00edly, SWAT, vnit\u0159n\u00ed bezpe\u010dnost, celn\u00ed a hrani\u010dn\u00ed ochrana, imigra\u010dn\u00ed kontrola a dal\u0161\u00ed, kte\u0159\u00ed jsou vystaveni hrozb\u00e1m zbran\u00ed, mohou b\u00fdt vybaveni na\u0161imi produkty. Lid\u00e9 maj\u00ed lep\u0161\u00ed v\u00fdsledky a m\u00e9n\u011b ob\u011bt\u00ed. Produkt se tak\u00e9 l\u00e9pe hod\u00ed pro situace, jako jsou mise na dlouh\u00e9 vzd\u00e1lenosti nebo mise na dlouh\u00e9 vzd\u00e1lenosti. Je to tak\u00e9 dobr\u00e1 volba pro ochranu va\u0161\u00ed vlastn\u00ed rodiny<\/p>\n","protected":false},"excerpt":{"rendered":"<p>Tato vlo\u017eka je vyrobena z \u010dist\u00e9ho PE vl\u00e1kna: v\u00fdhodou je n\u00edzk\u00e1 hmotnost a men\u0161\u00ed pravd\u011bpodobnost sekund\u00e1rn\u00edho po\u0161kozen\u00ed po sma\u017een\u00ed. Po uzam\u010den\u00ed je st\u0159ela zapu\u0161t\u011bna v \u010depeli s velmi n\u00edzkou pravd\u011bpodobnost\u00ed odrazu<\/p>\n<p>Nepr\u016fst\u0159eln\u00e1 deska z \u010dist\u00e9ho PE, stupe\u0148 NIJ IIIA: hmotnost 0,5 kg, odoln\u00fd proti olovu, pistole typu 54, 64, samopal typu 79<\/p>\n<p>N\u00e1razov\u00e1 vrstva: Uvnit\u0159 ka\u017ed\u00e9 nepr\u016fst\u0159eln\u00e9 desky je vrstva n\u00e1razuvzdorn\u00e9 bavln\u011bn\u00e9 podlo\u017eky EVA, kter\u00e1 m\u016f\u017ee \u00fa\u010dinn\u011b sn\u00ed\u017eit dopad na lidsk\u00e9 t\u011blo po bombardov\u00e1n\u00ed<\/p>\n<p>Dvojit\u00fd obloukov\u00fd design: Mechanick\u00e9 \u017eehlen\u00ed na lev\u00e9 a prav\u00e9 stran\u011b prkna podle ergonomick\u00fdch z\u00e1sad zaji\u0161\u0165uje, \u017ee klenut\u00e9 okraje dokonale padnou na t\u011blo<\/p>\n","protected":false},"featured_media":5453,"comment_status":"open","ping_status":"closed","template":"","meta":[],"product_brand":[],"product_cat":[232],"product_tag":[],"woo-feed-brand":[50],"class_list":{"0":"post-5730","1":"product","2":"type-product","3":"status-publish","4":"has-post-thumbnail","6":"product_cat-bulletproof-chest-plate-cs","7":"woo-feed-brand-tyditiao","9":"first","10":"instock","11":"sale","12":"shipping-taxable","13":"purchasable","14":"product-type-simple"},"_links":{"self":[{"href":"https:\/\/tyditiao.com\/cs\/wp-json\/wp\/v2\/product\/5730","targetHints":{"allow":["GET"]}}],"collection":[{"href":"https:\/\/tyditiao.com\/cs\/wp-json\/wp\/v2\/product"}],"about":[{"href":"https:\/\/tyditiao.com\/cs\/wp-json\/wp\/v2\/types\/product"}],"replies":[{"embeddable":true,"href":"https:\/\/tyditiao.com\/cs\/wp-json\/wp\/v2\/comments?post=5730"}],"wp:featuredmedia":[{"embeddable":true,"href":"https:\/\/tyditiao.com\/cs\/wp-json\/wp\/v2\/media\/5453"}],"wp:attachment":[{"href":"https:\/\/tyditiao.com\/cs\/wp-json\/wp\/v2\/media?parent=5730"}],"wp:term":[{"taxonomy":"product_brand","embeddable":true,"href":"https:\/\/tyditiao.com\/cs\/wp-json\/wp\/v2\/product_brand?post=5730"},{"taxonomy":"product_cat","embeddable":true,"href":"https:\/\/tyditiao.com\/cs\/wp-json\/wp\/v2\/product_cat?post=5730"},{"taxonomy":"product_tag","embeddable":true,"href":"https:\/\/tyditiao.com\/cs\/wp-json\/wp\/v2\/product_tag?post=5730"},{"taxonomy":"woo-feed-brand","embeddable":true,"href":"https:\/\/tyditiao.com\/cs\/wp-json\/wp\/v2\/woo-feed-brand?post=5730"}],"curies":[{"name":"wp","href":"https:\/\/api.w.org\/{rel}","templated":true}]}}