{"id":6036,"date":"2023-01-16T12:36:49","date_gmt":"2023-01-16T10:36:49","guid":{"rendered":"http:\/\/tyditiao.com\/product\/skryta-neprustrelna-vesta-neprustrelna-vesta-s-urovni-ochrany-nij-iiia-osobni-venkovni-bezpecnostni-vybaveni\/"},"modified":"2025-03-17T13:12:57","modified_gmt":"2025-03-17T11:12:57","slug":"skryta-neprustrelna-vesta-neprustrelna-vesta-s-ni-iiia-uroven-ochrany-osobni-bezpecnostni-vybaveni-venku","status":"publish","type":"product","link":"https:\/\/tyditiao.com\/cs\/produkt\/skryta-neprustrelna-vesta-neprustrelna-vesta-s-ni-iiia-uroven-ochrany-osobni-bezpecnostni-vybaveni-venku\/","title":{"rendered":"Skryt\u00e1 nepr\u016fst\u0159eln\u00e1 vesta, nepr\u016fst\u0159eln\u00e1 vesta s \u00farovn\u00ed ochrany NIJ IIIA, osobn\u00ed venkovn\u00ed bezpe\u010dnostn\u00ed vybaven\u00ed"},"content":{"rendered":"<p>Materi\u00e1l: ultra-vysok\u00fd polymerov\u00fd PE materi\u00e1l, kter\u00fd vydr\u017e\u00ed v\u00edce v\u00fdst\u0159el\u016f p\u0159i zachov\u00e1n\u00ed pru\u017enosti. Vyzna\u010duje se lehkost\u00ed, m\u011bkkost\u00ed, pohodl\u00edm, vynikaj\u00edc\u00ed UV odolnost\u00ed, n\u00edzkou citlivost\u00ed na vlhkost a vod\u011bodolnost\u00ed.<\/p>\n<p>Stupe\u0148 ochrany: Ochrana NIJ IIIA na p\u0159edn\u00ed a zadn\u00ed stran\u011b<\/p>\n<p>Blokovateln\u00e9 st\u0159ely:<br \/>\n.44 Magnum<br \/>\n.40 S&amp;W, .357 Magnum, .45<br \/>\nsamopal 9mm<br \/>\nPolopl\u00e1\u0161\u0165ovan\u00e1 dut\u00e1 st\u0159ela (SJHP)<br \/>\nCelokovov\u00e1 kalibrace projektilu 9mm celokovov\u00e1 st\u0159ela s nomin\u00e1ln\u00ed hmotnost\u00ed 8,0 g (124 g) a rychlost\u00ed dopadu 426 m\/s (1 400 ft\/s) nebo m\u00e9n\u011b<br \/>\nPoskytuje tak\u00e9 ochranu proti v\u011bt\u0161in\u011b nebezpe\u010d\u00ed st\u0159eln\u00fdch zbran\u00ed, jako\u017e i nebezpe\u010d\u00ed t\u0159\u00eddy IIA a t\u0159\u00eddy II<\/p>\n<p>Barva: \u010cern\u00e1<br \/>\nPohlav\u00ed: Unisex<br \/>\nTyp oble\u010den\u00ed: Vesta, Top<br \/>\nTyp ruk\u00e1vu: bez ruk\u00e1v\u016f<br \/>\nFunkce: Nepr\u016fst\u0159eln\u00e1<br \/>\nvelikost: jedna velikost<br \/>\nHmotnost: 2,5 kg<br \/>\nPran\u00ed: Vnit\u0159n\u00ed pod\u0161\u00edvka a svrchn\u00ed oble\u010den\u00ed lze odd\u011blit, vnit\u0159n\u00ed nepr\u016fst\u0159elnou vrstvu nelze pr\u00e1t, pouze o\u010dist\u011bte vn\u011bj\u0161\u00ed vrstvu<\/p>\n<p>Balen\u00ed: 1 x Nepr\u016fst\u0159eln\u00e1 vesta (NIJ IIIA)<\/p>\n","protected":false},"excerpt":{"rendered":"<p>M\u011bkk\u00fd a lehk\u00fd: elastick\u00fd, pohodln\u00fd na no\u0161en\u00ed, v podstat\u011b neovliv\u0148uje lidsk\u00e9 t\u011blo p\u0159i b\u011bhu nebo d\u0159epu<\/p>\n<p>Skv\u011bl\u00e9 skryt\u00ed: Nastaviteln\u00e9 ve 4 r\u016fzn\u00fdch bodech pomoc\u00ed p\u00e1sk\u016f na such\u00fd zip pro snadn\u00e9 ukryt\u00ed pod oble\u010den\u00edm<\/p>\n<p>Ochrana NIJ IIIA: nejvy\u0161\u0161\u00ed \u00farove\u0148 ochrany, kter\u00e1 je aktu\u00e1ln\u011b dostupn\u00e1 pro nepr\u016fst\u0159eln\u00e9 vesty<\/p>\n<p>Dobr\u00fd v\u00fdkon p\u0159i rozp\u00edn\u00e1n\u00ed: P\u0159edn\u00ed a zadn\u00ed panc\u00e9\u0159ov\u00e9 kapsy lze upevnit nepr\u016fst\u0159eln\u00fdmi ocelov\u00fdmi pl\u00e1ty, aby poskytovaly extra ochranu podle va\u0161ich pot\u0159eb<\/p>\n<p>Pou\u017eiteln\u00e9 osoby: novin\u00e1\u0159i a voj\u00e1ci cestuj\u00ed v\u00e1lkou zni\u010den\u00fdmi oblastmi a mohou b\u00fdt tak\u00e9 vyu\u017eiti k dom\u00e1c\u00ed obran\u011b k ochran\u011b vlastn\u00edho bezpe\u010d\u00ed a t\u011bla p\u0159ed kulkami a \u00falomky<\/p>\n","protected":false},"featured_media":6019,"comment_status":"open","ping_status":"closed","template":"","meta":[],"product_brand":[],"product_cat":[231],"product_tag":[],"woo-feed-brand":[50],"class_list":{"0":"post-6036","1":"product","2":"type-product","3":"status-publish","4":"has-post-thumbnail","6":"product_cat-tactical-vest-cs","7":"woo-feed-brand-tyditiao","9":"first","10":"instock","11":"sale","12":"shipping-taxable","13":"purchasable","14":"product-type-simple"},"_links":{"self":[{"href":"https:\/\/tyditiao.com\/cs\/wp-json\/wp\/v2\/product\/6036","targetHints":{"allow":["GET"]}}],"collection":[{"href":"https:\/\/tyditiao.com\/cs\/wp-json\/wp\/v2\/product"}],"about":[{"href":"https:\/\/tyditiao.com\/cs\/wp-json\/wp\/v2\/types\/product"}],"replies":[{"embeddable":true,"href":"https:\/\/tyditiao.com\/cs\/wp-json\/wp\/v2\/comments?post=6036"}],"wp:featuredmedia":[{"embeddable":true,"href":"https:\/\/tyditiao.com\/cs\/wp-json\/wp\/v2\/media\/6019"}],"wp:attachment":[{"href":"https:\/\/tyditiao.com\/cs\/wp-json\/wp\/v2\/media?parent=6036"}],"wp:term":[{"taxonomy":"product_brand","embeddable":true,"href":"https:\/\/tyditiao.com\/cs\/wp-json\/wp\/v2\/product_brand?post=6036"},{"taxonomy":"product_cat","embeddable":true,"href":"https:\/\/tyditiao.com\/cs\/wp-json\/wp\/v2\/product_cat?post=6036"},{"taxonomy":"product_tag","embeddable":true,"href":"https:\/\/tyditiao.com\/cs\/wp-json\/wp\/v2\/product_tag?post=6036"},{"taxonomy":"woo-feed-brand","embeddable":true,"href":"https:\/\/tyditiao.com\/cs\/wp-json\/wp\/v2\/woo-feed-brand?post=6036"}],"curies":[{"name":"wp","href":"https:\/\/api.w.org\/{rel}","templated":true}]}}