{"id":7091,"date":"2023-03-05T03:22:19","date_gmt":"2023-03-05T04:13:11","guid":{"rendered":"http:\/\/tyditiao.com\/product\/mich2000-ballistic-helmet-3a-takticka-balisticka-helma-specialni-velikost-vlastni-barva-vyhrazeny-nakupni-odkaz\/"},"modified":"2023-03-05T06:13:11","modified_gmt":"2023-03-05T04:13:11","slug":"mich2000-neprustrelna-helma-3a-takticka-balisticka-helma-specialni-velikost-vlastni-barva-vyhrazena-koupit-odkaz","status":"publish","type":"product","link":"https:\/\/tyditiao.com\/cs\/produkt\/mich2000-neprustrelna-helma-3a-takticka-balisticka-helma-specialni-velikost-vlastni-barva-vyhrazena-koupit-odkaz\/","title":{"rendered":"Mich2000 Ballistic Helmet, 3A taktick\u00e1 balistick\u00e1 helma, speci\u00e1ln\u00ed velikost, vlastn\u00ed barva, vyhrazen\u00fd n\u00e1kupn\u00ed odkaz"},"content":{"rendered":"<p><strong>O velikosti p\u0159ilby Mich2000:<\/strong> P\u0159idali jsme mal\u00e9 a velk\u00e9 v\u00fdrobn\u00ed formy pro tuto taktickou balistickou p\u0159ilbu Mich 3A, abychom vyhov\u011bli u\u017eivatel\u016fm s r\u016fzn\u00fdmi pot\u0159ebami. Velikost M je b\u011b\u017en\u00e1 velikost a sed\u00ed v\u011bt\u0161in\u011b lid\u00ed. Pokud si mysl\u00edte, \u017ee mal\u00e1 velikost m\u016f\u017ee l\u00e9pe vyhovovat va\u0161im vlastn\u00edm po\u017eadavk\u016fm nebo zvyklostem p\u0159i no\u0161en\u00ed, vyberte pros\u00edm malou velikost, jinak zvolte velkou velikost.<\/p>\n<p><strong>O barv\u011b nepr\u016fst\u0159eln\u00e9 p\u0159ilby Mich2000:<\/strong> Taktick\u00e1 nepr\u016fst\u0159eln\u00e1 p\u0159ilba Mich 3A, vyr\u00e1b\u00edme p\u0159edev\u0161\u00edm t\u0159i barvy: \u010dern\u00e1, sv\u011btle hn\u011bd\u00e1 a zelen\u00e1. Ale z\u00e1rove\u0148 m\u00e1me mo\u017enost vyrobit jakoukoliv barvu nebo r\u016fzn\u00e9 maskovac\u00ed vzory specifikovan\u00e9 z\u00e1kazn\u00edky, jako je lesn\u00ed kamufl\u00e1\u017e, kamufl\u00e1\u017e d\u017eungle, pou\u0161tn\u00ed kamufl\u00e1\u017e, n\u00e1mo\u0159n\u00ed kamufl\u00e1\u017e a m\u011bstsk\u00e1 kamufl\u00e1\u017e atd. Pokud pl\u00e1nujete objednat v\u00edce ne\u017e 10 helem, kontaktujte n\u00e1s, tuto vlastn\u00ed barevnou slu\u017ebu z\u00edsk\u00e1te zdarma, sta\u010d\u00ed n\u00e1m poslat po\u017eadovan\u00fd barevn\u00fd vzor.<\/p>\n<p>P\u0159ilba MICH2000 nepr\u016fst\u0159eln\u00e1 p\u0159ilba: 0101.06 standard IIIA \u00farove\u0148<\/p>\n<p>Materi\u00e1l: High Tenacity Kevlar-Dupont Aramid Fiber<\/p>\n<p>Balistick\u00e1 p\u0159ilba MICH2000 m\u00e1 v\u011bt\u0161\u00ed ochrannou plochu a n\u00edzko vykrojen\u00fd design, kter\u00fd l\u00e9pe kryje boky hlavy, co\u017e je je\u0161t\u011b v\u00fdhodn\u011bj\u0161\u00ed, pokud nepl\u00e1nujete mont\u00e1\u017e velk\u00e9ho mno\u017estv\u00ed dopl\u0148k\u016f.<\/p>\n<p>\u010cty\u0159bodov\u00fd syst\u00e9m uchycen\u00ed balistick\u00e9 helmy Mich2000 je podobn\u00fd ochran\u011b a popruh\u016fm na skateboardov\u00fdch a cyklistick\u00fdch p\u0159ilb\u00e1ch.<\/p>\n","protected":false},"excerpt":{"rendered":"<p>O velikosti p\u0159ilby Mich2000: P\u0159idali jsme mal\u00e9 a velk\u00e9 v\u00fdrobn\u00ed formy pro tuto taktickou balistickou p\u0159ilbu Mich 3A, abychom vyhov\u011bli&#8230;<\/p>\n","protected":false},"featured_media":2653,"comment_status":"open","ping_status":"closed","template":"","meta":[],"product_brand":[],"product_cat":[159,344],"product_tag":[],"woo-feed-brand":[],"class_list":{"0":"post-7091","1":"product","2":"type-product","3":"status-publish","4":"has-post-thumbnail","6":"product_cat-mich2000-cs","7":"product_cat-neprustrelna-prilba","9":"first","10":"instock","11":"sale","12":"shipping-taxable","13":"purchasable","14":"product-type-variable","15":"has-default-attributes"},"_links":{"self":[{"href":"https:\/\/tyditiao.com\/cs\/wp-json\/wp\/v2\/product\/7091","targetHints":{"allow":["GET"]}}],"collection":[{"href":"https:\/\/tyditiao.com\/cs\/wp-json\/wp\/v2\/product"}],"about":[{"href":"https:\/\/tyditiao.com\/cs\/wp-json\/wp\/v2\/types\/product"}],"replies":[{"embeddable":true,"href":"https:\/\/tyditiao.com\/cs\/wp-json\/wp\/v2\/comments?post=7091"}],"wp:featuredmedia":[{"embeddable":true,"href":"https:\/\/tyditiao.com\/cs\/wp-json\/wp\/v2\/media\/2653"}],"wp:attachment":[{"href":"https:\/\/tyditiao.com\/cs\/wp-json\/wp\/v2\/media?parent=7091"}],"wp:term":[{"taxonomy":"product_brand","embeddable":true,"href":"https:\/\/tyditiao.com\/cs\/wp-json\/wp\/v2\/product_brand?post=7091"},{"taxonomy":"product_cat","embeddable":true,"href":"https:\/\/tyditiao.com\/cs\/wp-json\/wp\/v2\/product_cat?post=7091"},{"taxonomy":"product_tag","embeddable":true,"href":"https:\/\/tyditiao.com\/cs\/wp-json\/wp\/v2\/product_tag?post=7091"},{"taxonomy":"woo-feed-brand","embeddable":true,"href":"https:\/\/tyditiao.com\/cs\/wp-json\/wp\/v2\/woo-feed-brand?post=7091"}],"curies":[{"name":"wp","href":"https:\/\/api.w.org\/{rel}","templated":true}]}}