{"id":7101,"date":"2023-03-05T03:17:44","date_gmt":"2023-03-05T04:15:11","guid":{"rendered":"http:\/\/tyditiao.com\/product\/neprustrelna-prilba-fast-lehka-neprustrelna-prilba-nij-iiia-specialni-velikost-vlastni-barva-odkaz-na-specialni-nakup\/"},"modified":"2023-03-05T06:15:11","modified_gmt":"2023-03-05T04:15:11","slug":"rychly-helm-neprustrelny-nij-iiia-light-ballistic-helm-specialni-velikost-vlastni-barva-dedikovany-nakup-odkaz","status":"publish","type":"product","link":"https:\/\/tyditiao.com\/cs\/produkt\/rychly-helm-neprustrelny-nij-iiia-light-ballistic-helm-specialni-velikost-vlastni-barva-dedikovany-nakup-odkaz\/","title":{"rendered":"Nepr\u016fst\u0159eln\u00e1 p\u0159ilba FAST, lehk\u00e1 nepr\u016fst\u0159eln\u00e1 p\u0159ilba NIJ IIIA, speci\u00e1ln\u00ed velikost, vlastn\u00ed barva, odkaz na speci\u00e1ln\u00ed n\u00e1kup"},"content":{"rendered":"<p><strong>Velikost nepr\u016fst\u0159eln\u00e9 p\u0159ilby FAST:<\/strong> P\u0159idali jsme mal\u00e9 a velk\u00e9 v\u00fdrobn\u00ed formy pro lehkou nepr\u016fst\u0159elnou p\u0159ilbu FAST, abychom vyhov\u011bli u\u017eivatel\u016fm s r\u016fzn\u00fdmi pot\u0159ebami. M je b\u011b\u017en\u00e1 velikost a sed\u00ed v\u011bt\u0161in\u011b lid\u00ed. Pokud si mysl\u00edte, \u017ee mal\u00e1 velikost m\u016f\u017ee vyhovovat va\u0161im po\u017eadavk\u016fm nebo zvyklostem p\u0159i no\u0161en\u00ed, zvolte pros\u00edm velikost S, jinak zvolte velikost L.<\/p>\n<p><strong>Barvy nepr\u016fst\u0159eln\u00fdch p\u0159ileb Fast Light:<\/strong> Barvy n\u00e1mi vyr\u00e1b\u011bn\u00fdch nepr\u016fst\u0159eln\u00fdch p\u0159ileb Fast Light jsou p\u0159edev\u0161\u00edm \u010dern\u00e1, sv\u011btle hn\u011bd\u00e1 a zelen\u00e1. Z\u00e1rove\u0148 jsme ale schopni vyrobit dle p\u0159\u00e1n\u00ed z\u00e1kazn\u00edka barvy nebo r\u016fzn\u00e9 maskovac\u00ed vzory, jako je lesn\u00ed kamufl\u00e1\u017e, kamufl\u00e1\u017e d\u017eungle, pou\u0161tn\u00ed kamufl\u00e1\u017e, oce\u00e1nsk\u00e1 kamufl\u00e1\u017e a m\u011bstsk\u00e1 kamufl\u00e1\u017e. Pokud pl\u00e1nujete objednat v\u00edce ne\u017e 10 helem, kontaktujte n\u00e1s, tuto vlastn\u00ed barevnou slu\u017ebu z\u00edsk\u00e1te zdarma, sta\u010d\u00ed n\u00e1m poslat po\u017eadovan\u00fd barevn\u00fd vzor.<\/p>\n<p>\u00darove\u0148 nepr\u016fst\u0159eln\u00e9 dvojit\u00e9 p\u0159ilby FAST: 0101.06 standardn\u00ed \u00farove\u0148 IIIA<\/p>\n<p>Materi\u00e1l: High Tenacity Kevlar-Dupont Aramid Fiber<\/p>\n<p>Ve srovn\u00e1n\u00ed s b\u011b\u017en\u00fdmi vojensk\u00fdmi p\u0159ilbami jsou p\u0159ilby FAST o 25 % leh\u010d\u00ed. Pomoc\u00ed syst\u00e9mu zav\u011b\u0161en\u00ed p\u0159ilby mohou u\u017eivatel\u00e9 snadno upravit t\u011bsnost nebo t\u011bsnost p\u0159ilby oto\u010den\u00edm tla\u010d\u00edtka pro optim\u00e1ln\u00ed pohodl\u00ed.<\/p>\n","protected":false},"excerpt":{"rendered":"<p>Velikost nepr\u016fst\u0159eln\u00e9 p\u0159ilby FAST: P\u0159idali jsme mal\u00e9 a velk\u00e9 v\u00fdrobn\u00ed formy pro lehkou nepr\u016fst\u0159elnou p\u0159ilbu FAST, abychom vyhov\u011bli u\u017eivatel\u016fm s&#8230;<\/p>\n","protected":false},"featured_media":3157,"comment_status":"open","ping_status":"closed","template":"","meta":[],"product_brand":[],"product_cat":[146,344],"product_tag":[],"woo-feed-brand":[],"class_list":{"0":"post-7101","1":"product","2":"type-product","3":"status-publish","4":"has-post-thumbnail","6":"product_cat-fast-cs","7":"product_cat-neprustrelna-prilba","9":"first","10":"instock","11":"sale","12":"shipping-taxable","13":"purchasable","14":"product-type-variable","15":"has-default-attributes"},"_links":{"self":[{"href":"https:\/\/tyditiao.com\/cs\/wp-json\/wp\/v2\/product\/7101","targetHints":{"allow":["GET"]}}],"collection":[{"href":"https:\/\/tyditiao.com\/cs\/wp-json\/wp\/v2\/product"}],"about":[{"href":"https:\/\/tyditiao.com\/cs\/wp-json\/wp\/v2\/types\/product"}],"replies":[{"embeddable":true,"href":"https:\/\/tyditiao.com\/cs\/wp-json\/wp\/v2\/comments?post=7101"}],"wp:featuredmedia":[{"embeddable":true,"href":"https:\/\/tyditiao.com\/cs\/wp-json\/wp\/v2\/media\/3157"}],"wp:attachment":[{"href":"https:\/\/tyditiao.com\/cs\/wp-json\/wp\/v2\/media?parent=7101"}],"wp:term":[{"taxonomy":"product_brand","embeddable":true,"href":"https:\/\/tyditiao.com\/cs\/wp-json\/wp\/v2\/product_brand?post=7101"},{"taxonomy":"product_cat","embeddable":true,"href":"https:\/\/tyditiao.com\/cs\/wp-json\/wp\/v2\/product_cat?post=7101"},{"taxonomy":"product_tag","embeddable":true,"href":"https:\/\/tyditiao.com\/cs\/wp-json\/wp\/v2\/product_tag?post=7101"},{"taxonomy":"woo-feed-brand","embeddable":true,"href":"https:\/\/tyditiao.com\/cs\/wp-json\/wp\/v2\/woo-feed-brand?post=7101"}],"curies":[{"name":"wp","href":"https:\/\/api.w.org\/{rel}","templated":true}]}}