{"id":7251,"date":"2023-03-05T03:08:59","date_gmt":"2023-03-05T10:17:01","guid":{"rendered":"http:\/\/tyditiao.com\/product\/plne-kevlarove-staticke-lano-padakove-splhaci-lano-pozarne-bezpecnostni-lano-8-105-mm-10-m\/"},"modified":"2023-03-05T12:17:01","modified_gmt":"2023-03-05T10:17:01","slug":"plne-elektrostaticke-kevlarove-lezecke-pozarne-bezpecnostni-lano-destniku-8-105-mm-10m","status":"publish","type":"product","link":"https:\/\/tyditiao.com\/cs\/produkt\/plne-elektrostaticke-kevlarove-lezecke-pozarne-bezpecnostni-lano-destniku-8-105-mm-10m\/","title":{"rendered":"Pln\u00e9 kevlarov\u00e9 statick\u00e9 lano, pad\u00e1kov\u00e9 \u0161plhac\u00ed lano, po\u017e\u00e1rn\u011b bezpe\u010dnostn\u00ed lano, 8, 10,5 mm (10 m)"},"content":{"rendered":"<p>Pokud si chcete koupit del\u0161\u00ed lano, nap\u0159. 50 metr\u016f, kupte si pros\u00edm 5*10 metr\u016f lana a pot\u00e9 zanechte prodejci zpr\u00e1vu, \u017ee pot\u0159ebujete cel\u00e9 lano 50 metr\u016f.<\/p>\n<p><strong>O karabin\u00e1ch:<\/strong> Pokud si zakoup\u00edte lano del\u0161\u00ed ne\u017e 10 metr\u016f, d\u00e1me v\u00e1m dv\u011b karabiny, jak je vyzna\u010deno na obr\u00e1zku. M\u016f\u017eete ji nainstalovat na oba konce lana, nebo ji m\u016f\u017eete nechat samotnou a je sou\u010d\u00e1st\u00ed balen\u00ed. Sta\u010d\u00ed n\u00e1m napsat a sd\u011blit n\u00e1m sv\u00e9 rozhodnut\u00ed<\/p>\n<p>N\u00e1zev produktu: Pln\u00e9 kevlarov\u00e9 statick\u00e9 lano<br \/>\nMateri\u00e1l: Kevlar<br \/>\nBarva: Barva jako na obr\u00e1zku<br \/>\nPr\u016fm\u011br: 10,5mm, 8mm<br \/>\n\u010cist\u00e1 hmotnost (\u00b15 %): 10,5 mm (75 g\/m) 8 mm (43 g\/m)<br \/>\nTa\u017en\u00e1 s\u00edla: 10,5 mm (40 kN\/4000 kg) 8 mm (28 kN\/2800 kg)<br \/>\nCertifikace: CE EN1891:1998<br \/>\nVlastnosti: vysok\u00e1 pevnost, vysok\u00e1 teplotn\u00ed odolnost, dobr\u00e1 hou\u017eevnatost, siln\u00e1 odolnost proti roztr\u017een\u00ed<br \/>\nMultifunk\u010dn\u00ed: lezen\u00ed, expanze, ha\u0161en\u00ed po\u017e\u00e1ru, leteck\u00e9 pr\u00e1ce, jesky\u0148\u00e1\u0159stv\u00ed, zav\u011b\u0161en\u00ed atd.<\/p>\n<p>P\u0159\u00e1telsk\u00e1 p\u0159ipom\u00ednka: P\u0159i pr\u00e1ci nebo hran\u00ed ve v\u00fd\u0161k\u00e1ch pros\u00edm zkontrolujte a udr\u017eujte sv\u00e9 vybaven\u00ed, abyste se vyhnuli nebezpe\u010d\u00ed zp\u016fsoben\u00e9mu nespr\u00e1vn\u00fdm pou\u017eit\u00edm<\/p>\n","protected":false},"excerpt":{"rendered":"<p>Pokud si chcete koupit del\u0161\u00ed lano, nap\u0159. 50 metr\u016f, kupte si pros\u00edm 5*10 metr\u016f lana a pot\u00e9 zanechte prodejci zpr\u00e1vu,&#8230;<\/p>\n","protected":false},"featured_media":6491,"comment_status":"open","ping_status":"closed","template":"","meta":[],"product_brand":[],"product_cat":[355],"product_tag":[],"woo-feed-brand":[],"class_list":{"0":"post-7251","1":"product","2":"type-product","3":"status-publish","4":"has-post-thumbnail","6":"product_cat-bezpecnostni-lano","8":"first","9":"instock","10":"shipping-taxable","11":"purchasable","12":"product-type-variable","13":"has-default-attributes"},"_links":{"self":[{"href":"https:\/\/tyditiao.com\/cs\/wp-json\/wp\/v2\/product\/7251","targetHints":{"allow":["GET"]}}],"collection":[{"href":"https:\/\/tyditiao.com\/cs\/wp-json\/wp\/v2\/product"}],"about":[{"href":"https:\/\/tyditiao.com\/cs\/wp-json\/wp\/v2\/types\/product"}],"replies":[{"embeddable":true,"href":"https:\/\/tyditiao.com\/cs\/wp-json\/wp\/v2\/comments?post=7251"}],"wp:featuredmedia":[{"embeddable":true,"href":"https:\/\/tyditiao.com\/cs\/wp-json\/wp\/v2\/media\/6491"}],"wp:attachment":[{"href":"https:\/\/tyditiao.com\/cs\/wp-json\/wp\/v2\/media?parent=7251"}],"wp:term":[{"taxonomy":"product_brand","embeddable":true,"href":"https:\/\/tyditiao.com\/cs\/wp-json\/wp\/v2\/product_brand?post=7251"},{"taxonomy":"product_cat","embeddable":true,"href":"https:\/\/tyditiao.com\/cs\/wp-json\/wp\/v2\/product_cat?post=7251"},{"taxonomy":"product_tag","embeddable":true,"href":"https:\/\/tyditiao.com\/cs\/wp-json\/wp\/v2\/product_tag?post=7251"},{"taxonomy":"woo-feed-brand","embeddable":true,"href":"https:\/\/tyditiao.com\/cs\/wp-json\/wp\/v2\/woo-feed-brand?post=7251"}],"curies":[{"name":"wp","href":"https:\/\/api.w.org\/{rel}","templated":true}]}}