{"id":12852,"date":"2023-05-22T09:14:44","date_gmt":"2023-05-22T07:14:44","guid":{"rendered":"http:\/\/tyditiao.com\/hjem\/"},"modified":"2025-01-04T16:01:29","modified_gmt":"2025-01-04T14:01:29","slug":"hjem","status":"publish","type":"page","link":"https:\/\/tyditiao.com\/da\/","title":{"rendered":"Hjem"},"content":{"rendered":"\n<div class=\"wp-block-cover is-light\" style=\"min-height:240px;aspect-ratio:unset;\"><span aria-hidden=\"true\" class=\"wp-block-cover__background has-background-dim-20 has-background-dim\" style=\"background-color:#b7ad73\"><\/span><img loading=\"lazy\" decoding=\"async\" width=\"1401\" height=\"539\" class=\"wp-block-cover__image-background wp-image-1576\" alt=\"\" src=\"http:\/\/tyditiao.com\/wp-content\/uploads\/2022\/06\/2022-06-13_182159.png\" data-object-fit=\"cover\" srcset=\"https:\/\/tyditiao.com\/wp-content\/uploads\/2022\/06\/2022-06-13_182159.png 1401w, https:\/\/tyditiao.com\/wp-content\/uploads\/2022\/06\/2022-06-13_182159-600x231.png 600w, https:\/\/tyditiao.com\/wp-content\/uploads\/2022\/06\/2022-06-13_182159-300x115.png 300w, https:\/\/tyditiao.com\/wp-content\/uploads\/2022\/06\/2022-06-13_182159-1024x394.png 1024w, https:\/\/tyditiao.com\/wp-content\/uploads\/2022\/06\/2022-06-13_182159-768x295.png 768w, https:\/\/tyditiao.com\/wp-content\/uploads\/2022\/06\/2022-06-13_182159-1320x508.png 1320w\" sizes=\"auto, (max-width: 1401px) 100vw, 1401px\" \/><div class=\"wp-block-cover__inner-container is-layout-constrained wp-block-cover-is-layout-constrained\">\n<div class=\"wp-block-columns is-layout-flex wp-container-core-columns-is-layout-9d6595d7 wp-block-columns-is-layout-flex\">\n<div class=\"wp-block-column is-layout-flow wp-block-column-is-layout-flow\" style=\"flex-basis:25%\"><\/div>\n\n\n\n<div class=\"wp-block-column is-layout-flow wp-block-column-is-layout-flow\" style=\"flex-basis:50%\">\n<div style=\"height:20px\" aria-hidden=\"true\" class=\"wp-block-spacer\"><\/div>\n\n\n\n<p class=\"has-text-align-center custom-style has-text-color has-link-color has-large-font-size wp-elements-1a27dbd30ebb8f26e5d2868a0925d270\" style=\"color:#ffffff\">Vi er specialiserede i produktion og salg af forskellige stilarter af taktisk milit\u00e6r ballistisk hjelm<\/p>\n<\/div>\n\n\n\n<div class=\"wp-block-column is-layout-flow wp-block-column-is-layout-flow\" style=\"flex-basis:25%\"><\/div>\n<\/div>\n<\/div><\/div>\n\n<div style=\"height:50px\" aria-hidden=\"true\" class=\"wp-block-spacer\"><\/div>\n\n<div class=\"wp-block-columns is-layout-flex wp-container-core-columns-is-layout-9d6595d7 wp-block-columns-is-layout-flex\">\n<div class=\"wp-block-column is-layout-flow wp-block-column-is-layout-flow\" style=\"flex-basis:10%\"><\/div>\n\n\n\n<div class=\"wp-block-column is-layout-flow wp-block-column-is-layout-flow\">\n<h2 class=\"wp-block-heading has-text-align-center\">BALLISTISKE HJELME VI S\u00c6LGER<\/h2>\n\n\n\n<figure class=\"wp-block-gallery has-nested-images columns-4 is-cropped wp-block-gallery-1 is-layout-flex wp-block-gallery-is-layout-flex\">\n<figure class=\"wp-block-image size-medium\"><img decoding=\"async\" data-id=\"5154\" src=\"https:\/\/tyditiao.com\/wp-content\/uploads\/2022\/10\/&#x672A;&#x6807;&#x9898;-51-300x300.png\" alt=\"Udend&#xF8;rs ballistisk taktisk vest udstyret med et skudsikkert paneldisplay\" class=\"wp-image-5154\"\/><\/figure>\n\n\n<figure class=\"wp-block-image size-medium\"><img loading=\"lazy\" decoding=\"async\" width=\"300\" height=\"300\" data-id=\"1343\" src=\"http:\/\/tyditiao.com\/wp-content\/uploads\/2022\/06\/7-300x300.jpg\" alt=\"\" class=\"wp-image-1343\" srcset=\"https:\/\/tyditiao.com\/wp-content\/uploads\/2022\/06\/7-300x300.jpg 300w, https:\/\/tyditiao.com\/wp-content\/uploads\/2022\/06\/7-100x100.jpg 100w, https:\/\/tyditiao.com\/wp-content\/uploads\/2022\/06\/7-600x600.jpg 600w, https:\/\/tyditiao.com\/wp-content\/uploads\/2022\/06\/7-1024x1024.jpg 1024w, https:\/\/tyditiao.com\/wp-content\/uploads\/2022\/06\/7-150x150.jpg 150w, https:\/\/tyditiao.com\/wp-content\/uploads\/2022\/06\/7-768x768.jpg 768w, https:\/\/tyditiao.com\/wp-content\/uploads\/2022\/06\/7.jpg 1200w\" sizes=\"auto, (max-width: 300px) 100vw, 300px\" \/><\/figure>\n\n\n<figure class=\"wp-block-image size-medium\"><img decoding=\"async\" data-id=\"4955\" src=\"https:\/\/tyditiao.com\/wp-content\/uploads\/2022\/10\/&#x672A;&#x6807;&#x9898;-3-300x300.png\" alt=\"NIJ IIIA Full Face Tactical Ballistic Mask - Skematisk\" class=\"wp-image-4955\"\/><\/figure>\n\n\n<figure class=\"wp-block-image size-medium\"><img decoding=\"async\" data-id=\"5396\" src=\"https:\/\/tyditiao.com\/wp-content\/uploads\/2022\/10\/SICPE&#xFF0C;NIJ-Level-IV&#xFF0C;23MM&#xFF0C;2.5KG-300x300.png\" alt=\"SIC+PE&#xFF0C;NIJ Level IV&#xFF0C;23MM&#xFF0C;2.5KG, skudsikker brystplade, 250X300MM\" class=\"wp-image-5396\"\/><\/figure><\/figure>\n\n\n\n<div style=\"height:50px\" aria-hidden=\"true\" class=\"wp-block-spacer\"><\/div>\n\n\n\n<h2 class=\"wp-block-heading has-text-align-center\">FAQ<\/h2>\n\n\n\n<div style=\"height:30px\" aria-hidden=\"true\" class=\"wp-block-spacer\"><\/div>\n\n\n\n<div class=\"wp-block-columns is-layout-flex wp-container-core-columns-is-layout-9d6595d7 wp-block-columns-is-layout-flex\">\n<div class=\"wp-block-column is-layout-flow wp-block-column-is-layout-flow\">\n<h6 class=\"wp-block-heading\">Har du en fysisk fabrik?<\/h6>\n\n\n\n<p>Ja! Vi har fysisk fabrik og har leveret engrossalg til europ\u00e6iske og amerikanske hjelms\u00e6lgere i 6 \u00e5r. Vi sender tonsvis af hjelme over hele verden hver dag, og dette er vores fabriksbutik.  <\/p>\n<\/div>\n\n\n\n<div class=\"wp-block-column is-layout-flow wp-block-column-is-layout-flow\">\n<h6 class=\"wp-block-heading\">Er der rabat ved k\u00f8b direkte fra fabrikken?<\/h6>\n\n\n\n<p>Ved at bestille direkte fra vores fabriks hjemmeside kan du naturligvis spare mere end 20 % sammenlignet med forhandlerens salgspris, fordi det direkte sparer dine indirekte omkostninger. Samtidig har vi ogs\u00e5 til hensigt at give overskud til slutforbrugeren for at udvide vores detailforretning. <\/p>\n<\/div>\n<\/div>\n\n\n\n<div class=\"wp-block-columns is-layout-flex wp-container-core-columns-is-layout-9d6595d7 wp-block-columns-is-layout-flex\">\n<div class=\"wp-block-column is-layout-flow wp-block-column-is-layout-flow\">\n<h6 class=\"wp-block-heading\">Hvad er forsendelsesomkostningerne for en vare? Hvor hurtigt kan jeg f\u00e5 det?<\/h6>\n\n\n\n<p>FedEx-gebyrer er inkluderet i alle hjelmpriser, s\u00e5 du skal ikke betale ekstra for fragt. FEDEX Express kan levere hjelmen til dig inden for 6-14 hverdage, og din lokale Fedex afsender ringer til dig, s\u00e5 snart pakken ankommer til din by og sender den direkte til dig. <\/p>\n<\/div>\n\n\n\n<div class=\"wp-block-column is-layout-flow wp-block-column-is-layout-flow\">\n<h6 class=\"wp-block-heading\">Hvor er ordren afsendt fra, og er jeg sikker p\u00e5, at jeg modtager den?<\/h6>\n\n\n\n<p>Forsendelse fra vores fabrikslager i Kina, vi har solgt et stort antal skudsikre hjelme til USA, Polen, Tyskland, Japan og mange andre lande, og vi sender dig sporingsnummeret med posten efter varerne er afsendt, du kan kontrollere leveringsstatus til enhver tid.<\/p>\n<\/div>\n<\/div>\n\n\n\n<div class=\"wp-block-columns is-layout-flex wp-container-core-columns-is-layout-9d6595d7 wp-block-columns-is-layout-flex\">\n<div class=\"wp-block-column is-layout-flow wp-block-column-is-layout-flow\">\n<h6 class=\"wp-block-heading\">Hvordan man afgiver en ordre og hvordan man betaler<\/h6>\n\n\n\n<p>Vi accepterer kun betaling for ordrer via Paypal og Western Union\u3002Hvis du ikke har Paypal endnu, bedes du registrere dig her www.paypal.com for at k\u00f8be og betale sikkert via Paypal\u3002Hvis du v\u00e6lger at betale via Western Union, bedes du kontakte os for at bekr\u00e6fte oplysningerne om betaling.<\/p>\n<\/div>\n\n\n\n<div class=\"wp-block-column is-layout-flow wp-block-column-is-layout-flow\">\n<h6 class=\"wp-block-heading\">Jeg skal k\u00f8be flere hjelme p\u00e5 samme tid, kan jeg f\u00e5 yderligere rabat?<\/h6>\n\n\n\n<p>Hvis du har brug for mere end 5 hjelme til eget brug eller din lokale grossist, skal du selvf\u00f8lgelig kontakte os direkte. Du f\u00e5r endnu bedre priser end vores nuv\u00e6rende netbutikker. G\u00e5 ikke glip af det, for det vil spare dig for betydelige omkostninger.  <\/p>\n<\/div>\n<\/div>\n\n\n\n<div style=\"height:50px\" aria-hidden=\"true\" class=\"wp-block-spacer\"><\/div>\n\n\n\n<h2 class=\"wp-block-heading has-text-align-center\">Gratis forsendelse alle omr\u00e5der<\/h2>\n\n\n\n<h4 class=\"wp-block-heading has-text-align-center\">leveringsomr\u00e5de<\/h4>\n\n\n\n<p class=\"has-text-align-center\"><strong>Europa: <\/strong>Polen, Litauen, Tyskland, Holland, Ungarn, Storbritannien, Frankrig, Italien, Spanien, \u00d8strig, Belgien, Luxembourg, Irland, Bulgarien, Kroatien, Tjekkiet, Estland, Finland, Letland, Malta, Portugal, Rum\u00e6nien, Slovakiet, Slovenien, Sverige, Danmark, Gr\u00e6kenland, Schweiz, Norge, Cypern<\/p>\n\n\n\n<p class=\"has-text-align-center\"><strong>Asien: <\/strong>Taiwan, Macau, Hong Kong, Singapore, Malaysia, Thailand, Vietnam, Filippinerne, Israel, Tyrkiet, Korea, Japan, Bahrain, Saudi-Arabien, Libanon, De Forenede Arabiske Emirater<\/p>\n\n\n\n<p class=\"has-text-align-center\"><strong>Nordamerika:<\/strong> USA, Canada, Mexico<\/p>\n\n\n\n<p class=\"has-text-align-center\"><strong>Sydamerika:<\/strong> Brasilien, Chile, Colombia<\/p>\n\n\n\n<p class=\"has-text-align-center\"><strong>Oceanien: <\/strong>Australien, New Zealand<\/p>\n\n\n\n<p class=\"has-text-align-center\"><strong>Afrika: <\/strong>Sydafrika<\/p>\n\n\n\n<p class=\"has-text-align-center\"><strong>Ny region:<\/strong> Ukraine (der er ingen leveringsservice i det omstridte omr\u00e5de, og ordren vil blive annulleret)<\/p>\n\n\n\n<h4 class=\"wp-block-heading has-text-align-center\">gratis fragt<\/h4>\n\n\n\n<p class=\"has-text-align-center\">For at udvide detailmarkedets st\u00f8rrelse implementerer vi en gratis forsendelsespolitik for alle ovenn\u00e6vnte lande og regioner, hvilket betyder, at du ikke skal betale andre forsendelsesomkostninger end prisen p\u00e5 selve produktet.<\/p>\n\n\n\n<h4 class=\"wp-block-heading has-text-align-center\">ordregenneml\u00f8bstid<\/h4>\n\n\n\n<p class=\"has-text-align-center\"><strong>Ordrebehandlingstid:<\/strong> inden for 1-6 hverdage efter modtagelse af betalingen (vi sender forsendelsesnummeret efter aflevering af forsendelsen til kurerfirmaet)<\/p>\n\n\n\n<p class=\"has-text-align-center\"><strong>Ekspres forsendelsestid: <\/strong>6-14 hverdage<\/p>\n\n\n\n<div style=\"height:50px\" aria-hidden=\"true\" class=\"wp-block-spacer\"><\/div>\n\n\n\n<h2 class=\"wp-block-heading has-text-align-center\">at betale<\/h2>\n\n\n\n<h4 class=\"wp-block-heading has-text-align-center\">Betalingsmetoder<\/h4>\n\n\n\n<p class=\"has-text-align-center\">Bes\u00f8g betalingssiden for at forudbetale via PAYPAL eller betale for din ordre via Western Union.<\/p>\n\n\n\n<p class=\"has-text-align-center\"><strong>A. G\u00e5 til betalingssiden og forudbetal via PAYPAL<\/strong><br\/>1. Tilf\u00f8j det produkt, du kan lide, til din indk\u00f8bskurv<br\/>2. Klik p\u00e5 indk\u00f8bskurv-knappen i \u00f8verste h\u00f8jre hj\u00f8rne for at se og bekr\u00e6fte produktantallet<br\/>3. Klik p\u00e5 bestillingsknappen for at g\u00e5 ind p\u00e5 betalingssiden, angive din leveringsadresse, e-mailadresse og andre oplysninger<br\/>4. Betal ordrebel\u00f8bet via PayPal<br\/>5. Indk\u00f8b afsluttet, venter p\u00e5 at varerne bliver afhentet<\/p>\n\n\n\n<p class=\"has-text-align-center\"><strong>B. Western Union betaling for din ordre<\/strong><br\/>1. Kommunikation via e-mail kr\u00e6ver information som produkt og antal samt afhentningsadresse<br\/>2. Overf\u00f8r for at betale ordrebel\u00f8bet<br\/>3. Indk\u00f8b afsluttet, venter p\u00e5 at varerne bliver afhentet<\/p>\n\n\n\n<h4 class=\"wp-block-heading has-text-align-center\">Support valuta<\/h4>\n\n\n\n<p class=\"has-text-align-center\">Vi accepterer enhver af f\u00f8lgende valutaer, s\u00e5 du kan v\u00e6lge den valuta, der passer dig bedst, n\u00e5r du betaler<\/p>\n\n\n\n<p class=\"has-text-align-center\">Ny Taiwan Dollar (NT$) &#8211; TWD<br\/>Polske zloty (PLN) &#8211; PLN<br\/>Amerikanske dollar (US) ($) &#8211; USD<br\/>Pund sterling (\u00a3) &#8211; GBP<br\/>Euro (\u20ac) &#8211; EUR<br\/>Japanske yen (\u00a5) &#8211; JPY<br\/>Canadiske dollar ($) &#8211; CAD<br\/>Tjekkiske koruna (K\u010d) &#8211; CZK<br\/>Mexicansk peso ($) &#8211; MXN<\/p>\n\n\n\n<div style=\"height:50px\" aria-hidden=\"true\" class=\"wp-block-spacer\"><\/div>\n\n\n\n<h2 class=\"wp-block-heading has-text-align-center\">30 dages returret<\/h2>\n\n\n\n<h4 class=\"wp-block-heading has-text-align-center\">returpolitik<\/h4>\n\n\n\n<p class=\"has-text-align-center\">Vi har en 30-dages returpolitik, hvilket betyder, at du kan anmode om en returnering inden for 30 dage efter modtagelsen af din vare.<\/p>\n\n\n\n<p class=\"has-text-align-center\">For at v\u00e6re berettiget til returnering skal varen v\u00e6re i samme stand som den vare du har modtaget, ubrugt eller ubrugt og i original emballage. Du skal ogs\u00e5 bruge en kvittering eller k\u00f8bsbevis. <\/p>\n\n\n\n<p class=\"has-text-align-center\">For at starte en returnering kan du kontakte os p\u00e5 <strong>tyditiao@gmail.com<\/strong>. Hvis din returnering accepteres, sender vi dig en returlabel med instruktioner om, hvordan og hvor du skal sende din pakke. Varer, der returneres til os uden forudg\u00e5ende anmodning om returnering, vil ikke blive accepteret.  <\/p>\n\n\n\n<p class=\"has-text-align-center\">Du kan altid kontakte os p\u00e5 <strong>tyditiao@gmail.com<\/strong> for eventuelle returneringsproblemer.<\/p>\n\n\n\n<h4 class=\"wp-block-heading has-text-align-center\">skader og problemer<\/h4>\n\n\n\n<p class=\"has-text-align-center\">Vi accepterer kun betaling for ordrer via Paypal og Western Union\u3002Hvis du ikke har Paypal endnu, bedes du registrere dig her www.paypal.com for at k\u00f8be og betale sikkert via Paypal\u3002Hvis du v\u00e6lger at betale via Western Union, <a href=\"https:\/\/tyditiao.com\/da\/kontakt\/\">bedes du kontakte os<\/a> for at bekr\u00e6fte oplysningerne om betaling.<\/p>\n\n\n\n<h4 class=\"wp-block-heading has-text-align-center\">udveksle<\/h4>\n\n\n\n<p class=\"has-text-align-center\">Den hurtigste m\u00e5de at sikre dig, at du f\u00e5r, hvad du \u00f8nsker, er at returnere den vare, du allerede har, og n\u00e5r din returnering er accepteret, skal du k\u00f8be den nye vare separat.<\/p>\n\n\n\n<h4 class=\"wp-block-heading has-text-align-center\">Vend tilbage<\/h4>\n\n\n\n<p class=\"has-text-align-center\">Vi giver dig besked, n\u00e5r din returnering er modtaget og inspiceret, og din refusion vil automatisk blive refunderet til din oprindelige betalingsmetode. Det kan dog tage noget tid for din bank eller dit kreditkortselskab at behandle og udstede en tilbagef\u00f8rsel. <\/p>\n<\/div>\n\n\n\n<div class=\"wp-block-column is-layout-flow wp-block-column-is-layout-flow\" style=\"flex-basis:10%\"><\/div>\n<\/div>\n\n<p><\/p>\n","protected":false},"excerpt":{"rendered":"<p>BALLISTISKE HJELME VI S\u00c6LGER FAQ Har du en fysisk fabrik? Ja! Vi har fysisk fabrik og har leveret engrossalg til&#8230;<\/p>\n","protected":false},"author":1,"featured_media":0,"parent":0,"menu_order":0,"comment_status":"closed","ping_status":"closed","template":"","meta":{"footnotes":""},"class_list":["post-12852","page","type-page","status-publish","hentry"],"_links":{"self":[{"href":"https:\/\/tyditiao.com\/da\/wp-json\/wp\/v2\/pages\/12852","targetHints":{"allow":["GET"]}}],"collection":[{"href":"https:\/\/tyditiao.com\/da\/wp-json\/wp\/v2\/pages"}],"about":[{"href":"https:\/\/tyditiao.com\/da\/wp-json\/wp\/v2\/types\/page"}],"author":[{"embeddable":true,"href":"https:\/\/tyditiao.com\/da\/wp-json\/wp\/v2\/users\/1"}],"replies":[{"embeddable":true,"href":"https:\/\/tyditiao.com\/da\/wp-json\/wp\/v2\/comments?post=12852"}],"version-history":[{"count":6,"href":"https:\/\/tyditiao.com\/da\/wp-json\/wp\/v2\/pages\/12852\/revisions"}],"predecessor-version":[{"id":16383,"href":"https:\/\/tyditiao.com\/da\/wp-json\/wp\/v2\/pages\/12852\/revisions\/16383"}],"wp:attachment":[{"href":"https:\/\/tyditiao.com\/da\/wp-json\/wp\/v2\/media?parent=12852"}],"curies":[{"name":"wp","href":"https:\/\/api.w.org\/{rel}","templated":true}]}}