{"id":13246,"date":"2023-03-05T03:25:17","date_gmt":"2023-05-22T13:52:19","guid":{"rendered":"http:\/\/tyditiao.com\/product\/wendy-taktisk-hjelm-3a-let-special-force-eksplosionssikker-hjelm-specialstoerrelse-brugerdefineret-farve-dedikeret-koebslink\/"},"modified":"2023-05-22T15:52:19","modified_gmt":"2023-05-22T13:52:19","slug":"wendy-taktisk-hjelm-lys-kraefter-special-3a-eksplosionssikker-hjelm-special-storrelse-brugerdefineret-farve-dedikeret-link-til-kob","status":"publish","type":"product","link":"https:\/\/tyditiao.com\/da\/vare\/wendy-taktisk-hjelm-lys-kraefter-special-3a-eksplosionssikker-hjelm-special-storrelse-brugerdefineret-farve-dedikeret-link-til-kob\/","title":{"rendered":"WENDY taktisk hjelm 3A let special force eksplosionssikker hjelm specialst\u00f8rrelse brugerdefineret farve dedikeret k\u00f8bslink"},"content":{"rendered":"<p><strong>Om WENDY skudsikker hjelm st\u00f8rrelse:<\/strong> Til denne WENDY special forces skudsikre hjelm har vi tilf\u00f8jet store og sm\u00e5 produktionsforme for at im\u00f8dekomme brugere med forskellige behov. St\u00f8rrelse M er en normal st\u00f8rrelse, der passer til de fleste. Hvis du mener, at en lille st\u00f8rrelse bedre kan opfylde dine egne krav eller b\u00e6revaner, s\u00e5 v\u00e6lg venligst en lille st\u00f8rrelse, ellers v\u00e6lg en stor st\u00f8rrelse.<\/p>\n<p><strong>Om farven p\u00e5 WENDY skudsikker hjelm:<\/strong> De farver, vi masseproducerer, er hovedsageligt sort, lysebrun og gr\u00f8n. Men samtidig har vi mulighed for at producere enhver farve eller forskellige camouflagem\u00f8nstre, som kunderne kr\u00e6ver, s\u00e5som skovcamouflage, junglecamouflage, \u00f8rkencamouflage, marinecamouflage, bycamouflage osv. Hvis du planl\u00e6gger at bestille mere end 10 hjelme , kontakt os venligst, du vil f\u00e5 denne brugerdefinerede farveservice gratis, send os bare det farvem\u00f8nster du \u00f8nsker<\/p>\n<p><strong>WENDY Tactical Helmet Bulletproof Level:<\/strong> 0101.06 Standard IIIA Level<\/p>\n<p>KOMFORTABEL AT B\u00c6RE: Zorbium-skumpolstring har en vandafvisende foring med en antimikrobiel bel\u00e6gning, der leder fugt v\u00e6k for at holde dig k\u00f8lig og t\u00f8r.<\/p>\n<p>LET JUSTERING: Letv\u00e6gts CAM FIT-fastg\u00f8relsessystem af milit\u00e6r kvalitet med BOA-lukningssystem for sikker, enh\u00e5ndsjustering for en pr\u00e6cis pasform.<\/p>\n<p>KAN UDVIDES: Rail 2.0-monteringssystemet er kompatibelt med alt EXFIL Rail 2.0-tilbeh\u00f8r. Den vendbare kardanmonteringsskinne og kardanbeslaget p\u00e5 panden giver Wendy mulighed for at skabe flere muligheder.<\/p>\n<p>Ud over den normale affjedring har hjelmen tre st\u00f8dpuder og otte justerbare puder for optimal pasform og komfort<\/p>\n","protected":false},"excerpt":{"rendered":"<p>Om WENDY skudsikker hjelm st\u00f8rrelse: Til denne WENDY special forces skudsikre hjelm har vi tilf\u00f8jet store og sm\u00e5 produktionsforme for&#8230;<\/p>\n","protected":false},"featured_media":10608,"comment_status":"open","ping_status":"closed","template":"","meta":[],"product_brand":[],"product_cat":[645,647,646],"product_tag":[],"woo-feed-brand":[],"class_list":{"0":"post-13246","1":"product","2":"type-product","3":"status-publish","4":"has-post-thumbnail","6":"product_cat-ikke-kategoriseret","7":"product_cat-skudsikker-hjelm","8":"product_cat-wendy-da","10":"first","11":"instock","12":"sale","13":"shipping-taxable","14":"purchasable","15":"product-type-variable","16":"has-default-attributes"},"_links":{"self":[{"href":"https:\/\/tyditiao.com\/da\/wp-json\/wp\/v2\/product\/13246","targetHints":{"allow":["GET"]}}],"collection":[{"href":"https:\/\/tyditiao.com\/da\/wp-json\/wp\/v2\/product"}],"about":[{"href":"https:\/\/tyditiao.com\/da\/wp-json\/wp\/v2\/types\/product"}],"replies":[{"embeddable":true,"href":"https:\/\/tyditiao.com\/da\/wp-json\/wp\/v2\/comments?post=13246"}],"wp:featuredmedia":[{"embeddable":true,"href":"https:\/\/tyditiao.com\/da\/wp-json\/wp\/v2\/media\/10608"}],"wp:attachment":[{"href":"https:\/\/tyditiao.com\/da\/wp-json\/wp\/v2\/media?parent=13246"}],"wp:term":[{"taxonomy":"product_brand","embeddable":true,"href":"https:\/\/tyditiao.com\/da\/wp-json\/wp\/v2\/product_brand?post=13246"},{"taxonomy":"product_cat","embeddable":true,"href":"https:\/\/tyditiao.com\/da\/wp-json\/wp\/v2\/product_cat?post=13246"},{"taxonomy":"product_tag","embeddable":true,"href":"https:\/\/tyditiao.com\/da\/wp-json\/wp\/v2\/product_tag?post=13246"},{"taxonomy":"woo-feed-brand","embeddable":true,"href":"https:\/\/tyditiao.com\/da\/wp-json\/wp\/v2\/woo-feed-brand?post=13246"}],"curies":[{"name":"wp","href":"https:\/\/api.w.org\/{rel}","templated":true}]}}