{"id":13436,"date":"2023-03-05T03:22:19","date_gmt":"2023-05-22T13:58:24","guid":{"rendered":"http:\/\/tyditiao.com\/product\/mich2000-ballistisk-hjelm-3a-taktisk-ballistisk-hjelm-speciel-stoerrelse-brugerdefineret-farve-dedikeret-koebslink\/"},"modified":"2023-05-22T15:58:24","modified_gmt":"2023-05-22T13:58:24","slug":"mich2000-skudsikker-hjelm-3a-taktisk-ballistisk-hjelm-special-storrelse-brugerdefineret-farve-dedikeret-kob-link","status":"publish","type":"product","link":"https:\/\/tyditiao.com\/da\/vare\/mich2000-skudsikker-hjelm-3a-taktisk-ballistisk-hjelm-special-storrelse-brugerdefineret-farve-dedikeret-kob-link\/","title":{"rendered":"Mich2000 ballistisk hjelm, 3A taktisk ballistisk hjelm, speciel st\u00f8rrelse, brugerdefineret farve, dedikeret k\u00f8bslink"},"content":{"rendered":"<p><strong>Om Mich2000 hjelmst\u00f8rrelse:<\/strong> Vi har tilf\u00f8jet sm\u00e5 og store produktionsforme til denne Mich 3A taktiske ballistiske hjelm for at im\u00f8dekomme brugere med forskellige behov. St\u00f8rrelse M er en almindelig st\u00f8rrelse og passer til de fleste. Hvis du mener, at den lille st\u00f8rrelse bedre kan opfylde dine egne krav eller b\u00e6revaner, skal du v\u00e6lge den lille st\u00f8rrelse, ellers den store st\u00f8rrelse.<\/p>\n<p><strong>Om farven p\u00e5 Mich2000 skudsikker hjelm:<\/strong> Mich 3A taktisk skudsikker hjelm, vi producerer hovedsageligt tre farver: sort, lysebrun og gr\u00f8n. Men samtidig har vi mulighed for at producere enhver farve eller forskellige camouflagem\u00f8nstre specificeret af kunder, s\u00e5som skovcamouflage, junglecamouflage, \u00f8rkencamouflage, marinecamouflage og bycamouflage osv. Hvis du planl\u00e6gger at bestille mere end 10 hjelme , kontakt os venligst, du vil f\u00e5 denne brugerdefinerede farveservice gratis, send os bare det farvem\u00f8nster du \u00f8nsker.<\/p>\n<p>MICH2000 hjelm skudsikker hjelm: 0101.06 standard IIIA niveau<\/p>\n<p>Materiale: High Tenacity Kevlar-Dupont Aramid Fiber<\/p>\n<p>MICH2000 Ballistic Hjelm har en st\u00f8rre beskyttende overflade og et lavt sk\u00e5ret design, der bedre d\u00e6kker siderne af hovedet, hvilket er endnu mere fordelagtigt, hvis du ikke har planer om at montere en masse tilbeh\u00f8r.<\/p>\n<p>Fire-punkts fastg\u00f8relsessystemet p\u00e5 Mich2000 ballistisk hjelm ligner beskyttelsen og stropper, der findes p\u00e5 skateboard- og cykelhjelme.<\/p>\n","protected":false},"excerpt":{"rendered":"<p>Om Mich2000 hjelmst\u00f8rrelse: Vi har tilf\u00f8jet sm\u00e5 og store produktionsforme til denne Mich 3A taktiske ballistiske hjelm for at im\u00f8dekomme&#8230;<\/p>\n","protected":false},"featured_media":9202,"comment_status":"open","ping_status":"closed","template":"","meta":[],"product_brand":[],"product_cat":[794,647],"product_tag":[],"woo-feed-brand":[],"class_list":{"0":"post-13436","1":"product","2":"type-product","3":"status-publish","4":"has-post-thumbnail","6":"product_cat-mich2000-da","7":"product_cat-skudsikker-hjelm","9":"first","10":"instock","11":"sale","12":"shipping-taxable","13":"purchasable","14":"product-type-variable","15":"has-default-attributes"},"_links":{"self":[{"href":"https:\/\/tyditiao.com\/da\/wp-json\/wp\/v2\/product\/13436","targetHints":{"allow":["GET"]}}],"collection":[{"href":"https:\/\/tyditiao.com\/da\/wp-json\/wp\/v2\/product"}],"about":[{"href":"https:\/\/tyditiao.com\/da\/wp-json\/wp\/v2\/types\/product"}],"replies":[{"embeddable":true,"href":"https:\/\/tyditiao.com\/da\/wp-json\/wp\/v2\/comments?post=13436"}],"wp:featuredmedia":[{"embeddable":true,"href":"https:\/\/tyditiao.com\/da\/wp-json\/wp\/v2\/media\/9202"}],"wp:attachment":[{"href":"https:\/\/tyditiao.com\/da\/wp-json\/wp\/v2\/media?parent=13436"}],"wp:term":[{"taxonomy":"product_brand","embeddable":true,"href":"https:\/\/tyditiao.com\/da\/wp-json\/wp\/v2\/product_brand?post=13436"},{"taxonomy":"product_cat","embeddable":true,"href":"https:\/\/tyditiao.com\/da\/wp-json\/wp\/v2\/product_cat?post=13436"},{"taxonomy":"product_tag","embeddable":true,"href":"https:\/\/tyditiao.com\/da\/wp-json\/wp\/v2\/product_tag?post=13436"},{"taxonomy":"woo-feed-brand","embeddable":true,"href":"https:\/\/tyditiao.com\/da\/wp-json\/wp\/v2\/woo-feed-brand?post=13436"}],"curies":[{"name":"wp","href":"https:\/\/api.w.org\/{rel}","templated":true}]}}