{"id":13616,"date":"2023-03-05T03:17:44","date_gmt":"2023-05-22T14:04:28","guid":{"rendered":"http:\/\/tyditiao.com\/product\/fast-skudsikker-hjelm-nij-iiia-let-skudsikker-hjelm-speciel-stoerrelse-brugerdefineret-farve-specielt-koebslink\/"},"modified":"2023-05-22T16:04:28","modified_gmt":"2023-05-22T14:04:28","slug":"fast-helm-bulletproof-nij-iiia-light-ballistic-helm-special-size-custom-color-dedicated-purchase-link","status":"publish","type":"product","link":"https:\/\/tyditiao.com\/da\/vare\/fast-helm-bulletproof-nij-iiia-light-ballistic-helm-special-size-custom-color-dedicated-purchase-link\/","title":{"rendered":"FAST skudsikker hjelm, NIJ IIIA let skudsikker hjelm, speciel st\u00f8rrelse, brugerdefineret farve, specielt k\u00f8bslink"},"content":{"rendered":"<p><strong>FAST skudsikker hjelmst\u00f8rrelse:<\/strong> Vi har tilf\u00f8jet sm\u00e5 og store produktionsforme til FAST let skudsikker hjelm for at im\u00f8dekomme brugere med forskellige behov. M er en almindelig st\u00f8rrelse og passer til de fleste. Hvis du mener, at den lille st\u00f8rrelse kan opfylde dine krav eller b\u00e6revaner, skal du v\u00e6lge S-st\u00f8rrelsen, ellers L-st\u00f8rrelsen.<\/p>\n<p><strong>Fast Light skudsikre hjelmfarver:<\/strong> Farverne p\u00e5 Fast Light skudsikre hjelme, vi producerer, er hovedsageligt sorte, lysebrune og gr\u00f8nne. Men samtidig er vi i stand til at lave kundespecificerede farver eller forskellige camouflagem\u00f8nstre, s\u00e5som skovcamouflage, junglecamouflage, \u00f8rkencamouflage, havcamouflage og urban camouflage. Hvis du planl\u00e6gger at bestille mere end 10 hjelme, bedes du kontakte os, du vil f\u00e5 denne brugerdefinerede farveservice gratis, bare send os det farvem\u00f8nster, du \u00f8nsker.<\/p>\n<p>HURTIG skudsikker dobbelthjelm niveau: 0101.06 standard IIIA niveau<\/p>\n<p>Materiale: High Tenacity Kevlar-Dupont Aramid Fiber<\/p>\n<p>Sammenlignet med almindelige milit\u00e6rhjelme er FAST-hjelme 25% lettere. Med hjelmoph\u00e6ngssystemet kan brugerne nemt justere hjelmens stramhed eller stramhed med et tryk p\u00e5 en knap for optimal komfort.<\/p>\n","protected":false},"excerpt":{"rendered":"<p>FAST skudsikker hjelmst\u00f8rrelse: Vi har tilf\u00f8jet sm\u00e5 og store produktionsforme til FAST let skudsikker hjelm for at im\u00f8dekomme brugere med&#8230;<\/p>\n","protected":false},"featured_media":10266,"comment_status":"open","ping_status":"closed","template":"","meta":[],"product_brand":[],"product_cat":[812,647],"product_tag":[],"woo-feed-brand":[],"class_list":{"0":"post-13616","1":"product","2":"type-product","3":"status-publish","4":"has-post-thumbnail","6":"product_cat-hurtig","7":"product_cat-skudsikker-hjelm","9":"first","10":"instock","11":"sale","12":"shipping-taxable","13":"purchasable","14":"product-type-variable","15":"has-default-attributes"},"_links":{"self":[{"href":"https:\/\/tyditiao.com\/da\/wp-json\/wp\/v2\/product\/13616","targetHints":{"allow":["GET"]}}],"collection":[{"href":"https:\/\/tyditiao.com\/da\/wp-json\/wp\/v2\/product"}],"about":[{"href":"https:\/\/tyditiao.com\/da\/wp-json\/wp\/v2\/types\/product"}],"replies":[{"embeddable":true,"href":"https:\/\/tyditiao.com\/da\/wp-json\/wp\/v2\/comments?post=13616"}],"wp:featuredmedia":[{"embeddable":true,"href":"https:\/\/tyditiao.com\/da\/wp-json\/wp\/v2\/media\/10266"}],"wp:attachment":[{"href":"https:\/\/tyditiao.com\/da\/wp-json\/wp\/v2\/media?parent=13616"}],"wp:term":[{"taxonomy":"product_brand","embeddable":true,"href":"https:\/\/tyditiao.com\/da\/wp-json\/wp\/v2\/product_brand?post=13616"},{"taxonomy":"product_cat","embeddable":true,"href":"https:\/\/tyditiao.com\/da\/wp-json\/wp\/v2\/product_cat?post=13616"},{"taxonomy":"product_tag","embeddable":true,"href":"https:\/\/tyditiao.com\/da\/wp-json\/wp\/v2\/product_tag?post=13616"},{"taxonomy":"woo-feed-brand","embeddable":true,"href":"https:\/\/tyditiao.com\/da\/wp-json\/wp\/v2\/woo-feed-brand?post=13616"}],"curies":[{"name":"wp","href":"https:\/\/api.w.org\/{rel}","templated":true}]}}