{"id":13792,"date":"2023-03-05T03:08:59","date_gmt":"2023-05-22T14:10:32","guid":{"rendered":"http:\/\/tyditiao.com\/product\/fuld-kevlar-statisk-reb-faldskaermsklatrereb-brandsikkerhedsreb-8-105-mm-10m\/"},"modified":"2023-05-22T16:10:32","modified_gmt":"2023-05-22T14:10:32","slug":"fuld-elektrostatisk-kevlar-klatring-brandsikkerhed-paraply-reb-8-105-mm-10m","status":"publish","type":"product","link":"https:\/\/tyditiao.com\/da\/vare\/fuld-elektrostatisk-kevlar-klatring-brandsikkerhed-paraply-reb-8-105-mm-10m\/","title":{"rendered":"Fuld Kevlar statisk reb, faldsk\u00e6rmsklatrereb, brandsikkerhedsreb, 8, 10,5 mm (10m)"},"content":{"rendered":"<p>\u00d8nsker du at k\u00f8be et l\u00e6ngere reb, fx 50 meter, s\u00e5 k\u00f8b venligst 5*10 meter reb, og l\u00e6g s\u00e5 besked til s\u00e6lgeren om, at du skal bruge et helt reb p\u00e5 50 meter.<\/p>\n<p><strong>Om karabinhagerne:<\/strong> Hvis du k\u00f8ber rebet p\u00e5 mere end 10 meter, giver vi dig to karabinhager som markeret p\u00e5 billedet. Du kan installere det i begge ender af rebet, eller du kan lade det v\u00e6re, og det er inkluderet i pakken. Bare send os en linje og lad os vide din beslutning<\/p>\n<p>Produktnavn: Full Kevlar Static Rope<br \/>\nMateriale: Kevlar<br \/>\nFarve: Farve som vist p\u00e5 billedet<br \/>\nDiameter: 10,5 mm, 8 mm<br \/>\nNettov\u00e6gt (\u00b15%): 10,5 mm (75 g\/m) 8 mm (43 g\/m)<br \/>\nTr\u00e6kkraft: 10,5 mm (40 kN\/4000 kg) 8 mm (28 kN\/2800 kg)<br \/>\nCertificering: CE EN1891:1998<br \/>\nFunktioner: h\u00f8j styrke, h\u00f8j temperaturbestandighed, god sejhed, st\u00e6rk rivebestandighed<br \/>\nMultifunktion: klatring, ekspansion, brandslukning, luftarbejde, hulning, oph\u00e6ngning osv.<\/p>\n<p>Venlig p\u00e5mindelse: N\u00e5r du arbejder eller leger i h\u00f8jden, skal du kontrollere og vedligeholde dit udstyr for at undg\u00e5 fare for\u00e5rsaget af misbrug<\/p>\n","protected":false},"excerpt":{"rendered":"<p>\u00d8nsker du at k\u00f8be et l\u00e6ngere reb, fx 50 meter, s\u00e5 k\u00f8b venligst 5*10 meter reb, og l\u00e6g s\u00e5 besked&#8230;<\/p>\n","protected":false},"featured_media":12565,"comment_status":"open","ping_status":"closed","template":"","meta":[],"product_brand":[],"product_cat":[831],"product_tag":[],"woo-feed-brand":[],"class_list":{"0":"post-13792","1":"product","2":"type-product","3":"status-publish","4":"has-post-thumbnail","6":"product_cat-sikkerhedsreb","8":"first","9":"instock","10":"shipping-taxable","11":"purchasable","12":"product-type-variable","13":"has-default-attributes"},"_links":{"self":[{"href":"https:\/\/tyditiao.com\/da\/wp-json\/wp\/v2\/product\/13792","targetHints":{"allow":["GET"]}}],"collection":[{"href":"https:\/\/tyditiao.com\/da\/wp-json\/wp\/v2\/product"}],"about":[{"href":"https:\/\/tyditiao.com\/da\/wp-json\/wp\/v2\/types\/product"}],"replies":[{"embeddable":true,"href":"https:\/\/tyditiao.com\/da\/wp-json\/wp\/v2\/comments?post=13792"}],"wp:featuredmedia":[{"embeddable":true,"href":"https:\/\/tyditiao.com\/da\/wp-json\/wp\/v2\/media\/12565"}],"wp:attachment":[{"href":"https:\/\/tyditiao.com\/da\/wp-json\/wp\/v2\/media?parent=13792"}],"wp:term":[{"taxonomy":"product_brand","embeddable":true,"href":"https:\/\/tyditiao.com\/da\/wp-json\/wp\/v2\/product_brand?post=13792"},{"taxonomy":"product_cat","embeddable":true,"href":"https:\/\/tyditiao.com\/da\/wp-json\/wp\/v2\/product_cat?post=13792"},{"taxonomy":"product_tag","embeddable":true,"href":"https:\/\/tyditiao.com\/da\/wp-json\/wp\/v2\/product_tag?post=13792"},{"taxonomy":"woo-feed-brand","embeddable":true,"href":"https:\/\/tyditiao.com\/da\/wp-json\/wp\/v2\/woo-feed-brand?post=13792"}],"curies":[{"name":"wp","href":"https:\/\/api.w.org\/{rel}","templated":true}]}}