{"id":13851,"date":"2023-03-05T02:51:52","date_gmt":"2023-05-22T14:16:36","guid":{"rendered":"http:\/\/tyditiao.com\/product\/aramid-ydre-hud-nylon-indre-kerne-statisk-reb-udendoers-bjergbestigning-sikkerhedsreb-6810-5-10m\/"},"modified":"2023-05-22T16:16:36","modified_gmt":"2023-05-22T14:16:36","slug":"kevlar-ydre-scoranylon-kerne-statisk-sikkerhedsreb-udendors-6810-5-10m","status":"publish","type":"product","link":"https:\/\/tyditiao.com\/da\/vare\/kevlar-ydre-scoranylon-kerne-statisk-sikkerhedsreb-udendors-6810-5-10m\/","title":{"rendered":"Aramid ydre hud + nylon indre kerne statisk reb udend\u00f8rs bjergbestigning sikkerhedsreb 6,8,10.5 (10m)"},"content":{"rendered":"<p>Skal du k\u00f8be et l\u00e6ngere reb, f.eks 80 meter, s\u00e5 k\u00f8b venligst 8*10 meter reb, og l\u00e6g s\u00e5 besked til s\u00e6lgeren om, at du skal bruge et helt reb p\u00e5 80 meter.<\/p>\n<p><strong>Om karabinhagerne i begge ender af det statiske reb:<\/strong> Hvis l\u00e6ngden af rebet, du har k\u00f8bt, overstiger 10 meter, giver vi dig to karabinhager, der er markeret p\u00e5 billedet. Du kan v\u00e6lge at montere det i begge ender af rebet, eller du beh\u00f8ver ikke at montere det og sende det med rebet i pakken, bare smid os en besked og lad os vide din beslutning<\/p>\n<p>Produktnavn: Aramidfiber + statisk nylonreb<br \/>\nFarve: Farve som vist p\u00e5 billedet<br \/>\nDiameter: 6mm 8mm 10mm<br \/>\nNettov\u00e6gt (\u00b15%): 6mm (27g\/m) 8mm (42g\/m) 10mm (65g\/m)<br \/>\nTr\u00e6kkraft: 6mm (7KN\/700KG) 8mm (16KN\/1600KG) 10mm (36KN\/3600KG)<br \/>\nUdseende materiale: aramid<br \/>\nKernemateriale: Nylon<br \/>\nCertificering: CE EN1891:1998<br \/>\nMultifunktion: klatring, teleskopering, brandslukning, arbejde i h\u00f8jden, kraner osv.<\/p>\n","protected":false},"excerpt":{"rendered":"<p>Skal du k\u00f8be et l\u00e6ngere reb, f.eks 80 meter, s\u00e5 k\u00f8b venligst 8*10 meter reb, og l\u00e6g s\u00e5 besked til&#8230;<\/p>\n","protected":false},"featured_media":12546,"comment_status":"open","ping_status":"closed","template":"","meta":[],"product_brand":[],"product_cat":[831],"product_tag":[],"woo-feed-brand":[50],"class_list":{"0":"post-13851","1":"product","2":"type-product","3":"status-publish","4":"has-post-thumbnail","6":"product_cat-sikkerhedsreb","7":"woo-feed-brand-tyditiao","9":"first","10":"instock","11":"shipping-taxable","12":"purchasable","13":"product-type-variable","14":"has-default-attributes"},"_links":{"self":[{"href":"https:\/\/tyditiao.com\/da\/wp-json\/wp\/v2\/product\/13851","targetHints":{"allow":["GET"]}}],"collection":[{"href":"https:\/\/tyditiao.com\/da\/wp-json\/wp\/v2\/product"}],"about":[{"href":"https:\/\/tyditiao.com\/da\/wp-json\/wp\/v2\/types\/product"}],"replies":[{"embeddable":true,"href":"https:\/\/tyditiao.com\/da\/wp-json\/wp\/v2\/comments?post=13851"}],"wp:featuredmedia":[{"embeddable":true,"href":"https:\/\/tyditiao.com\/da\/wp-json\/wp\/v2\/media\/12546"}],"wp:attachment":[{"href":"https:\/\/tyditiao.com\/da\/wp-json\/wp\/v2\/media?parent=13851"}],"wp:term":[{"taxonomy":"product_brand","embeddable":true,"href":"https:\/\/tyditiao.com\/da\/wp-json\/wp\/v2\/product_brand?post=13851"},{"taxonomy":"product_cat","embeddable":true,"href":"https:\/\/tyditiao.com\/da\/wp-json\/wp\/v2\/product_cat?post=13851"},{"taxonomy":"product_tag","embeddable":true,"href":"https:\/\/tyditiao.com\/da\/wp-json\/wp\/v2\/product_tag?post=13851"},{"taxonomy":"woo-feed-brand","embeddable":true,"href":"https:\/\/tyditiao.com\/da\/wp-json\/wp\/v2\/woo-feed-brand?post=13851"}],"curies":[{"name":"wp","href":"https:\/\/api.w.org\/{rel}","templated":true}]}}