{"id":13921,"date":"2023-01-16T12:36:49","date_gmt":"2023-01-16T10:36:49","guid":{"rendered":"http:\/\/tyditiao.com\/product\/skjulbar-kropsrustning-skudsikker-vest-med-nij-iiia-beskyttelsesniveau-personligt-udendoers-sikkerhedsudstyr\/"},"modified":"2025-03-17T13:30:15","modified_gmt":"2025-03-17T11:30:15","slug":"skjulelig-skudsikker-vest-skudsikker-vest-med-ni-iiia-beskyttelsesniveau-personligt-sikkerhedsudstyr-udendors","status":"publish","type":"product","link":"https:\/\/tyditiao.com\/da\/vare\/skjulelig-skudsikker-vest-skudsikker-vest-med-ni-iiia-beskyttelsesniveau-personligt-sikkerhedsudstyr-udendors\/","title":{"rendered":"Skjulbar kropsrustning, skudsikker vest med NIJ IIIA beskyttelsesniveau, personligt udend\u00f8rs sikkerhedsudstyr"},"content":{"rendered":"<p>Materiale: Ultrah\u00f8jmolekyl\u00e6rt PE-materiale, som kan modst\u00e5 flere skud, mens det forbliver fleksibelt. Det har egenskaberne lethed, bl\u00f8dhed, komfort, fremragende UV-modstand, lav fugtf\u00f8lsomhed og vandbestandighed.<\/p>\n<p>Beskyttelsesklasse: NIJ IIIA beskyttelse foran og bagp\u00e5<\/p>\n<p>Blokerbare kugler:<br \/>\n.44 Magnum<br \/>\n.40 S&amp;W, .357 Magnum, .45<br \/>\nmaskinpistol 9mm<br \/>\nHalvkappede hulspidskugler (SJHP).<br \/>\nFuldmetalprojektilkalibrering 9 mm, nominel v\u00e6gt 8,0 g (124 g), anslagshastighed 426 m\/s (1.400 ft\/s) eller mindre<br \/>\nGiver ogs\u00e5 beskyttelse mod de fleste h\u00e5ndv\u00e5bentrusler s\u00e5vel som klasse IIA- og II-trusler<\/p>\n<p>Farve: Sort<br \/>\nK\u00f8n: Unisex<br \/>\nT\u00f8jtype: Vest, Top<br \/>\n\u00c6rmetype: \u00c6rmel\u00f8s<br \/>\nFunktion: skudsikker<br \/>\nst\u00f8rrelse: en st\u00f8rrelse<br \/>\nV\u00e6gt: 2,5 kg<br \/>\nVask: Indvendigt for og overt\u00f8j kan adskilles, det indvendige skudsikre lag kan ikke vaskes, bare reng\u00f8r det ydre lag<\/p>\n<p>Pakke: 1 x skudsikker vest (NIJ IIIA)<\/p>\n","protected":false},"excerpt":{"rendered":"<p>Bl\u00f8d og let: fleksibel, behagelig at have p\u00e5, p\u00e5virker dybest set ikke den menneskelige krop til at l\u00f8be eller sidde p\u00e5 hug<\/p>\n<p>Fantastisk skjul: Justerbar p\u00e5 4 forskellige punkter med velcro-stropper for let at skjule under dit t\u00f8j<\/p>\n<p>NIJ IIIA-beskyttelse: det h\u00f8jeste beskyttelsesniveau, der i \u00f8jeblikket er tilg\u00e6ngeligt for skudsikre veste<\/p>\n<p>God ekspansionsydelse: de forreste og bageste panserlommer kan fastg\u00f8res med skudsikre st\u00e5lplader for at give yderligere beskyttelse efter deres egne behov<\/p>\n<p>G\u00e6ldende personer: Journalister og milit\u00e6rt personale rejser gennem krigsh\u00e6rgede omr\u00e5der og kan ogs\u00e5 bruges til hjemmeforsvar for at beskytte deres egen sikkerhed og krop mod kugler og affald<\/p>\n","protected":false},"featured_media":12413,"comment_status":"open","ping_status":"closed","template":"","meta":[],"product_brand":[],"product_cat":[850],"product_tag":[],"woo-feed-brand":[50],"class_list":{"0":"post-13921","1":"product","2":"type-product","3":"status-publish","4":"has-post-thumbnail","6":"product_cat-taktisk-vest","7":"woo-feed-brand-tyditiao","9":"first","10":"instock","11":"sale","12":"shipping-taxable","13":"purchasable","14":"product-type-simple"},"_links":{"self":[{"href":"https:\/\/tyditiao.com\/da\/wp-json\/wp\/v2\/product\/13921","targetHints":{"allow":["GET"]}}],"collection":[{"href":"https:\/\/tyditiao.com\/da\/wp-json\/wp\/v2\/product"}],"about":[{"href":"https:\/\/tyditiao.com\/da\/wp-json\/wp\/v2\/types\/product"}],"replies":[{"embeddable":true,"href":"https:\/\/tyditiao.com\/da\/wp-json\/wp\/v2\/comments?post=13921"}],"wp:featuredmedia":[{"embeddable":true,"href":"https:\/\/tyditiao.com\/da\/wp-json\/wp\/v2\/media\/12413"}],"wp:attachment":[{"href":"https:\/\/tyditiao.com\/da\/wp-json\/wp\/v2\/media?parent=13921"}],"wp:term":[{"taxonomy":"product_brand","embeddable":true,"href":"https:\/\/tyditiao.com\/da\/wp-json\/wp\/v2\/product_brand?post=13921"},{"taxonomy":"product_cat","embeddable":true,"href":"https:\/\/tyditiao.com\/da\/wp-json\/wp\/v2\/product_cat?post=13921"},{"taxonomy":"product_tag","embeddable":true,"href":"https:\/\/tyditiao.com\/da\/wp-json\/wp\/v2\/product_tag?post=13921"},{"taxonomy":"woo-feed-brand","embeddable":true,"href":"https:\/\/tyditiao.com\/da\/wp-json\/wp\/v2\/woo-feed-brand?post=13921"}],"curies":[{"name":"wp","href":"https:\/\/api.w.org\/{rel}","templated":true}]}}