{"id":13940,"date":"2022-10-21T05:25:40","date_gmt":"2022-10-21T03:25:40","guid":{"rendered":"http:\/\/tyditiao.com\/product\/uhmwpe-nij-level-iiia-7mm-05kg-skudsikker-brystplade-250x300mm\/"},"modified":"2026-01-25T18:08:07","modified_gmt":"2026-01-25T16:08:07","slug":"uhmwpe-nij-level-iiia-7mm-0-5kgn-brystplade-skudsikker-250x300mm","status":"publish","type":"product","link":"https:\/\/tyditiao.com\/da\/vare\/uhmwpe-nij-level-iiia-7mm-0-5kgn-brystplade-skudsikker-250x300mm\/","title":{"rendered":"UHMWPE, NIJ Level IIIA, 7MM, 0,5KG, skudsikker brystplade, 250X300MM"},"content":{"rendered":"<p>V\u00e6gt: 0,5 kg<br \/>\nMateriale: PE<br \/>\nTykkelse: 7MM<br \/>\nBeskyttelsesklasse: NIJ IIIA niveau (GA4)<\/p>\n<p>Yderste lag: sort vandt\u00e6t polyesterstof;<br \/>\nDimensioner: 250&#215;300 mm \/ 9,8&#8217;x11,8&#8242;<br \/>\nForm: Trapez (trapezplade med affasede hj\u00f8rner)<\/p>\n<p>Pakke liste:<br \/>\n1 x Trapezformet skudsikker plade.<\/p>\n<p>Varsel:<br \/>\nRefleksvest medf\u00f8lger ikke<\/p>\n<p>M\u00e5lbrugere: V\u00e6bnede styrker, SWAT, Homeland Security, Customs and Border Protection, Immigration Control og andre, der st\u00e5r over for v\u00e5bentrusler, kan blive udstyret med vores produkter. Folk f\u00e5r bedre resultater og f\u00e6rre tilskadekomne. Produktet er ogs\u00e5 bedre egnet til situationer som langdistancemissioner eller langdistancemissioner. Det er ogs\u00e5 et godt valg til din egen familiebeskyttelse<\/p>\n","protected":false},"excerpt":{"rendered":"<p>Denne liner er lavet af ren PE-fiber: Fordelen er lav v\u00e6gt og mindre chance for sekund\u00e6r skade efter stegning. N\u00e5r det er l\u00e5st, er projektilet indlejret i bladet med en meget lav sandsynlighed for tilbageslag<\/p>\n<p>Ren PE skudsikker plade, NIJ IIIA kvalitet: v\u00e6gt 0,5 kg, blysikker, 54-type, 64-type pistol, 79-type maskinpistol<\/p>\n<p>Bufferlag: Der er et lag st\u00f8dsikker EVA-bomuldspude inde i hver skudsikker plade, som effektivt kan reducere p\u00e5virkningen af den menneskelige krop efter at v\u00e6re blevet bombet<\/p>\n<p>Dobbeltbuedesign: Mekanisk strygning p\u00e5 venstre og h\u00f8jre side af br\u00e6ttet efter ergonomiske principper g\u00f8r, at de buede kanter passer perfekt til kroppen<\/p>\n","protected":false},"featured_media":12090,"comment_status":"open","ping_status":"closed","template":"","meta":[],"product_brand":[],"product_cat":[869],"product_tag":[],"woo-feed-brand":[50],"class_list":{"0":"post-13940","1":"product","2":"type-product","3":"status-publish","4":"has-post-thumbnail","6":"product_cat-skudsikker-brystplade","7":"woo-feed-brand-tyditiao","9":"first","10":"instock","11":"sale","12":"shipping-taxable","13":"purchasable","14":"product-type-simple"},"_links":{"self":[{"href":"https:\/\/tyditiao.com\/da\/wp-json\/wp\/v2\/product\/13940","targetHints":{"allow":["GET"]}}],"collection":[{"href":"https:\/\/tyditiao.com\/da\/wp-json\/wp\/v2\/product"}],"about":[{"href":"https:\/\/tyditiao.com\/da\/wp-json\/wp\/v2\/types\/product"}],"replies":[{"embeddable":true,"href":"https:\/\/tyditiao.com\/da\/wp-json\/wp\/v2\/comments?post=13940"}],"wp:featuredmedia":[{"embeddable":true,"href":"https:\/\/tyditiao.com\/da\/wp-json\/wp\/v2\/media\/12090"}],"wp:attachment":[{"href":"https:\/\/tyditiao.com\/da\/wp-json\/wp\/v2\/media?parent=13940"}],"wp:term":[{"taxonomy":"product_brand","embeddable":true,"href":"https:\/\/tyditiao.com\/da\/wp-json\/wp\/v2\/product_brand?post=13940"},{"taxonomy":"product_cat","embeddable":true,"href":"https:\/\/tyditiao.com\/da\/wp-json\/wp\/v2\/product_cat?post=13940"},{"taxonomy":"product_tag","embeddable":true,"href":"https:\/\/tyditiao.com\/da\/wp-json\/wp\/v2\/product_tag?post=13940"},{"taxonomy":"woo-feed-brand","embeddable":true,"href":"https:\/\/tyditiao.com\/da\/wp-json\/wp\/v2\/woo-feed-brand?post=13940"}],"curies":[{"name":"wp","href":"https:\/\/api.w.org\/{rel}","templated":true}]}}