{"id":13982,"date":"2022-10-21T05:20:55","date_gmt":"2023-05-22T16:01:50","guid":{"rendered":"http:\/\/tyditiao.com\/product\/skudsikkert-staal-nij-iv-7mm-3kg-skudsikkert-ballistisk-brynje-250x300mm\/"},"modified":"2025-09-29T15:49:58","modified_gmt":"2025-09-29T13:49:58","slug":"skudsikkert-stal-nij-niveau-iv-7mm-3kg-bryst-skudsikker-250x300mm","status":"publish","type":"product","link":"https:\/\/tyditiao.com\/da\/vare\/skudsikkert-stal-nij-niveau-iv-7mm-3kg-bryst-skudsikker-250x300mm\/","title":{"rendered":"Skudsikkert st\u00e5l, NIJ IV, 7MM, 3KG, skudsikkert ballistisk brynje, 250X300MM"},"content":{"rendered":"<p>V\u00e6gt: 3 kg<br \/>\nMateriale: skudsikkert st\u00e5l;<br \/>\nTykkelse: 7MM<br \/>\nBeskyttelsesklasse: NIJ IV (GA6)<\/p>\n<p>St\u00f8rrelse: 25cm * 30cm<br \/>\nForm: Trapez (trapezplade med affasede hj\u00f8rner)<\/p>\n<p>Pakke liste:<br \/>\n1 x Trapezformet skudsikker plade.<\/p>\n<p>Varsel:<br \/>\nRefleksvest medf\u00f8lger ikke<\/p>\n<p>Brugere: familieforsvar, risikorelateret personale, bankvalutaforsvar, udenlandsk milit\u00e6rpersonel, udenlandsk v\u00e6bnet konfliktpersonel, sikkerhedspersonale, s\u00f8m\u00e6nd, gr\u00e6nsevagter mv.<\/p>\n","protected":false},"excerpt":{"rendered":"<p>Fremstillet af speciel skudsikker st\u00e5lplade: samme beskyttelsesniveau, med fordelen at v\u00e6re tynd og let.<\/p>\n<p>Bufferlag: Der er et lag st\u00f8dsikker EVA-bomuldspude inde i hver skudsikker plade, som effektivt kan reducere p\u00e5virkningen af den menneskelige krop efter at v\u00e6re blevet bombet<\/p>\n<p>Dobbeltbuedesign: Mekanisk strygning p\u00e5 venstre og h\u00f8jre side af br\u00e6ttet efter ergonomiske principper g\u00f8r, at de buede kanter passer perfekt til kroppen<\/p>\n<p>Anvendelse: Af sikkerhedsm\u00e6ssige \u00e5rsager, brug den med taktiske veste, jakker, ballistiske rygs\u00e6kke, forskellige kropsrustninger osv.<\/p>\n","protected":false},"featured_media":11995,"comment_status":"open","ping_status":"closed","template":"","meta":[],"product_brand":[],"product_cat":[869],"product_tag":[],"woo-feed-brand":[50],"class_list":{"0":"post-13982","1":"product","2":"type-product","3":"status-publish","4":"has-post-thumbnail","6":"product_cat-skudsikker-brystplade","7":"woo-feed-brand-tyditiao","9":"first","10":"instock","11":"sale","12":"shipping-taxable","13":"purchasable","14":"product-type-simple"},"_links":{"self":[{"href":"https:\/\/tyditiao.com\/da\/wp-json\/wp\/v2\/product\/13982","targetHints":{"allow":["GET"]}}],"collection":[{"href":"https:\/\/tyditiao.com\/da\/wp-json\/wp\/v2\/product"}],"about":[{"href":"https:\/\/tyditiao.com\/da\/wp-json\/wp\/v2\/types\/product"}],"replies":[{"embeddable":true,"href":"https:\/\/tyditiao.com\/da\/wp-json\/wp\/v2\/comments?post=13982"}],"wp:featuredmedia":[{"embeddable":true,"href":"https:\/\/tyditiao.com\/da\/wp-json\/wp\/v2\/media\/11995"}],"wp:attachment":[{"href":"https:\/\/tyditiao.com\/da\/wp-json\/wp\/v2\/media?parent=13982"}],"wp:term":[{"taxonomy":"product_brand","embeddable":true,"href":"https:\/\/tyditiao.com\/da\/wp-json\/wp\/v2\/product_brand?post=13982"},{"taxonomy":"product_cat","embeddable":true,"href":"https:\/\/tyditiao.com\/da\/wp-json\/wp\/v2\/product_cat?post=13982"},{"taxonomy":"product_tag","embeddable":true,"href":"https:\/\/tyditiao.com\/da\/wp-json\/wp\/v2\/product_tag?post=13982"},{"taxonomy":"woo-feed-brand","embeddable":true,"href":"https:\/\/tyditiao.com\/da\/wp-json\/wp\/v2\/woo-feed-brand?post=13982"}],"curies":[{"name":"wp","href":"https:\/\/api.w.org\/{rel}","templated":true}]}}