{"id":14030,"date":"2022-10-21T05:15:35","date_gmt":"2022-10-21T03:15:35","guid":{"rendered":"http:\/\/tyditiao.com\/product\/aluminape-nij-iv-23mm-29kg-skudsikker-brystplade-250x300mm\/"},"modified":"2025-03-17T13:31:32","modified_gmt":"2025-03-17T11:31:32","slug":"alumina-nij-niveau-iv-23mm-2-9kgnustro-skudsikker-250x300mm","status":"publish","type":"product","link":"https:\/\/tyditiao.com\/da\/vare\/alumina-nij-niveau-iv-23mm-2-9kgnustro-skudsikker-250x300mm\/","title":{"rendered":"Alumina+PE, NIJ IV, 23MM, 2,9KG, skudsikker brystplade, 250X300MM"},"content":{"rendered":"<p>V\u00e6gt: 2,9 kg<br \/>\nMateriale: Alumina+PE<br \/>\nTykkelse: 23MM<br \/>\nBeskyttelsesklasse: NIJ III klasse (GA6)<\/p>\n<p>Yderste lag: sort vandt\u00e6t polyesterstof;<br \/>\nDimensioner: 250&#215;300 mm \/ 9,8&#8217;x11,8&#8242;<br \/>\nForm: Trapez (trapezplade med affasede hj\u00f8rner)<\/p>\n<p>Pakke liste:<br \/>\n1 x Trapezformet skudsikker plade.<\/p>\n<p>Varsel:<br \/>\nRefleksvest medf\u00f8lger ikke<\/p>\n<p>M\u00e5lbrugere: V\u00e6bnede styrker, SWAT, Homeland Security, Customs and Border Protection, Immigration Control og andre, der st\u00e5r over for v\u00e5bentrusler, kan blive udstyret med vores produkter. Folk f\u00e5r bedre resultater og f\u00e6rre tilskadekomne. Produktet er ogs\u00e5 bedre egnet til situationer som langdistancemissioner eller langdistancemissioner. Det er ogs\u00e5 et godt valg for din egen familiebeskyttelse<\/p>\n<p>Keramiske skudsikre indsatser er normalt lavet af materialer som keramik og polyethylen PE. Reglen er: n\u00e5r en kugle rammer en skudsikker patron, rammer kuglen toppen af det keramiske lag f\u00f8rst. Projektilets enorme slagkraft overf\u00f8res til milj\u00f8et og absorberer projektilets enorme kinetiske energi. N\u00e5r projektilet passerer gennem det keramiske lag, mister det det meste af sin kinetiske energi. N\u00e5r projektilet n\u00e5r polyethylenlaget, spreder polyethylenet projektilets kinetiske energi ved at str\u00e6kke og pakke projektilet og fragmenterne, med ringe effekt p\u00e5 kroppen, hvilket giver fremragende beskyttelse.<\/p>\n","protected":false},"excerpt":{"rendered":"<p>Med den samme ballistiske vurdering er den lettere end st\u00e5l og billigere end siliciumcarbid, s\u00e5 keramisk ballistisk aluminiumoxid er en god balance.<\/p>\n<p>Det \u00f8verste lag er lavet af vandafvisende polyesterstof, og panelet er vandt\u00e6t og pletafvisende.<\/p>\n<p>Bufferlag: Hver skudsikker plade er fastgjort til det indre lag af den EVA st\u00f8dsikre pude, hvilket effektivt kan reducere p\u00e5virkningen af den menneskelige krop efter eksplosionen<\/p>\n<p>Plademateriale: det \u00f8verste lag er aluminiumkeramisk plade, og det nederste lag er PE skudsikker plade;<\/p>\n","protected":false},"featured_media":11957,"comment_status":"open","ping_status":"closed","template":"","meta":[],"product_brand":[],"product_cat":[869],"product_tag":[],"woo-feed-brand":[50],"class_list":{"0":"post-14030","1":"product","2":"type-product","3":"status-publish","4":"has-post-thumbnail","6":"product_cat-skudsikker-brystplade","7":"woo-feed-brand-tyditiao","9":"first","10":"instock","11":"sale","12":"shipping-taxable","13":"purchasable","14":"product-type-simple"},"_links":{"self":[{"href":"https:\/\/tyditiao.com\/da\/wp-json\/wp\/v2\/product\/14030","targetHints":{"allow":["GET"]}}],"collection":[{"href":"https:\/\/tyditiao.com\/da\/wp-json\/wp\/v2\/product"}],"about":[{"href":"https:\/\/tyditiao.com\/da\/wp-json\/wp\/v2\/types\/product"}],"replies":[{"embeddable":true,"href":"https:\/\/tyditiao.com\/da\/wp-json\/wp\/v2\/comments?post=14030"}],"wp:featuredmedia":[{"embeddable":true,"href":"https:\/\/tyditiao.com\/da\/wp-json\/wp\/v2\/media\/11957"}],"wp:attachment":[{"href":"https:\/\/tyditiao.com\/da\/wp-json\/wp\/v2\/media?parent=14030"}],"wp:term":[{"taxonomy":"product_brand","embeddable":true,"href":"https:\/\/tyditiao.com\/da\/wp-json\/wp\/v2\/product_brand?post=14030"},{"taxonomy":"product_cat","embeddable":true,"href":"https:\/\/tyditiao.com\/da\/wp-json\/wp\/v2\/product_cat?post=14030"},{"taxonomy":"product_tag","embeddable":true,"href":"https:\/\/tyditiao.com\/da\/wp-json\/wp\/v2\/product_tag?post=14030"},{"taxonomy":"woo-feed-brand","embeddable":true,"href":"https:\/\/tyditiao.com\/da\/wp-json\/wp\/v2\/woo-feed-brand?post=14030"}],"curies":[{"name":"wp","href":"https:\/\/api.w.org\/{rel}","templated":true}]}}