{"id":14049,"date":"2022-10-21T05:13:02","date_gmt":"2023-05-23T00:54:14","guid":{"rendered":"http:\/\/tyditiao.com\/product\/sic-pe-nij-iii-20mm-18kg-skudsikker-brystplade-ballistisk-indsats-250x300mm\/"},"modified":"2023-05-23T02:54:14","modified_gmt":"2023-05-23T00:54:14","slug":"sicpe-nij-niveau-iii-20mm-1-8kgn-cuirass-skudsikker-250x300mm","status":"publish","type":"product","link":"https:\/\/tyditiao.com\/da\/vare\/sicpe-nij-niveau-iii-20mm-1-8kgn-cuirass-skudsikker-250x300mm\/","title":{"rendered":"SIC + PE, NIJ III, 20MM, 1,8KG, skudsikker brystplade, ballistisk indsats, 250X300MM"},"content":{"rendered":"<p>V\u00e6gt: 1,8 kg<br \/>\nMateriale: Ski+PE<br \/>\nTykkelse: 20MM<br \/>\nBeskyttelsesklasse: NIJ III klasse (GA5)<\/p>\n<p>Yderste lag: sort vandt\u00e6t polyesterstof;<br \/>\nDimensioner: 250&#215;300 mm \/ 9,8&#8217;x11,8&#8242;<br \/>\nForm: Trapez (trapezplade med affasede hj\u00f8rner)<\/p>\n<p>Pakke liste:<br \/>\n1 x Trapezformet skudsikker plade.<\/p>\n<p>Varsel:<br \/>\nRefleksvest medf\u00f8lger ikke<\/p>\n<p>M\u00e5lbrugere: V\u00e6bnede styrker, SWAT, Homeland Security, Customs and Border Protection, Immigration Control og andre, der st\u00e5r over for v\u00e5bentrusler, kan blive udstyret med vores produkter. Folk f\u00e5r bedre resultater og f\u00e6rre tilskadekomne. Produktet er ogs\u00e5 bedre egnet til situationer som langdistancemissioner eller langdistancemissioner. Det er ogs\u00e5 et godt valg for din egen familiebeskyttelse<\/p>\n<p>Ballistiske indsatser bruges ofte i panser eller taktiske veste. Der er to typer skudsikre patroner: frontal og side. Frontpanelet beskytter bryst og ryg, og sidepanelerne beskytter siderne af kroppen. Affasningerne beskytter normalt forsiden af brystet, og firkanterne beskytter ryggen.<\/p>\n<p>Der er fire slags skudsikre pladematerialer: skudsikkert st\u00e5l, PE polyethylen, PE+aluminiumoxid, PE+siliciumcarbid. F\u00e5s i en r\u00e6kke materialemodeller, dette batteri er ren PE + silicium.<\/p>\n<p>Keramiske skudsikre indsatser er normalt lavet af materialer som keramik og polyethylen PE. Reglen er: n\u00e5r en kugle rammer en skudsikker patron, rammer kuglen toppen af det keramiske lag f\u00f8rst. Projektilets enorme slagkraft overf\u00f8res til milj\u00f8et og absorberer projektilets enorme kinetiske energi. N\u00e5r projektilet passerer gennem det keramiske lag, mister det det meste af sin kinetiske energi. N\u00e5r projektilet n\u00e5r polyethylenlaget, spreder polyethylenet projektilets kinetiske energi ved at str\u00e6kke og pakke projektilet og fragmenterne, med ringe effekt p\u00e5 kroppen, hvilket giver fremragende beskyttelse.<\/p>\n","protected":false},"excerpt":{"rendered":"<p>NIJ 0101.06 Grade III ultralet siliciumcarbid skudsikker plade, tilsvarende testrapport kan leveres.<\/p>\n<p>Moden proces: vil vise stabil og fremragende beskyttende ydeevne.<\/p>\n<p>Lettere og mere praktisk end keramiske aluminiumspaneler.<\/p>\n<p>Det \u00f8verste lag er lavet af vandafvisende polyesterstof, og panelet er vandt\u00e6t og pletafvisende.<\/p>\n","protected":false},"featured_media":12014,"comment_status":"open","ping_status":"closed","template":"","meta":[],"product_brand":[],"product_cat":[869],"product_tag":[],"woo-feed-brand":[50],"class_list":{"0":"post-14049","1":"product","2":"type-product","3":"status-publish","4":"has-post-thumbnail","6":"product_cat-skudsikker-brystplade","7":"woo-feed-brand-tyditiao","9":"first","10":"instock","11":"sale","12":"shipping-taxable","13":"purchasable","14":"product-type-simple"},"_links":{"self":[{"href":"https:\/\/tyditiao.com\/da\/wp-json\/wp\/v2\/product\/14049","targetHints":{"allow":["GET"]}}],"collection":[{"href":"https:\/\/tyditiao.com\/da\/wp-json\/wp\/v2\/product"}],"about":[{"href":"https:\/\/tyditiao.com\/da\/wp-json\/wp\/v2\/types\/product"}],"replies":[{"embeddable":true,"href":"https:\/\/tyditiao.com\/da\/wp-json\/wp\/v2\/comments?post=14049"}],"wp:featuredmedia":[{"embeddable":true,"href":"https:\/\/tyditiao.com\/da\/wp-json\/wp\/v2\/media\/12014"}],"wp:attachment":[{"href":"https:\/\/tyditiao.com\/da\/wp-json\/wp\/v2\/media?parent=14049"}],"wp:term":[{"taxonomy":"product_brand","embeddable":true,"href":"https:\/\/tyditiao.com\/da\/wp-json\/wp\/v2\/product_brand?post=14049"},{"taxonomy":"product_cat","embeddable":true,"href":"https:\/\/tyditiao.com\/da\/wp-json\/wp\/v2\/product_cat?post=14049"},{"taxonomy":"product_tag","embeddable":true,"href":"https:\/\/tyditiao.com\/da\/wp-json\/wp\/v2\/product_tag?post=14049"},{"taxonomy":"woo-feed-brand","embeddable":true,"href":"https:\/\/tyditiao.com\/da\/wp-json\/wp\/v2\/woo-feed-brand?post=14049"}],"curies":[{"name":"wp","href":"https:\/\/api.w.org\/{rel}","templated":true}]}}