{"id":14087,"date":"2022-10-18T08:54:02","date_gmt":"2022-10-18T06:54:02","guid":{"rendered":"http:\/\/tyditiao.com\/product\/cs-traeningsudstyr-skudsikker-vest-hurtig-udloesning-ydre-taktisk-vest-inklusive-2xpe-iiia-10x12-skudsikre-plader\/"},"modified":"2025-03-17T13:29:58","modified_gmt":"2025-03-17T11:29:58","slug":"cs-traeningsudstyr-udendors-ballistisk-vest-quick-release-taktisk-vest-i-saettet-skudsikker-plade-2xpe-iiia-10x12","status":"publish","type":"product","link":"https:\/\/tyditiao.com\/da\/vare\/cs-traeningsudstyr-udendors-ballistisk-vest-quick-release-taktisk-vest-i-saettet-skudsikker-plade-2xpe-iiia-10x12\/","title":{"rendered":"CS tr\u00e6ningsudstyr skudsikker vest, hurtig udl\u00f8sning ydre taktisk vest inklusive 2XPE IIIA 10&#215;12 skudsikre plader"},"content":{"rendered":"<p>Siderne og skuldrene p\u00e5 dette produkt kan justeres med velcro, s\u00e5 brugere af enhver st\u00f8rrelse kan b\u00e6re det.<br \/>\nIndvendigt lag: materiale med h\u00f8j styrke<br \/>\nYderste lag: slidbestandig oxford-klud, bomuld eller nylon, pletbestandig og holdbar.<\/p>\n<p>&nbsp;<\/p>\n<p>Forsvarsniveau: Standard PE skudsikker plade, NIJIIIA,<br \/>\nBeskyttelsesindsats: UHMW-PE<br \/>\nTykkelse: ~8mm\/~0,3&#8242;<br \/>\nGyldighed: 5 \u00e5r<br \/>\nTyper af projektiler, der kan forsvares mod:<br \/>\n9 mm fuld metaljakke (FMJ)\/rundt hoved (RN)<br \/>\n.44 Universal Jacket Hollow Point (JHP)<\/p>\n<p>M\u00e5lbrugere:<br \/>\nSkjulte NIJ Klasse IIIA skudsikre veste beskytter mod v\u00e5benrelaterede farer. Og den har mere tilbeh\u00f8r og fylder et st\u00f8rre omr\u00e5de. St\u00f8rrelsen kan justeres med velcro p\u00e5 sider og skuldre. Vores produkter kan udstyres med v\u00e6bnede styrker, SWAT-agenturer, interne sikkerhedsagenturer, told- og gr\u00e6nsebeskyttelsesagenturer, immigrationskontrolagenturer og andre agenturer, der risikerer skydev\u00e5ben. Folk f\u00e5r bedre resultater og f\u00e6rre ofre.<\/p>\n","protected":false},"excerpt":{"rendered":"<p>JUSTERBAR ST\u00d8RRELSE: Justerbar st\u00f8rrelse med velcro p\u00e5 sider og skuldre, \u00e9n st\u00f8rrelse passer til alle.<\/p>\n<p>Realiser quick release: Talje quick release sp\u00e6ndet er let at betjene.<\/p>\n<p>Rigelig opbevaring: Indbygget opbevaringslomme, og v\u00e6rkt\u00f8jslommen kan installeres eller fjernes efter dine behov.<\/p>\n<p>Udstyret med front og bag NIJ IIIA skudsikre plader: kan h\u00e5ndtere truslen fra pistolkugler.<\/p>\n<p>\u00d8g dit forsvar frit: Jakken kan udstyres med skudsikre indsatser i forskellige niveauer.<\/p>\n","protected":false},"featured_media":11881,"comment_status":"open","ping_status":"closed","template":"","meta":[],"product_brand":[],"product_cat":[850],"product_tag":[],"woo-feed-brand":[50],"class_list":{"0":"post-14087","1":"product","2":"type-product","3":"status-publish","4":"has-post-thumbnail","6":"product_cat-taktisk-vest","7":"product_shipping_class-0-3-kg-da","8":"woo-feed-brand-tyditiao","10":"first","11":"instock","12":"sale","13":"shipping-taxable","14":"purchasable","15":"product-type-simple"},"_links":{"self":[{"href":"https:\/\/tyditiao.com\/da\/wp-json\/wp\/v2\/product\/14087","targetHints":{"allow":["GET"]}}],"collection":[{"href":"https:\/\/tyditiao.com\/da\/wp-json\/wp\/v2\/product"}],"about":[{"href":"https:\/\/tyditiao.com\/da\/wp-json\/wp\/v2\/types\/product"}],"replies":[{"embeddable":true,"href":"https:\/\/tyditiao.com\/da\/wp-json\/wp\/v2\/comments?post=14087"}],"wp:featuredmedia":[{"embeddable":true,"href":"https:\/\/tyditiao.com\/da\/wp-json\/wp\/v2\/media\/11881"}],"wp:attachment":[{"href":"https:\/\/tyditiao.com\/da\/wp-json\/wp\/v2\/media?parent=14087"}],"wp:term":[{"taxonomy":"product_brand","embeddable":true,"href":"https:\/\/tyditiao.com\/da\/wp-json\/wp\/v2\/product_brand?post=14087"},{"taxonomy":"product_cat","embeddable":true,"href":"https:\/\/tyditiao.com\/da\/wp-json\/wp\/v2\/product_cat?post=14087"},{"taxonomy":"product_tag","embeddable":true,"href":"https:\/\/tyditiao.com\/da\/wp-json\/wp\/v2\/product_tag?post=14087"},{"taxonomy":"woo-feed-brand","embeddable":true,"href":"https:\/\/tyditiao.com\/da\/wp-json\/wp\/v2\/woo-feed-brand?post=14087"}],"curies":[{"name":"wp","href":"https:\/\/api.w.org\/{rel}","templated":true}]}}