{"id":14125,"date":"2022-10-12T08:35:45","date_gmt":"2022-10-12T06:35:45","guid":{"rendered":"http:\/\/tyditiao.com\/product\/gennemsigtig-ballistisk-maske-nij-iiia-aftagelig-til-hjelme-med-skinner-paa-begge-sider\/"},"modified":"2025-03-17T13:29:28","modified_gmt":"2025-03-17T11:29:28","slug":"gennemsigtig-skudsikker-maske-nij-iiia-aftagelig-til-hjelm-med-skinner-pa-begge-sider-wendy-fast-osv","status":"publish","type":"product","link":"https:\/\/tyditiao.com\/da\/vare\/gennemsigtig-skudsikker-maske-nij-iiia-aftagelig-til-hjelm-med-skinner-pa-begge-sider-wendy-fast-osv\/","title":{"rendered":"Gennemsigtig ballistisk maske NIJ IIIA aftagelig til hjelme med skinner p\u00e5 begge sider"},"content":{"rendered":"<p>The Removable Ballistic Mask er en ny klasse IIIA ballistisk maske, der fastg\u00f8res til en ballistisk hjelm.<\/p>\n<p>Dette produkt er velegnet til hjelme med skinner p\u00e5 begge sider. For eksempel: WENDY, FAST osv.<\/p>\n<p>Beskyttelsesklasse: NIJ IIIA niveau<\/p>\n<p>V\u00e6gt: 1,50 kg (3,31 lb)<\/p>\n<p>Materiale: PC, PMMA osv.<\/p>\n<p>St\u00f8rrelse: 350mm(L)*145mm(H)<\/p>\n<p>Maske tykkelse: 22mm<\/p>\n<p>Lysstyrke: 83,9 %<\/p>\n<p>Gyldighed: 5 \u00e5r<\/p>\n<p>Hvis du har brug for skudsikker hjelm, s\u00e5 g\u00e5 til vores butik for at k\u00f8be den. Tak!<\/p>\n<p>Emballagedetaljer: 1 * skudsikker ansigtssk\u00e6rm (hjelm medf\u00f8lger ikke)<\/p>\n","protected":false},"excerpt":{"rendered":"<p>Hovedmaterialet er lavet af h\u00f8jkvalitets gennemsigtig polycarbonatharpiks PC og akrylplade sandwich type komposit, med h\u00f8j opl\u00f8sning, ingen st\u00e6nk, god skudsikker effekt<\/p>\n<p>Det skudsikre maskebeslag er lavet af st\u00e5l og h\u00f8jstyrke materialer, som stabilt kan justeres til forskellige vinkler<\/p>\n<p>Vi har samarbejdet dybt med logistikudbydere og kan garantere levering af varer til n\u00e6sten alle lande og regioner, og alle varer bestilt p\u00e5 vores fabrikshjemmeside er portofri<\/p>\n","protected":false},"featured_media":11710,"comment_status":"open","ping_status":"closed","template":"","meta":[],"product_brand":[],"product_cat":[613],"product_tag":[],"woo-feed-brand":[50],"class_list":{"0":"post-14125","1":"product","2":"type-product","3":"status-publish","4":"has-post-thumbnail","6":"product_cat-ballistisk-maske-da","7":"product_shipping_class-0-3-kg-da","8":"woo-feed-brand-tyditiao","10":"first","11":"instock","12":"sale","13":"shipping-taxable","14":"purchasable","15":"product-type-simple"},"_links":{"self":[{"href":"https:\/\/tyditiao.com\/da\/wp-json\/wp\/v2\/product\/14125","targetHints":{"allow":["GET"]}}],"collection":[{"href":"https:\/\/tyditiao.com\/da\/wp-json\/wp\/v2\/product"}],"about":[{"href":"https:\/\/tyditiao.com\/da\/wp-json\/wp\/v2\/types\/product"}],"replies":[{"embeddable":true,"href":"https:\/\/tyditiao.com\/da\/wp-json\/wp\/v2\/comments?post=14125"}],"wp:featuredmedia":[{"embeddable":true,"href":"https:\/\/tyditiao.com\/da\/wp-json\/wp\/v2\/media\/11710"}],"wp:attachment":[{"href":"https:\/\/tyditiao.com\/da\/wp-json\/wp\/v2\/media?parent=14125"}],"wp:term":[{"taxonomy":"product_brand","embeddable":true,"href":"https:\/\/tyditiao.com\/da\/wp-json\/wp\/v2\/product_brand?post=14125"},{"taxonomy":"product_cat","embeddable":true,"href":"https:\/\/tyditiao.com\/da\/wp-json\/wp\/v2\/product_cat?post=14125"},{"taxonomy":"product_tag","embeddable":true,"href":"https:\/\/tyditiao.com\/da\/wp-json\/wp\/v2\/product_tag?post=14125"},{"taxonomy":"woo-feed-brand","embeddable":true,"href":"https:\/\/tyditiao.com\/da\/wp-json\/wp\/v2\/woo-feed-brand?post=14125"}],"curies":[{"name":"wp","href":"https:\/\/api.w.org\/{rel}","templated":true}]}}