{"id":14130,"date":"2022-10-11T12:39:23","date_gmt":"2022-10-11T10:39:23","guid":{"rendered":"http:\/\/tyditiao.com\/product\/kevlar-nij-iiia-skudsikker-halvmaske-aramid-skudsikker-ansigtsmaske-til-taktisk-skudsikker-hjelm\/"},"modified":"2025-03-17T13:29:06","modified_gmt":"2025-03-17T11:29:06","slug":"ballistisk-kevlar-nij-iiia-aramid-ballistisk-maske-tilpasning-med-taktisk-ballistisk-hjelm-wendy-hurtig-michigan-pasning","status":"publish","type":"product","link":"https:\/\/tyditiao.com\/da\/vare\/ballistisk-kevlar-nij-iiia-aramid-ballistisk-maske-tilpasning-med-taktisk-ballistisk-hjelm-wendy-hurtig-michigan-pasning\/","title":{"rendered":"Kevlar NIJ IIIA skudsikker halvmaske, aramid skudsikker ansigtsmaske til taktisk skudsikker hjelm"},"content":{"rendered":"<p>V\u00e6gt: 0,68 kg<\/p>\n<p>Materiale: Aramid<\/p>\n<p>Tykkelse: 8 mm tyk aramid og 1 mm bel\u00e6gning<\/p>\n<p>Beskyttelsesklasse: NIJ 0101.06 niveau IIIA<\/p>\n<p>St\u00f8rrelse: One size fits all<\/p>\n<p>Gyldighed: 5 \u00e5r<\/p>\n<p>G\u00e6ldende scenarier: hjemmebeskyttelse, sikkerhed, politiudstyr, faktisk kamp, cosplay<\/p>\n<p>OEM\/ODM service tilg\u00e6ngelig efter anmodning<\/p>\n<p>&nbsp;<\/p>\n<p>Pakkeliste: 1X Half Face Bulletproof Mask<\/p>\n","protected":false},"excerpt":{"rendered":"<p>Materiale: Lavet af avancerede lette Kevlar-fibre, der er 15 gange st\u00e6rkere end st\u00e5l for at minimere truslen fra kugler<\/p>\n<p>Unikt ergonomisk design: 6-punkts justerbar nylon pandeb\u00e5nd og ekstra polstring passer til enhver hovedform og forbedrer b\u00e6rekomforten<\/p>\n<p>God tilpasningsevne: kan bruges med FAST, WENDY, MICH og andre skudsikre hjelme, der fuldt d\u00e6kker brugerens ansigt<\/p>\n<p>G\u00e6ldende anvendelser: hjemmebeskyttelse, milit\u00e6r, personale involveret i farlige operationer, felttr\u00e6ning, livvagter, personel involveret i farlige operationer i fremmede v\u00e6bnede konfliktomr\u00e5der<\/p>\n","protected":false},"featured_media":11558,"comment_status":"open","ping_status":"closed","template":"","meta":[],"product_brand":[],"product_cat":[613],"product_tag":[],"woo-feed-brand":[50],"class_list":{"0":"post-14130","1":"product","2":"type-product","3":"status-publish","4":"has-post-thumbnail","6":"product_cat-ballistisk-maske-da","7":"product_shipping_class-0-3-kg-da","8":"woo-feed-brand-tyditiao","10":"first","11":"instock","12":"sale","13":"shipping-taxable","14":"purchasable","15":"product-type-simple"},"_links":{"self":[{"href":"https:\/\/tyditiao.com\/da\/wp-json\/wp\/v2\/product\/14130","targetHints":{"allow":["GET"]}}],"collection":[{"href":"https:\/\/tyditiao.com\/da\/wp-json\/wp\/v2\/product"}],"about":[{"href":"https:\/\/tyditiao.com\/da\/wp-json\/wp\/v2\/types\/product"}],"replies":[{"embeddable":true,"href":"https:\/\/tyditiao.com\/da\/wp-json\/wp\/v2\/comments?post=14130"}],"wp:featuredmedia":[{"embeddable":true,"href":"https:\/\/tyditiao.com\/da\/wp-json\/wp\/v2\/media\/11558"}],"wp:attachment":[{"href":"https:\/\/tyditiao.com\/da\/wp-json\/wp\/v2\/media?parent=14130"}],"wp:term":[{"taxonomy":"product_brand","embeddable":true,"href":"https:\/\/tyditiao.com\/da\/wp-json\/wp\/v2\/product_brand?post=14130"},{"taxonomy":"product_cat","embeddable":true,"href":"https:\/\/tyditiao.com\/da\/wp-json\/wp\/v2\/product_cat?post=14130"},{"taxonomy":"product_tag","embeddable":true,"href":"https:\/\/tyditiao.com\/da\/wp-json\/wp\/v2\/product_tag?post=14130"},{"taxonomy":"woo-feed-brand","embeddable":true,"href":"https:\/\/tyditiao.com\/da\/wp-json\/wp\/v2\/woo-feed-brand?post=14130"}],"curies":[{"name":"wp","href":"https:\/\/api.w.org\/{rel}","templated":true}]}}