{"id":14165,"date":"2022-06-13T04:36:04","date_gmt":"2022-06-13T02:36:04","guid":{"rendered":"http:\/\/tyditiao.com\/product\/militaerhjelm-klasse-iiia-kropsrustning-wendys-militaere-taktiske-hjelm-lysebrun\/"},"modified":"2025-03-17T13:28:50","modified_gmt":"2025-03-17T11:28:50","slug":"wendys-skudsikker-hjelm-kevlar-hjelm-taktisk-lysebrun","status":"publish","type":"product","link":"https:\/\/tyditiao.com\/da\/vare\/wendys-skudsikker-hjelm-kevlar-hjelm-taktisk-lysebrun\/","title":{"rendered":"Milit\u00e6rhjelm, klasse IIIA kropsrustning, Wendys milit\u00e6re taktiske hjelm, lysebrun"},"content":{"rendered":"<p>Den wendy milit\u00e6re taktiske IIIA ballistiske hjelm er designet til at v\u00e6re super let og meget behagelig at have p\u00e5. Hurtig og nem enh\u00e5ndsjustering sikrer en pr\u00e6cis pasform. Den er ogs\u00e5 udstyret med h\u00f8jkvalitets energiabsorberende puder, som effektivt kan absorbere st\u00f8dkraften, reducere deformationen af hjelmkroppen efter kuglen rammer og reducere brugerens skadesrate og sv\u00e6rhedsgrad. Wendy milit\u00e6r taktiske hjelm er udstyret med universelle monteringsskinner og en nakkest\u00f8tte, hvilket giver Wendy st\u00f8rre muligheder. Sammenlignet med MICH skudsikre hjelm betyder den lettere v\u00e6gt, at den ikke beh\u00f8ver at belaste hovedet mere, men kan bruges til at b\u00e6re mere moderne udstyr, som er mere velegnet til informationsudveksling mellem hold.<\/p>\n<hr \/>\n<p><strong>Forsvarsklasse:<\/strong><\/p>\n<p>Denne skudsikre hjelm er en NIJ Level IIIA skudsikker hjelm i henhold til NIJ 0101.06 standarden, og den tilsvarende testrapport kan leveres.<\/p>\n<hr \/>\n<p><strong>Forsvarsprojektilparametre:<\/strong><\/p>\n<p>.44 Mag SJHP<br \/>\n.357 SIG FMJ FN<br \/>\n9 mm FMJ RN<br \/>\n.357 Mag JSP<br \/>\n.40 S&amp;W FMJ<\/p>\n<p>Giver ogs\u00e5 beskyttelse mod de fleste h\u00e5ndv\u00e5bentrusler s\u00e5vel som klasse IIA- og II-trusler<\/p>\n<hr \/>\n<p><strong>Parameter for skudsikker hjelm:<\/strong><br \/>\nNavn: NIJ llla WENDY skudsikker hjelm<\/p>\n<p>Materiale: High Tensile Kevlar-DuPont Aramid Fiber<\/p>\n<p>Hovedomkreds: 52-60 cm<\/p>\n<p>For: Zorbium-skum-slagpuder holder dig k\u00f8lig og t\u00f8r med en vandt\u00e6t, behagelig foring og en antibakteriel bel\u00e6gning, der leder sveden v\u00e6k. Leverer mindre end halvdelen af den kraft, der kr\u00e6ves til gentagne st\u00f8d under alle milj\u00f8forhold. Hjelmen leveres som standard med tre ekstra st\u00f8dpuder og otte justerbare puder, der kan installeres fleksibelt i henhold til brugernes krav for optimal pasform og komfort.<\/p>\n<p>Valgfrit tilbeh\u00f8r: oppustelige iltmasker, ansigtssk\u00e6rme, sideskjolde, pansrede sideskjolde, beskyttelsesskjolde, hjelmskjolde, skudsikre masker osv.<\/p>\n<p>Hjelmfarve: Lysebrun<br \/>\nMICH er en hjelm, der stopper pistolskud og giver p\u00e5lidelig beskyttelse mod affald og faldende affald.<br \/>\nvil reducere beskyttelsen.<\/p>\n<hr \/>\n<p><strong>&#8220;For personer:<\/strong><br \/>\nNIJ lllA Kevlar WENDY Ballistic Helmet h\u00e5ndterer trusler med pistoler og granatsplinter med st\u00e6rkere fastg\u00f8relsesanordninger, der er lettere og mere behagelige at have p\u00e5. Denne hjelm er velegnet til alle typer brugere. Personale fra agenturer som milit\u00e6ret, politiet, SWAT, intern sikkerhed, told og gr\u00e6nsevagter kan udstyres med forbedrede kampkapaciteter. Det er ogs\u00e5 et godt valg til hjemmebeskyttelse og cosplay.<\/p>\n<hr \/>\n<p>Hvis du har sp\u00f8rgsm\u00e5l om vores produkter, f\u00f8r du er klar til at k\u00f8be vores produkter,<\/p>\n<p>Venligst (<a href=\"http:\/\/tyditiao.com\/en\/contact\/\">kontakt os<\/a>) med det samme, s\u00e5 svarer vi inden for 1 hverdag. \u00d8nsker du at bestille mere end 5 skudsikre hjelme p\u00e5 samme tid, f\u00e5r du yderligere rabat;<\/p>\n","protected":false},"excerpt":{"rendered":"<p>God skudsikker ydeevne: NIJ Level IIIA, perfekt hovedbeskyttelse.<\/p>\n<p>God kvalitet: Wendy Military Tactical Helmet er lavet af holdbar Dupont Kevlar aramidfiber, som er varmebestandig og ikke let at deformere.<\/p>\n<p>LET JUSTERING: Letv\u00e6gts Military CAM FIT-hjelmfastg\u00f8relsessystem med BOA-lukkesystem giver hurtig og nem enh\u00e5ndsjustering og pr\u00e6cis pasform.<\/p>\n<p>Komfortabel at have p\u00e5: Zorbium Foam Impact sadlen har en vandt\u00e6t foring og en antibakteriel bel\u00e6gning, der leder fugt v\u00e6k for at holde dig k\u00f8lig og t\u00f8r, mens du har den p\u00e5.<\/p>\n<p>Udvidelse: Rail 2.0 Fastening System er kompatibelt med alle EXFIL Rail 2.0 Fasteners. Dobbeltsidede kardan-monteringsskinner og pandeoph\u00e6ng er nemme at installere og konfigurere, headsets, pistollys, kameraer, blitzlys, nattesynsenheder, GoPro-kameraer og NVG-briller.<\/p>\n","protected":false},"featured_media":10760,"comment_status":"closed","ping_status":"closed","template":"","meta":[],"product_brand":[],"product_cat":[647,646],"product_tag":[],"woo-feed-brand":[50],"class_list":{"0":"post-14165","1":"product","2":"type-product","3":"status-publish","4":"has-post-thumbnail","6":"product_cat-skudsikker-hjelm","7":"product_cat-wendy-da","8":"woo-feed-brand-tyditiao","10":"first","11":"instock","12":"sale","13":"shipping-taxable","14":"purchasable","15":"product-type-simple"},"_links":{"self":[{"href":"https:\/\/tyditiao.com\/da\/wp-json\/wp\/v2\/product\/14165","targetHints":{"allow":["GET"]}}],"collection":[{"href":"https:\/\/tyditiao.com\/da\/wp-json\/wp\/v2\/product"}],"about":[{"href":"https:\/\/tyditiao.com\/da\/wp-json\/wp\/v2\/types\/product"}],"replies":[{"embeddable":true,"href":"https:\/\/tyditiao.com\/da\/wp-json\/wp\/v2\/comments?post=14165"}],"wp:featuredmedia":[{"embeddable":true,"href":"https:\/\/tyditiao.com\/da\/wp-json\/wp\/v2\/media\/10760"}],"wp:attachment":[{"href":"https:\/\/tyditiao.com\/da\/wp-json\/wp\/v2\/media?parent=14165"}],"wp:term":[{"taxonomy":"product_brand","embeddable":true,"href":"https:\/\/tyditiao.com\/da\/wp-json\/wp\/v2\/product_brand?post=14165"},{"taxonomy":"product_cat","embeddable":true,"href":"https:\/\/tyditiao.com\/da\/wp-json\/wp\/v2\/product_cat?post=14165"},{"taxonomy":"product_tag","embeddable":true,"href":"https:\/\/tyditiao.com\/da\/wp-json\/wp\/v2\/product_tag?post=14165"},{"taxonomy":"woo-feed-brand","embeddable":true,"href":"https:\/\/tyditiao.com\/da\/wp-json\/wp\/v2\/woo-feed-brand?post=14165"}],"curies":[{"name":"wp","href":"https:\/\/api.w.org\/{rel}","templated":true}]}}