{"id":14184,"date":"2022-06-13T04:32:01","date_gmt":"2022-06-13T02:32:01","guid":{"rendered":"http:\/\/tyditiao.com\/product\/ny-kevlar-hjelm-klasse-iiia-militaer-hjelm-militaer-kamphjelm-team-wendy-groen\/"},"modified":"2025-03-17T13:28:39","modified_gmt":"2025-03-17T11:28:39","slug":"wendys-skudsikker-hjelm-kevlar-hjelm-taktisk-gron","status":"publish","type":"product","link":"https:\/\/tyditiao.com\/da\/vare\/wendys-skudsikker-hjelm-kevlar-hjelm-taktisk-gron\/","title":{"rendered":"Ny Kevlar hjelm, klasse IIIA milit\u00e6r hjelm, milit\u00e6r kamphjelm Team Wendy, Gr\u00f8n"},"content":{"rendered":"<p>Light Soldier Helmet Wendys hjelm er designet til at v\u00e6re super let og meget behagelig at have p\u00e5. Den er ogs\u00e5 udstyret med h\u00f8jkvalitets energiabsorberende indsatser, som effektivt kan absorbere st\u00f8dkraften, reducere deformationen af hjelmkroppen, n\u00e5r kuglen rammer hjelmen, og reducere skadesraten og graden af brugeren. Dobbeltsidet med universelle monteringsskinner og et kardanbeslag p\u00e5 panden, s\u00e5 Wendy kan skabe flere muligheder.<\/p>\n<hr \/>\n<p><strong>Forsvarsklasse:<\/strong><\/p>\n<p>Denne skudsikre hjelm er en NIJ Level IIIA skudsikker hjelm i henhold til NIJ 0101.06 standarden, og den tilsvarende testrapport kan leveres.<\/p>\n<hr \/>\n<p><strong>Forsvarsprojektilparametre:<\/strong><\/p>\n<p>.44 Mag SJHP<br \/>\n.357 SIG FMJ FN<br \/>\n9 mm FMJ RN<br \/>\n.357 Mag JSP<br \/>\n.40 S&amp;W FMJ<\/p>\n<p>Giver ogs\u00e5 beskyttelse mod de fleste h\u00e5ndv\u00e5bentrusler s\u00e5vel som klasse IIA- og II-trusler<\/p>\n<hr \/>\n<p><strong>Parameter for skudsikker hjelm:<\/strong><br \/>\nNavn: NIJ llla WENDY skudsikker hjelm<\/p>\n<p>Materiale: High Tensile Kevlar-DuPont Aramid Fiber<br \/>\nHovedomkreds: 52-60 cm<\/p>\n<p>For: Zorbium Foam Impact Pads holder dig k\u00f8lig og t\u00f8r med vandt\u00e6t, behagelig polstring og et antibakterielt betr\u00e6k, der leder sveden v\u00e6k. Leverer mindre end halvdelen af den kraft, der kr\u00e6ves til gentagne st\u00f8d under alle milj\u00f8forhold. Musem\u00e5tten leveres som standard med tre slagfaste puder og otte justerbare puder for optimal pasform og komfort.<\/p>\n<p>Valgfrit tilbeh\u00f8r: oppustelige iltmasker, ansigtssk\u00e6rme, sideskjolde, pansrede sideskjolde, skjolde, hjelmskjolde, skudsikre masker osv.<br \/>\nHjelm farve: Gr\u00f8n<br \/>\nMICH er en hjelm, der stopper pistolskud og giver p\u00e5lidelig beskyttelse mod affald og faldende affald.<br \/>\nvil reducere beskyttelsen.<\/p>\n<hr \/>\n<p><strong>&#8220;For personer:<\/strong><br \/>\nNIJ lllA Kevlar WENDY Ballistic Helmet h\u00e5ndterer trusler med pistoler og granatsplinter med st\u00e6rkere fastg\u00f8relsesanordninger, der er lettere og mere behagelige at have p\u00e5. Denne hjelm er velegnet til alle typer brugere. Personale fra agenturer som milit\u00e6ret, politiet, SWAT, intern sikkerhed, told og gr\u00e6nsevagter kan udstyres med forbedrede kampkapaciteter. Det er ogs\u00e5 et godt valg til hjemmebeskyttelse og cosplay.<\/p>\n<hr \/>\n<p>Hvis du \u00f8nsker at k\u00f8be vores produkter eller har sp\u00f8rgsm\u00e5l til vores produkter;<br \/>\nHvis du har behov for tilpasning;<br \/>\nVenligst (<a href=\"http:\/\/tyditiao.com\/en\/contact\/\">kontakt os<\/a>) med det samme, vi vil svare dig inden for 1 arbejdsdag<\/p>\n","protected":false},"excerpt":{"rendered":"<p>God kvalitet: Den milit\u00e6re hjelm af teknisk kvalitet er lavet af h\u00f8jstyrke DuPont Kevlar Aramid fiber, som er varmebestandig og ikke let at deformere<\/p>\n<p>God ballistisk ydeevne: NIJ niveau IIIA<\/p>\n<p>Behagelig at have p\u00e5: Zorbium Foam Impact Pillow har en vandt\u00e6t foring og antimikrobiel bel\u00e6gning, der leder fugt v\u00e6k for at holde dig k\u00f8lig og t\u00f8r.<\/p>\n<p>LET JUSTERING: Letv\u00e6gts milit\u00e6rhjelm CAM FIT monteringssystem med BOA lukkesystem til sikker enh\u00e5ndsjustering for en pr\u00e6cis pasform.<\/p>\n<p>KAN UDVIDES: Rail 2.0 Fastening System er kompatibelt med alle EXFIL Rail 2.0 Fasteners. Den dobbeltsidede kardanmonteringsskinne og kardanbeslaget p\u00e5 panden giver Wendy mulighed for at skabe flere muligheder.<\/p>\n","protected":false},"featured_media":10627,"comment_status":"open","ping_status":"closed","template":"","meta":[],"product_brand":[],"product_cat":[647,646],"product_tag":[],"woo-feed-brand":[50],"class_list":{"0":"post-14184","1":"product","2":"type-product","3":"status-publish","4":"has-post-thumbnail","6":"product_cat-skudsikker-hjelm","7":"product_cat-wendy-da","8":"woo-feed-brand-tyditiao","10":"first","11":"instock","12":"sale","13":"shipping-taxable","14":"purchasable","15":"product-type-simple"},"_links":{"self":[{"href":"https:\/\/tyditiao.com\/da\/wp-json\/wp\/v2\/product\/14184","targetHints":{"allow":["GET"]}}],"collection":[{"href":"https:\/\/tyditiao.com\/da\/wp-json\/wp\/v2\/product"}],"about":[{"href":"https:\/\/tyditiao.com\/da\/wp-json\/wp\/v2\/types\/product"}],"replies":[{"embeddable":true,"href":"https:\/\/tyditiao.com\/da\/wp-json\/wp\/v2\/comments?post=14184"}],"wp:featuredmedia":[{"embeddable":true,"href":"https:\/\/tyditiao.com\/da\/wp-json\/wp\/v2\/media\/10627"}],"wp:attachment":[{"href":"https:\/\/tyditiao.com\/da\/wp-json\/wp\/v2\/media?parent=14184"}],"wp:term":[{"taxonomy":"product_brand","embeddable":true,"href":"https:\/\/tyditiao.com\/da\/wp-json\/wp\/v2\/product_brand?post=14184"},{"taxonomy":"product_cat","embeddable":true,"href":"https:\/\/tyditiao.com\/da\/wp-json\/wp\/v2\/product_cat?post=14184"},{"taxonomy":"product_tag","embeddable":true,"href":"https:\/\/tyditiao.com\/da\/wp-json\/wp\/v2\/product_tag?post=14184"},{"taxonomy":"woo-feed-brand","embeddable":true,"href":"https:\/\/tyditiao.com\/da\/wp-json\/wp\/v2\/woo-feed-brand?post=14184"}],"curies":[{"name":"wp","href":"https:\/\/api.w.org\/{rel}","templated":true}]}}