{"id":14203,"date":"2022-06-13T04:11:33","date_gmt":"2023-05-23T01:52:41","guid":{"rendered":"http:\/\/tyditiao.com\/product\/polsk-militaerhjelm-klasse-iiia-taktisk-kevlarhjelm-energihjelm-med-hurtig-maske-sort\/"},"modified":"2023-05-23T03:52:41","modified_gmt":"2023-05-23T01:52:41","slug":"hurtig-skudsikker-hjelm-taktisk-kevlar-nijiiia-sort","status":"publish","type":"product","link":"https:\/\/tyditiao.com\/da\/vare\/hurtig-skudsikker-hjelm-taktisk-kevlar-nijiiia-sort\/","title":{"rendered":"Polsk milit\u00e6rhjelm, klasse IIIA taktisk kevlarhjelm, energihjelm med hurtig maske, sort"},"content":{"rendered":"<p><strong>Forsvarsklasse:<\/strong><\/p>\n<p>Denne skudsikre hjelm er en NIJ Level IIIA skudsikker hjelm i henhold til NIJ 0101.06 standarden, og den tilsvarende testrapport kan leveres.<\/p>\n<hr>\n<p><strong>Forsvarsprojektilparametre:<\/strong><\/p>\n<p>.44 Mag SJHP<br \/>\n.357 SIG FMJ FN<br \/>\n9 mm FMJ RN<br \/>\n.357 Mag JSP<br \/>\n.40 S&amp;W FMJ<\/p>\n<p>Giver ogs\u00e5 beskyttelse mod de fleste h\u00e5ndv\u00e5bentrusler s\u00e5vel som klasse IIA- og II-trusler<\/p>\n<hr>\n<p><strong>Parameter for skudsikker hjelm:<\/strong><br \/>\nNavn: NIJ lllA FAST skudsikker hjelm<\/p>\n<p>Materiale: High Tensile Kevlar-DuPont Aramid Fiber<br \/>\nHovedomkreds: 52-64 cm<br \/>\nValgfrit tilbeh\u00f8r: skudsikker maske osv.<br \/>\nHjelm farve: Sort<br \/>\nMICH er en hjelm, der stopper pistolskud og giver p\u00e5lidelig beskyttelse mod affald og faldende affald.<br \/>\nvil reducere beskyttelsen.<\/p>\n<hr>\n<p><strong>&#8220;For personer:<\/strong><br \/>\nNIJ lllA Kevlar FAST ballistiske hjelm er designet til at h\u00e5ndtere truslen fra v\u00e5ben og granatsplinter, med st\u00e6rkere vedh\u00e6ftede filer for en lettere og mere komfortabel pasform. Denne hjelm er velegnet til alle typer brugere. Personale fra agenturer som milit\u00e6r, politi, SWAT, intern sikkerhed, told og gr\u00e6nsevagter kan udstyres med forbedrede kampkapaciteter. Det er ogs\u00e5 et godt valg til hjemmebeskyttelse og cosplay.<\/p>\n<hr>\n<p><strong>Hvad er en FAST ballistisk hjelm?<\/strong><\/p>\n<p>FAST skudsikker hjelm (engelsk: Future Assault Shell Technology Helmet, i det f\u00f8lgende ben\u00e6vnt: FAST) Future Assault Shell Technology Helmet er en kamphjelm udviklet af US Army Research Institute og US Army Research, Development and Engineering Center Natick. Hjelmen er designet til at give komfort til specielle operationsoperat\u00f8rer, samtidig med at den giver grundl\u00e6ggende ballistisk beskyttelse. FAST-hjelmen blev f\u00f8rste gang vist for offentligheden ved SHOT SHOW i 2009 og blev snart adopteret af amerikanske specialstyrker, der opererede i Afghanistan. FAST taktiske ballistiske hjelme er nu meget brugt i specialstyrker og specialpolitistyrker i forskellige lande. Derudover er FAST taktiske hjelm nu standard kamphjelm til det norske forsvar.<\/p>\n<hr>\n<p><strong>Funktioner i FAST Kevlar-hjelmen:<\/strong><\/p>\n<p>Sammenlignet med normale milit\u00e6rhjelme er FAST-hjelmen 25% lettere. Med hjelmoph\u00e6ngssystemet kan brugerne nemt justere hjelmens pasform eller t\u00e6thed for optimal komfort. FAST-hjelme er udstyret med ARC-skinner i venstre og h\u00f8jre side til montering af udstyr s\u00e5som lommelygter, st\u00f8jreducerende hovedtelefoner og kommunikationsudstyr, ligesom nattesyn eller videoudstyr kan monteres p\u00e5 midten af hjelmen gennem monteringsadapteren, som er en speciel kamp, som kan tilf\u00f8je en st\u00f8rre taktisk fordel. Dj\u00e6velen f\u00f8lte sig fastgjort til hjelmen giver brugerne mulighed for at anbringe deres lands flag, h\u00e6r eller institution, samt passende identificerende stempler s\u00e5som kaldesignaler og blodtyper. Derudover bliver den civile version af FAST-hjelmen uden skudsikker funktion p\u00e5 grund af det modul\u00e6re design ikke kun brugt af milit\u00e6ret og politiet, men ogs\u00e5 ivrigt adopteret af udend\u00f8rsatleter, journalister, reddere og andre feltarbejdere.<\/p>\n<hr>\n<p><strong>Er den FAST taktiske ballistiske hjelm god beskyttelse, og hvorfor er den s\u00e5 popul\u00e6r?<\/strong><\/p>\n<p>Der er to grunde: For det f\u00f8rste har teknologiens fremskridt f\u00f8rt til mere og mere teknisk udstyr til individuelle soldater, hvilket kr\u00e6ver en platform til opladning af teknisk tilbeh\u00f8r, som skal ofres p\u00e5 bekostning af beskyttelse;<br \/>\nFor det andet er FAST-brugere hovedsageligt specialstyrker, og p\u00e5 kampafstand opgiver specialstyrker ganske enkelt en vis beskyttelse, portabiliteten og det tekniske udstyr p\u00e5 platformen omdannes til overlevelsesrater, og endda i praktiske applikationer, normalt kun i tilf\u00e6lde af hurtige hjelme, Der er ingen elementer p\u00e5 mange enheder, kun for b\u00e6rbarhed.<\/p>\n<p>FAST er ikke baseret p\u00e5 streng beskyttelse. Ingen dobbeltsidede h\u00f8rev\u00e6rn er ikke nok. Hovedsageligt af hensyn til personalet, der b\u00e6rer hovedtelefoner og ekstra tilbeh\u00f8r Letv\u00e6gts taktiske hjelme opgiver delvist beskyttelsen, hvilket giver st\u00f8rre fordele i kamp.<\/p>\n<p>FAST-hjelme er meget udbredt i mange lande, og mange lande har hjelmdesign, der meget ligner amerikanske FAST-hjelme, s\u00e5som Rusland, Frankrig og Storbritannien. hjelme er designet til at passe til FAST-hjelme, selvom de vil udvikle sig over tid. Antallet af disse hjelme \u00e6ndrer sig ogs\u00e5, men ligner stadig FAST-hjelmen, af indlysende \u00e5rsager kan denne hjelm effektivt beskytte hovedet og maksimere soldatens liv.<\/p>\n<hr>\n<p><strong>HURTIG pris p\u00e5 Kevlar-hjelm?<\/strong><\/p>\n<p>K\u00f8b direkte fra vores hjemmeside og spar 15% p\u00e5 normalprisen<\/p>\n<hr>\n<p>Hvis du \u00f8nsker at k\u00f8be vores produkter eller har sp\u00f8rgsm\u00e5l til vores produkter;<br \/>\nHvis du har behov for tilpasning;<br \/>\nVenligst (<a href=\"http:\/\/tyditiao.com\/en\/contact\/\">kontakt os<\/a>) med det samme, vi vil svare dig inden for 1 arbejdsdag<\/p>\n<p>&nbsp;<\/p>\n<p>&nbsp;<\/p>\n","protected":false},"excerpt":{"rendered":"<p>Lavet af h\u00f8jstyrke DuPont Kevlar Aramid fiber, varmebestandig og ikke let at deformere<\/p>\n<p>NIJ niveau IIIA<\/p>\n<p>Systemet til justering af hovedomkredsen giver dig mulighed for at justere hovedomkredsen med et tryk p\u00e5 en knap for at opn\u00e5 den ideelle pasform af hjelmen<\/p>\n<p>Panden er forst\u00e6rket med elastiske stropper p\u00e5 siderne af bl\u00e6ksprutten (nederst p\u00e5 nattesynsstativet) for at fastg\u00f8re spejle, kameraer, nattesynsbriller og andre enheder<\/p>\n<p>Udstyret med skinner, kraftigere tilbeh\u00f8rsmontering, kan udstyres med st\u00e6rkt lyssystem og beacon identifikationslys, kan ogs\u00e5 udstyres med h\u00f8rev\u00e6rn<\/p>\n","protected":false},"featured_media":10323,"comment_status":"closed","ping_status":"closed","template":"","meta":[],"product_brand":[],"product_cat":[812,647],"product_tag":[],"woo-feed-brand":[50],"class_list":{"0":"post-14203","1":"product","2":"type-product","3":"status-publish","4":"has-post-thumbnail","6":"product_cat-hurtig","7":"product_cat-skudsikker-hjelm","8":"woo-feed-brand-tyditiao","10":"first","11":"instock","12":"sale","13":"shipping-taxable","14":"purchasable","15":"product-type-simple"},"_links":{"self":[{"href":"https:\/\/tyditiao.com\/da\/wp-json\/wp\/v2\/product\/14203","targetHints":{"allow":["GET"]}}],"collection":[{"href":"https:\/\/tyditiao.com\/da\/wp-json\/wp\/v2\/product"}],"about":[{"href":"https:\/\/tyditiao.com\/da\/wp-json\/wp\/v2\/types\/product"}],"replies":[{"embeddable":true,"href":"https:\/\/tyditiao.com\/da\/wp-json\/wp\/v2\/comments?post=14203"}],"wp:featuredmedia":[{"embeddable":true,"href":"https:\/\/tyditiao.com\/da\/wp-json\/wp\/v2\/media\/10323"}],"wp:attachment":[{"href":"https:\/\/tyditiao.com\/da\/wp-json\/wp\/v2\/media?parent=14203"}],"wp:term":[{"taxonomy":"product_brand","embeddable":true,"href":"https:\/\/tyditiao.com\/da\/wp-json\/wp\/v2\/product_brand?post=14203"},{"taxonomy":"product_cat","embeddable":true,"href":"https:\/\/tyditiao.com\/da\/wp-json\/wp\/v2\/product_cat?post=14203"},{"taxonomy":"product_tag","embeddable":true,"href":"https:\/\/tyditiao.com\/da\/wp-json\/wp\/v2\/product_tag?post=14203"},{"taxonomy":"woo-feed-brand","embeddable":true,"href":"https:\/\/tyditiao.com\/da\/wp-json\/wp\/v2\/woo-feed-brand?post=14203"}],"curies":[{"name":"wp","href":"https:\/\/api.w.org\/{rel}","templated":true}]}}