{"id":14222,"date":"2022-06-13T04:08:57","date_gmt":"2022-06-13T02:08:57","guid":{"rendered":"http:\/\/tyditiao.com\/product\/soldaterhjelm-aramidfiber-taktisk-klasse-iiia-hjelm-hurtig-kevlarhjelm-lysebrun\/"},"modified":"2025-03-17T13:31:47","modified_gmt":"2025-03-17T11:31:47","slug":"hurtig-skudsikker-hjelm-taktisk-kevlar-nijiiia-lysebrun","status":"publish","type":"product","link":"https:\/\/tyditiao.com\/da\/vare\/hurtig-skudsikker-hjelm-taktisk-kevlar-nijiiia-lysebrun\/","title":{"rendered":"Soldaterhjelm, aramidfiber taktisk klasse IIIA hjelm, hurtig kevlarhjelm, lysebrun"},"content":{"rendered":"<p><strong>Forsvarsklasse:<\/strong><\/p>\n<p>Denne skudsikre hjelm er en NIJ Level IIIA skudsikker hjelm i henhold til NIJ 0101.06 standarden, og den tilsvarende testrapport kan leveres.<\/p>\n<hr \/>\n<p><strong>Forsvarsprojektilparametre:<\/strong><\/p>\n<p>.44 Mag SJHP<br \/>\n.357 SIG FMJ FN<br \/>\n9 mm FMJ RN<br \/>\n.357 Mag JSP<br \/>\n.40 S&amp;W FMJ<\/p>\n<p>Giver ogs\u00e5 beskyttelse mod de fleste h\u00e5ndv\u00e5bentrusler s\u00e5vel som klasse IIA- og II-trusler<\/p>\n<hr \/>\n<p><strong>Parameter for skudsikker hjelm:<\/strong><\/p>\n<p>Navn: NIJ lllA FAST skudsikker hjelm<\/p>\n<p>Materiale: High Tensile Kevlar-DuPont Aramid Fiber<br \/>\nHovedomkreds: 52-64 cm<br \/>\nValgfrit tilbeh\u00f8r: skudsikker maske osv.<br \/>\nHjelmfarve: Lysebrun<\/p>\n<p>En skudsikker hjelm best\u00e5r af en hjelmskal (inklusive perlebeskyttelse) og et oph\u00e6ngsbuffersystem (inklusive pandeb\u00e5nd, bufferlag, hagestrop, k\u00e6deled osv.). Komfortabel og stabil at have p\u00e5;<\/p>\n<p>Den ydre overflade af hjelmskallen er ensartet og glat, uden forurening af fremmedlegemer, bl\u00e6rer, afskalning og andre defekter.<\/p>\n<p>Hjelmskallens flammeh\u00e6mmende ydeevne: kontinuerlig br\u00e6ndetid p\u00e5 overfladen af 5S;<\/p>\n<p>Kraften af hageremmen: n\u00f8dudslipshastighed p\u00e5 500N, slip, n\u00e5r den eksterne kraft er 1000N;<\/p>\n<p>Vandt\u00e6t: Den skudsikre hjelm vil ikke revne, bl\u00e6re eller delaminere p\u00e5 overfladen af hjelmskallen, n\u00e5r den er neds\u00e6nket i vand i 24 timer ved stuetemperatur. Ingen del af oph\u00e6ngspuden kom af efter to vellykkede skud<\/p>\n<p>MICH er en hjelm, der stopper pistolskud og giver p\u00e5lidelig beskyttelse mod affald og faldende affald.<br \/>\nvil reducere beskyttelsen.<\/p>\n<hr \/>\n<p><strong>&#8220;For personer:<\/strong><\/p>\n<p>NIJ lllA Kevlar FAST ballistiske hjelm er designet til at h\u00e5ndtere truslen fra v\u00e5ben og granatsplinter, med st\u00e6rkere vedh\u00e6ftede filer for en lettere og mere komfortabel pasform. Denne hjelm er velegnet til alle typer brugere. Personale fra agenturer som milit\u00e6r, politi, SWAT, intern sikkerhed, told og gr\u00e6nsevagter kan udstyres med forbedrede kampkapaciteter. Det er ogs\u00e5 et godt valg til hjemmebeskyttelse og cosplay.<\/p>\n<hr \/>\n<p><strong>Hvad er en FAST ballistisk hjelm?<\/strong><\/p>\n<p>FAST skudsikker hjelm (engelsk: Future Assault Shell Technology Helmet, i det f\u00f8lgende ben\u00e6vnt: FAST) Future Assault Shell Technology Helmet er en kamphjelm udviklet af US Army Research Institute og US Army Research, Development and Engineering Center Natick. Hjelmen er designet til at give komfort til specielle operationsoperat\u00f8rer, samtidig med at den giver grundl\u00e6ggende ballistisk beskyttelse. FAST-hjelmen blev f\u00f8rste gang vist for offentligheden ved SHOT SHOW i 2009 og blev snart adopteret af amerikanske specialstyrker, der opererede i Afghanistan. FAST taktiske ballistiske hjelme er nu meget brugt i specialstyrker og specialpolitistyrker i forskellige lande. Derudover er FAST taktiske hjelm nu standard kamphjelm til det norske forsvar.<\/p>\n<hr \/>\n<p><strong>Funktioner af FAST Fiber Aramid Tactical Soldier Hjelm:<\/strong><\/p>\n<p>Sammenlignet med normale milit\u00e6rhjelme er FAST-hjelmen 25% lettere. Takket v\u00e6re hjelmens affjedringssystem kan brugerne nemt justere hjelmens pasform eller t\u00e6thed for optimal komfort. FAST-hjelmen er udstyret med ARC-skinner i venstre og h\u00f8jre side til montering af tilbeh\u00f8r s\u00e5som lommelygter, st\u00f8jreducerende h\u00f8retelefoner og kommunikationsudstyr samt nattesyns- eller videooptagelsesudstyr. Adapteren kan monteres i midten af hjelmen via adapteren. Dette er en speciel kamp, der kan tilf\u00f8je en st\u00f8rre taktisk fordel. P\u00e5 grund af det modul\u00e6re design bliver den civile version af den ikke-skudsikre FAST-hjelm desuden ikke kun brugt af milit\u00e6ret og politiet, men ogs\u00e5 ivrigt accepteret af udend\u00f8rs sportsfolk og feltarbejdere s\u00e5som journalister og redningsfolk. P\u00e5 grund af det modul\u00e6re design bliver den civile version af den ikke-skudsikre FAST-hjelm desuden ikke kun brugt af milit\u00e6ret og politiet, men ogs\u00e5 ivrigt accepteret af udend\u00f8rs sportsfolk og feltarbejdere s\u00e5som journalister og redningsfolk.<\/p>\n<hr \/>\n<p><strong>Er FAST fiberaramid taktisk soldathjelm god beskyttelse, hvorfor er den popul\u00e6r?<\/strong><\/p>\n<p>Der er to grunde: For det f\u00f8rste har teknologiens fremskridt gjort individuelle soldater mere og mere teknisk udstyr, der kr\u00e6ver en platform til at indl\u00e6se teknisk tilbeh\u00f8r, og m\u00e5tte ofre beskyttelse for at v\u00e6lge;<br \/>\nFor det andet er FAST-brugere hovedsageligt specialstyrker, og specialstyrkerne giver simpelthen afkald p\u00e5 en vis beskyttelse p\u00e5 kampdistancen, transportabiliteten og det tekniske udstyr p\u00e5 platformen bliver overlevelsesraten, selv i praktiske applikationer, normalt kun for hurtige hjelme, er de ikke flere enheder elementer p\u00e5 det, kun for b\u00e6rbarhed.<\/p>\n<p>FAST er ikke afh\u00e6ngig af streng beskyttelse. Ingen \u00f8rekopper p\u00e5 begge sider er nok. Hovedsageligt af hensyn til komforten for personalet, der b\u00e6rer hovedtelefoner og ekstra tilbeh\u00f8r Letv\u00e6gts taktiske hjelme giver delvist afkald p\u00e5 beskyttelse og giver st\u00f8rre fordele i kamp.<\/p>\n<p>FAST hjelme er meget udbredt i mange lande, og mange lande har hjelmdesigns meget lig US FAST hjelme, s\u00e5som russiske, franske og britiske hjelme er designet efter FAST hjelme, selvom de vil udvikle sig over tid. Disse hjelme \u00e6ndrer sig ogs\u00e5 konstant, men ligner stadig meget FAST-hjelmene, af indlysende \u00e5rsager, som effektivt beskytter hovedet og maksimerer soldatens liv.<\/p>\n<hr \/>\n<p><strong>HURTIG pris for taktisk soldathjelm af fiberaramid?<\/strong><\/p>\n<p>K\u00f8b direkte fra vores hjemmeside og spar 15% p\u00e5 normalprisen<\/p>\n<p>Hvis du \u00f8nsker at k\u00f8be vores produkter eller har sp\u00f8rgsm\u00e5l om vores produkter, bedes du (<a href=\"http:\/\/tyditiao.com\/en\/contact\/\">kontakt os<\/a>) omg\u00e5ende, vi vil svare dig inden for 1 arbejdsdag. <span style=\"color: #ff0000;\">Hvis du vil bestille mere end 5 skudsikre hjelme p\u00e5 samme tid, f\u00e5r du en ekstra rabat;<\/span><\/p>\n","protected":false},"excerpt":{"rendered":"<p>Lavet af h\u00f8jstyrke DuPont Kevlar Aramid fiber, varmebestandig og ikke let at deformere<\/p>\n<p>NIJ niveau IIIA<\/p>\n<p>Systemet til justering af hovedomkredsen giver dig mulighed for at justere hovedomkredsen med et tryk p\u00e5 en knap for at opn\u00e5 den ideelle pasform af hjelmen<\/p>\n<p>Panden er forst\u00e6rket med elastiske stropper p\u00e5 siderne af bl\u00e6ksprutten (nederst p\u00e5 nattesynsstativet) for at fastg\u00f8re spejle, kameraer, nattesynsbriller og andre enheder<\/p>\n<p>Udstyret med skinner, kraftigere tilbeh\u00f8rsmontering, kan udstyres med st\u00e6rkt lyssystem og beacon identifikationslys, kan ogs\u00e5 udstyres med h\u00f8rev\u00e6rn<\/p>\n","protected":false},"featured_media":10247,"comment_status":"open","ping_status":"closed","template":"","meta":[],"product_brand":[],"product_cat":[812,647],"product_tag":[],"woo-feed-brand":[50],"class_list":{"0":"post-14222","1":"product","2":"type-product","3":"status-publish","4":"has-post-thumbnail","6":"product_cat-hurtig","7":"product_cat-skudsikker-hjelm","8":"woo-feed-brand-tyditiao","10":"first","11":"instock","12":"sale","13":"shipping-taxable","14":"purchasable","15":"product-type-simple"},"_links":{"self":[{"href":"https:\/\/tyditiao.com\/da\/wp-json\/wp\/v2\/product\/14222","targetHints":{"allow":["GET"]}}],"collection":[{"href":"https:\/\/tyditiao.com\/da\/wp-json\/wp\/v2\/product"}],"about":[{"href":"https:\/\/tyditiao.com\/da\/wp-json\/wp\/v2\/types\/product"}],"replies":[{"embeddable":true,"href":"https:\/\/tyditiao.com\/da\/wp-json\/wp\/v2\/comments?post=14222"}],"wp:featuredmedia":[{"embeddable":true,"href":"https:\/\/tyditiao.com\/da\/wp-json\/wp\/v2\/media\/10247"}],"wp:attachment":[{"href":"https:\/\/tyditiao.com\/da\/wp-json\/wp\/v2\/media?parent=14222"}],"wp:term":[{"taxonomy":"product_brand","embeddable":true,"href":"https:\/\/tyditiao.com\/da\/wp-json\/wp\/v2\/product_brand?post=14222"},{"taxonomy":"product_cat","embeddable":true,"href":"https:\/\/tyditiao.com\/da\/wp-json\/wp\/v2\/product_cat?post=14222"},{"taxonomy":"product_tag","embeddable":true,"href":"https:\/\/tyditiao.com\/da\/wp-json\/wp\/v2\/product_tag?post=14222"},{"taxonomy":"woo-feed-brand","embeddable":true,"href":"https:\/\/tyditiao.com\/da\/wp-json\/wp\/v2\/woo-feed-brand?post=14222"}],"curies":[{"name":"wp","href":"https:\/\/api.w.org\/{rel}","templated":true}]}}