{"id":14239,"date":"2022-06-13T04:05:41","date_gmt":"2022-06-13T02:05:41","guid":{"rendered":"http:\/\/tyditiao.com\/product\/tysk-militaerhjelm-klasse-iiia-soldathjelm-ballistisk-taktisk-hurtighjelm-groen\/"},"modified":"2026-03-14T23:16:53","modified_gmt":"2026-03-14T21:16:53","slug":"hurtig-skudsikker-hjelm-taktisk-kevlar-nijiiia-gron","status":"publish","type":"product","link":"https:\/\/tyditiao.com\/da\/vare\/hurtig-skudsikker-hjelm-taktisk-kevlar-nijiiia-gron\/","title":{"rendered":"Tysk milit\u00e6rhjelm, klasse IIIA soldathjelm, ballistisk taktisk hurtighjelm, gr\u00f8n"},"content":{"rendered":"<p><strong>Forsvarsklasse:<\/strong><\/p>\n<p>Denne skudsikre hjelm er en NIJ Level IIIA skudsikker hjelm i henhold til NIJ 0101.06 standarden, og den tilsvarende testrapport kan leveres.<\/p>\n<hr \/>\n<p><strong>Forsvarsprojektilparametre:<\/strong><\/p>\n<p>.44 Mag SJHP<br \/>\n.357 SIG FMJ FN<br \/>\n9 mm FMJ RN<br \/>\n.357 Mag JSP<br \/>\n.40 S&amp;W FMJ<\/p>\n<p>Giver ogs\u00e5 beskyttelse mod de fleste h\u00e5ndv\u00e5bentrusler s\u00e5vel som klasse IIA- og II-trusler<\/p>\n<hr \/>\n<p><strong>Parameter for skudsikker hjelm:<\/strong><\/p>\n<p>Navn: NIJ lllA FAST skudsikker hjelm<\/p>\n<p>Materiale: High Tensile Kevlar-DuPont Aramid Fiber<br \/>\nHovedomkreds: 52-64 cm<br \/>\nValgfrit tilbeh\u00f8r: skudsikker maske osv.<br \/>\nHjelm farve: Gr\u00f8n<br \/>\nMICH er en hjelm, der stopper pistolskud og giver p\u00e5lidelig beskyttelse mod affald og faldende affald.<br \/>\nvil reducere beskyttelsen.<\/p>\n<hr \/>\n<p><strong>&#8220;For personer:<\/strong><\/p>\n<p>NIJ lllA Kevlar FAST ballistiske hjelm er designet til at h\u00e5ndtere truslen fra v\u00e5ben og granatsplinter, med st\u00e6rkere vedh\u00e6ftede filer for en lettere og mere komfortabel pasform. Denne hjelm er velegnet til alle typer brugere. Personale fra agenturer som milit\u00e6r, politi, SWAT, intern sikkerhed, told og gr\u00e6nsevagter kan udstyres med forbedrede kampkapaciteter. Det er ogs\u00e5 et godt valg til hjemmebeskyttelse og cosplay.<\/p>\n<hr \/>\n<p><strong>Funktioner af FAST Military Tactical Ballistic Hjelm:<\/strong><\/p>\n<p>Sammenlignet med normale milit\u00e6rhjelme er FAST-hjelmen 25% lettere. Takket v\u00e6re hjelmens affjedringssystem kan brugerne nemt justere hjelmens pasform eller t\u00e6thed for optimal komfort. FAST-hjelmen er udstyret med ARC-skinner i venstre og h\u00f8jre side til montering af tilbeh\u00f8r s\u00e5som lommelygter, st\u00f8jreducerende h\u00f8retelefoner og kommunikationsudstyr samt nattesyns- eller videooptagelsesudstyr. Adapteren kan monteres i midten af hjelmen via adapteren. Dette er en speciel kamp, der kan tilf\u00f8je en st\u00f8rre taktisk fordel. P\u00e5 grund af det modul\u00e6re design bliver den civile version af den ikke-skudsikre FAST-hjelm desuden ikke kun brugt af milit\u00e6ret og politiet, men ogs\u00e5 ivrigt accepteret af udend\u00f8rs sportsfolk og feltarbejdere s\u00e5som journalister og redningsfolk. P\u00e5 grund af det modul\u00e6re design bliver den civile version af den ikke-skudsikre FAST-hjelm desuden ikke kun brugt af milit\u00e6ret og politiet, men ogs\u00e5 ivrigt accepteret af udend\u00f8rs sportsfolk og feltarbejdere s\u00e5som journalister og redningsfolk.<\/p>\n<hr \/>\n<p><strong>Giver FAST milit\u00e6re taktiske ballistiske hjelme god beskyttelse, og hvorfor er de popul\u00e6re?<\/strong><\/p>\n<p>Der er to grunde: For det f\u00f8rste har teknologiens fremskridt gjort individuelle soldater mere og mere teknisk udstyr, der kr\u00e6ver en platform til at indl\u00e6se teknisk tilbeh\u00f8r, og m\u00e5tte ofre beskyttelse for at v\u00e6lge;<br \/>\nFor det andet er FAST-brugere hovedsageligt specialstyrker, og specialstyrkerne giver simpelthen afkald p\u00e5 en vis beskyttelse p\u00e5 kampdistancen, transportabiliteten og det tekniske udstyr p\u00e5 platformen bliver overlevelsesraten, selv i praktiske applikationer, normalt kun for hurtige hjelme, er de ikke flere enheder elementer p\u00e5 det, kun for b\u00e6rbarhed.<\/p>\n<p>FAST er ikke afh\u00e6ngig af streng beskyttelse. Ingen \u00f8rekopper p\u00e5 begge sider er nok. Hovedsageligt af hensyn til komforten for personalet, der b\u00e6rer hovedtelefoner og ekstra tilbeh\u00f8r Letv\u00e6gts taktiske hjelme giver delvist afkald p\u00e5 beskyttelse og giver st\u00f8rre fordele i kamp.<\/p>\n<p>FAST hjelme er meget udbredt i mange lande, og mange lande har hjelmdesigns meget lig US FAST hjelme, s\u00e5som russiske, franske og britiske hjelme er designet efter FAST hjelme, selvom de vil udvikle sig over tid. Disse hjelme \u00e6ndrer sig ogs\u00e5 konstant, men ligner stadig meget FAST-hjelmene, af indlysende \u00e5rsager, som effektivt beskytter hovedet og maksimerer soldatens liv.<\/p>\n<hr \/>\n<p><strong>HURTIG pris p\u00e5 milit\u00e6r taktisk ballistisk hjelm?<\/strong><\/p>\n<p>Dette er vores taktiske sikkerhedshjelm butik, k\u00f8b venligst direkte fra vores hjemmeside, du kan f\u00e5 15% rabat p\u00e5 den originale pris<\/p>\n<p>Hvis du \u00f8nsker at k\u00f8be vores produkter eller har sp\u00f8rgsm\u00e5l om vores produkter, bedes du (<a href=\"https:\/\/tyditiao.com\/da\/kontakt\/\">kontakt os<\/a>) omg\u00e5ende, vi vil svare dig inden for 1 arbejdsdag. \u00d8nsker du at bestille mere end 5 skudsikre hjelme p\u00e5 samme tid, f\u00e5r du yderligere rabat;<\/p>\n","protected":false},"excerpt":{"rendered":"<p>Lavet af h\u00f8jstyrke DuPont Kevlar Aramid fiber, varmebestandig og ikke let at deformere<\/p>\n<p>NIJ niveau IIIA<\/p>\n<p>Justeringssystem for hovedomkreds, kan f\u00e5 hjelmen til at opn\u00e5 den ideelle b\u00e6reeffekt<\/p>\n<p>Systemet til justering af hovedomkredsen giver dig mulighed for at justere hovedomkredsen med et tryk p\u00e5 en knap for at opn\u00e5 den ideelle pasform af hjelmen<\/p>\n<p>Panden er forst\u00e6rket med elastiske stropper p\u00e5 siderne af bl\u00e6ksprutten (nederst p\u00e5 nattesynsstativet) for at fastg\u00f8re spejle, kameraer, nattesynsbriller og andre enheder<\/p>\n<p>Udstyret med skinner, kraftigere tilbeh\u00f8rsmontering, kan udstyres med st\u00e6rkt lyssystem og beacon identifikationslys, kan ogs\u00e5 udstyres med h\u00f8rev\u00e6rn<\/p>\n","protected":false},"featured_media":10304,"comment_status":"open","ping_status":"closed","template":"","meta":[],"product_brand":[],"product_cat":[812,647],"product_tag":[],"woo-feed-brand":[50],"class_list":{"0":"post-14239","1":"product","2":"type-product","3":"status-publish","4":"has-post-thumbnail","6":"product_cat-hurtig","7":"product_cat-skudsikker-hjelm","8":"woo-feed-brand-tyditiao","10":"first","11":"instock","12":"sale","13":"shipping-taxable","14":"purchasable","15":"product-type-simple"},"_links":{"self":[{"href":"https:\/\/tyditiao.com\/da\/wp-json\/wp\/v2\/product\/14239","targetHints":{"allow":["GET"]}}],"collection":[{"href":"https:\/\/tyditiao.com\/da\/wp-json\/wp\/v2\/product"}],"about":[{"href":"https:\/\/tyditiao.com\/da\/wp-json\/wp\/v2\/types\/product"}],"replies":[{"embeddable":true,"href":"https:\/\/tyditiao.com\/da\/wp-json\/wp\/v2\/comments?post=14239"}],"wp:featuredmedia":[{"embeddable":true,"href":"https:\/\/tyditiao.com\/da\/wp-json\/wp\/v2\/media\/10304"}],"wp:attachment":[{"href":"https:\/\/tyditiao.com\/da\/wp-json\/wp\/v2\/media?parent=14239"}],"wp:term":[{"taxonomy":"product_brand","embeddable":true,"href":"https:\/\/tyditiao.com\/da\/wp-json\/wp\/v2\/product_brand?post=14239"},{"taxonomy":"product_cat","embeddable":true,"href":"https:\/\/tyditiao.com\/da\/wp-json\/wp\/v2\/product_cat?post=14239"},{"taxonomy":"product_tag","embeddable":true,"href":"https:\/\/tyditiao.com\/da\/wp-json\/wp\/v2\/product_tag?post=14239"},{"taxonomy":"woo-feed-brand","embeddable":true,"href":"https:\/\/tyditiao.com\/da\/wp-json\/wp\/v2\/woo-feed-brand?post=14239"}],"curies":[{"name":"wp","href":"https:\/\/api.w.org\/{rel}","templated":true}]}}