{"id":14261,"date":"2022-06-13T03:55:46","date_gmt":"2023-05-23T03:36:37","guid":{"rendered":"http:\/\/tyditiao.com\/product\/militaerhjelm-iiia-tactical-ballistic-hjelm-polsk-kevlar-hjelm-groen\/"},"modified":"2026-03-14T23:16:55","modified_gmt":"2026-03-14T21:16:55","slug":"mich2000-skudsikker-hjelm-kevlar-niveau-3-gron","status":"publish","type":"product","link":"https:\/\/tyditiao.com\/da\/vare\/mich2000-skudsikker-hjelm-kevlar-niveau-3-gron\/","title":{"rendered":"Milit\u00e6rhjelm, IIIA Tactical Ballistic Hjelm, Polsk Kevlar-hjelm, Gr\u00f8n"},"content":{"rendered":"<p><strong>Forsvarsklasse:<\/strong><\/p>\n<p>Denne skudsikre hjelm er en NIJ Level IIIA skudsikker hjelm i henhold til NIJ 0101.06 standarden, og den tilsvarende testrapport kan leveres.<\/p>\n<p>Dette produkt kvalificerer sig ogs\u00e5 som en Enhanced Combat Helmet (ECH), n\u00e5r det bruges med en toppanserplade til \u00e6gte riffelbeskyttelse<\/p>\n<hr>\n<p><strong>Forsvarsprojektilparametre:<\/strong><\/p>\n<p>.44 Mag SJHP<br \/>\n.357 SIG FMJ FN<br \/>\n9 mm FMJ RN<br \/>\n.357 Mag JSP<br \/>\n.40 S&amp;W FMJ<\/p>\n<p>Giver ogs\u00e5 beskyttelse mod de fleste h\u00e5ndv\u00e5bentrusler s\u00e5vel som klasse IIA- og II-trusler<\/p>\n<hr>\n<p><strong>Parameter for skudsikker hjelm:<\/strong><br \/>\nNavn: NIJ lllA MICH2000 skudsikker hjelm<\/p>\n<p>Materiale: High Tensile Kevlar-DuPont Aramid Fiber<br \/>\nSag efter projektilaffyring: &lt;20 mm<br \/>\nHovedomkreds: 52-60 cm<br \/>\nForing: Flytbar skumforing med langsomt tilbageslag holder hjelmen komfortabel og forhindrer tr\u00e6thed og overophedning.<br \/>\nValgfrit tilbeh\u00f8r: skudsikker maske osv.<br \/>\nHjelm farve: Gr\u00f8n<br \/>\nMICH er en hjelm, der stopper pistolskud og giver p\u00e5lidelig beskyttelse mod affald og faldende affald.<br \/>\nvil reducere beskyttelsen.<\/p>\n<hr>\n<p><strong>&#8220;For personer:<\/strong><br \/>\nNIJ lllA Kevlar MICH2000 ballistisk hjelm h\u00e5ndterer trusler med pistoler og granatsplinter med st\u00f8rre fastg\u00f8relseskapacitet for en lettere, mere komfortabel pasform. Denne hjelm er velegnet til alle typer brugere. Personale fra agenturer som milit\u00e6ret, politiet, SWAT, intern sikkerhed, told og gr\u00e6nsevagter kan udstyres med forbedrede kampkapaciteter. Det er ogs\u00e5 et godt valg til hjemmebeskyttelse og cosplay.<\/p>\n<p>MICH er en hjelm, der stopper pistolskud og giver p\u00e5lidelig beskyttelse mod affald og faldende affald. Den mich ballistiske hjelm giver ikke kun den n\u00f8dvendige omfattende beskyttelse mod stumpe v\u00e5ben, ballistiske og andre trusler, men er ogs\u00e5 meget modulopbygget og komfortabel. Dette produkt kvalificerer sig ogs\u00e5 som en Enhanced Combat Helmet (ECH), n\u00e5r det bruges sammen med den \u00f8vre panserplade for at give \u00e6gte beskyttelse til riflen. Det lave snit giver bedre d\u00e6kning p\u00e5 begge sider af hovedet end over-ear hjelme. Disse hjelme kommer ogs\u00e5 med \u00f8rekopper til at rumme hovedtelefoner og andet kommunikationsudstyr.<\/p>\n<hr>\n<p><strong>Hvilken er mere popul\u00e6r, MICH2000 eller FAST taktisk ballistisk hjelm?<\/strong><br \/>\nMICH2000 har en st\u00f8rre beskyttende overflade, hvilket er mere fordelagtigt, hvis du ikke planl\u00e6gger at installere flere tilbeh\u00f8r. Hvis du planl\u00e6gger at v\u00e6lge en masse udstyr, for eksempel (if\u00f8rt en lommelygte, st\u00f8jreducerende h\u00f8retelefoner og kommunikationsudstyr, nattebriller eller videooptageudstyr osv.), anbefales det at bruge FAST, da det ikke bliver for meget tungt at for\u00e5rsage pres p\u00e5 din nakke, hvilket indirekte p\u00e5virker aktivitetsevnen.<\/p>\n<hr>\n<p><strong>MICH2000 milit\u00e6rhjelm pris<\/strong><br \/>\nK\u00f8b p\u00e5 vores hjemmeside og spar 15% p\u00e5 prisen<\/p>\n<hr>\n<p>Hvis du \u00f8nsker at k\u00f8be vores produkter eller har sp\u00f8rgsm\u00e5l til vores produkter;<br \/>\nHvis du har behov for tilpasning;<br \/>\nVenligst (<a href=\"http:\/\/tyditiao.com\/en\/contact\/\">kontakt os<\/a>) med det samme, vi vil svare dig inden for 1 arbejdsdag<\/p>\n","protected":false},"excerpt":{"rendered":"<p>God kvalitet: Lavet af h\u00f8jkvalitets DuPont Kevlar Aramid fiber, varmebestandig og ikke let deformeret<\/p>\n<p>God ballistisk ydeevne: NIJ niveau IIIA<\/p>\n<p>Slow Shape Memory Foam: Fugttransporterende stof til nem reng\u00f8ring, modul\u00e6re puder, der kan justeres af slutbrugeren<\/p>\n<p>T\u00f8rret bl\u00e6kspruttesystem: ogs\u00e5 kendt som nattesynsbase, kan kombineres med projekt\u00f8rer, kameraer, nattesynsenheder og andet udstyr<\/p>\n<p>Der er jernbanegrupper p\u00e5 venstre og h\u00f8jre side: kan installeres med st\u00e6rkt belysningssystem, signal ID-lys, h\u00f8retelefonbeskyttelse<\/p>\n","protected":false},"featured_media":11406,"comment_status":"open","ping_status":"closed","template":"","meta":[],"product_brand":[],"product_cat":[794,647],"product_tag":[],"woo-feed-brand":[50],"class_list":{"0":"post-14261","1":"product","2":"type-product","3":"status-publish","4":"has-post-thumbnail","6":"product_cat-mich2000-da","7":"product_cat-skudsikker-hjelm","8":"woo-feed-brand-tyditiao","10":"first","11":"instock","12":"sale","13":"shipping-taxable","14":"purchasable","15":"product-type-simple"},"_links":{"self":[{"href":"https:\/\/tyditiao.com\/da\/wp-json\/wp\/v2\/product\/14261","targetHints":{"allow":["GET"]}}],"collection":[{"href":"https:\/\/tyditiao.com\/da\/wp-json\/wp\/v2\/product"}],"about":[{"href":"https:\/\/tyditiao.com\/da\/wp-json\/wp\/v2\/types\/product"}],"replies":[{"embeddable":true,"href":"https:\/\/tyditiao.com\/da\/wp-json\/wp\/v2\/comments?post=14261"}],"wp:featuredmedia":[{"embeddable":true,"href":"https:\/\/tyditiao.com\/da\/wp-json\/wp\/v2\/media\/11406"}],"wp:attachment":[{"href":"https:\/\/tyditiao.com\/da\/wp-json\/wp\/v2\/media?parent=14261"}],"wp:term":[{"taxonomy":"product_brand","embeddable":true,"href":"https:\/\/tyditiao.com\/da\/wp-json\/wp\/v2\/product_brand?post=14261"},{"taxonomy":"product_cat","embeddable":true,"href":"https:\/\/tyditiao.com\/da\/wp-json\/wp\/v2\/product_cat?post=14261"},{"taxonomy":"product_tag","embeddable":true,"href":"https:\/\/tyditiao.com\/da\/wp-json\/wp\/v2\/product_tag?post=14261"},{"taxonomy":"woo-feed-brand","embeddable":true,"href":"https:\/\/tyditiao.com\/da\/wp-json\/wp\/v2\/woo-feed-brand?post=14261"}],"curies":[{"name":"wp","href":"https:\/\/api.w.org\/{rel}","templated":true}]}}