{"id":14286,"date":"2022-06-13T03:53:55","date_gmt":"2022-06-13T01:53:55","guid":{"rendered":"http:\/\/tyditiao.com\/product\/skudsikker-rustning-klasse-iiia-taktisk-hjelm-mich2000-specialstyrkehjelm-lysebrun\/"},"modified":"2025-07-20T13:11:53","modified_gmt":"2025-07-20T11:11:53","slug":"mich2000-skudsikker-hjelm-kevlar-niveau-3-lysebrun","status":"publish","type":"product","link":"https:\/\/tyditiao.com\/da\/vare\/mich2000-skudsikker-hjelm-kevlar-niveau-3-lysebrun\/","title":{"rendered":"Skudsikker rustning, klasse IIIA taktisk hjelm, mich2000 specialstyrkehjelm, lysebrun"},"content":{"rendered":"<p>MICH er en hjelm, der stopper pistolskud og giver p\u00e5lidelig beskyttelse mod affald og faldende affald. Det lave snit giver bedre d\u00e6kning p\u00e5 begge sider af hovedet end over-ear hjelme. Disse hjelme kommer ogs\u00e5 med \u00f8rekopper til at rumme hovedtelefoner og andet kommunikationsudstyr.<\/p>\n<hr \/>\n<p><strong>Forsvarsklasse:<\/strong><\/p>\n<p>Denne skudsikre hjelm er en NIJ Level IIIA skudsikker hjelm i henhold til NIJ 0101.06 standarden, og den tilsvarende testrapport kan leveres.<\/p>\n<p>Dette produkt kvalificerer sig ogs\u00e5 som en Enhanced Combat Helmet (ECH), n\u00e5r det bruges med en toppanserplade til \u00e6gte riffelbeskyttelse<\/p>\n<hr \/>\n<p><strong>Forsvarsprojektilparametre:<\/strong><\/p>\n<p>.44 Mag SJHP<br \/>\n.357 SIG FMJ FN<br \/>\n9 mm FMJ RN<br \/>\n.357 Mag JSP<br \/>\n.40 S&amp;W FMJ<\/p>\n<p>Giver ogs\u00e5 beskyttelse mod de fleste h\u00e5ndv\u00e5bentrusler s\u00e5vel som klasse IIA- og II-trusler<\/p>\n<hr \/>\n<p><strong>Parameter for skudsikker hjelm:<\/strong><br \/>\nNavn: NIJ lllA MICH2000 skudsikker hjelm<\/p>\n<p>Materiale: High Tensile Kevlar-DuPont Aramid Fiber<br \/>\nHovedomkreds: 52-60 cm (to-trins rygl\u00e6nsjustering og justerbar hagestrop)<br \/>\nForing: Flytbar skumforing med langsomt tilbageslag holder hjelmen komfortabel og forhindrer tr\u00e6thed og overophedning.<br \/>\nValgfrit tilbeh\u00f8r: skudsikker maske osv.<br \/>\nHjelmfarve: Lysebrun<br \/>\nMICH er en hjelm, der stopper pistolskud og giver p\u00e5lidelig beskyttelse mod affald og faldende affald.<br \/>\nvil reducere beskyttelsen.<\/p>\n<hr \/>\n<p><strong>&#8220;For personer:<\/strong><br \/>\nNIJ lllA Kevlar MICH2000 ballistisk hjelm h\u00e5ndterer trusler med pistoler og granatsplinter med st\u00f8rre fastg\u00f8relseskapacitet for en lettere, mere komfortabel pasform. Denne hjelm er velegnet til alle typer brugere. Personale fra agenturer som milit\u00e6ret, politiet, SWAT, intern sikkerhed, told og gr\u00e6nsevagter kan udstyres med forbedrede kampkapaciteter. Det er ogs\u00e5 et godt valg til hjemmebeskyttelse og cosplay.<\/p>\n<hr \/>\n<p>Hvis du \u00f8nsker at k\u00f8be vores produkter eller har sp\u00f8rgsm\u00e5l til vores produkter;<br \/>\nHvis du har behov for tilpasning;<br \/>\nVenligst (<a href=\"http:\/\/tyditiao.com\/en\/contact\/\">kontakt os<\/a>) med det samme, vi vil svare dig inden for 1 arbejdsdag<\/p>\n","protected":false},"excerpt":{"rendered":"<p>Stort beskyttelsesomr\u00e5de: Beskyttelsesomr\u00e5det er st\u00f8rre end det for traditionelle skudsikre hjelme, hvilket giver god beskyttelse til \u00f8redelen<\/p>\n<p>God kvalitet: Lavet af h\u00f8jkvalitets DuPont Kevlar Aramid fiber, varmebestandig og ikke let deformeret<\/p>\n<p>God ballistisk ydeevne: NIJ niveau IIIA<\/p>\n<p>Bl\u00e6kspruttesystem og venstre og h\u00f8jre skinnes\u00e6t giver dig mulighed for at installere s\u00e6t headset, pistollys, kamera, blitzliste, nattesyn, GoPro kamera, NVG briller<\/p>\n<p>God opgraderingsydelse: opgraderbar iltmaske, hjelm, sideskjold, pansret sideskjold, beskyttelsesskjold, hjelmbetr\u00e6k<\/p>\n","protected":false},"featured_media":10190,"comment_status":"open","ping_status":"closed","template":"","meta":[],"product_brand":[],"product_cat":[794,647],"product_tag":[],"woo-feed-brand":[50],"class_list":{"0":"post-14286","1":"product","2":"type-product","3":"status-publish","4":"has-post-thumbnail","6":"product_cat-mich2000-da","7":"product_cat-skudsikker-hjelm","8":"woo-feed-brand-tyditiao","10":"first","11":"instock","12":"sale","13":"shipping-taxable","14":"purchasable","15":"product-type-simple"},"_links":{"self":[{"href":"https:\/\/tyditiao.com\/da\/wp-json\/wp\/v2\/product\/14286","targetHints":{"allow":["GET"]}}],"collection":[{"href":"https:\/\/tyditiao.com\/da\/wp-json\/wp\/v2\/product"}],"about":[{"href":"https:\/\/tyditiao.com\/da\/wp-json\/wp\/v2\/types\/product"}],"replies":[{"embeddable":true,"href":"https:\/\/tyditiao.com\/da\/wp-json\/wp\/v2\/comments?post=14286"}],"wp:featuredmedia":[{"embeddable":true,"href":"https:\/\/tyditiao.com\/da\/wp-json\/wp\/v2\/media\/10190"}],"wp:attachment":[{"href":"https:\/\/tyditiao.com\/da\/wp-json\/wp\/v2\/media?parent=14286"}],"wp:term":[{"taxonomy":"product_brand","embeddable":true,"href":"https:\/\/tyditiao.com\/da\/wp-json\/wp\/v2\/product_brand?post=14286"},{"taxonomy":"product_cat","embeddable":true,"href":"https:\/\/tyditiao.com\/da\/wp-json\/wp\/v2\/product_cat?post=14286"},{"taxonomy":"product_tag","embeddable":true,"href":"https:\/\/tyditiao.com\/da\/wp-json\/wp\/v2\/product_tag?post=14286"},{"taxonomy":"woo-feed-brand","embeddable":true,"href":"https:\/\/tyditiao.com\/da\/wp-json\/wp\/v2\/woo-feed-brand?post=14286"}],"curies":[{"name":"wp","href":"https:\/\/api.w.org\/{rel}","templated":true}]}}