{"id":14301,"date":"2022-06-13T03:50:24","date_gmt":"2022-06-13T01:50:24","guid":{"rendered":"http:\/\/tyditiao.com\/product\/klasse-iiia-taktisk-gear-militaer-skudsikker-hjelm-sort\/"},"modified":"2026-03-17T13:18:06","modified_gmt":"2026-03-17T11:18:06","slug":"mich2000-skudsikker-hjelm-kevlar-niveau-3-sort","status":"publish","type":"product","link":"https:\/\/tyditiao.com\/da\/vare\/mich2000-skudsikker-hjelm-kevlar-niveau-3-sort\/","title":{"rendered":"Klasse IIIA taktisk gear, milit\u00e6r skudsikker hjelm, sort"},"content":{"rendered":"<p><strong>Forsvarsklasse:<\/strong><br \/>\nDenne skudsikre hjelm er en NIJ Level IIIA skudsikker hjelm i henhold til NIJ 0101.06 standarden, og den tilsvarende testrapport kan leveres.<\/p>\n<hr \/>\n<p><strong>Forsvarsprojektilparametre:<\/strong><br \/>\n.44 Mag SJHP<br \/>\n.357 SIG FMJ FN<br \/>\n9 mm FMJ RN<br \/>\n.357 Mag JSP<br \/>\n.40 S&amp;W FMJ<\/p>\n<p>Giver ogs\u00e5 beskyttelse mod de fleste h\u00e5ndv\u00e5bentrusler s\u00e5vel som klasse IIA- og II-trusler<\/p>\n<hr \/>\n<p><strong>Parameter for skudsikker hjelm:<\/strong><br \/>\nNavn: NIJ lllA MICH2000 skudsikker hjelm<\/p>\n<p>Materiale: High Tensile Kevlar-DuPont Aramid Fiber<br \/>\nHovedomkreds: 52-60 cm<br \/>\nForing: Flytbar skumforing med langsom tilbageslag holder hjelmen komfortabel og forhindrer tr\u00e6thed og overophedning.<br \/>\nValgfrit tilbeh\u00f8r: iltmaske, ansigtssk\u00e6rm, sideskjold, pansersideskjold, skjold, hjelmbetr\u00e6k, skudsikker maske osv.<br \/>\nHjelm farve: Sort<br \/>\nMICH er en hjelm, der stopper pistolskud og giver p\u00e5lidelig beskyttelse mod affald og faldende affald.<br \/>\nvil reducere beskyttelsen.<\/p>\n<hr \/>\n<p><strong>&#8220;For personer:<\/strong><br \/>\nNIJ lllA Kevlar MICH2000 ballistisk hjelm h\u00e5ndterer trusler med pistoler og granatsplinter med st\u00f8rre fastg\u00f8relseskapacitet for en lettere, mere komfortabel pasform. Denne hjelm er velegnet til alle typer brugere. Personale fra agenturer som milit\u00e6r, politi, SWAT, intern sikkerhed, told og gr\u00e6nsevagter kan udstyres med forbedrede kampkapaciteter. Det er ogs\u00e5 et godt valg til hjemmebeskyttelse og cosplay.<\/p>\n<hr \/>\n<p><strong>Hvad er MICH2000 Kevlar milit\u00e6rhjelm?<\/strong><br \/>\nModular Integrated Communications Helmet (MICH) er en amerikansk kamphjelm og en af flere hjelme, der bruges af det amerikanske milit\u00e6r. Den blev udviklet af U.S. Army Soldier Systems Systems Center som n\u00e6ste generations beskyttende kamphjelm, der bruges af det amerikanske milit\u00e6r. Hoved\u00e5rsagen til at udvikle MICH var at erstatte de beskyttende, men tunge PASGT&#8217;er, da de var lettere, mere komfortable, passede bedre og var lettere at installere tilbeh\u00f8r, is\u00e6r nattesynsudstyr og kommunikationsheadset. For\u00e5rsager ikke un\u00f8dig belastning p\u00e5 nakken. Oprindeligt blev det n\u00e6sten udelukkende brugt af SOCOM og nogle n\u00e6rt besl\u00e6gtede enheder. Til dato har MICH og dens derivater, Advanced Combat Helmet og Modified Combat Helmet, fuldst\u00e6ndig erstattet PASGT i aktiv US Army-tjeneste og bruges, i det mindste til en vis grad, i alle US Army-divisioner.<\/p>\n<hr \/>\n<p><strong>Funktioner ved MICH2000 Kevlar-hjelmen:<\/strong><br \/>\nV\u00e6gten af MICH er cirka 1,6 kg. MICH er ogs\u00e5 lidt mindre end PASGT, har 8 % mindre r\u00e6kkevidde, bruger nye, mere avancerede Kevlar-fibre og tilbyder bedre pistol- og projektilbeskyttelse. Et st\u00f8dd\u00e6mpningssystem og firepunkts fastg\u00f8relsessystem, der ligner beskyttere og stropper p\u00e5 skateboards, cykelhjelme og vandhjelme, erstatter nylonsnoroph\u00e6ngssystemet, svedb\u00e5ndet og hageremmen, som findes p\u00e5 PASGT-hjelme. Denne \u00e6ndring giver brugeren st\u00f8rre beskyttelse mod st\u00f8d og komfort. Den har et frontmonteringsbeslag til nattesynsbriller (s\u00e5som AN\/PVS-14 eller AN\/PVS-15), svarende til det p\u00e5 PASGT-hjelmen. Den har ogs\u00e5 et par stropper p\u00e5 bagsiden til fastg\u00f8relse af sikkerhedsbriller, samt et stofhjelmbetr\u00e6k i forskellige camouflagem\u00f8nstre. I mods\u00e6tning til en &#8220;buet&#8221; kontur handler PASGT prim\u00e6rt om at fjerne brynene og h\u00e6ve siderne til et &#8220;fladt&#8221; punkt p\u00e5 den nederste kant bag tindingerne. Dette reducerer v\u00e6gten noget og giver mulighed for bedre situationsfornemmelse og f\u00e6rre forhindringer i brugerens synsfelt, is\u00e6r n\u00e5r det kombineres med interceptor skudsikre veste. Soldater har tidligere klaget over, at den h\u00f8je aflytningskrave og to-punkts hageremmen skubber bagsiden af PASGT-hjelmen frem, og n\u00e5r de fors\u00f8ger at skyde fra liggende stilling, glider kanten af hjelmen forbi deres \u00f8jne, hvilket i MICH, har en indsn\u00e6vret Contoured og firepunkts hagerem.<\/p>\n<hr \/>\n<p><strong>Hvilken er mere popul\u00e6r, MICH2000 eller FAST taktisk ballistisk hjelm?<\/strong><br \/>\nMICH2000 har en st\u00f8rre beskyttende overflade, hvilket er mere fordelagtigt, hvis du ikke planl\u00e6gger at installere meget tilbeh\u00f8r. Hvis du planl\u00e6gger at v\u00e6lge meget udstyr, s\u00e5som (if\u00f8rt lommelygte, st\u00f8jreducerende h\u00f8retelefoner og kommunikationsudstyr, nattesynsbriller eller videoudstyr osv.), anbefales det at v\u00e6lge FAST, fordi det ikke bliver for tungt , vil det l\u00e6gge pres p\u00e5 nakken, hvilket indirekte vil p\u00e5virke aktivitetsevnen.<\/p>\n<hr \/>\n<p><strong>MICH2000 milit\u00e6rhjelm pris<\/strong><br \/>\nDette er vores taktiske sikkerhedshjelm butik, k\u00f8b venligst direkte fra vores hjemmeside, du kan f\u00e5 15% rabat p\u00e5 den originale pris<\/p>\n<hr \/>\n<p>Hvis du \u00f8nsker at k\u00f8be vores produkter eller har sp\u00f8rgsm\u00e5l til vores produkter;<br \/>\nHvis du har behov for tilpasning;<br \/>\nVenligst (<a href=\"http:\/\/tyditiao.com\/en\/contact\/\">kontakt os<\/a>) med det samme, vi vil svare dig inden for 1 arbejdsdag<\/p>\n","protected":false},"excerpt":{"rendered":"<p>Lavet af h\u00f8jstyrke DuPont Kevlar Aramid fiber, varmebestandig og ikke let at deformere<\/p>\n<p>NIJ niveau IIIA<\/p>\n<p>Justeringssystem for hovedomkreds, kan f\u00e5 hjelmen til at opn\u00e5 den ideelle b\u00e6reeffekt<\/p>\n<p>Panden er forst\u00e6rket med elastiske stropper p\u00e5 siderne af bl\u00e6ksprutten (nederst p\u00e5 nattesynsstativet) for at fastg\u00f8re spejle, kameraer, nattesynsbriller og andre enheder<\/p>\n<p>Udstyret med skinner, kraftigere tilbeh\u00f8rsmontering, kan udstyres med st\u00e6rkt lyssystem og beacon identifikationslys, kan ogs\u00e5 udstyres med h\u00f8rev\u00e6rn<\/p>\n","protected":false},"featured_media":11387,"comment_status":"open","ping_status":"closed","template":"","meta":[],"product_brand":[],"product_cat":[794,647],"product_tag":[],"woo-feed-brand":[50],"class_list":{"0":"post-14301","1":"product","2":"type-product","3":"status-publish","4":"has-post-thumbnail","6":"product_cat-mich2000-da","7":"product_cat-skudsikker-hjelm","8":"woo-feed-brand-tyditiao","10":"first","11":"instock","12":"sale","13":"shipping-taxable","14":"purchasable","15":"product-type-simple"},"_links":{"self":[{"href":"https:\/\/tyditiao.com\/da\/wp-json\/wp\/v2\/product\/14301","targetHints":{"allow":["GET"]}}],"collection":[{"href":"https:\/\/tyditiao.com\/da\/wp-json\/wp\/v2\/product"}],"about":[{"href":"https:\/\/tyditiao.com\/da\/wp-json\/wp\/v2\/types\/product"}],"replies":[{"embeddable":true,"href":"https:\/\/tyditiao.com\/da\/wp-json\/wp\/v2\/comments?post=14301"}],"wp:featuredmedia":[{"embeddable":true,"href":"https:\/\/tyditiao.com\/da\/wp-json\/wp\/v2\/media\/11387"}],"wp:attachment":[{"href":"https:\/\/tyditiao.com\/da\/wp-json\/wp\/v2\/media?parent=14301"}],"wp:term":[{"taxonomy":"product_brand","embeddable":true,"href":"https:\/\/tyditiao.com\/da\/wp-json\/wp\/v2\/product_brand?post=14301"},{"taxonomy":"product_cat","embeddable":true,"href":"https:\/\/tyditiao.com\/da\/wp-json\/wp\/v2\/product_cat?post=14301"},{"taxonomy":"product_tag","embeddable":true,"href":"https:\/\/tyditiao.com\/da\/wp-json\/wp\/v2\/product_tag?post=14301"},{"taxonomy":"woo-feed-brand","embeddable":true,"href":"https:\/\/tyditiao.com\/da\/wp-json\/wp\/v2\/woo-feed-brand?post=14301"}],"curies":[{"name":"wp","href":"https:\/\/api.w.org\/{rel}","templated":true}]}}