{"id":16807,"date":"2025-04-17T09:25:14","date_gmt":"2025-04-17T07:25:14","guid":{"rendered":"https:\/\/tyditiao.com\/product\/hurtig-ballistisk-hjelm-med-wendys-zorbium-liner-og-cam-fit-affjedringssystem-nij-iiia-beskyttelsesniveau\/"},"modified":"2025-04-21T14:09:23","modified_gmt":"2025-04-21T12:09:23","slug":"hurtig-ballistisk-hjelm-med-wendys-zorbium-liner-og-cam-fit-affjedringssystem-nij-iiia-beskyttelsesniveau","status":"publish","type":"product","link":"https:\/\/tyditiao.com\/da\/vare\/hurtig-ballistisk-hjelm-med-wendys-zorbium-liner-og-cam-fit-affjedringssystem-nij-iiia-beskyttelsesniveau\/","title":{"rendered":"HURTIG ballistisk hjelm, med Wendys Zorbium liner og CAM FIT affjedringssystem, NIJ IIIA beskyttelsesniveau"},"content":{"rendered":"<p><strong>S\u00e6rlige bem\u00e6rkninger:<\/strong><\/p>\n<p>Dette er vores nye flagskibsmodel, der kombinerer h\u00e5ndv\u00e6rk af h\u00f8j kvalitet med den h\u00f8jeste komfort. Medmindre andet er angivet, er standardkonfigurationen som f\u00f8lger: st\u00f8rrelse L, gr\u00f8n, FAST skudsikker hjelm med Zorbium skumforing og CAM FIT affjedringssystem, NIJ IIIA beskyttelsesniveau. Derudover tilbyder vi en bred vifte af farver (gr\u00f8n, sand, sort) og st\u00f8rrelser (S, M, L, XL) at v\u00e6lge imellem.<\/p>\n<p>Uanset hvor du er, kan du afgive din ordre direkte via dette link og foretage dit k\u00f8b uden problemer. Du skal blot angive den st\u00f8rrelse og farve du skal bruge i ordrebem\u00e6rkningerne (f.eks.: XL-sort), s\u00e5 modtager du dit dr\u00f8mmeudstyr. Vi vil ikke opkr\u00e6ve yderligere gebyrer for at v\u00e6lge andre farver og st\u00f8rrelser.<\/p>\n<hr \/>\n<p><strong>Forsvarsniveau:<\/strong><\/p>\n<p>Denne skudsikre hjelm er en NIJ Level IIIA skudsikker hjelm i henhold til NIJ 0101.06 standarden, Relevante testrapporter kan leveres.<\/p>\n<hr \/>\n<p><strong>Defensive projektilparametre:<\/strong><\/p>\n<p>.44 Mag SJHP<br \/>\n.357 SIG FMJ FN<br \/>\n9mm FMJ RN<br \/>\n.357 Mag JSP<br \/>\n.40 S&amp;W FMJ<\/p>\n<p>Det giver ogs\u00e5 beskyttelse mod de fleste skydev\u00e5bentrusler, s\u00e5vel som klasse IIA og II trusler.<\/p>\n<hr \/>\n<p><strong>Parametre for skudsikker hjelm:<\/strong><\/p>\n<p>Navn: NIJ lllA FAST milit\u00e6r skudsikker taktisk hjelm lavet af Kevlar med Wendy Zorbium skumforing + CAM FIT affjedringssystem<\/p>\n<p>Materiale: DuPont Kevlar-aramidfiber med h\u00f8j styrke<br \/>\nSt\u00f8rrelse: S, M, L, XL<br \/>\nFarve: gr\u00f8n, sand, sort<br \/>\nValgfrit tilbeh\u00f8r: skudsikker maske osv.<br \/>\nGarantiperiode: 5 \u00e5rs garantiperiode kan have tilstr\u00e6kkelig beskyttelsesevne, men hvis den overskrider garantiperioden<br \/>\nLivskvalitet vil reducere evnen til at beskytte.<\/p>\n<p>&nbsp;<\/p>\n<hr \/>\n<p><strong>Detaljer og st\u00f8rrelsessammenligning af skudsikre hjelme:<\/strong><\/p>\n<p>&nbsp;<\/p>\n<table style=\"border-collapse: collapse;\" border=\"1\" cellspacing=\"0\" cellpadding=\"5\">\n<thead>\n<tr>\n<th>Ballistic hjelm hjelm str<\/th>\n<th>S<\/th>\n<th>M<\/th>\n<th>L<\/th>\n<th>XL<\/th>\n<\/tr>\n<\/thead>\n<tbody>\n<tr>\n<td>Bel\u00e6gningstykkelse<\/td>\n<td>9.5<\/td>\n<td>9.5<\/td>\n<td>10 (9.5)<\/td>\n<td>10 (9.5)<\/td>\n<\/tr>\n<tr>\n<td>Beskyttelsesniveau<\/td>\n<td>3A.44<\/td>\n<td>3A.44<\/td>\n<td>3A.44<\/td>\n<td>3A.44<\/td>\n<\/tr>\n<tr>\n<td>Lang akse (lang akse\/mm)<\/td>\n<td>235<\/td>\n<td>240<\/td>\n<td>247<\/td>\n<td>263<\/td>\n<\/tr>\n<tr>\n<td>Kort akse (mindre akse\/mm)<\/td>\n<td>182<\/td>\n<td>185<\/td>\n<td>193<\/td>\n<td>205<\/td>\n<\/tr>\n<tr>\n<td>Indvendig H\u00f8jde\/mm<\/td>\n<td>146<\/td>\n<td>153<\/td>\n<td>158<\/td>\n<td>161<\/td>\n<\/tr>\n<tr>\n<td>Hovedomkreds (med s\u00f8m)<\/td>\n<td>53-59<\/td>\n<td>53-59<\/td>\n<td>56-59<\/td>\n<td>58-62<\/td>\n<\/tr>\n<tr>\n<td>Standardv\u00e6gt (v\u00e6gt\/kg)<\/td>\n<td>1.24<\/td>\n<td>1.29<\/td>\n<td>1.32<\/td>\n<td>1.42<\/td>\n<\/tr>\n<tr>\n<td>V\u00e6gtafvigelse\/Kg<\/td>\n<td>0.05<\/td>\n<td>0.05<\/td>\n<td>0.05<\/td>\n<td>0.05<\/td>\n<\/tr>\n<tr>\n<td>Kassev\u00e6gt\/KG<\/td>\n<td>2<\/td>\n<td>2<\/td>\n<td>2<\/td>\n<td>2.1<\/td>\n<\/tr>\n<\/tbody>\n<\/table>\n","protected":false},"excerpt":{"rendered":"<p>Kombinationen af \u200b\u200bfordelene ved den FAST ballistiske hjelm og Wendy-hjelmen giver fremragende komfort og beskyttelse, s\u00e5 du kan bevare fuld mobilitet og sikkerhed under enhver opgave.<\/p>\n<p>Let og behageligt design: FAST-hjelmen med sit moderne letv\u00e6gtsdesign reducerer v\u00e6gten til et minimum, hvilket g\u00f8r den ideel til langvarig brug under kr\u00e6vende forhold. Giver enest\u00e5ende komfort, selv under intense aktiviteter.<\/p>\n<p>Pr\u00e6cisionsoph\u00e6ngningssystem: Zorbium-indsats og CAM FIT-oph\u00e6ngssystem giver mulighed for pr\u00e6cis justering til hovedets form, hvilket giver en stabil, bl\u00f8d og behagelig pasform, som garanterer komfort, n\u00e5r den b\u00e6res i l\u00e6ngere perioder.<\/p>\n<p>Der er ikke behov for selvmontering, hvilket giver dig mulighed for at spare tid og kr\u00e6fter og straks nyde komplet taktisk udstyr.<\/p>\n","protected":false},"featured_media":16556,"comment_status":"open","ping_status":"closed","template":"","meta":[],"product_brand":[],"product_cat":[613,812,647],"product_tag":[],"woo-feed-brand":[50],"class_list":{"0":"post-16807","1":"product","2":"type-product","3":"status-publish","4":"has-post-thumbnail","6":"product_cat-ballistisk-maske-da","7":"product_cat-hurtig","8":"product_cat-skudsikker-hjelm","9":"woo-feed-brand-tyditiao","11":"first","12":"instock","13":"sale","14":"shipping-taxable","15":"purchasable","16":"product-type-simple"},"_links":{"self":[{"href":"https:\/\/tyditiao.com\/da\/wp-json\/wp\/v2\/product\/16807","targetHints":{"allow":["GET"]}}],"collection":[{"href":"https:\/\/tyditiao.com\/da\/wp-json\/wp\/v2\/product"}],"about":[{"href":"https:\/\/tyditiao.com\/da\/wp-json\/wp\/v2\/types\/product"}],"replies":[{"embeddable":true,"href":"https:\/\/tyditiao.com\/da\/wp-json\/wp\/v2\/comments?post=16807"}],"wp:featuredmedia":[{"embeddable":true,"href":"https:\/\/tyditiao.com\/da\/wp-json\/wp\/v2\/media\/16556"}],"wp:attachment":[{"href":"https:\/\/tyditiao.com\/da\/wp-json\/wp\/v2\/media?parent=16807"}],"wp:term":[{"taxonomy":"product_brand","embeddable":true,"href":"https:\/\/tyditiao.com\/da\/wp-json\/wp\/v2\/product_brand?post=16807"},{"taxonomy":"product_cat","embeddable":true,"href":"https:\/\/tyditiao.com\/da\/wp-json\/wp\/v2\/product_cat?post=16807"},{"taxonomy":"product_tag","embeddable":true,"href":"https:\/\/tyditiao.com\/da\/wp-json\/wp\/v2\/product_tag?post=16807"},{"taxonomy":"woo-feed-brand","embeddable":true,"href":"https:\/\/tyditiao.com\/da\/wp-json\/wp\/v2\/woo-feed-brand?post=16807"}],"curies":[{"name":"wp","href":"https:\/\/api.w.org\/{rel}","templated":true}]}}