{"id":16808,"date":"2025-04-17T11:28:35","date_gmt":"2025-04-17T09:28:35","guid":{"rendered":"https:\/\/tyditiao.com\/product\/ballistisk-hjelm-med-ansigtsskaerm-og-hagebeskytter-tdtm-3-fuld-nij-iiia-beskyttelse-ideel-til-ekstreme-taktiske-forhold\/"},"modified":"2025-04-20T08:32:52","modified_gmt":"2025-04-20T06:32:52","slug":"ballistisk-hjelm-med-ansigtsskaerm-og-hagebeskytter-tdtm-3-fuld-nij-iiia-beskyttelse-ideel-til-ekstreme-taktiske-forhold","status":"publish","type":"product","link":"https:\/\/tyditiao.com\/da\/vare\/ballistisk-hjelm-med-ansigtsskaerm-og-hagebeskytter-tdtm-3-fuld-nij-iiia-beskyttelse-ideel-til-ekstreme-taktiske-forhold\/","title":{"rendered":"ballistisk hjelm med ansigtssk\u00e6rm og hagebeskytter, TDTM-3, fuld NIJ IIIA beskyttelse, ideel til ekstreme taktiske forhold"},"content":{"rendered":"<p>H\u00f8jstyrke skudsikkert glas: H\u00f8jkvalitets skudsikkert glas giver effektiv beskyttelse til dit ansigt i tilf\u00e6lde af en eksplosion eller sammenst\u00f8d, samtidig med at det sikrer fremragende synlighed.<\/p>\n<p>Jaw Guard Module: Et modul designet specifikt til at beskytte k\u00e6beomr\u00e5det, der giver ekstra beskyttelse til hagen og beskytter mod skader under taktiske operationer.<\/p>\n<p>Komfortabelt justeringssystem: Udstyret med et justerbart affjedringssystem og high-density memory foam polstring, der giver d\u00e6mpning, absorberer fugt og sved og reducerer tr\u00e6thed under l\u00e6ngere tids brug. Tilg\u00e6ngeligheden af \u200b\u200bforskellige st\u00f8rrelser (S, M, L, XL) garanterer en behagelig pasform til hovedets form. <\/p>\n<p>Montering af taktisk tilbeh\u00f8r: Hjelmen har flere monteringspunkter, der giver mulighed for hurtig installation af nattesyn, kommunikationsudstyr og andet taktisk tilbeh\u00f8r, der opfylder kravene til specialiserede kampoperationer.<\/p>\n<p><strong>S\u00e6rlige bem\u00e6rkninger:<\/strong><\/p>\n<p>Denne ballistiske hjelm i NIJ IIIA klasse giver omfattende hovedbeskyttelse under taktiske operationer. Det var specielt designet til at sikre soldaters sikkerhed under ekstreme forhold. Uanset om det er skudsikre glas i ansigtet eller skudsikre moduler p\u00e5 k\u00e6ben, giver de uovertruffen beskyttelse mod granatsplinter, fragmenter og st\u00f8dskader. Det gennemt\u00e6nkte design og komfortjusteringssystem garanterer maksimal komfort under langvarig kamp. Uanset om det er p\u00e5 slagmarken, en retsh\u00e5ndh\u00e6velsesoperation eller et tr\u00e6ningsmilj\u00f8, kan vi give dig solid st\u00f8tte.    <\/p>\n<p>Hvis der ikke er nogen speciel bem\u00e6rkning, er standardkonfigurationen: st\u00f8rrelse L, farve gr\u00f8n. Derudover tilbyder vi en bred vifte af farver (sand\/sort\/gr\u00f8n\/MC camouflage\/ulvebrun) og st\u00f8rrelser (S, M, L, XL) at v\u00e6lge imellem. <\/p>\n<p>Uanset hvor du er, kan du afgive din ordre direkte via dette link og foretage dit k\u00f8b uden problemer. Du skal blot angive den st\u00f8rrelse og farve du skal bruge i ordrebem\u00e6rkningerne (f.eks.: XL-sort), s\u00e5 modtager du dit dr\u00f8mmeudstyr. Vi vil ikke opkr\u00e6ve yderligere gebyrer for at v\u00e6lge andre farver og st\u00f8rrelser.  <\/p>\n<hr>\n<p><strong>Ang\u00e5ende scenarier:<\/strong><\/p>\n<p>Specialoperationsstyrker<br \/>\nH\u00e5ndh\u00e6velse i h\u00f8jrisikomilj\u00f8er<br \/>\nUdend\u00f8rs taktisk sport og skydetr\u00e6ning<br \/>\nRednings- og opt\u00f8jskontrolmissioner<\/p>\n<hr>\n<p><strong>Defensive projektilparametre:<\/strong><\/p>\n<p>.44 Mag SJHP<br \/>\n.357 SIG FMJ FN<br \/>\n9mm FMJ RN<br \/>\n.357 Mag JSP<br \/>\n.40 S&amp;W FMJ<\/p>\n<p>Det giver ogs\u00e5 beskyttelse mod de fleste skydev\u00e5bentrusler, s\u00e5vel som klasse IIA og II trusler.<\/p>\n<hr>\n<p><strong>parameter:<\/strong><\/p>\n<p>Hjelmmodel: TDTM-3<br \/>\nMateriale: Hjelm og mundbeskytter er lavet af UHMWPE<br \/>\nV\u00e6gt: ca. 2,8 kg (skudsikker hjelm + skudsikker maske + mundbeskytter)<br \/>\nSt\u00f8rrelse: S (53-59 cm), M (53-59 cm), L (56-59 cm), L (58-62 cm)<br \/>\nFarve: Sort\/Gr\u00f8n\/MC Camo\/Wolf Brown<br \/>\nStruktur: Hjelm krops- og ansigtsbeskyttelseskomponenter (aftagelig)<br \/>\nBeskyttelsesomr\u00e5de: hjelm krop \u2265 0,125 mm, beskyttelsesbriller \u2265 0,025 m, pande \u2265 0,04 m<\/p>\n<p>&nbsp;<\/p>\n","protected":false},"excerpt":{"rendered":"<p>Omfattende beskyttelse: Kombinerer et skudsikkert ansigtsskjold og et k\u00e6bebeskyttelsesmodul for at give 360 \u200b\u200bgraders beskyttelse til hele hovedet, hvilket sikrer fuldst\u00e6ndig sikkerhed i h\u00f8jrisikomilj\u00f8er.<\/p>\n<p>Optimeret tyngdepunkt, stabil pasform: Den pr\u00e6cist designede hjelmstruktur sikrer en rationel fordeling af tyngdepunktet, hvilket eliminerer st\u00f8d ved l\u00f8b eller hop. Dette giver dig mulighed for at bevare fleksibilitet og frihed, n\u00e5r du sigter i st\u00e5ende stilling, skyder, udf\u00f8rer taktiske man\u00f8vrer og andre aktiviteter. Den samlede v\u00e6gt er reduceret til det maksimalt mulige niveau, samtidig med at fuld beskyttelse bevares.  <\/p>\n<p>NIJ IIIA-beskyttelsesstandard: Opfylder NIJ IIIA-standarder og beskytter effektivt mod angreb med lav til middel trussel s\u00e5som pistolkugler og granatsplinter, hvilket forbedrer den taktiske sikkerhed.<\/p>\n","protected":false},"featured_media":16749,"comment_status":"open","ping_status":"closed","template":"","meta":[],"product_brand":[],"product_cat":[613,647],"product_tag":[],"woo-feed-brand":[50],"class_list":{"0":"post-16808","1":"product","2":"type-product","3":"status-publish","4":"has-post-thumbnail","6":"product_cat-ballistisk-maske-da","7":"product_cat-skudsikker-hjelm","8":"woo-feed-brand-tyditiao","10":"first","11":"instock","12":"sale","13":"shipping-taxable","14":"purchasable","15":"product-type-simple"},"_links":{"self":[{"href":"https:\/\/tyditiao.com\/da\/wp-json\/wp\/v2\/product\/16808","targetHints":{"allow":["GET"]}}],"collection":[{"href":"https:\/\/tyditiao.com\/da\/wp-json\/wp\/v2\/product"}],"about":[{"href":"https:\/\/tyditiao.com\/da\/wp-json\/wp\/v2\/types\/product"}],"replies":[{"embeddable":true,"href":"https:\/\/tyditiao.com\/da\/wp-json\/wp\/v2\/comments?post=16808"}],"wp:featuredmedia":[{"embeddable":true,"href":"https:\/\/tyditiao.com\/da\/wp-json\/wp\/v2\/media\/16749"}],"wp:attachment":[{"href":"https:\/\/tyditiao.com\/da\/wp-json\/wp\/v2\/media?parent=16808"}],"wp:term":[{"taxonomy":"product_brand","embeddable":true,"href":"https:\/\/tyditiao.com\/da\/wp-json\/wp\/v2\/product_brand?post=16808"},{"taxonomy":"product_cat","embeddable":true,"href":"https:\/\/tyditiao.com\/da\/wp-json\/wp\/v2\/product_cat?post=16808"},{"taxonomy":"product_tag","embeddable":true,"href":"https:\/\/tyditiao.com\/da\/wp-json\/wp\/v2\/product_tag?post=16808"},{"taxonomy":"woo-feed-brand","embeddable":true,"href":"https:\/\/tyditiao.com\/da\/wp-json\/wp\/v2\/woo-feed-brand?post=16808"}],"curies":[{"name":"wp","href":"https:\/\/api.w.org\/{rel}","templated":true}]}}