{"id":3766,"date":"2022-08-18T08:57:22","date_gmt":"2022-08-18T08:57:22","guid":{"rendered":"http:\/\/tyditiao.com\/home\/"},"modified":"2025-01-04T16:01:29","modified_gmt":"2025-01-04T14:01:29","slug":"home","status":"publish","type":"page","link":"https:\/\/tyditiao.com\/de\/","title":{"rendered":"Home"},"content":{"rendered":"\n<div class=\"wp-block-cover is-light\" style=\"min-height:240px;aspect-ratio:unset;\"><span aria-hidden=\"true\" class=\"wp-block-cover__background has-background-dim-20 has-background-dim\" style=\"background-color:#b7ad73\"><\/span><img loading=\"lazy\" decoding=\"async\" width=\"1401\" height=\"539\" class=\"wp-block-cover__image-background wp-image-1576\" alt=\"\" src=\"http:\/\/tyditiao.com\/wp-content\/uploads\/2022\/06\/2022-06-13_182159.png\" data-object-fit=\"cover\" srcset=\"https:\/\/tyditiao.com\/wp-content\/uploads\/2022\/06\/2022-06-13_182159.png 1401w, https:\/\/tyditiao.com\/wp-content\/uploads\/2022\/06\/2022-06-13_182159-600x231.png 600w, https:\/\/tyditiao.com\/wp-content\/uploads\/2022\/06\/2022-06-13_182159-300x115.png 300w, https:\/\/tyditiao.com\/wp-content\/uploads\/2022\/06\/2022-06-13_182159-1024x394.png 1024w, https:\/\/tyditiao.com\/wp-content\/uploads\/2022\/06\/2022-06-13_182159-768x295.png 768w, https:\/\/tyditiao.com\/wp-content\/uploads\/2022\/06\/2022-06-13_182159-1320x508.png 1320w\" sizes=\"auto, (max-width: 1401px) 100vw, 1401px\" \/><div class=\"wp-block-cover__inner-container is-layout-constrained wp-block-cover-is-layout-constrained\">\n<div class=\"wp-block-columns is-layout-flex wp-container-core-columns-is-layout-9d6595d7 wp-block-columns-is-layout-flex\">\n<div class=\"wp-block-column is-layout-flow wp-block-column-is-layout-flow\" style=\"flex-basis:25%\"><\/div>\n\n\n\n<div class=\"wp-block-column is-layout-flow wp-block-column-is-layout-flow\" style=\"flex-basis:50%\">\n<div style=\"height:20px\" aria-hidden=\"true\" class=\"wp-block-spacer\"><\/div>\n\n\n\n<p class=\"has-text-align-center custom-style has-text-color has-link-color has-large-font-size wp-elements-a15eba9f66ca11401a0f23cd8899d4fd\" style=\"color:#ffffff\">Wir sind spezialisiert auf die Herstellung und den Verkauf verschiedener Arten von taktischen ballistischen Milit\u00e4rhelmen<\/p>\n<\/div>\n\n\n\n<div class=\"wp-block-column is-layout-flow wp-block-column-is-layout-flow\" style=\"flex-basis:25%\"><\/div>\n<\/div>\n<\/div><\/div>\n\n<div style=\"height:50px\" aria-hidden=\"true\" class=\"wp-block-spacer\"><\/div>\n\n<div class=\"wp-block-columns is-layout-flex wp-container-core-columns-is-layout-9d6595d7 wp-block-columns-is-layout-flex\">\n<div class=\"wp-block-column is-layout-flow wp-block-column-is-layout-flow\" style=\"flex-basis:10%\"><\/div>\n\n\n\n<div class=\"wp-block-column is-layout-flow wp-block-column-is-layout-flow\">\n<h2 class=\"wp-block-heading has-text-align-center\">WIR VERKAUFEN BALLISTISCHE HELME<\/h2>\n\n\n\n<figure class=\"wp-block-gallery has-nested-images columns-4 is-cropped wp-block-gallery-1 is-layout-flex wp-block-gallery-is-layout-flex\">\n<figure class=\"wp-block-image size-medium\"><img decoding=\"async\" data-id=\"5154\" src=\"https:\/\/tyditiao.com\/wp-content\/uploads\/2022\/10\/&#x672A;&#x6807;&#x9898;-51-300x300.png\" alt=\"Taktische kugelsichere Weste f&#xFC;r den Au&#xDF;enbereich, ausgestattet mit einem kugelsicheren Panel-Display\" class=\"wp-image-5154\"\/><\/figure>\n\n\n<figure class=\"wp-block-image size-medium\"><img loading=\"lazy\" decoding=\"async\" width=\"300\" height=\"300\" data-id=\"1343\" src=\"http:\/\/tyditiao.com\/wp-content\/uploads\/2022\/06\/7-300x300.jpg\" alt=\"\" class=\"wp-image-1343\" srcset=\"https:\/\/tyditiao.com\/wp-content\/uploads\/2022\/06\/7-300x300.jpg 300w, https:\/\/tyditiao.com\/wp-content\/uploads\/2022\/06\/7-100x100.jpg 100w, https:\/\/tyditiao.com\/wp-content\/uploads\/2022\/06\/7-600x600.jpg 600w, https:\/\/tyditiao.com\/wp-content\/uploads\/2022\/06\/7-1024x1024.jpg 1024w, https:\/\/tyditiao.com\/wp-content\/uploads\/2022\/06\/7-150x150.jpg 150w, https:\/\/tyditiao.com\/wp-content\/uploads\/2022\/06\/7-768x768.jpg 768w, https:\/\/tyditiao.com\/wp-content\/uploads\/2022\/06\/7.jpg 1200w\" sizes=\"auto, (max-width: 300px) 100vw, 300px\" \/><\/figure>\n\n\n<figure class=\"wp-block-image size-medium\"><img decoding=\"async\" data-id=\"4955\" src=\"https:\/\/tyditiao.com\/wp-content\/uploads\/2022\/10\/&#x672A;&#x6807;&#x9898;-3-300x300.png\" alt=\"NIJ IIIA Full Face Tactical Ballistic Mask-Schema\" class=\"wp-image-4955\"\/><\/figure>\n\n\n<figure class=\"wp-block-image size-medium\"><img decoding=\"async\" data-id=\"5396\" src=\"https:\/\/tyditiao.com\/wp-content\/uploads\/2022\/10\/SICPE&#xFF0C;NIJ-Level-IV&#xFF0C;23MM&#xFF0C;2.5KG-300x300.png\" alt=\"SIC+PE, NIJ Level IV, 23 mm, 2,5 kg, kugelsicherer ballistischer Brustplatteneinsatz, 250 x 300 mm\" class=\"wp-image-5396\"\/><\/figure><\/figure>\n\n\n\n<div style=\"height:50px\" aria-hidden=\"true\" class=\"wp-block-spacer\"><\/div>\n\n\n\n<h2 class=\"wp-block-heading has-text-align-center\">FAQ<\/h2>\n\n\n\n<div style=\"height:30px\" aria-hidden=\"true\" class=\"wp-block-spacer\"><\/div>\n\n\n\n<div class=\"wp-block-columns is-layout-flex wp-container-core-columns-is-layout-9d6595d7 wp-block-columns-is-layout-flex\">\n<div class=\"wp-block-column is-layout-flow wp-block-column-is-layout-flow\">\n<h6 class=\"wp-block-heading\">Haben Sie eine physische Fabrik?<\/h6>\n\n\n\n<p>Ja!\nWir haben eine physische Fabrik und liefern 6 Jahre lang Gro\u00dfhandel f\u00fcr europ\u00e4ische und amerikanische Helmverk\u00e4ufer.\nWir versenden t\u00e4glich gro\u00dfe Mengen an Helmen in die ganze Welt, und dies ist unser Fabrikladen.  <\/p>\n<\/div>\n\n\n\n<div class=\"wp-block-column is-layout-flow wp-block-column-is-layout-flow\">\n<h6 class=\"wp-block-heading\">Gibt es einen Rabatt beim Kauf direkt ab Werk?<\/h6>\n\n\n\n<p>Nat\u00fcrlich k\u00f6nnen Sie bei einer Bestellung direkt \u00fcber unsere Fabrik-Website mehr als 20% gegen\u00fcber dem Verkaufspreis des H\u00e4ndlers sparen, da die mittleren Kosten eingespart werden.\nGleichzeitig beabsichtigen wir auch, den Endverbrauchern Gewinne zu bringen, um den Umfang unseres Einzelhandelsgesch\u00e4fts zu erweitern. <\/p>\n<\/div>\n<\/div>\n\n\n\n<div class=\"wp-block-columns is-layout-flex wp-container-core-columns-is-layout-9d6595d7 wp-block-columns-is-layout-flex\">\n<div class=\"wp-block-column is-layout-flow wp-block-column-is-layout-flow\">\n<h6 class=\"wp-block-heading\">Wie hoch sind die Versandkosten f\u00fcr einen Artikel? Wie schnell kann ich es bekommen?<\/h6>\n\n\n\n<p>FedEx-Geb\u00fchren sind in allen Helmpreisen enthalten, sodass Sie keine zus\u00e4tzlichen Versandkosten zahlen m\u00fcssen.\nFEDEX Express kann Ihren Helm innerhalb von 6-14 Werktagen zu Ihnen bringen, und Ihr \u00f6rtlicher Fedex-Versender wird Sie anrufen, sobald das Paket in Ihrer Stadt ankommt, und es direkt an Sie versenden. <\/p>\n<\/div>\n\n\n\n<div class=\"wp-block-column is-layout-flow wp-block-column-is-layout-flow\">\n<h6 class=\"wp-block-heading\">Von wo wird die Bestellung verschickt und bin ich sicher, dass ich sie erhalte?<\/h6>\n\n\n\n<p>Versand aus unserem Fabriklager in China, wir haben eine gro\u00dfe Anzahl von kugelsicheren Helmen in die Vereinigten Staaten, Polen, Deutschland, Japan und viele andere L\u00e4nder verkauft, wir senden Ihnen nach der Lieferung eine Sendungsverfolgungsnummer per Post, Sie k\u00f6nnen den Status des Produkts \u00fcberpr\u00fcfen jederzeit Versandstatus.<\/p>\n<\/div>\n<\/div>\n\n\n\n<div class=\"wp-block-columns is-layout-flex wp-container-core-columns-is-layout-9d6595d7 wp-block-columns-is-layout-flex\">\n<div class=\"wp-block-column is-layout-flow wp-block-column-is-layout-flow\">\n<h6 class=\"wp-block-heading\">Wie man eine Bestellung aufgibt und wie man bezahlt<\/h6>\n\n\n\n<p>Wir akzeptieren nur Zahlungen f\u00fcr Bestellungen \u00fcber Paypal und Western Union. Wenn Sie Paypal noch nicht haben, registrieren Sie sich hier auf www.paypal.com, um sicher \u00fcber Paypal zu kaufen und zu bezahlen. Wenn Sie sich f\u00fcr die Zahlung per Western Union entscheiden, kontaktieren Sie uns bitte, um die Zahlungsinformationen zu best\u00e4tigen.<\/p>\n<\/div>\n\n\n\n<div class=\"wp-block-column is-layout-flow wp-block-column-is-layout-flow\">\n<h6 class=\"wp-block-heading\">Ich muss mehrere Helme gleichzeitig kaufen, bekomme ich einen zus\u00e4tzlichen Rabatt?<\/h6>\n\n\n\n<p>Sollten Sie mehr als 5 Helme f\u00fcr den Eigenbedarf oder zum Verkauf ben\u00f6tigen, wenden Sie sich nat\u00fcrlich direkt an uns.\nSie erhalten bessere Preise als in unserem aktuellen Online-Shop.\nVerpassen Sie es nicht, denn es wird Ihnen viel Geld sparen.  <\/p>\n<\/div>\n<\/div>\n\n\n\n<div style=\"height:50px\" aria-hidden=\"true\" class=\"wp-block-spacer\"><\/div>\n\n\n\n<h2 class=\"wp-block-heading has-text-align-center\">Kostenloser Versand in alle Gebiete<\/h2>\n\n\n\n<h4 class=\"wp-block-heading has-text-align-center\">Lieferzone<\/h4>\n\n\n\n<p class=\"has-text-align-center\"><strong>Europa:<\/strong> Polen, Litauen, Deutschland, Niederlande, Ungarn, Vereinigtes K\u00f6nigreich, Frankreich, Italien, Spanien, \u00d6sterreich, Belgien, Luxemburg, Irland, Bulgarien, Kroatien, Tschechische Republik, Estland, Finnland, Lettland, Malta, Portugal, Rum\u00e4nien, Slowakei, Slowenien , Schweden, D\u00e4nemark, Griechenland, Schweiz, Norwegen, Zypern<\/p>\n\n\n\n<p class=\"has-text-align-center\"><strong>Asien:<\/strong> Taiwan, Macau, Hongkong, Singapur, Malaysia, Thailand, Vietnam, Philippinen, Israel, T\u00fcrkei, Korea, Japan, Bahrain, Saudi-Arabien, Libanon, Vereinigte Arabische Emirate<\/p>\n\n\n\n<p class=\"has-text-align-center\"><strong>Nordamerika:<\/strong> USA, Kanada, Mexiko<\/p>\n\n\n\n<p class=\"has-text-align-center\"><strong>S\u00fcdamerika:<\/strong> Brasilien, Chile, Kolumbien<\/p>\n\n\n\n<p class=\"has-text-align-center\"><strong>Ozeanien:<\/strong> Australien, Neuseeland<\/p>\n\n\n\n<p class=\"has-text-align-center\"><strong>Afrika:<\/strong> S\u00fcdafrika<\/p>\n\n\n\n<p class=\"has-text-align-center\"><strong>Neue Region:<\/strong> Ukraine (es gibt keinen Lieferservice im umstrittenen Gebiet und die Bestellung wird storniert)<\/p>\n\n\n\n<h4 class=\"wp-block-heading has-text-align-center\">Kostenloser Versand<\/h4>\n\n\n\n<p class=\"has-text-align-center\">Um den Umfang des Einzelhandelsmarktes zu erweitern, implementieren wir eine kostenlose Lieferrichtlinie f\u00fcr die oben genannten Liefergebiete, was bedeutet, dass Sie keine Versandkosten \u00fcber den Preis des Produkts hinaus zahlen m\u00fcssen.<\/p>\n\n\n\n<h4 class=\"wp-block-heading has-text-align-center\">Lieferzeit bestellen<\/h4>\n\n\n\n<p class=\"has-text-align-center\"><strong>Bestellvorbereitungszeit:<\/strong> innerhalb von 1-6 Werktagen nach Zahlungseingang (wir senden Ihnen die Frachtbriefnummer nach \u00dcbergabe des Pakets an das Kurierunternehmen)<\/p>\n\n\n\n<p class=\"has-text-align-center\"><strong>Expressversandzeit:<\/strong> 6-14 Werktage<\/p>\n\n\n\n<div style=\"height:50px\" aria-hidden=\"true\" class=\"wp-block-spacer\"><\/div>\n\n\n\n<h2 class=\"wp-block-heading has-text-align-center\">bezahlen<\/h2>\n\n\n\n<h4 class=\"wp-block-heading has-text-align-center\">Zahlungsmethoden<\/h4>\n\n\n\n<p class=\"has-text-align-center\">Rufen Sie die Checkout-Seite auf, um per PAYPAL im Voraus zu bezahlen, oder bezahlen Sie die Bestellung per Western Union.<\/p>\n\n\n\n<p class=\"has-text-align-center\"><strong>A. Gehen Sie zur Checkout-Seite und zahlen Sie per PAYPAL im Voraus<\/strong><br\/>1. Legen Sie das gew\u00fcnschte Produkt in Ihren Warenkorb<br\/>2. Klicken Sie auf die Warenkorb-Schaltfl\u00e4che in der oberen rechten Ecke, um die Produktmenge anzuzeigen und zu best\u00e4tigen<br\/>3. Klicken Sie auf die Schaltfl\u00e4che \u201eBestellen\u201c, um zur Checkout-Seite zu gelangen. Geben Sie Ihre Lieferadresse, E-Mail-Adresse und andere Informationen ein<br\/>4. Bezahlen Sie den Bestellbetrag per PayPal<br\/>5. Der Einkauf ist abgeschlossen und wir warten auf die Abholung der Ware<\/p>\n\n\n\n<p class=\"has-text-align-center\"><strong>B. Western Union-Zahlung f\u00fcr Ihre Bestellung<\/strong><br\/>1. F\u00fcr die Kommunikation per E-Mail sind Angaben wie Produkt und Menge sowie die Abholadresse erforderlich<br\/>2. \u00dcberweisung zur Bezahlung des Bestellbetrages<br\/>3. Der Einkauf ist abgeschlossen und wir warten auf die Abholung der Ware<\/p>\n\n\n\n<h4 class=\"wp-block-heading has-text-align-center\">W\u00e4hrung unterst\u00fctzen<\/h4>\n\n\n\n<p class=\"has-text-align-center\">Wir k\u00f6nnen jede der folgenden W\u00e4hrungen akzeptieren, sodass Sie beim Bezahlen die W\u00e4hrung ausw\u00e4hlen k\u00f6nnen, die am besten zu Ihnen passt<\/p>\n\n\n\n<p class=\"has-text-align-center\">Neuer Taiwan-Dollar (NT$) \u2013 TWD<br\/>Polnischer Zloty (PLN) &#8211; PLN<br\/>US-Dollar (US) ($) &#8211; USD<br\/>Pfund Sterling (\u00a3) &#8211; GBP<br\/>Euro (\u20ac) &#8211; EUR<br\/>Japanischer Yen (\u00a5) &#8211; JPY<br\/>Kanadischer Dollar ($) &#8211; CAD<br\/>Tschechische Krone (K\u010d) &#8211; CZK<br\/>Mexikanischer Peso ($) &#8211; MXN<\/p>\n\n\n\n<div style=\"height:50px\" aria-hidden=\"true\" class=\"wp-block-spacer\"><\/div>\n\n\n\n<h2 class=\"wp-block-heading has-text-align-center\">30 Tage R\u00fcckgaberecht<\/h2>\n\n\n\n<h4 class=\"wp-block-heading has-text-align-center\">R\u00fccknahmegarantie<\/h4>\n\n\n\n<p class=\"has-text-align-center\">Wir haben ein 30-t\u00e4giges R\u00fcckgaberecht, was bedeutet, dass Sie innerhalb von 30 Tagen nach Erhalt des Artikels eine R\u00fccksendung beantragen k\u00f6nnen.<\/p>\n\n\n\n<p class=\"has-text-align-center\">Um f\u00fcr eine R\u00fccksendung in Frage zu kommen, muss sich der Artikel in demselben Zustand befinden, in dem Sie ihn erhalten haben, ungetragen oder unbenutzt und in der Originalverpackung.\nAu\u00dferdem ben\u00f6tigen Sie eine Quittung oder einen Kaufbeleg. <\/p>\n\n\n\n<p class=\"has-text-align-center\">Um eine R\u00fccksendung einzuleiten, k\u00f6nnen Sie uns unter <strong>tyditiao@gmail.com<\/strong> kontaktieren.\nWenn Ihre R\u00fccksendung genehmigt wird, senden wir Ihnen ein R\u00fccksendeetikett mit Anweisungen, wie und wohin das Paket zu versenden ist.\nArtikel, die ohne vorherige Aufforderung zur R\u00fccksendung an uns zur\u00fcckgesandt werden, werden nicht angenommen.  <\/p>\n\n\n\n<p class=\"has-text-align-center\">Wenn es im Gegenzug ein Problem gibt, k\u00f6nnen Sie uns jederzeit unter <strong>tyditiao@gmail.com<\/strong> kontaktieren.<\/p>\n\n\n\n<h4 class=\"wp-block-heading has-text-align-center\">Sch\u00e4den und Probleme<\/h4>\n\n\n\n<p class=\"has-text-align-center\">Bitte \u00fcberpr\u00fcfen Sie Ihre Bestellung sofort nach Erhalt, ob der Artikel kaputt oder besch\u00e4digt ist oder Sie den falschen Artikel erhalten haben (<a href=\"https:\/\/tyditiao.com\/de\/kontakt\/\">kontaktieren Sie uns<\/a>), damit wir das Problem finden und sofort beheben k\u00f6nnen.<\/p>\n\n\n\n<h4 class=\"wp-block-heading has-text-align-center\">Austausch<\/h4>\n\n\n\n<p class=\"has-text-align-center\">Der schnellste Weg, um sicherzustellen, dass Sie das bekommen, was Sie wollen, besteht darin, den Artikel, den Sie haben, zur\u00fcckzugeben und einen neuen Artikel separat zu kaufen, nachdem Sie die R\u00fccksendung akzeptiert haben.<\/p>\n\n\n\n<h4 class=\"wp-block-heading has-text-align-center\">R\u00fcckkehr<\/h4>\n\n\n\n<p class=\"has-text-align-center\">Sobald Ihre R\u00fccksendung eingegangen und gepr\u00fcft wurde, werden wir Sie benachrichtigen und die R\u00fcckerstattung wird automatisch auf die urspr\u00fcngliche Zahlungsmethode zur\u00fcckerstattet.\nEs kann jedoch einige Zeit dauern, bis Ihre Bank oder Ihr Kreditkartenunternehmen die Zahlung verarbeitet und veranlasst hat. <\/p>\n<\/div>\n\n\n\n<div class=\"wp-block-column is-layout-flow wp-block-column-is-layout-flow\" style=\"flex-basis:10%\"><\/div>\n<\/div>\n\n<p><\/p>\n","protected":false},"excerpt":{"rendered":"<p>WIR VERKAUFEN BALLISTISCHE HELME FAQ Haben Sie eine physische Fabrik? Ja! Wir haben eine physische Fabrik und liefern 6 Jahre&#8230;<\/p>\n","protected":false},"author":1,"featured_media":0,"parent":0,"menu_order":0,"comment_status":"closed","ping_status":"closed","template":"","meta":{"footnotes":""},"class_list":["post-3766","page","type-page","status-publish","hentry"],"_links":{"self":[{"href":"https:\/\/tyditiao.com\/de\/wp-json\/wp\/v2\/pages\/3766","targetHints":{"allow":["GET"]}}],"collection":[{"href":"https:\/\/tyditiao.com\/de\/wp-json\/wp\/v2\/pages"}],"about":[{"href":"https:\/\/tyditiao.com\/de\/wp-json\/wp\/v2\/types\/page"}],"author":[{"embeddable":true,"href":"https:\/\/tyditiao.com\/de\/wp-json\/wp\/v2\/users\/1"}],"replies":[{"embeddable":true,"href":"https:\/\/tyditiao.com\/de\/wp-json\/wp\/v2\/comments?post=3766"}],"version-history":[{"count":14,"href":"https:\/\/tyditiao.com\/de\/wp-json\/wp\/v2\/pages\/3766\/revisions"}],"predecessor-version":[{"id":16384,"href":"https:\/\/tyditiao.com\/de\/wp-json\/wp\/v2\/pages\/3766\/revisions\/16384"}],"wp:attachment":[{"href":"https:\/\/tyditiao.com\/de\/wp-json\/wp\/v2\/media?parent=3766"}],"curies":[{"name":"wp","href":"https:\/\/api.w.org\/{rel}","templated":true}]}}