{"id":16786,"date":"2025-04-17T11:28:35","date_gmt":"2025-04-17T09:28:35","guid":{"rendered":"https:\/\/tyditiao.com\/product\/balistinis-salmas-su-veido-skydeliu-ir-smakro-apsauga-tdtm-3-pilna-nij-iiia-apsauga-idealiai-tinka-ekstremalioms-taktinems-salygoms\/"},"modified":"2025-04-18T16:28:44","modified_gmt":"2025-04-18T14:28:44","slug":"balistinis-salmas-su-veido-skydeliu-ir-smakro-apsauga-tdtm-3-pilna-nij-iiia-apsauga-idealiai-tinka-ekstremalioms-taktinems-salygoms","status":"publish","type":"product","link":"https:\/\/tyditiao.com\/de\/produkt\/balistinis-salmas-su-veido-skydeliu-ir-smakro-apsauga-tdtm-3-pilna-nij-iiia-apsauga-idealiai-tinka-ekstremalioms-taktinems-salygoms\/","title":{"rendered":"balistinis \u0161almas su veido skydeliu ir smakro apsauga, TDTM-3, pilna NIJ IIIA apsauga, idealiai tinka ekstremalioms taktin\u0117ms s\u0105lygoms"},"content":{"rendered":"<p>Didelio stiprumo neper\u0161aunamas stiklas: Auk\u0161tos kokyb\u0117s neper\u0161aunamas stiklas efektyviai apsaugo veid\u0105 sprogimo ar sm\u016bgio atveju, kartu u\u017etikrindamas puik\u0173 matomum\u0105.<\/p>\n<p>\u017dandikaulio apsaugos modulis: modulis, specialiai sukurtas apsaugoti \u017eandikaulio srit\u012f, suteikiantis papildom\u0105 smakro apsaug\u0105, apsaugantis nuo traum\u0173 taktini\u0173 operacij\u0173 metu.<\/p>\n<p>Patogi reguliavimo sistema: su reguliuojama pakabos sistema ir didelio tankio atminties put\u0173 pamink\u0161tinimu, kuris suteikia amortizacij\u0105, sugeria dr\u0117gm\u0119 ir prakait\u0105 bei ma\u017eina nuovarg\u012f ilgo naudojimo metu. Galimi \u012fvair\u016bs dyd\u017eiai (S, M, L, XL) garantuoja patog\u0173 prisitaikym\u0105 prie galvos formos. <\/p>\n<p>Tvirtinimo taktiniai priedai: \u0160almas turi kelis tvirtinimo ta\u0161kus, kurie leid\u017eia greitai sumontuoti naktinio matymo, ry\u0161i\u0173 \u012frang\u0105 ir kitus taktinius priedus, atitinkan\u010dius specializuot\u0173 kovini\u0173 operacij\u0173 reikalavimus.<\/p>\n<p><strong>Besondere Hinweise:<\/strong><\/p>\n<p>\u0160is NIJ IIIA klas\u0117s balistinis \u0161almas u\u017etikrina visapusi\u0161k\u0105 galvos apsaug\u0105 taktini\u0173 operacij\u0173 metu. Jis buvo specialiai sukurtas siekiant u\u017etikrinti kari\u0173 saugum\u0105 ekstremaliomis s\u0105lygomis. Nesvarbu, ar tai b\u016bt\u0173 kulkams atsparus stiklas ant veido, ar neper\u0161aunami moduliai ant \u017eandikaulio, jie suteikia neprilygstam\u0105 apsaug\u0105 nuo skeveldr\u0173, skeveldr\u0173 ir sm\u016bgi\u0173 pa\u017eeidim\u0173. Gerai apgalvota konstrukcija ir komforto reguliavimo sistema garantuoja maksimal\u0173 komfort\u0105 ilgalaik\u0117s kovos metu. Nesvarbu, ar tai m\u016b\u0161io lauke, ar teis\u0117saugos operacijose, ar mokymo aplinkoje, mes galime suteikti jums tvirt\u0105 param\u0105.    <\/p>\n<p>Jei n\u0117ra specialios pastabos, numatytoji konfig\u016bracija yra: dydis L, spalva \u017ealia. Be to, si\u016blome plat\u0173 spalv\u0173 (sm\u0117lio\/juoda\/\u017ealia\/MC kamuflia\u017ein\u0117\/vilko ruda) ir dyd\u017ei\u0173 (S, M, L, XL) pasirinkim\u0105. <\/p>\n<p>Egal wo Sie sich befinden, Sie k\u00f6nnen \u00fcber diesen Link direkt Ihre Bestellung aufgeben und Ihren Einkauf problemlos abschlie\u00dfen. Geben Sie einfach im Bestellhinweis die gew\u00fcnschte Gr\u00f6\u00dfe und Farbe an (Beispiel: XL-Schwarz) und Sie erhalten Ihr Traum-Equipment. F\u00fcr die Auswahl anderer Farben und Gr\u00f6\u00dfen berechnen wir keine zus\u00e4tzlichen Geb\u00fchren.  <\/p>\n<hr>\n<p><strong>Kalbant apie scenarijus:<\/strong><\/p>\n<p>Speciali\u0173j\u0173 operacij\u0173 paj\u0117gos<br \/>\nVykdymas didel\u0117s rizikos aplinkoje<br \/>\nLauko taktinio sporto ir \u0161audymo treniruot\u0117s<br \/>\nGelb\u0117jimo ir riau\u0161i\u0173 valdymo misijos<\/p>\n<hr>\n<p><strong>Parameter des Verteidigungsprojektils:<\/strong><\/p>\n<p>.44 Mag SJHP<br \/>\n.357 SIG FMJ FN<br \/>\n9 mm Vollmantelgewehr RN<br \/>\n.357 Mag JSP<br \/>\n.40 S&amp;W FMJ<\/p>\n<p>Es bietet auch Schutz gegen die meisten Schusswaffengefahren sowie Gefahren der Klasse IIA und Klasse II<\/p>\n<hr>\n<p><strong>parametras:<\/strong><\/p>\n<p>\u0160almo modelis: TDTM-3<br \/>\nMed\u017eiaga: \u0160almas ir burnos apsauga pagaminti i\u0161 UHMWPE<br \/>\nSvoris: apie 2,8 kg (neper\u0161aunamas \u0161almas + neper\u0161aunama kauk\u0117 + burnos apsauga)<br \/>\nDydis: S (53-59cm), M (53-59cm), L (56-59cm), L (58-62cm)<br \/>\nSpalva: juoda\/\u017ealia\/MC Camo\/Wolf Brown<br \/>\nKonstrukcija: \u0160almo k\u016bno ir veido apsaugos komponentai (nuimami)<br \/>\nApsaugos sritis: \u0161almo korpusas \u2265 0,125 mm, akiniai \u2265 0,025 m, kakta \u2265 0,04 m<\/p>\n<p>&nbsp;<\/p>\n","protected":false},"excerpt":{"rendered":"<p>Visapusi\u0161ka apsauga: sujungia neper\u0161aunam\u0105 veido skyd\u0105 ir \u017eandikaulio apsaugos modul\u012f, u\u017etikrinant\u012f 360 laipsni\u0173 apsaug\u0105 visai galvai, u\u017etikrinant visi\u0161k\u0105 saugum\u0105 didel\u0117s rizikos aplinkoje.<\/p>\n<p>Optimizuotas svorio centras, stabilus prigludimas: tiksliai suprojektuota \u0161almo konstrukcija u\u017etikrina racional\u0173 svorio centro paskirstym\u0105, pa\u0161alindama sm\u016bgius b\u0117gant ar \u0161okin\u0117jant. Tai leid\u017eia i\u0161laikyti lankstum\u0105 ir laisv\u0119 taikantis stovint, \u0161audant, atliekant taktinius manevrus ir kit\u0105 veikl\u0105. Bendras svoris suma\u017eintas iki did\u017eiausio galimo lygio, i\u0161laikant visi\u0161k\u0105 apsaug\u0105.  <\/p>\n<p>NIJ IIIA apsaugos standartas: Atitinka NIJ IIIA standartus, efektyviai apsaugodamas nuo ma\u017eos ir vidutin\u0117s gr\u0117sm\u0117s atak\u0173, toki\u0173 kaip ginklo kulkos ir skeveldros, padidindami taktin\u012f saugum\u0105.<\/p>\n","protected":false},"featured_media":16755,"comment_status":"open","ping_status":"closed","template":"","meta":[],"product_brand":[],"product_cat":[211,347],"product_tag":[],"woo-feed-brand":[50],"class_list":{"0":"post-16786","1":"product","2":"type-product","3":"status-publish","4":"has-post-thumbnail","6":"product_cat-ballistic-mask-de","7":"product_cat-kugelsicherer-helm","8":"woo-feed-brand-tyditiao","10":"first","11":"instock","12":"sale","13":"shipping-taxable","14":"purchasable","15":"product-type-simple"},"_links":{"self":[{"href":"https:\/\/tyditiao.com\/de\/wp-json\/wp\/v2\/product\/16786","targetHints":{"allow":["GET"]}}],"collection":[{"href":"https:\/\/tyditiao.com\/de\/wp-json\/wp\/v2\/product"}],"about":[{"href":"https:\/\/tyditiao.com\/de\/wp-json\/wp\/v2\/types\/product"}],"replies":[{"embeddable":true,"href":"https:\/\/tyditiao.com\/de\/wp-json\/wp\/v2\/comments?post=16786"}],"wp:featuredmedia":[{"embeddable":true,"href":"https:\/\/tyditiao.com\/de\/wp-json\/wp\/v2\/media\/16755"}],"wp:attachment":[{"href":"https:\/\/tyditiao.com\/de\/wp-json\/wp\/v2\/media?parent=16786"}],"wp:term":[{"taxonomy":"product_brand","embeddable":true,"href":"https:\/\/tyditiao.com\/de\/wp-json\/wp\/v2\/product_brand?post=16786"},{"taxonomy":"product_cat","embeddable":true,"href":"https:\/\/tyditiao.com\/de\/wp-json\/wp\/v2\/product_cat?post=16786"},{"taxonomy":"product_tag","embeddable":true,"href":"https:\/\/tyditiao.com\/de\/wp-json\/wp\/v2\/product_tag?post=16786"},{"taxonomy":"woo-feed-brand","embeddable":true,"href":"https:\/\/tyditiao.com\/de\/wp-json\/wp\/v2\/woo-feed-brand?post=16786"}],"curies":[{"name":"wp","href":"https:\/\/api.w.org\/{rel}","templated":true}]}}