{"id":3768,"date":"2022-06-13T03:50:24","date_gmt":"2022-06-13T01:50:24","guid":{"rendered":"http:\/\/tyditiao.com\/product\/helmtruppe-taktische-ausruestung-der-klasse-iiia-kevlar-helm-schwarz\/"},"modified":"2026-03-17T13:18:06","modified_gmt":"2026-03-17T11:18:06","slug":"mich2000-kugelsicherer-helm-kevlar-level-3-schwarz","status":"publish","type":"product","link":"https:\/\/tyditiao.com\/de\/produkt\/mich2000-kugelsicherer-helm-kevlar-level-3-schwarz\/","title":{"rendered":"Helmtruppe, Taktische Ausr\u00fcstung der Klasse IIIA, Kevlar-Helm, Schwarz"},"content":{"rendered":"<p><strong>Verteidigungsklasse:<\/strong><br \/>\nDieser kugelsichere Helm ist ein NIJ Level IIIA kugelsicherer Helm nach NIJ 0101.06 Standard, und der entsprechende Pr\u00fcfbericht kann zur Verf\u00fcgung gestellt werden.<\/p>\n<hr \/>\n<p><strong>Parameter des Verteidigungsprojektils:<\/strong><br \/>\n.44 Mag SJHP<br \/>\n.357 SIG FMJ FN<br \/>\n9mm FMJ RN<br \/>\n.357 Mag JSP<br \/>\n.40 S&amp;W FMJ<\/p>\n<p>Es bietet auch Schutz gegen die meisten Schusswaffengefahren sowie Gefahren der Klasse IIA und Klasse II<\/p>\n<hr \/>\n<p><strong>Parameter des kugelsicheren Helms:<\/strong><br \/>\nName: NIJ lllA MICH2000 kugelsicherer Helm<\/p>\n<p>Material: Hochfeste Kevlar-DuPont-Aramidfaser<br \/>\nKopfumfang: 52-60 cm<br \/>\nFutter: Das repositionierbare langsam r\u00fcckprallende Schaumfutter h\u00e4lt den Helm bequem und verhindert Erm\u00fcdung und \u00dcberhitzung.<br \/>\nOptionales Zubeh\u00f6r: Sauerstoffmaske, Gesichtsschutz, Seitenschutz, R\u00fcstungsseitenschutz, Schild, Helmabdeckung, kugelsichere Maske usw.<br \/>\nHelmfarbe: Schwarz<br \/>\nGarantiezeit: Die 5-j\u00e4hrige Garantiezeit kann einen ausreichenden Schutz bieten, aber wenn die Garantiezeit \u00fcberschritten wird<br \/>\nverringert den Schutz.<\/p>\n<hr \/>\n<p><strong>F\u00fcr Menschen:<\/strong><br \/>\nDer ballistische Helm NIJ lllA Kevlar MICH2000 bew\u00e4ltigt Pistolen- und Schrapnellbedrohungen mit gr\u00f6\u00dferer Befestigungskapazit\u00e4t f\u00fcr eine leichtere, bequemere Passform. Dieser Helm ist f\u00fcr alle Arten von Benutzern geeignet. Mitarbeiter von Beh\u00f6rden wie Milit\u00e4r, Polizei, SWAT, innere Sicherheit, Zoll und Grenzschutz k\u00f6nnen mit erweiterten Kampff\u00e4higkeiten ausgestattet werden. Es ist auch eine gute Wahl f\u00fcr Heimschutz und Cosplay.<\/p>\n<hr \/>\n<p><strong>Was ist der Milit\u00e4rhelm MICH2000 Kevlar?<\/strong><br \/>\nDer Modular Integrated Communications Helmet (MICH) ist ein amerikanischer Kampfhelm und einer von mehreren Helmen, die vom US-Milit\u00e4r verwendet werden. Er wurde vom U.S. Army Soldier Systems Systems Center als Kampfschutzhelm der n\u00e4chsten Generation f\u00fcr das U.S. Milit\u00e4r entwickelt. Der Hauptgrund f\u00fcr die Entwicklung des MICH bestand darin, die sch\u00fctzenden, aber schweren PASGTs zu ersetzen, da sie leichter und bequemer waren, besser passten und einfacher zu installierende Zubeh\u00f6rteile waren, insbesondere Nachtsichtger\u00e4te und Kommunikations-Headsets. Verursacht keine unn\u00f6tige Belastung des Nackens. Anf\u00e4nglich wurde es fast ausschlie\u00dflich von SOCOM und einigen eng verbundenen Unternehmen verwendet. Bis heute haben der MICH und seine Derivate, der Advanced Combat Helmet und der Modified Combat Helmet, die PASGT im aktiven Dienst der US-Armee vollst\u00e4ndig ersetzt und werden zumindest teilweise in allen Divisionen der US-Armee verwendet.<\/p>\n<hr \/>\n<p><strong>Eigenschaften des MICH2000 Kevlar-Helms:<\/strong><br \/>\nDas Gewicht des MICH betr\u00e4gt ca. 1,6 kg. Der MICH ist auch etwas kleiner als der PASGT, hat 8 % weniger Reichweite, verwendet neue, fortschrittlichere Kevlar-Fasern und bietet einen besseren Pistolen- und Projektilschutz. Ein D\u00e4mpfungssystem und ein Vierpunkt-Befestigungssystem, \u00e4hnlich den Protektoren und Riemen an Skateboards, Fahrradhelmen und Wasserhelmen, ersetzen das Nylonschnur-Aufh\u00e4ngungssystem, das Schwei\u00dfband und den Kinnriemen, die bei PASGT-Helmen zu finden sind. Diese \u00c4nderung bietet dem Tr\u00e4ger einen besseren Aufprallschutz und Komfort. Es hat eine vordere Halterung f\u00fcr Nachtsichtbrillen (wie AN\/PVS-14 oder AN\/PVS-15), \u00e4hnlich der am PASGT-Helm. Es verf\u00fcgt auch \u00fcber ein Paar Riemen auf der R\u00fcckseite zum Anbringen einer Schutzbrille sowie einen Helm\u00fcberzug aus Stoff in verschiedenen Tarnmustern. Im Gegensatz zu einer \u201egeschwungenen\u201c Kontur geht es bei PASGT in erster Linie darum, die Brauen zu entfernen und die Seiten zu einem \u201eflachen\u201c Punkt am unteren Rand hinter den Schl\u00e4fen anzuheben. Dies reduziert das Gewicht etwas und erm\u00f6glicht ein besseres Situationsbewusstsein und weniger Hindernisse im Sichtfeld des Benutzers, insbesondere in Kombination mit kugelsicheren Abfangwesten. Soldaten haben sich zuvor dar\u00fcber beschwert, dass der hohe Abfangkragen und der Zweipunkt-Kinnriemen die R\u00fcckseite des PASGT-Helms nach vorne dr\u00fccken, und wenn sie versuchen, aus einer Bauchlage zu schie\u00dfen, rutscht die Kante des Helms an ihren Augen vorbei, was bei MICH der Fall ist ein schmaler konturierter und vierpunktiger Kinnriemen.<\/p>\n<hr \/>\n<p><strong>Was ist beliebter, MICH2000 oder FAST taktischer ballistischer Helm?<\/strong><br \/>\nDer MICH2000 hat eine gr\u00f6\u00dfere Schutzfl\u00e4che, was vorteilhafter ist, wenn Sie nicht vorhaben, viel Zubeh\u00f6r zu installieren. Wenn Sie viele Ger\u00e4te ausw\u00e4hlen m\u00f6chten, wie z. B. (das Tragen einer Taschenlampe, ger\u00e4uschunterdr\u00fcckender Kopfh\u00f6rer und Kommunikationsger\u00e4te, Nachtsichtbrillen oder Videoger\u00e4te usw.), wird empfohlen, FAST zu w\u00e4hlen, da es nicht zu schwer ist , es wird Druck auf den Nacken aus\u00fcben, was sich indirekt auf die Aktivit\u00e4tsf\u00e4higkeit auswirkt.<\/p>\n<hr \/>\n<p><strong>MICH2000 Milit\u00e4rhelm Preis<\/strong><br \/>\nDies ist unser Gesch\u00e4ft f\u00fcr taktische Schutzhelme. Bitte kaufen Sie direkt auf unserer Website. Sie erhalten 15 % Rabatt auf den urspr\u00fcnglichen Preis<\/p>\n<hr \/>\n<p>Wenn Sie unsere Produkte kaufen m\u00f6chten oder Fragen zu unseren Produkten haben;<br \/>\nWenn Sie Anpassungsanforderungen haben;<br \/>\nBitte (<a href=\"http:\/\/tyditiao.com\/de\/kontakt\/\">kontaktieren Sie uns<\/a>) sofort, wir werden Ihnen innerhalb von 1 Werktag antworten<\/p>\n","protected":false},"excerpt":{"rendered":"<p>Hergestellt aus hochfester DuPont Kevlar Aramidfaser, hitzebest\u00e4ndig und nicht leicht zu verformen<\/p>\n<p>NIJ-Stufe IIIA<\/p>\n<p>Kopfumfang-Anpassungssystem, kann den Helm dazu bringen, den idealen Trageeffekt zu erzielen<\/p>\n<p>Die Stirn ist mit elastischen B\u00e4ndern an den Seiten des Oktopus (Unterseite des Nachtsichtstativs) verst\u00e4rkt, um Spiegel, Kameras, Nachtsichtbrillen und andere Ger\u00e4te zu befestigen<\/p>\n<p>Ausgestattet mit Schienen, leistungsst\u00e4rkerer Zubeh\u00f6rhalterung, kann mit starkem Lichtsystem und Baken-Identifikationsleuchten ausgestattet werden, kann auch mit Geh\u00f6rschutz ausgestattet werden<\/p>\n","protected":false},"featured_media":2403,"comment_status":"open","ping_status":"closed","template":"","meta":[],"product_brand":[],"product_cat":[347,118],"product_tag":[],"woo-feed-brand":[50],"class_list":{"0":"post-3768","1":"product","2":"type-product","3":"status-publish","4":"has-post-thumbnail","6":"product_cat-kugelsicherer-helm","7":"product_cat-mich2000-de-2","8":"woo-feed-brand-tyditiao","10":"first","11":"instock","12":"sale","13":"shipping-taxable","14":"purchasable","15":"product-type-simple"},"_links":{"self":[{"href":"https:\/\/tyditiao.com\/de\/wp-json\/wp\/v2\/product\/3768","targetHints":{"allow":["GET"]}}],"collection":[{"href":"https:\/\/tyditiao.com\/de\/wp-json\/wp\/v2\/product"}],"about":[{"href":"https:\/\/tyditiao.com\/de\/wp-json\/wp\/v2\/types\/product"}],"replies":[{"embeddable":true,"href":"https:\/\/tyditiao.com\/de\/wp-json\/wp\/v2\/comments?post=3768"}],"wp:featuredmedia":[{"embeddable":true,"href":"https:\/\/tyditiao.com\/de\/wp-json\/wp\/v2\/media\/2403"}],"wp:attachment":[{"href":"https:\/\/tyditiao.com\/de\/wp-json\/wp\/v2\/media?parent=3768"}],"wp:term":[{"taxonomy":"product_brand","embeddable":true,"href":"https:\/\/tyditiao.com\/de\/wp-json\/wp\/v2\/product_brand?post=3768"},{"taxonomy":"product_cat","embeddable":true,"href":"https:\/\/tyditiao.com\/de\/wp-json\/wp\/v2\/product_cat?post=3768"},{"taxonomy":"product_tag","embeddable":true,"href":"https:\/\/tyditiao.com\/de\/wp-json\/wp\/v2\/product_tag?post=3768"},{"taxonomy":"woo-feed-brand","embeddable":true,"href":"https:\/\/tyditiao.com\/de\/wp-json\/wp\/v2\/woo-feed-brand?post=3768"}],"curies":[{"name":"wp","href":"https:\/\/api.w.org\/{rel}","templated":true}]}}