{"id":3769,"date":"2022-06-13T04:08:57","date_gmt":"2022-06-13T02:08:57","guid":{"rendered":"http:\/\/tyditiao.com\/product\/soldatenhelm-aramidfaser-taktikhelm-der-klasse-iiia-schneller-kevlar-helm-hellbraun\/"},"modified":"2026-02-20T13:23:52","modified_gmt":"2026-02-20T11:23:52","slug":"schneller-kugelsicherer-helm-tactical-kevlar-nijiiia-hellbraun","status":"publish","type":"product","link":"https:\/\/tyditiao.com\/de\/produkt\/schneller-kugelsicherer-helm-tactical-kevlar-nijiiia-hellbraun\/","title":{"rendered":"Soldatenhelm, Aramidfaser-Taktikhelm der Klasse IIIA, schneller Kevlar-Helm, hellbraun"},"content":{"rendered":"<p><strong>Verteidigungsklasse:<\/strong><\/p>\n<p>Dieser kugelsichere Helm ist ein NIJ Level IIIA kugelsicherer Helm nach NIJ 0101.06 Standard, und der entsprechende Pr\u00fcfbericht kann zur Verf\u00fcgung gestellt werden.<\/p>\n<hr \/>\n<p><strong>Parameter des Verteidigungsprojektils:<\/strong><\/p>\n<p>.44 Mag SJHP<br \/>\n.357 SIG FMJ FN<br \/>\n9mm FMJ RN<br \/>\n.357 Mag JSP<br \/>\n.40 S&amp;W FMJ<\/p>\n<p>Es bietet auch Schutz gegen die meisten Schusswaffengefahren sowie Gefahren der Klasse IIA und Klasse II<\/p>\n<hr \/>\n<p><strong>Parameter des kugelsicheren Helms:<\/strong><\/p>\n<p>Name: NIJ lllA FAST Kugelsicherer Helm<\/p>\n<p>Material: Hochfeste Kevlar-DuPont-Aramidfaser<br \/>\nKopfumfang: 52-64 cm<br \/>\nOptionales Zubeh\u00f6r: kugelsichere Maske usw.<br \/>\nHelmfarbe: Hellbraun<\/p>\n<p>Ein kugelsicherer Helm besteht aus einer Helmschale (inklusive Wulstschutz) und einem Aufh\u00e4ngungspuffersystem (inklusive Stirnband, Pufferlage, Kinnriemen, Kettenglieder etc.). Bequem und stabil zu tragen;<\/p>\n<p>Die Au\u00dfenfl\u00e4che der Helmschale ist gleichm\u00e4\u00dfig und glatt, ohne Verschmutzung durch Fremdstoffe, Blasenbildung, Abbl\u00e4ttern und andere Defekte.<\/p>\n<p>Flammschutzleistung der Helmschale: kontinuierliche Brenndauer auf der Oberfl\u00e4che von 5S;<\/p>\n<p>Die Kraft der Kinnriemenvorrichtung: Notausstiegsgeschwindigkeit von 500 N, Freigabe, wenn die \u00e4u\u00dfere Kraft 1000 N betr\u00e4gt;<\/p>\n<p>Wasserdicht: Der kugelsichere Helm wird auf der Oberfl\u00e4che der Helmschale nicht rei\u00dfen, Blasen bilden oder abbl\u00e4ttern, wenn er 24 Stunden lang bei Raumtemperatur in Wasser getaucht wird. Nach zwei erfolgreichen Sch\u00fcssen l\u00f6ste sich kein Teil des Aufh\u00e4ngungskissens<\/p>\n<p>Garantiezeit: Die 5-j\u00e4hrige Garantiezeit kann einen ausreichenden Schutz bieten, aber wenn die Garantiezeit \u00fcberschritten wird<br \/>\nverringert den Schutz.<\/p>\n<hr \/>\n<p><strong>F\u00fcr Menschen:<\/strong><\/p>\n<p>Der ballistische Helm NIJ lllA Kevlar FAST wurde entwickelt, um der Bedrohung durch Waffen und Splitter standzuhalten, mit st\u00e4rkeren Befestigungen f\u00fcr eine leichtere und bequemere Passform. Dieser Helm ist f\u00fcr alle Arten von Benutzern geeignet. Mitarbeiter von Beh\u00f6rden wie Milit\u00e4r, Polizei, SWAT, innere Sicherheit, Zoll und Grenzschutz k\u00f6nnen mit erweiterten Kampff\u00e4higkeiten ausgestattet werden. Es ist auch eine gute Wahl f\u00fcr Heimschutz und Cosplay.<\/p>\n<hr \/>\n<p><strong>Was ist ein FAST ballistischer Helm?<\/strong><\/p>\n<p>FAST kugelsicherer Helm (englisch: Future Assault Shell Technology Helmet, im Folgenden: FAST) Future Assault Shell Technology Helmet ist ein Gefechtshelm, der vom US Army Research Institute und dem US Army Research, Development and Engineering Center Natick entwickelt wurde. Der Helm wurde entwickelt, um Bedienern von Spezialoperationen Komfort zu bieten und gleichzeitig einen grundlegenden ballistischen Schutz zu bieten. Der FAST-Helm wurde erstmals 2009 auf der SHOT SHOW der \u00d6ffentlichkeit gezeigt und bald von US-Spezialeinheiten \u00fcbernommen, die in Afghanistan operieren. FAST taktische ballistische Helme werden heute in Spezialeinheiten und Spezialpolizeien in verschiedenen L\u00e4ndern eingesetzt. Dar\u00fcber hinaus ist der taktische Helm FAST jetzt der Standard-Kampfhelm f\u00fcr die norwegischen Streitkr\u00e4fte.<\/p>\n<hr \/>\n<p><strong>Merkmale des taktischen Soldatenhelms FAST Fiber Aramid:<\/strong><\/p>\n<p>Im Vergleich zu normalen Milit\u00e4rhelmen ist der FAST-Helm 25 % leichter. Dank des Aufh\u00e4ngungssystems des Helms k\u00f6nnen Benutzer die Passform oder Enge des Helms f\u00fcr optimalen Komfort leicht anpassen. Auf der linken und rechten Seite des FAST-Helms befinden sich ARC-Schienen zum Anbringen von Zubeh\u00f6r wie Taschenlampen, ger\u00e4uschunterdr\u00fcckenden Kopfh\u00f6rern und Kommunikationsger\u00e4ten sowie Nachtsicht- oder Videoaufzeichnungsger\u00e4ten. Der Adapter kann \u00fcber den Adapter in der Mitte des Helms montiert werden. Dies ist ein besonderer Kampf, der einen gr\u00f6\u00dferen taktischen Vorteil bringen kann. Der am Helm befestigte Teufelsfilz erm\u00f6glicht das Anbringen der Flagge eines Landes, einer Armee oder Institution, sowie entsprechende Erkennungsstempel wie Rufzeichen, Blutgruppe etc. Dar\u00fcber hinaus wird die zivile Version des nicht kugelsicheren FAST-Helms aufgrund des modularen Aufbaus nicht nur von Milit\u00e4r und Polizei verwendet, sondern auch von Outdoor-Sportlern und Au\u00dfendienstmitarbeitern wie Journalisten und Rettungskr\u00e4ften gerne angenommen.<\/p>\n<hr \/>\n<p><strong>Ist der taktische Soldatenhelm aus FAST-Faser-Aramid ein guter Schutz, warum ist er beliebt?<\/strong><\/p>\n<p>Daf\u00fcr gibt es zwei Gr\u00fcnde: Erstens hat der technologische Fortschritt einzelne Soldaten zu immer mehr technischer Ausr\u00fcstung gemacht, die eine Plattform ben\u00f6tigt, um technisches Zubeh\u00f6r zu laden, und Schutz opfern musste, um sich zu entscheiden;<br \/>\nZweitens sind FAST-Anwender haupts\u00e4chlich Spezialeinheiten, und die Spezialeinheiten verzichten einfach auf einen Teil des Schutzes auf die Kampfdistanz, die Tragbarkeit und die technische Ausr\u00fcstung auf der Plattform werden zur \u00dcberlebensrate, selbst in praktischen Anwendungen, normalerweise nur f\u00fcr schnelle Helme, sind sie es nicht Mehrere Einheitenelemente darauf, nur f\u00fcr die Portabilit\u00e4t.<\/p>\n<p>FAST setzt nicht auf strengen Schutz Keine Ohrmuscheln auf beiden Seiten reichen aus Haupts\u00e4chlich f\u00fcr den Komfort des Personals beim Tragen von Kopfh\u00f6rern und weiterem Zubeh\u00f6r Leichte taktische Helme, auf die teilweise auf Schutz verzichtet wird, bringen gr\u00f6\u00dfere Vorteile im Gefecht.<\/p>\n<p>FAST-Helme sind in vielen L\u00e4ndern weit verbreitet, und viele L\u00e4nder haben Helmdesigns, die den US-amerikanischen FAST-Helmen sehr \u00e4hnlich sind, wie z. B. russische, franz\u00f6sische und britische Helme nach FAST-Helmen entworfen wurden, obwohl sie sich im Laufe der Zeit weiterentwickeln werden. Diese Helme \u00e4ndern sich ebenfalls st\u00e4ndig, sehen aber aus offensichtlichen Gr\u00fcnden immer noch den FAST-Helmen sehr \u00e4hnlich, die den Kopf effektiv sch\u00fctzen und die Lebensdauer des Soldaten maximieren.<\/p>\n<hr \/>\n<p><strong>Preis f\u00fcr einen taktischen Soldatenhelm aus Faser-Aramid?<\/strong><\/p>\n<p>Kaufen Sie direkt auf unserer Website und sparen Sie 15 % gegen\u00fcber dem regul\u00e4ren Preis<\/p>\n<p>Wenn Sie unsere Produkte kaufen m\u00f6chten oder Fragen zu unseren Produkten haben, <a href=\"http:\/\/tyditiao.com\/de\/kontakt\/\">kontaktieren Sie uns<\/a> bitte umgehend, wir werden Ihnen innerhalb von 1 Werktag antworten. <span style=\"color: #ff0000;\">Wenn Sie mehr als 5 kugelsichere Helme gleichzeitig bestellen m\u00f6chten, erhalten Sie einen zus\u00e4tzlichen Rabatt;<\/span><\/p>\n","protected":false},"excerpt":{"rendered":"<p>Hergestellt aus hochfester DuPont Kevlar Aramidfaser, hitzebest\u00e4ndig und nicht leicht zu verformen<\/p>\n<p>NIJ-Stufe IIIA<\/p>\n<p>Mit dem Kopfumfang-Anpassungssystem k\u00f6nnen Sie den Kopfumfang per Knopfdruck anpassen, um die ideale Passform des Helms zu erreichen<\/p>\n<p>Die Stirn ist mit elastischen B\u00e4ndern an den Seiten des Oktopus (Unterseite des Nachtsichtstativs) verst\u00e4rkt, um Spiegel, Kameras, Nachtsichtbrillen und andere Ger\u00e4te zu befestigen<\/p>\n<p>Ausgestattet mit Schienen, leistungsst\u00e4rkerer Zubeh\u00f6rhalterung, kann mit starkem Lichtsystem und Baken-Identifikationsleuchten ausgestattet werden, kann auch mit Geh\u00f6rschutz ausgestattet werden<\/p>\n","protected":false},"featured_media":2343,"comment_status":"open","ping_status":"closed","template":"","meta":[],"product_brand":[],"product_cat":[119,347],"product_tag":[],"woo-feed-brand":[50],"class_list":{"0":"post-3769","1":"product","2":"type-product","3":"status-publish","4":"has-post-thumbnail","6":"product_cat-fast-de-2","7":"product_cat-kugelsicherer-helm","8":"woo-feed-brand-tyditiao","10":"first","11":"instock","12":"sale","13":"shipping-taxable","14":"purchasable","15":"product-type-simple"},"_links":{"self":[{"href":"https:\/\/tyditiao.com\/de\/wp-json\/wp\/v2\/product\/3769","targetHints":{"allow":["GET"]}}],"collection":[{"href":"https:\/\/tyditiao.com\/de\/wp-json\/wp\/v2\/product"}],"about":[{"href":"https:\/\/tyditiao.com\/de\/wp-json\/wp\/v2\/types\/product"}],"replies":[{"embeddable":true,"href":"https:\/\/tyditiao.com\/de\/wp-json\/wp\/v2\/comments?post=3769"}],"wp:featuredmedia":[{"embeddable":true,"href":"https:\/\/tyditiao.com\/de\/wp-json\/wp\/v2\/media\/2343"}],"wp:attachment":[{"href":"https:\/\/tyditiao.com\/de\/wp-json\/wp\/v2\/media?parent=3769"}],"wp:term":[{"taxonomy":"product_brand","embeddable":true,"href":"https:\/\/tyditiao.com\/de\/wp-json\/wp\/v2\/product_brand?post=3769"},{"taxonomy":"product_cat","embeddable":true,"href":"https:\/\/tyditiao.com\/de\/wp-json\/wp\/v2\/product_cat?post=3769"},{"taxonomy":"product_tag","embeddable":true,"href":"https:\/\/tyditiao.com\/de\/wp-json\/wp\/v2\/product_tag?post=3769"},{"taxonomy":"woo-feed-brand","embeddable":true,"href":"https:\/\/tyditiao.com\/de\/wp-json\/wp\/v2\/woo-feed-brand?post=3769"}],"curies":[{"name":"wp","href":"https:\/\/api.w.org\/{rel}","templated":true}]}}