{"id":3771,"date":"2022-06-13T03:53:55","date_gmt":"2022-06-13T01:53:55","guid":{"rendered":"http:\/\/tyditiao.com\/product\/kugelsichere-ruestung-taktischer-helm-der-klasse-iiia-mich2000-special-forces-helm-hellbraun\/"},"modified":"2025-07-20T13:11:53","modified_gmt":"2025-07-20T11:11:53","slug":"mich2000-kugelsicherer-helm-kevlar-level-3-hellbraun","status":"publish","type":"product","link":"https:\/\/tyditiao.com\/de\/produkt\/mich2000-kugelsicherer-helm-kevlar-level-3-hellbraun\/","title":{"rendered":"Kugelsichere R\u00fcstung, taktischer Helm der Klasse IIIA, mich2000 Special Forces Helm, hellbraun"},"content":{"rendered":"<p>Der MICH ist ein Helm, der Pistolengeschosse stoppt und zuverl\u00e4ssigen Schutz vor Tr\u00fcmmern und herabfallenden Tr\u00fcmmern bietet. Der niedrige Schnitt bietet eine bessere Abdeckung auf beiden Seiten des Kopfes als Over-Ear-Helme. Diese Helme werden auch mit Ohrmuscheln geliefert, um Kopfh\u00f6rer und andere Kommunikationsger\u00e4te aufzunehmen.<\/p>\n<hr \/>\n<p><strong>Verteidigungsklasse:<\/strong><\/p>\n<p>Dieser kugelsichere Helm ist ein NIJ Level IIIA kugelsicherer Helm nach NIJ 0101.06 Standard, und der entsprechende Pr\u00fcfbericht kann zur Verf\u00fcgung gestellt werden.<\/p>\n<p>Dieses Produkt qualifiziert sich auch als verbesserter Kampfhelm (ECH), wenn es mit einer oberen Panzerplatte f\u00fcr echten Gewehrschutz verwendet wird<\/p>\n<hr \/>\n<p><strong>Parameter des Verteidigungsprojektils:<\/strong><\/p>\n<p>.44 Mag SJHP<br \/>\n.357 SIG FMJ FN<br \/>\n9mm FMJ RN<br \/>\n.357 Mag JSP<br \/>\n.40 S&amp;W FMJ<\/p>\n<p>Es bietet auch Schutz gegen die meisten Schusswaffengefahren sowie Gefahren der Klasse IIA und Klasse II<\/p>\n<hr \/>\n<p><strong>Parameter des kugelsicheren Helms:<\/strong><br \/>\nName: NIJ lllA MICH2000 kugelsicherer Helm<\/p>\n<p>Material: Hochfeste Kevlar-DuPont-Aramidfaser<br \/>\nKopfumfang: 52-60 cm (zweistufige R\u00fcckenlehnenverstellung und verstellbarer Kinnriemen)<br \/>\nFutter: Das repositionierbare langsam r\u00fcckprallende Schaumfutter h\u00e4lt den Helm bequem und verhindert Erm\u00fcdung und \u00dcberhitzung.<br \/>\nOptionales Zubeh\u00f6r: kugelsichere Maske usw.<br \/>\nHelmfarbe: Hellbraun<br \/>\nGarantiezeit: Die 5-j\u00e4hrige Garantiezeit kann einen ausreichenden Schutz bieten, aber wenn die Garantiezeit \u00fcberschritten wird<br \/>\nverringert den Schutz.<\/p>\n<hr \/>\n<p><strong>F\u00fcr Menschen:<\/strong><br \/>\nDer ballistische Helm NIJ lllA Kevlar MICH2000 bew\u00e4ltigt Pistolen- und Schrapnellbedrohungen mit gr\u00f6\u00dferer Befestigungskapazit\u00e4t f\u00fcr eine leichtere, bequemere Passform. Dieser Helm ist f\u00fcr alle Arten von Benutzern geeignet. Mitarbeiter von Beh\u00f6rden wie Milit\u00e4r, Polizei, SWAT, innere Sicherheit, Zoll und Grenzschutz k\u00f6nnen mit erweiterten Kampff\u00e4higkeiten ausgestattet werden. Es ist auch eine gute Wahl f\u00fcr Heimschutz und Cosplay.<\/p>\n<hr \/>\n<p>Wenn Sie unsere Produkte kaufen m\u00f6chten oder Fragen zu unseren Produkten haben;<br \/>\nWenn Sie Anpassungsanforderungen haben;<br \/>\nBitte (<a href=\"http:\/\/tyditiao.com\/de\/kontakt\/\">kontaktieren Sie uns<\/a>) sofort, wir werden Ihnen innerhalb von 1 Werktag antworten<\/p>\n","protected":false},"excerpt":{"rendered":"<p>Gro\u00dfer Schutzbereich: Der Schutzbereich ist gr\u00f6\u00dfer als bei herk\u00f6mmlichen kugelsicheren Helmen und bietet einen guten Schutz f\u00fcr das Ohrteil<\/p>\n<p>Gute Qualit\u00e4t: Hergestellt aus hochwertiger DuPont Kevlar Aramidfaser, hitzebest\u00e4ndig und nicht leicht verformbar<\/p>\n<p>Gute ballistische Leistung: NIJ Level IIIA<\/p>\n<p>Das Tintenfisch-Trocknungssystem und das linke und rechte Schienenset erm\u00f6glichen die Installation von Set-Headset, Waffenlicht, Kamera, Blitzliste, Nachtsicht, GoPro-Kamera und NVG-Brille<\/p>\n<p>Gute Upgrade-Leistung: Aufr\u00fcstbare Sauerstoffmaske, Helm, Seitenschild, gepanzerter Seitenschild, Schutzschild, Helmabdeckung<\/p>\n","protected":false},"featured_media":2340,"comment_status":"open","ping_status":"closed","template":"","meta":[],"product_brand":[],"product_cat":[347,118],"product_tag":[],"woo-feed-brand":[50],"class_list":{"0":"post-3771","1":"product","2":"type-product","3":"status-publish","4":"has-post-thumbnail","6":"product_cat-kugelsicherer-helm","7":"product_cat-mich2000-de-2","8":"woo-feed-brand-tyditiao","10":"first","11":"instock","12":"sale","13":"shipping-taxable","14":"purchasable","15":"product-type-simple"},"_links":{"self":[{"href":"https:\/\/tyditiao.com\/de\/wp-json\/wp\/v2\/product\/3771","targetHints":{"allow":["GET"]}}],"collection":[{"href":"https:\/\/tyditiao.com\/de\/wp-json\/wp\/v2\/product"}],"about":[{"href":"https:\/\/tyditiao.com\/de\/wp-json\/wp\/v2\/types\/product"}],"replies":[{"embeddable":true,"href":"https:\/\/tyditiao.com\/de\/wp-json\/wp\/v2\/comments?post=3771"}],"wp:featuredmedia":[{"embeddable":true,"href":"https:\/\/tyditiao.com\/de\/wp-json\/wp\/v2\/media\/2340"}],"wp:attachment":[{"href":"https:\/\/tyditiao.com\/de\/wp-json\/wp\/v2\/media?parent=3771"}],"wp:term":[{"taxonomy":"product_brand","embeddable":true,"href":"https:\/\/tyditiao.com\/de\/wp-json\/wp\/v2\/product_brand?post=3771"},{"taxonomy":"product_cat","embeddable":true,"href":"https:\/\/tyditiao.com\/de\/wp-json\/wp\/v2\/product_cat?post=3771"},{"taxonomy":"product_tag","embeddable":true,"href":"https:\/\/tyditiao.com\/de\/wp-json\/wp\/v2\/product_tag?post=3771"},{"taxonomy":"woo-feed-brand","embeddable":true,"href":"https:\/\/tyditiao.com\/de\/wp-json\/wp\/v2\/woo-feed-brand?post=3771"}],"curies":[{"name":"wp","href":"https:\/\/api.w.org\/{rel}","templated":true}]}}