{"id":3772,"date":"2022-06-13T03:55:46","date_gmt":"2022-08-18T12:07:58","guid":{"rendered":"http:\/\/tyditiao.com\/product\/militaerhelm-iiia-tactical-ballistic-helm-polnischer-kevlarhelm-gruen\/"},"modified":"2026-03-14T23:16:55","modified_gmt":"2026-03-14T21:16:55","slug":"mich2000-kugelsicherer-helm-kevlar-level-3-grun","status":"publish","type":"product","link":"https:\/\/tyditiao.com\/de\/produkt\/mich2000-kugelsicherer-helm-kevlar-level-3-grun\/","title":{"rendered":"Milit\u00e4rhelm, IIIA Tactical Ballistic Helm, Polnischer Kevlarhelm, Gr\u00fcn"},"content":{"rendered":"<p><strong>Verteidigungsklasse:<\/strong><\/p>\n<p>Dieser kugelsichere Helm ist ein NIJ Level IIIA kugelsicherer Helm nach NIJ 0101.06 Standard, und der entsprechende Pr\u00fcfbericht kann zur Verf\u00fcgung gestellt werden.<\/p>\n<p>Dieses Produkt qualifiziert sich auch als verbesserter Kampfhelm (ECH), wenn es mit einer oberen Panzerplatte f\u00fcr echten Gewehrschutz verwendet wird<\/p>\n<hr>\n<p><strong>Parameter des Verteidigungsprojektils:<\/strong><\/p>\n<p>.44 Mag SJHP<br \/>\n.357 SIG FMJ FN<br \/>\n9mm FMJ RN<br \/>\n.357 Mag JSP<br \/>\n.40 S&amp;W FMJ<\/p>\n<p>Es bietet auch Schutz gegen die meisten Schusswaffengefahren sowie Gefahren der Klasse IIA und Klasse II<\/p>\n<hr>\n<p><strong>Parameter des kugelsicheren Helms:<\/strong><br \/>\nName: NIJ lllA MICH2000 kugelsicherer Helm<\/p>\n<p>Material: Hochfeste Kevlar-DuPont-Aramidfaser<br \/>\nDurchhang nach Projektilstart: &lt;20mm<br \/>\nKopfumfang: 52-60 cm<br \/>\nFutter: Das repositionierbare langsam r\u00fcckprallende Schaumfutter h\u00e4lt den Helm bequem und verhindert Erm\u00fcdung und \u00dcberhitzung.<br \/>\nOptionales Zubeh\u00f6r: kugelsichere Maske usw.<br \/>\nHelmfarbe: Gr\u00fcn<br \/>\nGarantiezeit: Die 5-j\u00e4hrige Garantiezeit kann einen ausreichenden Schutz bieten, aber wenn die Garantiezeit \u00fcberschritten wird<br \/>\nverringert den Schutz.<\/p>\n<hr>\n<p><strong>F\u00fcr Menschen:<\/strong><br \/>\nDer ballistische Helm NIJ lllA Kevlar MICH2000 bew\u00e4ltigt Pistolen- und Schrapnellbedrohungen mit gr\u00f6\u00dferer Befestigungskapazit\u00e4t f\u00fcr eine leichtere, bequemere Passform. Dieser Helm ist f\u00fcr alle Arten von Benutzern geeignet. Mitarbeiter von Beh\u00f6rden wie Milit\u00e4r, Polizei, SWAT, innere Sicherheit, Zoll und Grenzschutz k\u00f6nnen mit erweiterten Kampff\u00e4higkeiten ausgestattet werden. Es ist auch eine gute Wahl f\u00fcr Heimschutz und Cosplay.<\/p>\n<p>Der MICH ist ein Helm, der Pistolengeschosse stoppt und zuverl\u00e4ssigen Schutz vor Tr\u00fcmmern und herabfallenden Tr\u00fcmmern bietet. Der ballistische Helm von mich bietet nicht nur den notwendigen umfassenden Schutz vor stumpfen Waffen, ballistischen und anderen Bedrohungen, sondern ist auch sehr modular und komfortabel. Dieses Produkt qualifiziert sich auch als Enhanced Combat Helmet (ECH), wenn es in Verbindung mit der oberen Panzerplatte verwendet wird, um dem Gewehr echten Schutz zu bieten. Der niedrige Schnitt bietet eine bessere Abdeckung auf beiden Seiten des Kopfes als Over-Ear-Helme. Diese Helme werden auch mit Ohrmuscheln geliefert, um Kopfh\u00f6rer und andere Kommunikationsger\u00e4te aufzunehmen.<\/p>\n<hr>\n<p><strong>Was ist beliebter, MICH2000 oder FAST taktischer ballistischer Helm?<\/strong><br \/>\nDer MICH2000 hat eine gr\u00f6\u00dfere Schutzfl\u00e4che, was vorteilhafter ist, wenn Sie nicht vorhaben, mehrere Zubeh\u00f6rteile zu installieren. Wenn Sie beispielsweise viele Ger\u00e4te ausw\u00e4hlen m\u00f6chten (Taschenlampe, ger\u00e4uschunterdr\u00fcckende Kopfh\u00f6rer und Kommunikationsger\u00e4te, Nachtsichtbrille oder Videoaufzeichnungsger\u00e4t usw.), wird empfohlen, FAST zu verwenden, da dies nicht der Fall sein wird schwer, um Druck auf Ihren Nacken auszu\u00fcben, was indirekt die Aktivit\u00e4tsf\u00e4higkeit beeintr\u00e4chtigt.<\/p>\n<hr>\n<p><strong>MICH2000 Milit\u00e4rhelm Preis<\/strong><br \/>\nKaufen Sie auf unserer Website und sparen Sie 15 % auf den Preis<\/p>\n<hr>\n<p>Wenn Sie unsere Produkte kaufen m\u00f6chten oder Fragen zu unseren Produkten haben;<br \/>\nWenn Sie Anpassungsanforderungen haben;<br \/>\nBitte (<a href=\"http:\/\/tyditiao.com\/de\/kontakt\/\">kontaktieren Sie uns<\/a>) sofort, wir werden Ihnen innerhalb von 1 Werktag antworten<\/p>\n","protected":false},"excerpt":{"rendered":"<p>Gute Qualit\u00e4t: Hergestellt aus hochwertiger DuPont Kevlar Aramidfaser, hitzebest\u00e4ndig und nicht leicht verformbar<\/p>\n<p>Gute ballistische Leistung: NIJ Level IIIA<\/p>\n<p>Slow Shape Memory Foam: Feuchtigkeitstransportierendes Gewebe f\u00fcr einfache Reinigung, modulare Pads, die vom Endbenutzer angepasst werden k\u00f6nnen<\/p>\n<p>Getrocknetes Tintenfischsystem: auch als Nachtsichtbasis bekannt, kann mit Scheinwerfern, Kameras, Nachtsichtger\u00e4ten und anderen Ger\u00e4ten kombiniert werden<\/p>\n<p>Auf der linken und rechten Seite befinden sich Eisenbahngruppen: kann mit starker Beleuchtungsanlage, Signalerkennungslicht, Kopfh\u00f6rerschutzschindel installiert werden<\/p>\n","protected":false},"featured_media":2404,"comment_status":"open","ping_status":"closed","template":"","meta":[],"product_brand":[],"product_cat":[347,118],"product_tag":[],"woo-feed-brand":[50],"class_list":{"0":"post-3772","1":"product","2":"type-product","3":"status-publish","4":"has-post-thumbnail","6":"product_cat-kugelsicherer-helm","7":"product_cat-mich2000-de-2","8":"woo-feed-brand-tyditiao","10":"first","11":"instock","12":"sale","13":"shipping-taxable","14":"purchasable","15":"product-type-simple"},"_links":{"self":[{"href":"https:\/\/tyditiao.com\/de\/wp-json\/wp\/v2\/product\/3772","targetHints":{"allow":["GET"]}}],"collection":[{"href":"https:\/\/tyditiao.com\/de\/wp-json\/wp\/v2\/product"}],"about":[{"href":"https:\/\/tyditiao.com\/de\/wp-json\/wp\/v2\/types\/product"}],"replies":[{"embeddable":true,"href":"https:\/\/tyditiao.com\/de\/wp-json\/wp\/v2\/comments?post=3772"}],"wp:featuredmedia":[{"embeddable":true,"href":"https:\/\/tyditiao.com\/de\/wp-json\/wp\/v2\/media\/2404"}],"wp:attachment":[{"href":"https:\/\/tyditiao.com\/de\/wp-json\/wp\/v2\/media?parent=3772"}],"wp:term":[{"taxonomy":"product_brand","embeddable":true,"href":"https:\/\/tyditiao.com\/de\/wp-json\/wp\/v2\/product_brand?post=3772"},{"taxonomy":"product_cat","embeddable":true,"href":"https:\/\/tyditiao.com\/de\/wp-json\/wp\/v2\/product_cat?post=3772"},{"taxonomy":"product_tag","embeddable":true,"href":"https:\/\/tyditiao.com\/de\/wp-json\/wp\/v2\/product_tag?post=3772"},{"taxonomy":"woo-feed-brand","embeddable":true,"href":"https:\/\/tyditiao.com\/de\/wp-json\/wp\/v2\/woo-feed-brand?post=3772"}],"curies":[{"name":"wp","href":"https:\/\/api.w.org\/{rel}","templated":true}]}}