{"id":3774,"date":"2022-06-13T04:11:33","date_gmt":"2022-08-18T12:17:09","guid":{"rendered":"http:\/\/tyditiao.com\/product\/polnischer-militaerhelm-taktischer-kevlarhelm-der-klasse-iiia-energiehelm-mit-schneller-maske-schwarz\/"},"modified":"2023-01-27T10:11:55","modified_gmt":"2023-01-27T08:11:55","slug":"schneller-kugelsicherer-helm-tactical-kevlar-nijiiia-schwarz","status":"publish","type":"product","link":"https:\/\/tyditiao.com\/de\/produkt\/schneller-kugelsicherer-helm-tactical-kevlar-nijiiia-schwarz\/","title":{"rendered":"Polnischer Milit\u00e4rhelm, taktischer Kevlarhelm der Klasse IIIA, Energiehelm mit schneller Maske, schwarz"},"content":{"rendered":"<p><strong>Verteidigungsklasse:<\/strong><\/p>\n<p>Dieser kugelsichere Helm ist ein NIJ Level IIIA kugelsicherer Helm nach NIJ 0101.06 Standard, und der entsprechende Pr\u00fcfbericht kann zur Verf\u00fcgung gestellt werden.<\/p>\n<hr>\n<p><strong>Parameter des Verteidigungsprojektils:<\/strong><\/p>\n<p>.44 Mag SJHP<br \/>\n.357 SIG FMJ FN<br \/>\n9mm FMJ RN<br \/>\n.357 Mag JSP<br \/>\n.40 S&amp;W FMJ<\/p>\n<p>Es bietet auch Schutz gegen die meisten Schusswaffengefahren sowie Gefahren der Klasse IIA und Klasse II<\/p>\n<hr>\n<p><strong>Parameter des kugelsicheren Helms:<\/strong><br \/>\nName: NIJ lllA FAST Kugelsicherer Helm<\/p>\n<p>Material: Hochfeste Kevlar-DuPont-Aramidfaser<br \/>\nKopfumfang: 52-64 cm<br \/>\nOptionales Zubeh\u00f6r: kugelsichere Maske usw.<br \/>\nHelmfarbe: Schwarz<br \/>\nGarantiezeit: Die 5-j\u00e4hrige Garantiezeit kann einen ausreichenden Schutz bieten, aber wenn die Garantiezeit \u00fcberschritten wird<br \/>\nverringert den Schutz.<\/p>\n<hr>\n<p><strong>F\u00fcr Menschen:<\/strong><br \/>\nDer ballistische Helm NIJ lllA Kevlar FAST wurde entwickelt, um der Bedrohung durch Waffen und Splitter standzuhalten, mit st\u00e4rkeren Befestigungen f\u00fcr eine leichtere und bequemere Passform. Dieser Helm ist f\u00fcr alle Arten von Benutzern geeignet. Mitarbeiter von Beh\u00f6rden wie Milit\u00e4r, Polizei, SWAT, innere Sicherheit, Zoll und Grenzschutz k\u00f6nnen mit erweiterten Kampff\u00e4higkeiten ausgestattet werden. Es ist auch eine gute Wahl f\u00fcr Heimschutz und Cosplay.<\/p>\n<hr>\n<p><strong>Was ist ein FAST ballistischer Helm?<\/strong><\/p>\n<p>FAST kugelsicherer Helm (englisch: Future Assault Shell Technology Helmet, im Folgenden: FAST) Future Assault Shell Technology Helmet ist ein Gefechtshelm, der vom US Army Research Institute und dem US Army Research, Development and Engineering Center Natick entwickelt wurde. Der Helm wurde entwickelt, um Bedienern von Spezialoperationen Komfort zu bieten und gleichzeitig einen grundlegenden ballistischen Schutz zu bieten. Der FAST-Helm wurde erstmals 2009 auf der SHOT SHOW der \u00d6ffentlichkeit gezeigt und bald von US-Spezialeinheiten \u00fcbernommen, die in Afghanistan operieren. FAST taktische ballistische Helme werden heute in Spezialeinheiten und Spezialpolizeien in verschiedenen L\u00e4ndern eingesetzt. Dar\u00fcber hinaus ist der taktische Helm FAST jetzt der Standard-Kampfhelm f\u00fcr die norwegischen Streitkr\u00e4fte.<\/p>\n<hr>\n<p><strong>Merkmale des FAST Kevlar-Helms:<\/strong><\/p>\n<p>Im Vergleich zu normalen Milit\u00e4rhelmen ist der FAST-Helm 25 % leichter. Mit dem Helmaufh\u00e4ngungssystem k\u00f6nnen Benutzer die Passform oder Enge des Helms f\u00fcr optimalen Komfort einfach anpassen. FAST-Helme sind mit ARC-Schienen auf der linken und rechten Seite ausgestattet, um Ger\u00e4te wie Taschenlampen, ger\u00e4uschunterdr\u00fcckende Kopfh\u00f6rer und Kommunikationsger\u00e4te zu montieren, sowie Nachtsicht- oder Videoger\u00e4te k\u00f6nnen \u00fcber den Befestigungsadapter in der Mitte des Helms montiert werden. Dies ist ein spezieller Kampf, der einen gr\u00f6\u00dferen taktischen Vorteil bringen kann. Der am Helm befestigte Teufelsfilz erm\u00f6glicht es Benutzern, die Flagge ihres Landes, ihrer Armee oder Institution sowie entsprechende Identifizierungsstempel wie Rufzeichen und Blutgruppen anzubringen. Dar\u00fcber hinaus wird die zivile Version des FAST-Helms ohne Kugelschutzfunktion aufgrund des modularen Aufbaus nicht nur von Milit\u00e4r und Polizei verwendet, sondern auch von Outdoor-Sportlern, Journalisten, Rettungskr\u00e4ften und anderen Au\u00dfendienstmitarbeitern eifrig angenommen.<\/p>\n<hr>\n<p><strong>Bietet der taktische ballistische Helm FAST einen hervorragenden Schutz und warum ist er so beliebt?<\/strong><\/p>\n<p>Daf\u00fcr gibt es zwei Gr\u00fcnde: Erstens hat der technologische Fortschritt zu immer mehr technischer Ausr\u00fcstung f\u00fcr einzelne Soldaten gef\u00fchrt, die eine Plattform zum Laden von technischem Zubeh\u00f6r erfordert, die dem Schutz geopfert werden muss;<br \/>\nZweitens sind FAST-Anwender haupts\u00e4chlich Spezialkr\u00e4fte, und auf Kampfdistanz geben Spezialkr\u00e4fte einfach einen Teil des Schutzes auf, die Tragbarkeit und technische Ausr\u00fcstung auf der Plattform werden zu \u00dcberlebensraten, und selbst in praktischen Anwendungen, normalerweise nur bei schnellen Helmen, Es gibt keine Elemente auf vielen Einheiten, nur f\u00fcr die Portabilit\u00e4t.<\/p>\n<p>FAST basiert nicht auf strengem Schutz Kein doppelseitiger Ohrensch\u00fctzer ist nicht genug Haupts\u00e4chlich f\u00fcr die Bequemlichkeit des Personals, das Kopfh\u00f6rer und zus\u00e4tzliches Zubeh\u00f6r tr\u00e4gt. Leichte taktische Helme, die teilweise auf Schutz verzichten, bringen gr\u00f6\u00dfere Vorteile im Kampf.<\/p>\n<p>FAST-Helme sind in vielen L\u00e4ndern weit verbreitet, und viele L\u00e4nder haben Helmdesigns, die den amerikanischen FAST-Helmen sehr \u00e4hnlich sind, wie Russland, Frankreich und das Vereinigte K\u00f6nigreich. Helme sind so konzipiert, dass sie den FAST-Helmen entsprechen, obwohl sie sich im Laufe der Zeit weiterentwickeln werden. Die Anzahl dieser Helme \u00e4ndert sich ebenfalls, sieht aber immer noch \u00e4hnlich aus wie der FAST-Helm. Aus offensichtlichen Gr\u00fcnden kann dieser Helm den Kopf effektiv sch\u00fctzen und das Leben des Soldaten maximieren.<\/p>\n<hr>\n<p><strong>SCHNELLER Kevlar-Helmpreis?<\/strong><\/p>\n<p>Kaufen Sie direkt auf unserer Website und sparen Sie 15 % gegen\u00fcber dem regul\u00e4ren Preis<\/p>\n<hr>\n<p>Wenn Sie unsere Produkte kaufen m\u00f6chten oder Fragen zu unseren Produkten haben;<br \/>\nWenn Sie Anpassungsanforderungen haben;<br \/>\nBitte (<a href=\"http:\/\/tyditiao.com\/de\/kontakt\/\">kontaktieren Sie uns<\/a>) sofort, wir werden Ihnen innerhalb von 1 Werktag antworten<\/p>\n<p>&nbsp;<\/p>\n<p>&nbsp;<\/p>\n","protected":false},"excerpt":{"rendered":"<p>Hergestellt aus hochfester DuPont Kevlar Aramidfaser, hitzebest\u00e4ndig und nicht leicht zu verformen<\/p>\n<p>NIJ-Stufe IIIA<\/p>\n<p>Mit dem Kopfumfang-Anpassungssystem k\u00f6nnen Sie den Kopfumfang per Knopfdruck anpassen, um die ideale Passform des Helms zu erreichen<\/p>\n<p>Die Stirn ist mit elastischen B\u00e4ndern an den Seiten des Oktopus (Unterseite des Nachtsichtstativs) verst\u00e4rkt, um Spiegel, Kameras, Nachtsichtbrillen und andere Ger\u00e4te zu befestigen<\/p>\n<p>Ausgestattet mit Schienen, leistungsst\u00e4rkerer Zubeh\u00f6rhalterung, kann mit starkem Lichtsystem und Baken-Identifikationsleuchten ausgestattet werden, kann auch mit Geh\u00f6rschutz ausgestattet werden<\/p>\n","protected":false},"featured_media":2347,"comment_status":"closed","ping_status":"closed","template":"","meta":[],"product_brand":[],"product_cat":[119,347],"product_tag":[],"woo-feed-brand":[50],"class_list":{"0":"post-3774","1":"product","2":"type-product","3":"status-publish","4":"has-post-thumbnail","6":"product_cat-fast-de-2","7":"product_cat-kugelsicherer-helm","8":"woo-feed-brand-tyditiao","10":"first","11":"instock","12":"sale","13":"shipping-taxable","14":"purchasable","15":"product-type-simple"},"_links":{"self":[{"href":"https:\/\/tyditiao.com\/de\/wp-json\/wp\/v2\/product\/3774","targetHints":{"allow":["GET"]}}],"collection":[{"href":"https:\/\/tyditiao.com\/de\/wp-json\/wp\/v2\/product"}],"about":[{"href":"https:\/\/tyditiao.com\/de\/wp-json\/wp\/v2\/types\/product"}],"replies":[{"embeddable":true,"href":"https:\/\/tyditiao.com\/de\/wp-json\/wp\/v2\/comments?post=3774"}],"wp:featuredmedia":[{"embeddable":true,"href":"https:\/\/tyditiao.com\/de\/wp-json\/wp\/v2\/media\/2347"}],"wp:attachment":[{"href":"https:\/\/tyditiao.com\/de\/wp-json\/wp\/v2\/media?parent=3774"}],"wp:term":[{"taxonomy":"product_brand","embeddable":true,"href":"https:\/\/tyditiao.com\/de\/wp-json\/wp\/v2\/product_brand?post=3774"},{"taxonomy":"product_cat","embeddable":true,"href":"https:\/\/tyditiao.com\/de\/wp-json\/wp\/v2\/product_cat?post=3774"},{"taxonomy":"product_tag","embeddable":true,"href":"https:\/\/tyditiao.com\/de\/wp-json\/wp\/v2\/product_tag?post=3774"},{"taxonomy":"woo-feed-brand","embeddable":true,"href":"https:\/\/tyditiao.com\/de\/wp-json\/wp\/v2\/woo-feed-brand?post=3774"}],"curies":[{"name":"wp","href":"https:\/\/api.w.org\/{rel}","templated":true}]}}