{"id":3775,"date":"2022-06-13T04:36:04","date_gmt":"2022-06-13T02:36:04","guid":{"rendered":"http:\/\/tyditiao.com\/product\/militaerhelm-schutzweste-der-klasse-iiia-wendys-military-tactical-helm-hellbraun\/"},"modified":"2023-09-01T16:34:33","modified_gmt":"2023-09-01T14:34:33","slug":"wendys-kugelsicherer-helm-kevlar-helm-taktisch-hellbraun","status":"publish","type":"product","link":"https:\/\/tyditiao.com\/de\/produkt\/wendys-kugelsicherer-helm-kevlar-helm-taktisch-hellbraun\/","title":{"rendered":"Milit\u00e4rhelm, Schutzweste der Klasse IIIA, Wendy&#8217;s Military Tactical Helm, Hellbraun"},"content":{"rendered":"<p>Der ballistische Helm Wendy Military Tactical IIIA ist superleicht und sehr angenehm zu tragen. Die schnelle und einfache Einstellung mit einer Hand sorgt f\u00fcr eine pr\u00e4zise Passform. Es ist au\u00dferdem mit hochwertigen energieabsorbierenden Polstern ausgestattet, die die Aufprallkraft effektiv absorbieren, die Verformung des Helmk\u00f6rpers nach dem Aufprall der Kugel verringern und die Verletzungsrate und -schwere des Benutzers verringern k\u00f6nnen. Der taktische Milit\u00e4rhelm Wendy ist mit universellen Befestigungsschienen und einer Kopfst\u00fctze ausgestattet, was Wendy mehr M\u00f6glichkeiten bietet. Im Vergleich zum kugelsicheren MICH-Helm bedeutet das geringere Gewicht, dass er den Kopf nicht mehr belasten muss, aber zum Tragen modernerer Ausr\u00fcstung verwendet werden kann, die besser f\u00fcr den Informationsaustausch zwischen Teams geeignet ist.<\/p>\n<hr \/>\n<p><strong>Verteidigungsklasse:<\/strong><\/p>\n<p>Dieser kugelsichere Helm ist ein NIJ Level IIIA kugelsicherer Helm nach NIJ 0101.06 Standard, und der entsprechende Pr\u00fcfbericht kann zur Verf\u00fcgung gestellt werden.<\/p>\n<hr \/>\n<p><strong>Parameter des Verteidigungsprojektils:<\/strong><\/p>\n<p>.44 Mag SJHP<br \/>\n.357 SIG FMJ FN<br \/>\n9mm FMJ RN<br \/>\n.357 Mag JSP<br \/>\n.40 S&amp;W FMJ<\/p>\n<p>Es bietet auch Schutz gegen die meisten Schusswaffengefahren sowie Gefahren der Klasse IIA und Klasse II<\/p>\n<hr \/>\n<p><strong>Parameter des kugelsicheren Helms:<\/strong><br \/>\nName: NIJ lllA WENDY Kugelsicherer Helm<\/p>\n<p>Material: Hochfeste Kevlar-DuPont-Aramidfaser<\/p>\n<p>Kopfumfang: 52-60 cm<\/p>\n<p>Futter: Aufprallpolster aus Zorbium-Schaumstoff halten Sie k\u00fchl und trocken mit einem wasserdichten, bequemen Futter und einer antibakteriellen Beschichtung, die Schwei\u00df ableitet. Liefert unter allen Umgebungsbedingungen weniger als die H\u00e4lfte der Kraft, die f\u00fcr wiederholte St\u00f6\u00dfe erforderlich ist. Der Helm wird standardm\u00e4\u00dfig mit drei zus\u00e4tzlichen Aufprallpolstern und acht einstellbaren Polstern geliefert, die je nach Benutzeranforderungen f\u00fcr optimale Passform und Komfort flexibel installiert werden k\u00f6nnen.<\/p>\n<p>Optionales Zubeh\u00f6r: aufblasbare Sauerstoffmasken, Gesichtsschutz, Seitenschutz, gepanzerter Seitenschutz, Schutzschild, Helmschild, kugelsichere Maske usw.<\/p>\n<p>Helmfarbe: Hellbraun<br \/>\nGarantiezeit: Die 5-j\u00e4hrige Garantiezeit kann einen ausreichenden Schutz bieten, aber wenn die Garantiezeit \u00fcberschritten wird<br \/>\nverringert den Schutz.<\/p>\n<hr \/>\n<p><strong>F\u00fcr Menschen:<\/strong><br \/>\nDer NIJ lllA Kevlar WENDY Ballistic Helm bew\u00e4ltigt Pistolen- und Schrapnellbedrohungen, hat st\u00e4rkere Befestigungsbefestigungen, ist leichter und bequemer zu tragen. Dieser Helm ist f\u00fcr alle Arten von Benutzern geeignet. Mitarbeiter von Beh\u00f6rden wie Milit\u00e4r, Polizei, SWAT, innere Sicherheit, Zoll und Grenzschutz k\u00f6nnen mit erweiterten Kampff\u00e4higkeiten ausgestattet werden. Es ist auch eine gute Wahl f\u00fcr Heimschutz und Cosplay.<\/p>\n<hr \/>\n<p>Sie k\u00f6nnen unsere Produkte kaufen oder Fragen zu unseren Produkten haben,<\/p>\n<p>Bitte (<a href=\"http:\/\/tyditiao.com\/de\/kontakt\/\">kontaktieren Sie uns<\/a>) sofort und wir werden innerhalb von 1 Werktag antworten. Wenn Sie mehr als 5 kugelsichere Helme gleichzeitig bestellen m\u00f6chten, erhalten Sie einen zus\u00e4tzlichen Rabatt;<\/p>\n","protected":false},"excerpt":{"rendered":"<p>Gute kugelsichere Leistung: NIJ Level lllA, perfekter Kopfschutz.<\/p>\n<p>Gute Qualit\u00e4t: Wendy Military Tactical Helm besteht aus strapazierf\u00e4higer Dupont-Kevlar-Aramidfaser, die hitzebest\u00e4ndig und nicht leicht zu verformen ist.<\/p>\n<p>EINFACHE ANPASSUNG: Das leichte milit\u00e4rische CAM FIT-Helmbefestigungssystem mit BOA-Verschlusssystem bietet eine schnelle und einfache Einhandanpassung und pr\u00e4zise Passform.<\/p>\n<p>Bequem zu tragen: Der Zorbium Foam Impact Sattel hat ein wasserdichtes Futter und eine antibakterielle Beschichtung, die Feuchtigkeit ableitet, um Sie k\u00fchl und trocken zu halten, w\u00e4hrend Sie ihn tragen.<\/p>\n<p>Erweiterung: Das Rail 2.0 Befestigungssystem ist mit allen EXFIL Rail 2.0 Befestigungssystemen kompatibel. Doppelseitige Gimbal-Montageschienen und Stirn-Gimbal sind einfach zu installieren und zu konfigurieren, Headsets, Waffenlichter, Kameras, Blitzlichter, Nachtsichtger\u00e4te, GoPro-Kameras und NVG-Brillen.<\/p>\n","protected":false},"featured_media":2370,"comment_status":"closed","ping_status":"closed","template":"","meta":[],"product_brand":[],"product_cat":[347,120],"product_tag":[],"woo-feed-brand":[50],"class_list":{"0":"post-3775","1":"product","2":"type-product","3":"status-publish","4":"has-post-thumbnail","6":"product_cat-kugelsicherer-helm","7":"product_cat-wendy-de-2","8":"woo-feed-brand-tyditiao","10":"first","11":"instock","12":"sale","13":"shipping-taxable","14":"purchasable","15":"product-type-simple"},"_links":{"self":[{"href":"https:\/\/tyditiao.com\/de\/wp-json\/wp\/v2\/product\/3775","targetHints":{"allow":["GET"]}}],"collection":[{"href":"https:\/\/tyditiao.com\/de\/wp-json\/wp\/v2\/product"}],"about":[{"href":"https:\/\/tyditiao.com\/de\/wp-json\/wp\/v2\/types\/product"}],"replies":[{"embeddable":true,"href":"https:\/\/tyditiao.com\/de\/wp-json\/wp\/v2\/comments?post=3775"}],"wp:featuredmedia":[{"embeddable":true,"href":"https:\/\/tyditiao.com\/de\/wp-json\/wp\/v2\/media\/2370"}],"wp:attachment":[{"href":"https:\/\/tyditiao.com\/de\/wp-json\/wp\/v2\/media?parent=3775"}],"wp:term":[{"taxonomy":"product_brand","embeddable":true,"href":"https:\/\/tyditiao.com\/de\/wp-json\/wp\/v2\/product_brand?post=3775"},{"taxonomy":"product_cat","embeddable":true,"href":"https:\/\/tyditiao.com\/de\/wp-json\/wp\/v2\/product_cat?post=3775"},{"taxonomy":"product_tag","embeddable":true,"href":"https:\/\/tyditiao.com\/de\/wp-json\/wp\/v2\/product_tag?post=3775"},{"taxonomy":"woo-feed-brand","embeddable":true,"href":"https:\/\/tyditiao.com\/de\/wp-json\/wp\/v2\/woo-feed-brand?post=3775"}],"curies":[{"name":"wp","href":"https:\/\/api.w.org\/{rel}","templated":true}]}}