{"id":3776,"date":"2022-06-13T04:32:01","date_gmt":"2022-06-13T02:32:01","guid":{"rendered":"http:\/\/tyditiao.com\/product\/neuer-kevlarhelm-militaerhelm-der-klasse-iiia-militaerkampfhelm-team-wendy-gruen\/"},"modified":"2024-07-10T11:45:50","modified_gmt":"2024-07-10T09:45:50","slug":"wendys-kugelsicherer-helm-kevlar-helm-tactical-grun","status":"publish","type":"product","link":"https:\/\/tyditiao.com\/de\/produkt\/wendys-kugelsicherer-helm-kevlar-helm-tactical-grun\/","title":{"rendered":"Neuer Kevlarhelm, Milit\u00e4rhelm der Klasse IIIA, Milit\u00e4rkampfhelm Team Wendy, Gr\u00fcn"},"content":{"rendered":"<p>Leichter Soldatenhelm Wendys Helm ist superleicht und sehr angenehm zu tragen. Es ist au\u00dferdem mit hochwertigen energieabsorbierenden Eins\u00e4tzen ausgestattet, die die Aufprallkraft effektiv absorbieren, die Verformung des Helmk\u00f6rpers beim Auftreffen der Kugel auf den Helm verringern und die Verletzungsrate und den Verletzungsgrad des Benutzers verringern k\u00f6nnen. Doppelseitig mit universellen Ger\u00e4tehalterungsschienen und einer kardanischen Halterung an der Stirn, wodurch Wendy mehr M\u00f6glichkeiten schafft.<\/p>\n<hr \/>\n<p><strong>Verteidigungsklasse:<\/strong><\/p>\n<p>Dieser kugelsichere Helm ist ein NIJ Level IIIA kugelsicherer Helm nach NIJ 0101.06 Standard, und der entsprechende Pr\u00fcfbericht kann zur Verf\u00fcgung gestellt werden.<\/p>\n<hr \/>\n<p><strong>Parameter des Verteidigungsprojektils:<\/strong><\/p>\n<p>.44 Mag SJHP<br \/>\n.357 SIG FMJ FN<br \/>\n9mm FMJ RN<br \/>\n.357 Mag JSP<br \/>\n.40 S&amp;W FMJ<\/p>\n<p>Es bietet auch Schutz gegen die meisten Schusswaffengefahren sowie Gefahren der Klasse IIA und Klasse II<\/p>\n<hr \/>\n<p><strong>Parameter des kugelsicheren Helms:<\/strong><br \/>\nName: NIJ lllA WENDY Kugelsicherer Helm<\/p>\n<p>Material: Hochfeste Kevlar-DuPont-Aramidfaser<br \/>\nKopfumfang: 52-60 cm<\/p>\n<p>Futter: Zorbium Foam Impact Pads halten Sie k\u00fchl und trocken mit wasserdichter, bequemer Polsterung und einem antibakteriellen Bezug, der Schwei\u00df ableitet. Liefert unter allen Umgebungsbedingungen weniger als die H\u00e4lfte der Kraft, die f\u00fcr wiederholte St\u00f6\u00dfe erforderlich ist. Das Mauspad wird standardm\u00e4\u00dfig mit drei schlagfesten Pads und acht verstellbaren Pads f\u00fcr optimale Passform und Komfort geliefert.<\/p>\n<p>Optionales Zubeh\u00f6r: aufblasbare Sauerstoffmasken, Gesichtsschutz, Seitenschutz, gepanzerter Seitenschutz, Schilde, Helmschilde, kugelsichere Masken usw.<br \/>\nHelmfarbe: Gr\u00fcn<br \/>\nGarantiezeit: Die 5-j\u00e4hrige Garantiezeit kann einen ausreichenden Schutz bieten, aber wenn die Garantiezeit \u00fcberschritten wird<br \/>\nverringert den Schutz.<\/p>\n<hr \/>\n<p><strong>F\u00fcr Menschen:<\/strong><br \/>\nDer NIJ lllA Kevlar WENDY Ballistic Helm bew\u00e4ltigt Pistolen- und Schrapnellbedrohungen, hat st\u00e4rkere Befestigungsbefestigungen, ist leichter und bequemer zu tragen. Dieser Helm ist f\u00fcr alle Arten von Benutzern geeignet. Mitarbeiter von Beh\u00f6rden wie Milit\u00e4r, Polizei, SWAT, innere Sicherheit, Zoll und Grenzschutz k\u00f6nnen mit erweiterten Kampff\u00e4higkeiten ausgestattet werden. Es ist auch eine gute Wahl f\u00fcr Heimschutz und Cosplay.<\/p>\n<hr \/>\n<p>Wenn Sie unsere Produkte kaufen m\u00f6chten oder Fragen zu unseren Produkten haben;<br \/>\nWenn Sie Anpassungsanforderungen haben;<br \/>\nBitte (<a href=\"http:\/\/tyditiao.com\/de\/kontakt\/\">kontaktieren Sie uns<\/a>) sofort, wir werden Ihnen innerhalb von 1 Werktag antworten<\/p>\n","protected":false},"excerpt":{"rendered":"<p>Gute Qualit\u00e4t: Der Milit\u00e4rhelm in technischer Qualit\u00e4t besteht aus hochfester DuPont Kevlar Aramid-Faser, die hitzebest\u00e4ndig und nicht leicht zu verformen ist<\/p>\n<p>Gute ballistische Leistung: NIJ Level IIIA<\/p>\n<p>Bequem zu tragen: Das Zorbium Foam Impact Pillow verf\u00fcgt \u00fcber ein wasserdichtes Futter und eine antimikrobielle Beschichtung, die Feuchtigkeit ableitet, um Sie k\u00fchl und trocken zu halten.<\/p>\n<p>EINFACHE ANPASSUNG: Leichtes CAM FIT-Befestigungssystem f\u00fcr Milit\u00e4rhelme mit BOA-Verschlusssystem f\u00fcr sichere einh\u00e4ndige Anpassung f\u00fcr eine pr\u00e4zise Passform.<\/p>\n<p>ERWEITERBAR: Das Rail 2.0 Befestigungssystem ist mit allen EXFIL Rail 2.0 Befestigungselementen kompatibel. Die doppelseitige Gimbal-Montageschiene und die Gimbal-Halterung an der Stirn erm\u00f6glichen es Wendy, mehr M\u00f6glichkeiten zu schaffen.<\/p>\n","protected":false},"featured_media":2363,"comment_status":"open","ping_status":"closed","template":"","meta":[],"product_brand":[],"product_cat":[347,120],"product_tag":[],"woo-feed-brand":[50],"class_list":{"0":"post-3776","1":"product","2":"type-product","3":"status-publish","4":"has-post-thumbnail","6":"product_cat-kugelsicherer-helm","7":"product_cat-wendy-de-2","8":"woo-feed-brand-tyditiao","10":"first","11":"instock","12":"sale","13":"shipping-taxable","14":"purchasable","15":"product-type-simple"},"_links":{"self":[{"href":"https:\/\/tyditiao.com\/de\/wp-json\/wp\/v2\/product\/3776","targetHints":{"allow":["GET"]}}],"collection":[{"href":"https:\/\/tyditiao.com\/de\/wp-json\/wp\/v2\/product"}],"about":[{"href":"https:\/\/tyditiao.com\/de\/wp-json\/wp\/v2\/types\/product"}],"replies":[{"embeddable":true,"href":"https:\/\/tyditiao.com\/de\/wp-json\/wp\/v2\/comments?post=3776"}],"wp:featuredmedia":[{"embeddable":true,"href":"https:\/\/tyditiao.com\/de\/wp-json\/wp\/v2\/media\/2363"}],"wp:attachment":[{"href":"https:\/\/tyditiao.com\/de\/wp-json\/wp\/v2\/media?parent=3776"}],"wp:term":[{"taxonomy":"product_brand","embeddable":true,"href":"https:\/\/tyditiao.com\/de\/wp-json\/wp\/v2\/product_brand?post=3776"},{"taxonomy":"product_cat","embeddable":true,"href":"https:\/\/tyditiao.com\/de\/wp-json\/wp\/v2\/product_cat?post=3776"},{"taxonomy":"product_tag","embeddable":true,"href":"https:\/\/tyditiao.com\/de\/wp-json\/wp\/v2\/product_tag?post=3776"},{"taxonomy":"woo-feed-brand","embeddable":true,"href":"https:\/\/tyditiao.com\/de\/wp-json\/wp\/v2\/woo-feed-brand?post=3776"}],"curies":[{"name":"wp","href":"https:\/\/api.w.org\/{rel}","templated":true}]}}