{"id":5141,"date":"2022-10-11T12:39:23","date_gmt":"2022-10-11T10:39:23","guid":{"rendered":"http:\/\/tyditiao.com\/product\/kevlar-nij-iiia-kugelsichere-halbmaske-kugelsichere-aramid-gesichtsmaske-fuer-taktischen-kugelsicheren-helm\/"},"modified":"2024-07-10T11:45:50","modified_gmt":"2024-07-10T09:45:50","slug":"ballistische-kevlar-nij-iiia-aramid-ballistische-maske-fit-mit-taktischem-ballistischen-helm-wendy-quick-michigan-fit","status":"publish","type":"product","link":"https:\/\/tyditiao.com\/de\/produkt\/ballistische-kevlar-nij-iiia-aramid-ballistische-maske-fit-mit-taktischem-ballistischen-helm-wendy-quick-michigan-fit\/","title":{"rendered":"Kevlar NIJ IIIA kugelsichere Halbmaske, kugelsichere Aramid-Gesichtsmaske f\u00fcr taktischen kugelsicheren Helm"},"content":{"rendered":"<p>Gewicht: 0,68 kg<\/p>\n<p>Material: Aramid<\/p>\n<p>Dicke: 8 mm dickes Aramid und 1 mm Beschichtung<\/p>\n<p>Schutzklasse: NIJ 0101.06 Stufe IIIA<\/p>\n<p>Gr\u00f6\u00dfe: Einheitsgr\u00f6\u00dfe<\/p>\n<p>G\u00fcltigkeit: 5 Jahre<\/p>\n<p>Anwendbare Szenarien: Hausschutz, Sicherheit, Polizeiausr\u00fcstung, tats\u00e4chlicher Kampf, Cosplay<\/p>\n<p>OEM\/ODM-Service auf Anfrage erh\u00e4ltlich<\/p>\n<p>&nbsp;<\/p>\n<p>Packliste: 1X kugelsichere Halbgesichtsmaske<\/p>\n","protected":false},"excerpt":{"rendered":"<p>Material: Hergestellt aus fortschrittlichen, leichten Kevlar-Fasern, die 15-mal st\u00e4rker als Stahl sind, um die Bedrohung durch Kugeln zu minimieren<\/p>\n<p>Einzigartiges ergonomisches Design: 6-Punkt-verstellbarer Nylon-Kopfb\u00fcgel und zus\u00e4tzliche Polsterung passen sich jeder Kopfform an und verbessern den Tragekomfort<\/p>\n<p>Gute Anpassungsf\u00e4higkeit: Kann mit FAST, WENDY, MICH und anderen kugelsicheren Helmen verwendet werden und bedeckt das Gesicht des Tr\u00e4gers vollst\u00e4ndig<\/p>\n<p>Anwendbare Verwendungen: Heimatschutz, Milit\u00e4r, Personal, das an gef\u00e4hrlichen Operationen beteiligt ist, Feldtraining, Leibw\u00e4chter, Personal, das an gef\u00e4hrlichen Operationen in ausl\u00e4ndischen bewaffneten Konfliktgebieten beteiligt ist<\/p>\n","protected":false},"featured_media":4888,"comment_status":"open","ping_status":"closed","template":"","meta":[],"product_brand":[],"product_cat":[211],"product_tag":[],"woo-feed-brand":[50],"class_list":{"0":"post-5141","1":"product","2":"type-product","3":"status-publish","4":"has-post-thumbnail","6":"product_cat-ballistic-mask-de","7":"product_shipping_class-0-3-kg-de","8":"woo-feed-brand-tyditiao","10":"first","11":"instock","12":"sale","13":"shipping-taxable","14":"purchasable","15":"product-type-simple"},"_links":{"self":[{"href":"https:\/\/tyditiao.com\/de\/wp-json\/wp\/v2\/product\/5141","targetHints":{"allow":["GET"]}}],"collection":[{"href":"https:\/\/tyditiao.com\/de\/wp-json\/wp\/v2\/product"}],"about":[{"href":"https:\/\/tyditiao.com\/de\/wp-json\/wp\/v2\/types\/product"}],"replies":[{"embeddable":true,"href":"https:\/\/tyditiao.com\/de\/wp-json\/wp\/v2\/comments?post=5141"}],"wp:featuredmedia":[{"embeddable":true,"href":"https:\/\/tyditiao.com\/de\/wp-json\/wp\/v2\/media\/4888"}],"wp:attachment":[{"href":"https:\/\/tyditiao.com\/de\/wp-json\/wp\/v2\/media?parent=5141"}],"wp:term":[{"taxonomy":"product_brand","embeddable":true,"href":"https:\/\/tyditiao.com\/de\/wp-json\/wp\/v2\/product_brand?post=5141"},{"taxonomy":"product_cat","embeddable":true,"href":"https:\/\/tyditiao.com\/de\/wp-json\/wp\/v2\/product_cat?post=5141"},{"taxonomy":"product_tag","embeddable":true,"href":"https:\/\/tyditiao.com\/de\/wp-json\/wp\/v2\/product_tag?post=5141"},{"taxonomy":"woo-feed-brand","embeddable":true,"href":"https:\/\/tyditiao.com\/de\/wp-json\/wp\/v2\/woo-feed-brand?post=5141"}],"curies":[{"name":"wp","href":"https:\/\/api.w.org\/{rel}","templated":true}]}}