{"id":5714,"date":"2022-10-18T08:54:02","date_gmt":"2022-10-18T06:54:02","guid":{"rendered":"http:\/\/tyditiao.com\/product\/cs-training-equipment-kugelsichere-weste-aeussere-taktische-weste-mit-schnellverschluss-einschliesslich-2xpe-iiia-10x12-kugelsichere-platten\/"},"modified":"2024-07-10T11:45:50","modified_gmt":"2024-07-10T09:45:50","slug":"cs-trainingsausrustung-outdoor-ballistische-weste-schnellwechsel-taktische-weste-im-kit-kugelsichere-platte-2xpe-iiia-10x12","status":"publish","type":"product","link":"https:\/\/tyditiao.com\/de\/produkt\/cs-trainingsausrustung-outdoor-ballistische-weste-schnellwechsel-taktische-weste-im-kit-kugelsichere-platte-2xpe-iiia-10x12\/","title":{"rendered":"CS Training Equipment Kugelsichere Weste, \u00e4u\u00dfere taktische Weste mit Schnellverschluss, einschlie\u00dflich 2XPE IIIA 10&#215;12 Kugelsichere Platten"},"content":{"rendered":"<p>Die Seiten und Schultern dieses Produkts sind mit Klettverschluss verstellbar, sodass Benutzer jeder Gr\u00f6\u00dfe es tragen k\u00f6nnen.<br \/>\nInnenschicht: hochfestes Material<br \/>\nAu\u00dfenschicht: abriebfestes Oxford-Gewebe, Baumwolle oder Nylon, schmutzabweisend und langlebig.<\/p>\n<p>&nbsp;<\/p>\n<p>Verteidigungsstufe: Standard PE kugelsichere Platte, NIJIIIA,<br \/>\nSchutzeinlage: UHMW-PE<br \/>\nDicke: ~8 mm\/~0,3&#8242;<br \/>\nG\u00fcltigkeit: 5 Jahre<br \/>\nArten von Projektilen, gegen die man sich verteidigen kann:<br \/>\n9 mm Vollmetallmantel (FMJ) \/ Rundkopf (RN)<br \/>\n.44 Universaljacke Hohlspitze (JHP)<\/p>\n<p>Zielbenutzer:<br \/>\nVerdeckte kugelsichere Westen der NIJ-Klasse IIIA sch\u00fctzen vor waffenbedingten Gefahren. Und es hat mehr Zubeh\u00f6r und nimmt eine gr\u00f6\u00dfere Fl\u00e4che ein. Gr\u00f6\u00dfenverstellbar mit Klettverschluss an den Seiten und Schultern. Unsere Produkte k\u00f6nnen mit Streitkr\u00e4ften, SWAT-Agenturen, internen Sicherheitsbeh\u00f6rden, Zoll- und Grenzschutzbeh\u00f6rden, Einwanderungskontrollbeh\u00f6rden und anderen von Schusswaffen bedrohten Beh\u00f6rden ausgestattet werden. Die Menschen erzielen bessere Ergebnisse und weniger Opfer.<\/p>\n","protected":false},"excerpt":{"rendered":"<p>EINSTELLBARE GR\u00d6SSE: Einstellbare Gr\u00f6\u00dfe mit Klettverschluss an den Seiten und Schultern, Einheitsgr\u00f6\u00dfe.<\/p>\n<p>Schnellverschluss realisieren: Die Taillen-Schnellverschlussschnalle ist einfach zu bedienen.<\/p>\n<p>Viel Stauraum: Eingebaute Aufbewahrungstasche und die Utility-Tasche k\u00f6nnen je nach Bedarf installiert oder entfernt werden.<\/p>\n<p>Ausgestattet mit kugelsicheren NIJ IIIA-Platten vorne und hinten: Kann mit der Bedrohung durch Pistolenkugeln fertig werden.<\/p>\n<p>Erh\u00f6hen Sie Ihre Abwehr nach Belieben: Die Jacke kann mit kugelsicheren Eins\u00e4tzen unterschiedlicher St\u00e4rke ausgestattet werden.<\/p>\n","protected":false},"featured_media":5253,"comment_status":"open","ping_status":"closed","template":"","meta":[],"product_brand":[],"product_cat":[229],"product_tag":[],"woo-feed-brand":[50],"class_list":{"0":"post-5714","1":"product","2":"type-product","3":"status-publish","4":"has-post-thumbnail","6":"product_cat-tactical-vest-de","7":"product_shipping_class-0-3-kg-de","8":"woo-feed-brand-tyditiao","10":"first","11":"instock","12":"sale","13":"shipping-taxable","14":"purchasable","15":"product-type-simple"},"_links":{"self":[{"href":"https:\/\/tyditiao.com\/de\/wp-json\/wp\/v2\/product\/5714","targetHints":{"allow":["GET"]}}],"collection":[{"href":"https:\/\/tyditiao.com\/de\/wp-json\/wp\/v2\/product"}],"about":[{"href":"https:\/\/tyditiao.com\/de\/wp-json\/wp\/v2\/types\/product"}],"replies":[{"embeddable":true,"href":"https:\/\/tyditiao.com\/de\/wp-json\/wp\/v2\/comments?post=5714"}],"wp:featuredmedia":[{"embeddable":true,"href":"https:\/\/tyditiao.com\/de\/wp-json\/wp\/v2\/media\/5253"}],"wp:attachment":[{"href":"https:\/\/tyditiao.com\/de\/wp-json\/wp\/v2\/media?parent=5714"}],"wp:term":[{"taxonomy":"product_brand","embeddable":true,"href":"https:\/\/tyditiao.com\/de\/wp-json\/wp\/v2\/product_brand?post=5714"},{"taxonomy":"product_cat","embeddable":true,"href":"https:\/\/tyditiao.com\/de\/wp-json\/wp\/v2\/product_cat?post=5714"},{"taxonomy":"product_tag","embeddable":true,"href":"https:\/\/tyditiao.com\/de\/wp-json\/wp\/v2\/product_tag?post=5714"},{"taxonomy":"woo-feed-brand","embeddable":true,"href":"https:\/\/tyditiao.com\/de\/wp-json\/wp\/v2\/woo-feed-brand?post=5714"}],"curies":[{"name":"wp","href":"https:\/\/api.w.org\/{rel}","templated":true}]}}