{"id":5715,"date":"2022-10-21T05:10:23","date_gmt":"2022-10-21T03:10:23","guid":{"rendered":"http:\/\/tyditiao.com\/product\/sicpe-nij-level-iv-23-mm-25-kg-kugelsicherer-ballistischer-brustplatteneinsatz-250-x-300-mm\/"},"modified":"2025-03-17T11:10:00","modified_gmt":"2025-03-17T09:10:00","slug":"sicpe-nij-level-iv-23-mm-2-5-kg-brustpanzer-kugelsicher-250-x-300-mm","status":"publish","type":"product","link":"https:\/\/tyditiao.com\/de\/produkt\/sicpe-nij-level-iv-23-mm-2-5-kg-brustpanzer-kugelsicher-250-x-300-mm\/","title":{"rendered":"SIC+PE, NIJ Level IV, 23 mm, 2,5 kg, kugelsicherer ballistischer Brustplatteneinsatz, 250 x 300 mm"},"content":{"rendered":"<p>Name: NIJ Grad IV ultraleichte kugelsichere Siliziumkarbidplatte<\/p>\n<p>Standard: NIJ 0101.06 Klasse IV, den entsprechenden Pr\u00fcfbericht k\u00f6nnen wir Ihnen zur Verf\u00fcgung stellen.<\/p>\n<p>Material: SiC + UHMW-PE<\/p>\n<p>Gewicht: 2,5 kg + 0,05 kg \/ 2,20 + 0,11 LB<\/p>\n<p>Dicke: 23 mm<\/p>\n<p>Au\u00dfenschicht: schwarzes wasserdichtes Polyestergewebe;<br \/>\nAbmessungen: 250x300mm \/ 9,8&#8217;x11,8&#8242;<br \/>\nForm: Trapez (Trapezplatte mit abgeschr\u00e4gten Ecken)<\/p>\n<p>Packliste:<br \/>\n1 x trapezf\u00f6rmige kugelsichere Platte.<\/p>\n<p>Notiz:<br \/>\nReflektierende Weste nicht im Lieferumfang enthalten<\/p>\n<p>Zielbenutzer: Superleichte kugelsichere Sic-Platten der NIJ-Klasse IV zur Verwendung gegen waffenbezogene Bedrohungen. Streitkr\u00e4fte, SWAT-Agenturen, interne Sicherheitsbeh\u00f6rden, Zoll- und Grenzschutzbeh\u00f6rden, Einwanderungskontrollbeh\u00f6rden und andere von Schusswaffen bedrohte Beh\u00f6rden k\u00f6nnen mit unseren Produkten ausgestattet werden. Die Menschen erzielen bessere Ergebnisse und weniger Opfer. Das Produkt ist auch besser geeignet f\u00fcr Situationen wie Langstreckeneins\u00e4tze oder Langstreckeneins\u00e4tze. Es ist auch eine gute Wahl f\u00fcr den Schutz Ihrer eigenen Familie<\/p>\n<p><!--more--><\/p>\n<p>Parameter von Projektilen, gegen die sich NIJ IV verteidigen kann:<\/p>\n<p>Vollmetallgeh\u00e4use 7,62 x 51 mm M80 (FMJ) \/ NATO-Kugel;<\/p>\n<p>7,62 x 39 mm AK47 Bleikern (LC) \/ Weichstahlkern (MSC);<\/p>\n<p>5,56 x 45 mm M193 Blei (LC) \/ NATO SS109 Kugel;<\/p>\n<p>Ballistische Eins\u00e4tze werden h\u00e4ufig in K\u00f6rperpanzern oder taktischen Westen verwendet. Es gibt zwei Arten von kugelsicheren Patronen: frontal und seitlich. Die Frontpartie sch\u00fctzt Brust und R\u00fccken, die Seitenpartien sch\u00fctzen die Seiten des K\u00f6rpers. Die Fasen sch\u00fctzen normalerweise die Vorderseite der Brust und die Quadrate den R\u00fccken.<\/p>\n<p>Es gibt vier Arten von kugelsicheren Plattenmaterialien: kugelsicherer Stahl, PE-Polyethylen, PE+Aluminiumoxid, PE+Siliziumkarbid. Diese Batterie ist in einer Vielzahl von Materialmodellen erh\u00e4ltlich und besteht aus reinem PE + Silizium.<\/p>\n<p>Keramische kugelsichere Eins\u00e4tze werden normalerweise aus Materialien wie Keramik und Polyethylen PE hergestellt. Die Regel lautet: Wenn ein Geschoss auf eine kugelsichere Patrone trifft, trifft das Geschoss zuerst auf die Oberseite der Keramikschicht. Die enorme Aufprallkraft des Projektils wird auf die Umgebung \u00fcbertragen und absorbiert die enorme kinetische Energie des Projektils. Wenn das Projektil die Keramikschicht passiert, verliert es den gr\u00f6\u00dften Teil seiner kinetischen Energie. Wenn das Projektil die Polyethylenschicht erreicht, leitet das Polyethylen die kinetische Energie des Projektils ab, indem es das Projektil und die Fragmente dehnt und umwickelt, ohne den K\u00f6rper zu beeintr\u00e4chtigen, und bietet einen hervorragenden Schutz.<\/p>\n","protected":false},"excerpt":{"rendered":"<p>Ultraleichte ballistische Platte aus Siliziumkarbid der NIJ-Klasse IV, die der Bedrohung durch herk\u00f6mmliche Gewehrgeschosse standh\u00e4lt.<\/p>\n<p>Ausgereifter Prozess: Zeigt eine stabile und hervorragende Schutzleistung.<\/p>\n<p>Leichter und bequemer als Aluminiumoxid-Keramikplatten.<\/p>\n<p>Die oberste Schicht besteht aus wasserabweisendem Polyestergewebe und die Platte ist wasserdicht und schmutzabweisend.<\/p>\n","protected":false},"featured_media":5403,"comment_status":"open","ping_status":"closed","template":"","meta":[],"product_brand":[],"product_cat":[230],"product_tag":[],"woo-feed-brand":[50],"class_list":{"0":"post-5715","1":"product","2":"type-product","3":"status-publish","4":"has-post-thumbnail","6":"product_cat-bulletproof-chest-plate-de","7":"woo-feed-brand-tyditiao","9":"first","10":"instock","11":"sale","12":"shipping-taxable","13":"purchasable","14":"product-type-simple"},"_links":{"self":[{"href":"https:\/\/tyditiao.com\/de\/wp-json\/wp\/v2\/product\/5715","targetHints":{"allow":["GET"]}}],"collection":[{"href":"https:\/\/tyditiao.com\/de\/wp-json\/wp\/v2\/product"}],"about":[{"href":"https:\/\/tyditiao.com\/de\/wp-json\/wp\/v2\/types\/product"}],"replies":[{"embeddable":true,"href":"https:\/\/tyditiao.com\/de\/wp-json\/wp\/v2\/comments?post=5715"}],"wp:featuredmedia":[{"embeddable":true,"href":"https:\/\/tyditiao.com\/de\/wp-json\/wp\/v2\/media\/5403"}],"wp:attachment":[{"href":"https:\/\/tyditiao.com\/de\/wp-json\/wp\/v2\/media?parent=5715"}],"wp:term":[{"taxonomy":"product_brand","embeddable":true,"href":"https:\/\/tyditiao.com\/de\/wp-json\/wp\/v2\/product_brand?post=5715"},{"taxonomy":"product_cat","embeddable":true,"href":"https:\/\/tyditiao.com\/de\/wp-json\/wp\/v2\/product_cat?post=5715"},{"taxonomy":"product_tag","embeddable":true,"href":"https:\/\/tyditiao.com\/de\/wp-json\/wp\/v2\/product_tag?post=5715"},{"taxonomy":"woo-feed-brand","embeddable":true,"href":"https:\/\/tyditiao.com\/de\/wp-json\/wp\/v2\/woo-feed-brand?post=5715"}],"curies":[{"name":"wp","href":"https:\/\/api.w.org\/{rel}","templated":true}]}}