{"id":5718,"date":"2022-10-21T05:17:38","date_gmt":"2022-10-23T01:03:11","guid":{"rendered":"http:\/\/tyditiao.com\/product\/aluminiumoxidpe-nij-level-iii-20-mm-2-kg-kugelsicherer-brustpanzer-ballistischer-einsatz-250-x-300-mm\/"},"modified":"2024-07-10T11:45:50","modified_gmt":"2024-07-10T09:45:50","slug":"aluminiumoxid-nij-level-iii-20-mm-2-kg-napore-kugelsicher-250-x-300-mm","status":"publish","type":"product","link":"https:\/\/tyditiao.com\/de\/produkt\/aluminiumoxid-nij-level-iii-20-mm-2-kg-napore-kugelsicher-250-x-300-mm\/","title":{"rendered":"Aluminiumoxid+PE, NIJ Level III, 20 mm, 2 kg, kugelsicherer Brustpanzer, ballistischer Einsatz 250 x 300 mm"},"content":{"rendered":"<p>Gewicht: 2 kg<br \/>\nMaterial: Aluminiumoxid+PE<br \/>\nDicke: 20 mm<br \/>\nSchutzklasse: NIJ III Klasse (GA5)<\/p>\n<p>Au\u00dfenschicht: schwarzes wasserdichtes Polyestergewebe;<br \/>\nAbmessungen: 250x300mm \/ 9,8&#8217;x11,8&#8242;<br \/>\nForm: Trapez (Trapezplatte mit abgeschr\u00e4gten Ecken)<\/p>\n<p>Packliste:<br \/>\n1 x trapezf\u00f6rmige kugelsichere Platte.<\/p>\n<p>Notiz:<br \/>\nReflektierende Weste nicht im Lieferumfang enthalten<\/p>\n<p>Vorgesehene Benutzer: Streitkr\u00e4fte, SWAT, Heimatschutz, Zoll- und Grenzschutz, Einwanderungskontrolle und andere, die Waffenbedrohungen ausgesetzt sind, k\u00f6nnen mit unseren Produkten ausgestattet werden. Die Menschen erzielen bessere Ergebnisse und weniger Opfer. Das Produkt ist auch besser geeignet f\u00fcr Situationen wie Langstreckeneins\u00e4tze oder Langstreckeneins\u00e4tze. Es ist auch eine gute Wahl f\u00fcr den Schutz Ihrer eigenen Familie<\/p>\n<p>Ballistische Eins\u00e4tze werden h\u00e4ufig in K\u00f6rperpanzern oder taktischen Westen verwendet. Es gibt zwei Arten von kugelsicheren Patronen: frontal und seitlich. Die Frontpartie sch\u00fctzt Brust und R\u00fccken, die Seitenpartien sch\u00fctzen die Seiten des K\u00f6rpers. Die Fasen sch\u00fctzen normalerweise die Vorderseite der Brust und die Quadrate den R\u00fccken.<\/p>\n<p>Es gibt vier Arten von kugelsicheren Plattenmaterialien: kugelsicherer Stahl, PE-Polyethylen, PE+Aluminiumoxid, PE+Siliziumkarbid.<\/p>\n<p>Keramische kugelsichere Eins\u00e4tze werden normalerweise aus Materialien wie Keramik und Polyethylen PE hergestellt. Die Regel lautet: Wenn ein Geschoss auf eine kugelsichere Patrone trifft, trifft das Geschoss zuerst auf die Oberseite der Keramikschicht. Die enorme Aufprallkraft des Projektils wird auf die Umgebung \u00fcbertragen und absorbiert die enorme kinetische Energie des Projektils. Wenn das Projektil die Keramikschicht passiert, verliert es den gr\u00f6\u00dften Teil seiner kinetischen Energie. Wenn das Projektil die Polyethylenschicht erreicht, leitet das Polyethylen die kinetische Energie des Projektils ab, indem es das Projektil und die Fragmente dehnt und umwickelt, ohne den K\u00f6rper zu beeintr\u00e4chtigen, und bietet einen hervorragenden Schutz.<\/p>\n","protected":false},"excerpt":{"rendered":"<p>Bei gleicher ballistischer Bewertung ist es leichter als Stahl und kosteng\u00fcnstiger als Siliziumkarbid, sodass Aluminiumoxid-Keramik-Ballistik eine gute Balance darstellt.<\/p>\n<p>Die oberste Schicht besteht aus wasserabweisendem Polyestergewebe und die Platte ist wasserdicht und schmutzabweisend.<\/p>\n<p>Pufferschicht: Jede kugelsichere Platte ist an der inneren Schicht des sto\u00dffesten EVA-Pads befestigt, wodurch die Auswirkungen auf den menschlichen K\u00f6rper nach der Explosion wirksam reduziert werden k\u00f6nnen<\/p>\n<p>Plattenmaterial: Die obere Schicht ist eine Aluminiumkeramikplatte und die untere Schicht ist eine kugelsichere PE-Platte;<\/p>\n","protected":false},"featured_media":5313,"comment_status":"open","ping_status":"closed","template":"","meta":[],"product_brand":[],"product_cat":[230],"product_tag":[],"woo-feed-brand":[50],"class_list":{"0":"post-5718","1":"product","2":"type-product","3":"status-publish","4":"has-post-thumbnail","6":"product_cat-bulletproof-chest-plate-de","7":"woo-feed-brand-tyditiao","9":"first","10":"instock","11":"sale","12":"shipping-taxable","13":"purchasable","14":"product-type-simple"},"_links":{"self":[{"href":"https:\/\/tyditiao.com\/de\/wp-json\/wp\/v2\/product\/5718","targetHints":{"allow":["GET"]}}],"collection":[{"href":"https:\/\/tyditiao.com\/de\/wp-json\/wp\/v2\/product"}],"about":[{"href":"https:\/\/tyditiao.com\/de\/wp-json\/wp\/v2\/types\/product"}],"replies":[{"embeddable":true,"href":"https:\/\/tyditiao.com\/de\/wp-json\/wp\/v2\/comments?post=5718"}],"wp:featuredmedia":[{"embeddable":true,"href":"https:\/\/tyditiao.com\/de\/wp-json\/wp\/v2\/media\/5313"}],"wp:attachment":[{"href":"https:\/\/tyditiao.com\/de\/wp-json\/wp\/v2\/media?parent=5718"}],"wp:term":[{"taxonomy":"product_brand","embeddable":true,"href":"https:\/\/tyditiao.com\/de\/wp-json\/wp\/v2\/product_brand?post=5718"},{"taxonomy":"product_cat","embeddable":true,"href":"https:\/\/tyditiao.com\/de\/wp-json\/wp\/v2\/product_cat?post=5718"},{"taxonomy":"product_tag","embeddable":true,"href":"https:\/\/tyditiao.com\/de\/wp-json\/wp\/v2\/product_tag?post=5718"},{"taxonomy":"woo-feed-brand","embeddable":true,"href":"https:\/\/tyditiao.com\/de\/wp-json\/wp\/v2\/woo-feed-brand?post=5718"}],"curies":[{"name":"wp","href":"https:\/\/api.w.org\/{rel}","templated":true}]}}