{"id":5720,"date":"2022-10-21T05:22:48","date_gmt":"2022-10-21T03:22:48","guid":{"rendered":"http:\/\/tyditiao.com\/product\/kugelsicherer-stahl-nij-iii-5-mm-26-kg-kugelsicherer-brustpanzer-250-x-300-mm\/"},"modified":"2024-07-10T11:45:50","modified_gmt":"2024-07-10T09:45:50","slug":"kugelsicherer-stahl-nij-level-iii-5-mm-2-6-kg-bustier-kugelsicher-250-x-300-mm","status":"publish","type":"product","link":"https:\/\/tyditiao.com\/de\/produkt\/kugelsicherer-stahl-nij-level-iii-5-mm-2-6-kg-bustier-kugelsicher-250-x-300-mm\/","title":{"rendered":"Kugelsicherer Stahl, NIJ III, 5 mm, 2,6 kg, kugelsicherer Brustpanzer, 250 x 300 mm"},"content":{"rendered":"<p>Gewicht: 2,6 kg<br \/>\nMaterial: kugelsicherer Stahl;<br \/>\nDicke: 5 mm<br \/>\nSchutzklasse: NIJ III Klasse (GA5)<\/p>\n<p>Gr\u00f6\u00dfe: 25 cm * 30 cm<br \/>\nForm: Trapez (Trapezplatte mit abgeschr\u00e4gten Ecken)<\/p>\n<p>Packliste:<br \/>\n1 x trapezf\u00f6rmige kugelsichere Platte.<\/p>\n<p>Notiz:<br \/>\nReflektierende Weste nicht im Lieferumfang enthalten<\/p>\n<p>Benutzer: Familienverteidiger, risikobezogenes Personal, Bankw\u00e4hrungsverteidiger, ausl\u00e4ndisches Milit\u00e4rpersonal, ausl\u00e4ndisches Personal f\u00fcr bewaffnete Konflikte, Sicherheitspersonal, Seeleute, Grenzschutzbeamte usw.<\/p>\n","protected":false},"excerpt":{"rendered":"<p>Hergestellt aus speziellem kugelsicherem Stahlblech: gleiches Schutzniveau, mit dem Vorteil, d\u00fcnn und leicht zu sein.<\/p>\n<p>Pufferschicht: In jeder kugelsicheren Platte befindet sich eine Schicht aus sto\u00dffestem EVA-Baumwollpolster, die die Auswirkungen auf den menschlichen K\u00f6rper nach einer Bombardierung wirksam reduzieren kann<\/p>\n<p>Doppelbogen-Design: Durch mechanisches B\u00fcgeln auf der linken und rechten Seite des Bretts nach ergonomischen Prinzipien passen sich die gew\u00f6lbten Kanten perfekt dem K\u00f6rper an<\/p>\n<p>Anwendung: Verwenden Sie es aus Sicherheitsgr\u00fcnden mit taktischen Westen, Jacken, ballistischen Rucks\u00e4cken, verschiedenen K\u00f6rperpanzern usw.<\/p>\n","protected":false},"featured_media":5349,"comment_status":"open","ping_status":"closed","template":"","meta":[],"product_brand":[],"product_cat":[230],"product_tag":[],"woo-feed-brand":[50],"class_list":{"0":"post-5720","1":"product","2":"type-product","3":"status-publish","4":"has-post-thumbnail","6":"product_cat-bulletproof-chest-plate-de","7":"woo-feed-brand-tyditiao","9":"first","10":"instock","11":"sale","12":"shipping-taxable","13":"purchasable","14":"product-type-simple"},"_links":{"self":[{"href":"https:\/\/tyditiao.com\/de\/wp-json\/wp\/v2\/product\/5720","targetHints":{"allow":["GET"]}}],"collection":[{"href":"https:\/\/tyditiao.com\/de\/wp-json\/wp\/v2\/product"}],"about":[{"href":"https:\/\/tyditiao.com\/de\/wp-json\/wp\/v2\/types\/product"}],"replies":[{"embeddable":true,"href":"https:\/\/tyditiao.com\/de\/wp-json\/wp\/v2\/comments?post=5720"}],"wp:featuredmedia":[{"embeddable":true,"href":"https:\/\/tyditiao.com\/de\/wp-json\/wp\/v2\/media\/5349"}],"wp:attachment":[{"href":"https:\/\/tyditiao.com\/de\/wp-json\/wp\/v2\/media?parent=5720"}],"wp:term":[{"taxonomy":"product_brand","embeddable":true,"href":"https:\/\/tyditiao.com\/de\/wp-json\/wp\/v2\/product_brand?post=5720"},{"taxonomy":"product_cat","embeddable":true,"href":"https:\/\/tyditiao.com\/de\/wp-json\/wp\/v2\/product_cat?post=5720"},{"taxonomy":"product_tag","embeddable":true,"href":"https:\/\/tyditiao.com\/de\/wp-json\/wp\/v2\/product_tag?post=5720"},{"taxonomy":"woo-feed-brand","embeddable":true,"href":"https:\/\/tyditiao.com\/de\/wp-json\/wp\/v2\/woo-feed-brand?post=5720"}],"curies":[{"name":"wp","href":"https:\/\/api.w.org\/{rel}","templated":true}]}}