{"id":5721,"date":"2022-10-21T05:25:40","date_gmt":"2022-10-21T03:25:40","guid":{"rendered":"http:\/\/tyditiao.com\/product\/uhmwpe-nij-level-iiia-7-mm-05-kg-kugelsichere-brustplatte-250-x-300-mm\/"},"modified":"2026-01-25T18:08:07","modified_gmt":"2026-01-25T16:08:07","slug":"uhmwpe-nij-level-iiia-7-mm-0-5-kgn-brustpanzer-kugelsicher-250-x-300-mm","status":"publish","type":"product","link":"https:\/\/tyditiao.com\/de\/produkt\/uhmwpe-nij-level-iiia-7-mm-0-5-kgn-brustpanzer-kugelsicher-250-x-300-mm\/","title":{"rendered":"UHMWPE, NIJ Level IIIA, 7 mm, 0,5 kg, kugelsichere Brustplatte, 250 x 300 mm"},"content":{"rendered":"<p>Gewicht: 0,5 kg<br \/>\nMaterial: PE<br \/>\nDicke: 7 mm<br \/>\nSchutzklasse: NIJ IIIA Level (GA4)<\/p>\n<p>Au\u00dfenschicht: schwarzes wasserdichtes Polyestergewebe;<br \/>\nAbmessungen: 250x300mm \/ 9,8&#8217;x11,8&#8242;<br \/>\nForm: Trapez (Trapezplatte mit abgeschr\u00e4gten Ecken)<\/p>\n<p>Packliste:<br \/>\n1 x trapezf\u00f6rmige kugelsichere Platte.<\/p>\n<p>Notiz:<br \/>\nReflektierende Weste nicht im Lieferumfang enthalten<\/p>\n<p>Vorgesehene Benutzer: Streitkr\u00e4fte, SWAT, Heimatschutz, Zoll- und Grenzschutz, Einwanderungskontrolle und andere, die Waffenbedrohungen ausgesetzt sind, k\u00f6nnen mit unseren Produkten ausgestattet werden. Die Menschen erzielen bessere Ergebnisse und weniger Opfer. Das Produkt ist auch besser geeignet f\u00fcr Situationen wie Langstreckeneins\u00e4tze oder Langstreckeneins\u00e4tze. Es ist auch eine gute Wahl f\u00fcr den Schutz Ihrer eigenen Familie<\/p>\n","protected":false},"excerpt":{"rendered":"<p>Dieser Einsatz besteht aus reiner PE-Faser: Der Vorteil ist ein geringes Gewicht und eine geringere Wahrscheinlichkeit von Sekund\u00e4rsch\u00e4den nach dem Braten. Nach dem Verriegeln wird das Projektil mit einer sehr geringen R\u00fcckprallwahrscheinlichkeit in die Klinge eingebettet<\/p>\n<p>Kugelsichere Platte aus reinem PE, Klasse NIJ IIIA: Gewicht 0,5 kg, bleisicher, Pistole vom Typ 54, Typ 64, Maschinenpistole vom Typ 79<\/p>\n<p>Pufferschicht: In jeder kugelsicheren Platte befindet sich eine Schicht aus sto\u00dffestem EVA-Baumwollpolster, die die Auswirkungen auf den menschlichen K\u00f6rper nach einer Bombardierung wirksam reduzieren kann<\/p>\n<p>Doppelbogen-Design: Durch mechanisches B\u00fcgeln auf der linken und rechten Seite des Bretts nach ergonomischen Prinzipien passen sich die gew\u00f6lbten Kanten perfekt dem K\u00f6rper an<\/p>\n","protected":false},"featured_media":5457,"comment_status":"open","ping_status":"closed","template":"","meta":[],"product_brand":[],"product_cat":[230],"product_tag":[],"woo-feed-brand":[50],"class_list":{"0":"post-5721","1":"product","2":"type-product","3":"status-publish","4":"has-post-thumbnail","6":"product_cat-bulletproof-chest-plate-de","7":"woo-feed-brand-tyditiao","9":"first","10":"instock","11":"sale","12":"shipping-taxable","13":"purchasable","14":"product-type-simple"},"_links":{"self":[{"href":"https:\/\/tyditiao.com\/de\/wp-json\/wp\/v2\/product\/5721","targetHints":{"allow":["GET"]}}],"collection":[{"href":"https:\/\/tyditiao.com\/de\/wp-json\/wp\/v2\/product"}],"about":[{"href":"https:\/\/tyditiao.com\/de\/wp-json\/wp\/v2\/types\/product"}],"replies":[{"embeddable":true,"href":"https:\/\/tyditiao.com\/de\/wp-json\/wp\/v2\/comments?post=5721"}],"wp:featuredmedia":[{"embeddable":true,"href":"https:\/\/tyditiao.com\/de\/wp-json\/wp\/v2\/media\/5457"}],"wp:attachment":[{"href":"https:\/\/tyditiao.com\/de\/wp-json\/wp\/v2\/media?parent=5721"}],"wp:term":[{"taxonomy":"product_brand","embeddable":true,"href":"https:\/\/tyditiao.com\/de\/wp-json\/wp\/v2\/product_brand?post=5721"},{"taxonomy":"product_cat","embeddable":true,"href":"https:\/\/tyditiao.com\/de\/wp-json\/wp\/v2\/product_cat?post=5721"},{"taxonomy":"product_tag","embeddable":true,"href":"https:\/\/tyditiao.com\/de\/wp-json\/wp\/v2\/product_tag?post=5721"},{"taxonomy":"woo-feed-brand","embeddable":true,"href":"https:\/\/tyditiao.com\/de\/wp-json\/wp\/v2\/woo-feed-brand?post=5721"}],"curies":[{"name":"wp","href":"https:\/\/api.w.org\/{rel}","templated":true}]}}