{"id":6038,"date":"2023-01-16T12:36:49","date_gmt":"2023-01-16T10:36:49","guid":{"rendered":"http:\/\/tyditiao.com\/product\/verdeckbarer-koerperschutz-kugelsichere-weste-mit-schutzstufe-nij-iiia-persoenliche-sicherheitsausruestung-fuer-den-aussenbereich\/"},"modified":"2025-03-17T11:07:55","modified_gmt":"2025-03-17T09:07:55","slug":"verdeckbare-kugelsichere-weste-kugelsichere-weste-mit-ni-iiia-schutzniveau-personliche-sicherheitsausrustung-im-freien","status":"publish","type":"product","link":"https:\/\/tyditiao.com\/de\/produkt\/verdeckbare-kugelsichere-weste-kugelsichere-weste-mit-ni-iiia-schutzniveau-personliche-sicherheitsausrustung-im-freien\/","title":{"rendered":"Verdeckbarer K\u00f6rperschutz, kugelsichere Weste mit Schutzstufe NIJ IIIA, pers\u00f6nliche Sicherheitsausr\u00fcstung f\u00fcr den Au\u00dfenbereich"},"content":{"rendered":"<p>Material: ultrahochpolymeres PE-Material, das mehreren Sch\u00fcssen standh\u00e4lt und gleichzeitig flexibel bleibt. Es zeichnet sich durch Leichtigkeit, Weichheit, Komfort, hervorragende UV-Best\u00e4ndigkeit, geringe Feuchtigkeitsempfindlichkeit und Wasserbest\u00e4ndigkeit aus.<\/p>\n<p>Schutzgrad: NIJ IIIA-Schutz auf Vorder- und R\u00fcckseite<\/p>\n<p>Blockierbare Kugeln:<br \/>\n.44 Magnum<br \/>\n.40 S&amp;W, .357 Magnum, .45<br \/>\nMaschinenpistole 9mm<br \/>\nHalbverkleidete Hohlkugel (SJHP)<br \/>\nVollmetallprojektilkalibrierung 9-mm-Vollmetallgeschoss mit einer Nennmasse von 8,0 g (124 g) und einer Aufprallgeschwindigkeit von 426 m \/ s (1.400 ft \/ s) oder weniger<br \/>\nEs bietet auch Schutz gegen die meisten Schusswaffengefahren sowie Gefahren der Klasse IIA und Klasse II<\/p>\n<p>Farbe schwarz<br \/>\nGeschlecht: Unisex<br \/>\nKleidungstyp: Weste, Oberteil<br \/>\n\u00c4rmeltyp: \u00e4rmellos<br \/>\nFunktion: Kugelsicher<br \/>\nGr\u00f6\u00dfe: Einheitsgr\u00f6\u00dfe<br \/>\nGewicht: 2,5 kg<br \/>\nWaschen: Das Innenfutter und die Oberbekleidung k\u00f6nnen getrennt werden, die innere kugelsichere Schicht kann nicht gewaschen werden, reinigen Sie einfach die \u00e4u\u00dfere Schicht<\/p>\n<p>Paket: 1 x Kugelsichere Weste (NIJ IIIA)<\/p>\n","protected":false},"excerpt":{"rendered":"<p>Weich und leicht: elastisch, angenehm zu tragen, beeintr\u00e4chtigt den menschlichen K\u00f6rper beim Laufen oder Hocken grunds\u00e4tzlich nicht<\/p>\n<p>Tolles Verbergen: An 4 verschiedenen Punkten mit Klettverschl\u00fcssen verstellbar, um es leicht unter Ihrer Kleidung zu verstecken<\/p>\n<p>NIJ IIIA-Schutz: Das h\u00f6chste Schutzniveau, das derzeit f\u00fcr schusssichere Westen verf\u00fcgbar ist<\/p>\n<p>Gute Expansionsleistung: Die vorderen und hinteren Panzertaschen k\u00f6nnen mit kugelsicheren Stahlplatten befestigt werden, um zus\u00e4tzlichen Schutz nach Ihren Bed\u00fcrfnissen zu bieten<\/p>\n<p>Anwendbare Personen: Journalisten und Soldaten reisen durch vom Krieg heimgesuchte Gebiete und k\u00f6nnen auch zur Heimatverteidigung eingesetzt werden, um ihre eigene Sicherheit und ihren K\u00f6rper vor Kugeln und Splittern zu sch\u00fctzen<\/p>\n","protected":false},"featured_media":6023,"comment_status":"open","ping_status":"closed","template":"","meta":[],"product_brand":[],"product_cat":[229],"product_tag":[],"woo-feed-brand":[50],"class_list":{"0":"post-6038","1":"product","2":"type-product","3":"status-publish","4":"has-post-thumbnail","6":"product_cat-tactical-vest-de","7":"woo-feed-brand-tyditiao","9":"first","10":"instock","11":"sale","12":"shipping-taxable","13":"purchasable","14":"product-type-simple"},"_links":{"self":[{"href":"https:\/\/tyditiao.com\/de\/wp-json\/wp\/v2\/product\/6038","targetHints":{"allow":["GET"]}}],"collection":[{"href":"https:\/\/tyditiao.com\/de\/wp-json\/wp\/v2\/product"}],"about":[{"href":"https:\/\/tyditiao.com\/de\/wp-json\/wp\/v2\/types\/product"}],"replies":[{"embeddable":true,"href":"https:\/\/tyditiao.com\/de\/wp-json\/wp\/v2\/comments?post=6038"}],"wp:featuredmedia":[{"embeddable":true,"href":"https:\/\/tyditiao.com\/de\/wp-json\/wp\/v2\/media\/6023"}],"wp:attachment":[{"href":"https:\/\/tyditiao.com\/de\/wp-json\/wp\/v2\/media?parent=6038"}],"wp:term":[{"taxonomy":"product_brand","embeddable":true,"href":"https:\/\/tyditiao.com\/de\/wp-json\/wp\/v2\/product_brand?post=6038"},{"taxonomy":"product_cat","embeddable":true,"href":"https:\/\/tyditiao.com\/de\/wp-json\/wp\/v2\/product_cat?post=6038"},{"taxonomy":"product_tag","embeddable":true,"href":"https:\/\/tyditiao.com\/de\/wp-json\/wp\/v2\/product_tag?post=6038"},{"taxonomy":"woo-feed-brand","embeddable":true,"href":"https:\/\/tyditiao.com\/de\/wp-json\/wp\/v2\/woo-feed-brand?post=6038"}],"curies":[{"name":"wp","href":"https:\/\/api.w.org\/{rel}","templated":true}]}}